{"id":25599,"date":"2025-11-09T13:27:20","date_gmt":"2025-11-09T11:27:20","guid":{"rendered":"https:\/\/superstore.ee\/?post_type=product&#038;p=25599"},"modified":"2026-03-15T19:07:21","modified_gmt":"2026-03-15T17:07:21","slug":"victorias-secret-vanilla-rebel-fragrance-lotion","status":"publish","type":"product","link":"https:\/\/superstore.ee\/index.php\/toode\/victorias-secret-vanilla-rebel-fragrance-lotion\/","title":{"rendered":"Victoria\u2019s Secret Vanilla Rebel Fragrance Lotion"},"content":{"rendered":"","protected":false},"excerpt":{"rendered":"<p>Victoria\u2019s Secret Vanilla Rebel l\u00f5hnastatud kehakreem (236 ml)<br \/>\n<strong>Aroomit\u00fc\u00fcp<\/strong>: vanill \/ magus<\/p>\n<p><strong>Aroomi kirjeldus:<\/strong><br \/>\n\u00d5rn, kutsuv ja suitsune vanillil\u00f5hn, mis j\u00e4tab nahale pehme, sensuaalse j\u00e4rell\u00f5hna.<\/p>\n<ul>\n<li>Tipunoodid: Siidine vanill, kreemjas sandlipuu<\/li>\n<li>S\u00fcdamenoodid: Udu-orhidee<\/li>\n<li>Baasnoodid: Merevaigu vine, sensuaalne muskus<\/li>\n<\/ul>\n<p>Ideaalne igap\u00e4evaseks kasutamiseks \u2014 lisab ilurutiinile soojust, pehmust ja naiselikku enesekindlust.<\/p>\n<details>\n<summary>Details<\/summary>\n<div translate=\"no\">Victoria\u2019s Secret Vanilla Rebel Perfumed Body Lotion (236 ml \/ 8 fl oz)<br \/>\nFragrance type: Vanilla \/ GourmandFragrance description:<br \/>\nSoft, inviting, and slightly smoky vanilla that leaves a gentle, sensual trail on the skin.Top notes: Vanilla Silk, Creamy Sandalwood<br \/>\nHeart notes: Misty Orchid<br \/>\nBase notes: Amber Haze, Sensual Musk<\/p>\n<p>Perfect for everyday wear \u2014 adds warmth, softness, and feminine confidence to your routine.<\/p>\n<p>INGREDIENTS:<br \/>\nWater (Aqua\/Eau), Mineral Oil (Paraffinum Liquidum), Glycerin, Cetyl Alcohol, Fragrance (Parfum), Glyceryl Stearate, PEG-100 Stearate, Stearic Acid, Palmitic Acid, Dimethicone, Phenoxyethanol, Acrylates\/C10-30 Alkyl Acrylate Crosspolymer, Chlorphenesin, Xanthan Gum, Potassium Sorbate, Sodium Hydroxide, Ethylhexylglycerin, Disodium EDTA, Tocopheryl Acetate, Aloe Barbadensis Leaf Juice, Limonene, Linalool, Benzyl Alcohol<\/p>\n<\/div>\n<p>Victoria\u2019s Secret Vanilla Rebel \u043f\u0430\u0440\u0444\u044e\u043c\u0438\u0440\u043e\u0432\u0430\u043d\u043d\u044b\u0439 \u043b\u043e\u0441\u044c\u043e\u043d \u0434\u043b\u044f \u0442\u0435\u043b\u0430 (236 \u043c\u043b)<br \/>\n\u0422\u0438\u043f \u0430\u0440\u043e\u043c\u0430\u0442\u0430: \u0412\u0430\u043d\u0438\u043b\u044c\u043d\u044b\u0439 \/ \u0433\u0443\u0440\u043c\u0430\u043d\u0441\u043a\u0438\u0439<\/p>\n<p>\u041e\u043f\u0438\u0441\u0430\u043d\u0438\u0435 \u0430\u0440\u043e\u043c\u0430\u0442\u0430:<br \/>\n\u041d\u0435\u0436\u043d\u044b\u0439, \u043c\u0430\u043d\u044f\u0449\u0438\u0439 \u0438 \u0441 \u043b\u0451\u0433\u043a\u043e\u0439 \u00ab\u0434\u044b\u043c\u043a\u043e\u0439\u00bb \u0432\u0430\u043d\u0438\u043b\u044c\u043d\u044b\u0439 \u0430\u0440\u043e\u043c\u0430\u0442, \u043e\u0441\u0442\u0430\u0432\u043b\u044f\u044e\u0449\u0438\u0439 \u043d\u0430 \u043a\u043e\u0436\u0435 \u043c\u044f\u0433\u043a\u0438\u0439 \u0438 \u0447\u0443\u0432\u0441\u0442\u0432\u0435\u043d\u043d\u044b\u0439 \u0448\u043b\u0435\u0439\u0444.<\/p>\n<p>\u0412\u0435\u0440\u0445\u043d\u0438\u0435 \u043d\u043e\u0442\u044b: \u0428\u0451\u043b\u043a\u043e\u0432\u0430\u044f \u0432\u0430\u043d\u0438\u043b\u044c, \u0441\u043b\u0438\u0432\u043e\u0447\u043d\u044b\u0439 \u0441\u0430\u043d\u0434\u0430\u043b<br \/>\n\u041d\u043e\u0442\u044b \u0441\u0435\u0440\u0434\u0446\u0430: \u0422\u0443\u043c\u0430\u043d\u043d\u0430\u044f \u043e\u0440\u0445\u0438\u0434\u0435\u044f<br \/>\n\u0411\u0430\u0437\u043e\u0432\u044b\u0435 \u043d\u043e\u0442\u044b: \u042f\u043d\u0442\u0430\u0440\u043d\u0430\u044f \u0434\u044b\u043c\u043a\u0430, \u0447\u0443\u0432\u0441\u0442\u0432\u0435\u043d\u043d\u044b\u0439 \u043c\u0443\u0441\u043a\u0443\u0441<\/p>\n<p>\u0418\u0434\u0435\u0430\u043b\u0435\u043d \u043d\u0430 \u043a\u0430\u0436\u0434\u044b\u0439 \u0434\u0435\u043d\u044c \u2014 \u043f\u0440\u0438\u0434\u0430\u0451\u0442 \u043e\u0431\u0440\u0430\u0437\u0443 \u0442\u0435\u043f\u043b\u043e, \u043c\u044f\u0433\u043a\u043e\u0441\u0442\u044c \u0438 \u0436\u0435\u043d\u0441\u0442\u0432\u0435\u043d\u043d\u0443\u044e \u0443\u0432\u0435\u0440\u0435\u043d\u043d\u043e\u0441\u0442\u044c.<\/p>\n<\/details>\n","protected":false},"featured_media":25601,"template":"","meta":{"jetpack_publicize_message":"","jetpack_publicize_feature_enabled":true,"jetpack_social_post_already_shared":true,"jetpack_social_options":{"image_generator_settings":{"template":"highway","default_image_id":0,"font":"","enabled":false},"version":2}},"product_brand":[],"product_cat":[926,912,341],"product_tag":[],"class_list":{"0":"post-25599","1":"product","2":"type-product","3":"status-publish","4":"has-post-thumbnail","6":"product_cat-victorias-secret-body-lotions","7":"product_cat-nahahooldus","8":"product_cat-victorias-secret","9":"pa_suurus-10-ml-tester","10":"pa_suurus-2-ml-tester","11":"pa_suurus-250-ml-full-size","12":"pa_suurus-30-ml-tester","14":"first","15":"instock","16":"sale","17":"shipping-taxable","18":"purchasable","19":"product-type-simple"},"jetpack_publicize_connections":[],"jetpack_sharing_enabled":true,"jetpack_likes_enabled":true,"_links":{"self":[{"href":"https:\/\/superstore.ee\/index.php\/wp-json\/wp\/v2\/product\/25599","targetHints":{"allow":["GET"]}}],"collection":[{"href":"https:\/\/superstore.ee\/index.php\/wp-json\/wp\/v2\/product"}],"about":[{"href":"https:\/\/superstore.ee\/index.php\/wp-json\/wp\/v2\/types\/product"}],"wp:featuredmedia":[{"embeddable":true,"href":"https:\/\/superstore.ee\/index.php\/wp-json\/wp\/v2\/media\/25601"}],"wp:attachment":[{"href":"https:\/\/superstore.ee\/index.php\/wp-json\/wp\/v2\/media?parent=25599"}],"wp:term":[{"taxonomy":"product_brand","embeddable":true,"href":"https:\/\/superstore.ee\/index.php\/wp-json\/wp\/v2\/product_brand?post=25599"},{"taxonomy":"product_cat","embeddable":true,"href":"https:\/\/superstore.ee\/index.php\/wp-json\/wp\/v2\/product_cat?post=25599"},{"taxonomy":"product_tag","embeddable":true,"href":"https:\/\/superstore.ee\/index.php\/wp-json\/wp\/v2\/product_tag?post=25599"}],"curies":[{"name":"wp","href":"https:\/\/api.w.org\/{rel}","templated":true}]}}