{"id":25603,"date":"2025-11-09T13:52:53","date_gmt":"2025-11-09T11:52:53","guid":{"rendered":"https:\/\/superstore.ee\/?post_type=product&#038;p=25603"},"modified":"2025-12-15T11:53:33","modified_gmt":"2025-12-15T09:53:33","slug":"victorias-secret-decadent-plum-body-mist","status":"publish","type":"product","link":"https:\/\/superstore.ee\/index.php\/toode\/victorias-secret-decadent-plum-body-mist\/","title":{"rendered":"Victoria\u2019s Secret Decadent Plum Body Mist"},"content":{"rendered":"","protected":false},"excerpt":{"rendered":"<p>Victoria\u2019s Secret Decadent Plum kehasprei (250 ml)<\/p>\n<p><strong>Aroomit\u00fc\u00fcp<\/strong>: Lilleline \/ puuviljane<\/p>\n<p><strong>Aroomi kirjeldus:<\/strong><br \/>\nMahlane ja naiselik aroom, mis j\u00e4tab nahale pehme ja sametise mulje.<\/p>\n<ul>\n<li>Tipunoodid: Ploomiglasuur, rubiinmarjad<\/li>\n<li>S\u00fcdamenoodid: Metsik daalia, granaat\u00f5ie \u00f5is<\/li>\n<li>Baasnoodid: Soe puit, sandlipuu\u00f5is<\/li>\n<\/ul>\n<details>\n<summary>Details<\/summary>\n<div translate=\"no\">\nVictoria\u2019s Secret Decadent Plum Fragrance Mist (250 ml \/ 8.4 fl oz)<\/p>\n<p>Fragrance type: Floral \/ Fruity<\/p>\n<p>Fragrance description:<br \/>\nJuicy and feminine, leaving a soft, velvety trail on the skin.<\/p>\n<p>Top notes: Plum Glaze, Ruby Berries<br \/>\nHeart notes: Wild Dahlia, Pomegranate Blossom<br \/>\nBase notes: Warm Woods, Sandalwood Flower<\/p>\n<p>INGREDIENTS:<br \/>\nAlcohol Denat., Water (Aqua\/Eau), Fragrance (Parfum), Propylene Glycol, Glycerin, PPG-26-Buteth-26, PEG-40 Hydrogenated Castor Oil, Ethylhexyl Salicylate, Tetrasodium Glutamate Diacetate, Limonene, Linalool, Citral, Benzyl Salicylate, Benzyl Alcohol, CI 42090, CI 14700, CI 60730.<\/p>\n<\/div>\n<p>Victoria\u2019s Secret Decadent Plum \u0441\u043f\u0440\u0435\u0439-\u043c\u0438\u0441\u0442 \u0434\u043b\u044f \u0442\u0435\u043b\u0430 (250 \u043c\u043b)<\/p>\n<p>\u0422\u0438\u043f \u0430\u0440\u043e\u043c\u0430\u0442\u0430: \u0426\u0432\u0435\u0442\u043e\u0447\u043d\u044b\u0439 \/ \u0444\u0440\u0443\u043a\u0442\u043e\u0432\u044b\u0439<\/p>\n<p>\u041e\u043f\u0438\u0441\u0430\u043d\u0438\u0435 \u0430\u0440\u043e\u043c\u0430\u0442\u0430:<br \/>\n\u0421\u043e\u0447\u043d\u044b\u0439 \u0438 \u0436\u0435\u043d\u0441\u0442\u0432\u0435\u043d\u043d\u044b\u0439 \u0430\u0440\u043e\u043c\u0430\u0442 \u0441 \u043c\u044f\u0433\u043a\u0438\u043c \u0431\u0430\u0440\u0445\u0430\u0442\u043d\u044b\u043c \u0437\u0432\u0443\u0447\u0430\u043d\u0438\u0435\u043c \u043d\u0430 \u043a\u043e\u0436\u0435.<\/p>\n<p>\u0412\u0435\u0440\u0445\u043d\u0438\u0435 \u043d\u043e\u0442\u044b: \u0421\u043b\u0438\u0432\u043e\u0432\u0430\u044f \u0433\u043b\u0430\u0437\u0443\u0440\u044c, \u0440\u0443\u0431\u0438\u043d\u043e\u0432\u044b\u0435 \u044f\u0433\u043e\u0434\u044b<br \/>\n\u041d\u043e\u0442\u044b \u0441\u0435\u0440\u0434\u0446\u0430: \u0414\u0438\u043a\u0430\u044f \u0433\u0435\u043e\u0440\u0433\u0438\u043da (\u0434\u0430\u043b\u0438\u044f), \u0446\u0432\u0435\u0442\u043e\u043a \u0433\u0440\u0430\u043d\u0430\u0442\u0430<br \/>\n\u0411\u0430\u0437\u043e\u0432\u044b\u0435 \u043d\u043e\u0442\u044b: \u0422\u0451\u043f\u043b\u044b\u0435 \u0434\u0440\u0435\u0432\u0435\u0441\u043d\u044b\u0435 \u0430\u043a\u0446\u0435\u043d\u0442\u044b, \u0446\u0432\u0435\u0442\u043e\u043a \u0441\u0430\u043d\u0434\u0430\u043b\u043e\u0432\u043e\u0433\u043e \u0434\u0435\u0440\u0435\u0432\u0430<br \/>\n<\/details>\n","protected":false},"featured_media":25607,"template":"","meta":{"jetpack_publicize_message":"","jetpack_publicize_feature_enabled":true,"jetpack_social_post_already_shared":true,"jetpack_social_options":{"image_generator_settings":{"template":"highway","default_image_id":0,"font":"","enabled":false},"version":2}},"product_brand":[],"product_cat":[910,927,341],"product_tag":[],"class_list":{"0":"post-25603","1":"product","2":"type-product","3":"status-publish","4":"has-post-thumbnail","6":"product_cat-kehaspreid","7":"product_cat-victorias-secret-body-mists","8":"product_cat-victorias-secret","9":"pa_suurus-10-ml-tester","10":"pa_suurus-2-ml-tester","11":"pa_suurus-250-ml-full-size","12":"pa_suurus-30-ml-tester","14":"first","15":"instock","16":"sale","17":"shipping-taxable","18":"purchasable","19":"product-type-simple"},"jetpack_publicize_connections":[],"jetpack_sharing_enabled":true,"jetpack_likes_enabled":true,"_links":{"self":[{"href":"https:\/\/superstore.ee\/index.php\/wp-json\/wp\/v2\/product\/25603","targetHints":{"allow":["GET"]}}],"collection":[{"href":"https:\/\/superstore.ee\/index.php\/wp-json\/wp\/v2\/product"}],"about":[{"href":"https:\/\/superstore.ee\/index.php\/wp-json\/wp\/v2\/types\/product"}],"wp:featuredmedia":[{"embeddable":true,"href":"https:\/\/superstore.ee\/index.php\/wp-json\/wp\/v2\/media\/25607"}],"wp:attachment":[{"href":"https:\/\/superstore.ee\/index.php\/wp-json\/wp\/v2\/media?parent=25603"}],"wp:term":[{"taxonomy":"product_brand","embeddable":true,"href":"https:\/\/superstore.ee\/index.php\/wp-json\/wp\/v2\/product_brand?post=25603"},{"taxonomy":"product_cat","embeddable":true,"href":"https:\/\/superstore.ee\/index.php\/wp-json\/wp\/v2\/product_cat?post=25603"},{"taxonomy":"product_tag","embeddable":true,"href":"https:\/\/superstore.ee\/index.php\/wp-json\/wp\/v2\/product_tag?post=25603"}],"curies":[{"name":"wp","href":"https:\/\/api.w.org\/{rel}","templated":true}]}}