{"id":25608,"date":"2025-11-09T13:57:43","date_gmt":"2025-11-09T11:57:43","guid":{"rendered":"https:\/\/superstore.ee\/?post_type=product&#038;p=25608"},"modified":"2026-03-15T19:07:21","modified_gmt":"2026-03-15T17:07:21","slug":"victorias-secret-decadent-plum-fragrance-lotion","status":"publish","type":"product","link":"https:\/\/superstore.ee\/index.php\/toode\/victorias-secret-decadent-plum-fragrance-lotion\/","title":{"rendered":"Victoria\u2019s Secret Decadent Plum Fragrance Lotion"},"content":{"rendered":"","protected":false},"excerpt":{"rendered":"<p>Victoria\u2019s Secret Decadent Plum l\u00f5hnastatud kehakreem (236 ml)<\/p>\n<p><strong>Aroomit\u00fc\u00fcp<\/strong>: Lilleline \/ puuviljane \/ merevaigune<\/p>\n<p><strong>Aroomi kirjeldus:<\/strong><\/p>\n<ul>\n<li>Tipunoodid: Ploomiglasuur, rubiinmarjad<\/li>\n<li>S\u00fcdamenoodid: Metsik daalia, granaadi\u00f5ie \u00f5ied<\/li>\n<li>Baasnoodid: Soojad puidunoodid, sandlipuu\u00f5is<\/li>\n<\/ul>\n<p>Toitev, kiiresti imenduv losjoon j\u00e4tab naha pehmeks ja katab selle sametise, naiseliku aroomikihiga \u2014 ideaalne igap\u00e4evaseks kasutamiseks.<\/p>\n<details>\n<summary>Details<\/summary>\n<div translate=\"no\">Victoria\u2019s Secret Decadent Plum Perfumed Body Lotion (236 ml)Fragrance type: Floral \/ Fruity \/ Amber<\/p>\n<p>Fragrance notes:<br \/>\nTop: Plum Glaze, Ruby Berries<br \/>\nHeart: Wild Dahlia, Pomegranate Blossom<br \/>\nBase: Warm Woods, Sandalwood Flower<\/p>\n<p>Nourishes skin and leaves a soft, long-lasting, feminine scent \u2014 perfect for daily wear.<\/p>\n<p>INGREDIENTS:<br \/>\nWater (Aqua\/Eau), Mineral Oil (Paraffinum Liquidum), Glycerin, Cetyl Alcohol, Fragrance (Parfum), Glyceryl Stearate, PEG-100 Stearate, Stearic Acid, Palmitic Acid, Dimethicone, Phenoxyethanol, Acrylates\/C10-30 Alkyl Acrylate Crosspolymer, Chlorphenesin, Xanthan Gum, Potassium Sorbate, Sodium Hydroxide, Ethylhexylglycerin, Disodium EDTA, Tocopheryl Acetate, Aloe Barbadensis Leaf Juice.<\/p>\n<\/div>\n<p>Victoria\u2019s Secret Decadent Plum \u043f\u0430\u0440\u0444\u044e\u043c\u0438\u0440\u043e\u0432\u0430\u043d\u043d\u044b\u0439 \u043b\u043e\u0441\u044c\u043e\u043d \u0434\u043b\u044f \u0442\u0435\u043b\u0430 (\u043a\u0440\u0435\u043c)(236 \u043c\u043b)<\/p>\n<p>\u0422\u0438\u043f \u0430\u0440\u043e\u043c\u0430\u0442\u0430: \u0426\u0432\u0435\u0442\u043e\u0447\u043d\u044b\u0439 \/ \u0444\u0440\u0443\u043a\u0442\u043e\u0432\u044b\u0439 \/ \u0430\u043c\u0431\u0440\u043e\u0432\u044b\u0439<\/p>\n<p>\u041e\u043f\u0438\u0441\u0430\u043d\u0438\u0435 \u0430\u0440\u043e\u043c\u0430\u0442\u0430:<br \/>\n\u0412\u0435\u0440\u0445\u043d\u0438\u0435 \u043d\u043e\u0442\u044b: \u0413\u043b\u0430\u0437\u0438\u0440\u043e\u0432\u0430\u043d\u043d\u0430\u044f \u0441\u043b\u0438\u0432\u0430, \u0440\u0443\u0431\u0438\u043d\u043e\u0432\u044b\u0435 \u044f\u0433\u043e\u0434\u044b<br \/>\n\u041d\u043e\u0442\u044b \u0441\u0435\u0440\u0434\u0446\u0430: \u0414\u0438\u043a\u0430\u044f \u0433\u0435\u043e\u0440\u0433\u0438\u043d\u0430, \u0446\u0432\u0435\u0442\u043e\u043a \u0433\u0440\u0430\u043d\u0430\u0442\u0430<br \/>\n\u0411\u0430\u0437\u043e\u0432\u044b\u0435 \u043d\u043e\u0442\u044b: \u0422\u0451\u043f\u043b\u044b\u0435 \u0434\u0440\u0435\u0432\u0435\u0441\u043d\u044b\u0435 \u043d\u043e\u0442\u044b, \u0446\u0432\u0435\u0442\u043e\u043a \u0441\u0430\u043d\u0434\u0430\u043b\u0430<\/p>\n<p>\u041f\u0438\u0442\u0430\u0435\u0442 \u043a\u043e\u0436\u0443 \u0438 \u0434\u0430\u0440\u0438\u0442 \u0441\u0442\u043e\u0439\u043a\u0438\u0439, \u0431\u0430\u0440\u0445\u0430\u0442\u043d\u044b\u0439 \u0438 \u0436\u0435\u043d\u0441\u0442\u0432\u0435\u043d\u043d\u044b\u0439 \u0430\u0440\u043e\u043c\u0430\u0442. \u0418\u0434\u0435\u0430\u043b\u0435\u043d \u043d\u0430 \u043a\u0430\u0436\u0434\u044b\u0439 \u0434\u0435\u043d\u044c.<\/p>\n<\/details>\n","protected":false},"featured_media":25610,"template":"","meta":{"jetpack_publicize_message":"","jetpack_publicize_feature_enabled":true,"jetpack_social_post_already_shared":true,"jetpack_social_options":{"image_generator_settings":{"template":"highway","default_image_id":0,"font":"","enabled":false},"version":2}},"product_brand":[],"product_cat":[926,912,341],"product_tag":[],"class_list":{"0":"post-25608","1":"product","2":"type-product","3":"status-publish","4":"has-post-thumbnail","6":"product_cat-victorias-secret-body-lotions","7":"product_cat-nahahooldus","8":"product_cat-victorias-secret","9":"pa_suurus-10-ml-tester","10":"pa_suurus-2-ml-tester","11":"pa_suurus-250-ml-full-size","12":"pa_suurus-30-ml-tester","14":"first","15":"instock","16":"sale","17":"shipping-taxable","18":"purchasable","19":"product-type-simple"},"jetpack_publicize_connections":[],"jetpack_sharing_enabled":true,"jetpack_likes_enabled":true,"_links":{"self":[{"href":"https:\/\/superstore.ee\/index.php\/wp-json\/wp\/v2\/product\/25608","targetHints":{"allow":["GET"]}}],"collection":[{"href":"https:\/\/superstore.ee\/index.php\/wp-json\/wp\/v2\/product"}],"about":[{"href":"https:\/\/superstore.ee\/index.php\/wp-json\/wp\/v2\/types\/product"}],"wp:featuredmedia":[{"embeddable":true,"href":"https:\/\/superstore.ee\/index.php\/wp-json\/wp\/v2\/media\/25610"}],"wp:attachment":[{"href":"https:\/\/superstore.ee\/index.php\/wp-json\/wp\/v2\/media?parent=25608"}],"wp:term":[{"taxonomy":"product_brand","embeddable":true,"href":"https:\/\/superstore.ee\/index.php\/wp-json\/wp\/v2\/product_brand?post=25608"},{"taxonomy":"product_cat","embeddable":true,"href":"https:\/\/superstore.ee\/index.php\/wp-json\/wp\/v2\/product_cat?post=25608"},{"taxonomy":"product_tag","embeddable":true,"href":"https:\/\/superstore.ee\/index.php\/wp-json\/wp\/v2\/product_tag?post=25608"}],"curies":[{"name":"wp","href":"https:\/\/api.w.org\/{rel}","templated":true}]}}