{"id":25682,"date":"2025-11-16T14:04:02","date_gmt":"2025-11-16T12:04:02","guid":{"rendered":"https:\/\/superstore.ee\/?post_type=product&#038;p=25682"},"modified":"2026-03-15T17:50:34","modified_gmt":"2026-03-15T15:50:34","slug":"victorias-secret-aqua-kiss-body-mist","status":"publish","type":"product","link":"https:\/\/superstore.ee\/index.php\/toode\/victorias-secret-aqua-kiss-body-mist\/","title":{"rendered":"Victoria\u2019s Secret Aqua Kiss Body Mist"},"content":{"rendered":"","protected":false},"excerpt":{"rendered":"<p>Victoria\u2019s Secret Aqua Kiss kehasprei (250 ml)<\/p>\n<p><strong>Aroomit\u00fc\u00fcp<\/strong>: V\u00e4rske<\/p>\n<p><strong>Aroomi kirjeldus:<\/strong><\/p>\n<ul>\n<li>Tipunoodid: Roosa greip, vihmast niisutatud freesia<\/li>\n<li>S\u00fcdamenoodid: Vesiroos, pirnikommid (pear drops)<\/li>\n<li>Baasnoodid: Valge merevaik, mineraalne muskus<\/li>\n<\/ul>\n<p>Aqua Kiss sobib neile, kes armastavad puhtaid ja kargeid l\u00f5hnu: ideaalne igap\u00e4evaseks kandmiseks, t\u00f6\u00f6le v\u00f5i sporti \u2014 j\u00e4tab v\u00e4rske ja hoolitsetud mulje.<\/p>\n<div class=\"woocommerce-product-details__short-description\">\n<p>Pakume ka selle toote testereid, mis sobivad ideaalselt nii aroomiga tutvumiseks kui ka mugavaks reisimiseks.<\/p>\n<\/div>\n<details>\n<summary>Details<\/summary>\n<div translate=\"no\">\n<p>Bright &amp; fresh.A refreshing aquatic burst.<\/p>\n<p>Fragrance type: Fresh<\/p>\n<p>Notes<\/p>\n<p>Top: Pink Grapefruit, Rain Kissed Freesia<\/p>\n<p>Heart: Water Lily, Pear Drops<\/p>\n<p>Base: White Amber, Mineral Musk<\/p>\n<p>250 ml\/8.4 fl oz.<br \/>\nDomestic<\/p>\n<p>INGREDIENTS:<br \/>\nAlcohol Denat., Water (Aqua, Eau), Fragrance (Parfum), Propylene Glycol, Glycerin, Hexamethylindanopyran, Tetramethyl acetyloctahydronaphthalenes, Hydroxycitronellal, Benzyl Salicylate, Citrus Limon Peel Oil, Limonene, Geranyl acetate, Pinene, Citrus Aurantium Bergamia Peel Oil, Citronellol, Linalyl acetate, Rose Ketones, Linalool, Isoeugenyl acetate, Citral, PPG-26-Buteth-26, PEG-40 Hydrogenated Castor Oil, Ethylhexyl Methoxycinnamate, Ethylhexyl Salicylate, Butyl MethoxydibenzoylmethaneIngredients are subject to change. For an accurate list of ingredients, please refer to the product packaging.<\/p>\n<\/div>\n<p>Victoria\u2019s Secret Aqua Kiss \u0441\u043f\u0440\u0435\u0439-\u043c\u0438\u0441\u0442 \u0434\u043b\u044f \u0442\u0435\u043b\u0430 (250 \u043c\u043b)<\/p>\n<p>\u0422\u0438\u043f \u0430\u0440\u043e\u043c\u0430\u0442\u0430: \u0421\u0432\u0435\u0436\u0438\u0439<br \/>\n\u041e\u043f\u0438\u0441\u0430\u043d\u0438\u0435 \u0430\u0440\u043e\u043c\u0430\u0442\u0430:<br \/>\n\u0412\u0435\u0440\u0445\u043d\u0438\u0435 \u043d\u043e\u0442\u044b: \u0420\u043e\u0437\u043e\u0432\u044b\u0439 \u0433\u0440\u0435\u0439\u043f\u0444\u0440\u0443\u0442, \u0444\u0440\u0435\u0437\u0438\u044f \u043f\u043e\u0441\u043b\u0435 \u0434\u043e\u0436\u0434\u044f<br \/>\n\u041d\u043e\u0442\u044b \u0441\u0435\u0440\u0434\u0446\u0430: \u0412\u043e\u0434\u044f\u043d\u0430\u044f \u043b\u0438\u043b\u0438\u044f, \u043a\u0430\u0440\u0430\u043c\u0435\u043b\u044c\u043d\u044b\u0435 \u0433\u0440\u0443\u0448\u0435\u0432\u044b\u0435 \u00abpear drops\u00bb<br \/>\n\u0411\u0430\u0437\u043e\u0432\u044b\u0435 \u043d\u043e\u0442\u044b: \u0411\u0435\u043b\u044b\u0439 \u0430\u043c\u0431\u0440\u0430, \u043c\u0438\u043d\u0435\u0440\u0430\u043b\u044c\u043d\u044b\u0439 \u043c\u0443\u0441\u043a\u0443\u0441<\/p>\n<p>\u0427\u0438\u0441\u0442\u044b\u0439 \u0438 \u043e\u0441\u0432\u0435\u0436\u0430\u044e\u0449\u0438\u0439 \u0430\u043a\u0432\u0430-\u0430\u0440\u043e\u043c\u0430\u0442 \u0434\u043b\u044f \u0442\u0435\u0445, \u043a\u0442\u043e \u043b\u044e\u0431\u0438\u0442 \u043e\u0449\u0443\u0449\u0435\u043d\u0438\u0435 \u00ab\u0441\u0432\u0435\u0436\u0435\u0433\u043e \u0434\u0443\u0448\u0430\u00bb \u0432\u0435\u0441\u044c \u0434\u0435\u043d\u044c. \u0418\u0434\u0435\u0430\u043b\u0435\u043d \u043d\u0430 \u043a\u0430\u0436\u0434\u044b\u0439 \u0434\u0435\u043d\u044c \u2014 \u0432 \u043e\u0444\u0438\u0441, \u043d\u0430 \u0443\u0447\u0451\u0431\u0443, \u043f\u043e\u0441\u043b\u0435 \u0442\u0440\u0435\u043d\u0438\u0440\u043e\u0432\u043a\u0438 \u2014 \u043a\u043e\u0433\u0434\u0430 \u0445\u043e\u0447\u0435\u0442\u0441\u044f \u043b\u0451\u0433\u043a\u043e\u0441\u0442\u0438, \u043e\u043f\u0440\u044f\u0442\u043d\u043e\u0441\u0442\u0438 \u0438 \u0443\u0432\u0435\u0440\u0435\u043d\u043d\u043e\u0441\u0442\u0438.<\/p>\n<\/details>\n","protected":false},"featured_media":25623,"template":"","meta":{"jetpack_publicize_message":"","jetpack_publicize_feature_enabled":true,"jetpack_social_post_already_shared":true,"jetpack_social_options":{"image_generator_settings":{"template":"highway","default_image_id":0,"font":"","enabled":false},"version":2}},"product_brand":[],"product_cat":[910,927,993,341],"product_tag":[],"class_list":{"0":"post-25682","1":"product","2":"type-product","3":"status-publish","4":"has-post-thumbnail","6":"product_cat-kehaspreid","7":"product_cat-victorias-secret-body-mists","8":"product_cat-samples","9":"product_cat-victorias-secret","10":"pa_suurus-10-ml-tester","11":"pa_suurus-2-ml-tester","12":"pa_suurus-250-ml-full-size","13":"pa_suurus-30-ml-tester","15":"first","16":"instock","17":"sale","18":"shipping-taxable","19":"purchasable","20":"product-type-variable"},"jetpack_publicize_connections":[],"jetpack_sharing_enabled":true,"jetpack_likes_enabled":true,"_links":{"self":[{"href":"https:\/\/superstore.ee\/index.php\/wp-json\/wp\/v2\/product\/25682","targetHints":{"allow":["GET"]}}],"collection":[{"href":"https:\/\/superstore.ee\/index.php\/wp-json\/wp\/v2\/product"}],"about":[{"href":"https:\/\/superstore.ee\/index.php\/wp-json\/wp\/v2\/types\/product"}],"wp:featuredmedia":[{"embeddable":true,"href":"https:\/\/superstore.ee\/index.php\/wp-json\/wp\/v2\/media\/25623"}],"wp:attachment":[{"href":"https:\/\/superstore.ee\/index.php\/wp-json\/wp\/v2\/media?parent=25682"}],"wp:term":[{"taxonomy":"product_brand","embeddable":true,"href":"https:\/\/superstore.ee\/index.php\/wp-json\/wp\/v2\/product_brand?post=25682"},{"taxonomy":"product_cat","embeddable":true,"href":"https:\/\/superstore.ee\/index.php\/wp-json\/wp\/v2\/product_cat?post=25682"},{"taxonomy":"product_tag","embeddable":true,"href":"https:\/\/superstore.ee\/index.php\/wp-json\/wp\/v2\/product_tag?post=25682"}],"curies":[{"name":"wp","href":"https:\/\/api.w.org\/{rel}","templated":true}]}}