{"id":25704,"date":"2025-11-16T16:11:38","date_gmt":"2025-11-16T14:11:38","guid":{"rendered":"https:\/\/superstore.ee\/?post_type=product&#038;p=25704"},"modified":"2026-01-28T11:07:34","modified_gmt":"2026-01-28T09:07:34","slug":"victorias-secret-aqua-kiss-fragrance-lotion","status":"publish","type":"product","link":"https:\/\/superstore.ee\/index.php\/toode\/victorias-secret-aqua-kiss-fragrance-lotion\/","title":{"rendered":"Victoria\u2019s Secret Aqua Kiss Fragrance Lotion"},"content":{"rendered":"","protected":false},"excerpt":{"rendered":"<p>Aqua Kiss parf\u00fcmeeritud kehalosjoon (236 ml)<\/p>\n<p><strong>Aroomit\u00fc\u00fcp<\/strong>: V\u00e4rske<\/p>\n<p><strong>Aroomi kirjeldus:<\/strong><br \/>\nTipunoodid: Roosa greip, vihmast niisutatud freesia<br \/>\nS\u00fcdamenoodid: Vesiliilia, pirnikommid<br \/>\nBaasnoodid: Valge merevaik, mineraalne muskus<\/p>\n<p>Niisutav, kiiresti imenduv kehahooldus v\u00e4rske, puhta aroomiga \u2014 sobib ideaalselt igap\u00e4evaseks kasutamiseks ning kihistamiseks samanimelise kehaspreiga.<\/p>\n<p>Pakume seda toodet ka mugavates v\u00e4iksemates pakendites (dekantidena), mis on ideaalsed toote proovimiseks v\u00f5i reisile kaasa v\u00f5tmiseks<\/p>\n<details>\n<summary>Details<\/summary>\n<div translate=\"no\">\n<p>Bright &amp; fresh.A refreshing aquatic burst.<\/p>\n<p>Fragrance type: Fresh<\/p>\n<p>Notes<\/p>\n<p>Top: Pink Grapefruit, Rain Kissed Freesia<\/p>\n<p>Heart: Water Lily, Pear Drops<\/p>\n<p>Base: White Amber, Mineral Musk<\/p>\n<p>236 ml\/8 oz.<br \/>\nDomestic<\/p>\n<p>INGREDIENTS: Water (Aqua, Eau), Mineral Oil (Paraffinum Liquidum, Huile min\u00e9rale), Glycerin, Fragrance (Parfum), Cetyl Alcohol, Glyceryl Stearate, PEG-100 Stearate, Palmitic Acid, Stearic Acid, Phenoxyethanol, Dimethicone, Acrylates\/C10-30 Alkyl Acrylate Crosspolymer, Potassium Sorbate, Chlorphenesin, Xanthan Gum, Tetramethyl acetyloctahydronaphthalenes, Sodium Hydroxide, Hexamethylindanopyran, Ethylhexylglycerin, Benzyl Salicylate, Citrus Limon Peel Oil, Disodium EDTA, Limonene, Hydroxycitronellal, Citronellol, Geranyl acetate, Pinene, Rose Ketones, Citrus Aurantium Bergamia Peel Oil, Citral, Tocopheryl Acetate, Aloe Barbadensis Leaf Juice<\/p>\n<\/div>\n<p>Aqua Kiss \u043f\u0430\u0440\u0444\u044e\u043c\u0438\u0440\u043e\u0432\u0430\u043d\u043d\u044b\u0439 \u043b\u043e\u0441\u044c\u043e\u043d \u0434\u043b\u044f \u0442\u0435\u043b\u0430 (236 \u043c\u043b)<\/p>\n<p>\u0422\u0438\u043f \u0430\u0440\u043e\u043c\u0430\u0442\u0430: \u0421\u0432\u0435\u0436\u0438\u0439<\/p>\n<p>\u041e\u043f\u0438\u0441\u0430\u043d\u0438\u0435 \u0430\u0440\u043e\u043c\u0430\u0442\u0430:<br \/>\n\u0412\u0435\u0440\u0445\u043d\u0438\u0435 \u043d\u043e\u0442\u044b: \u0420\u043e\u0437\u043e\u0432\u044b\u0439 \u0433\u0440\u0435\u0439\u043f\u0444\u0440\u0443\u0442, \u0444\u0440\u0435\u0437\u0438\u044f \u043f\u043e\u0441\u043b\u0435 \u0434\u043e\u0436\u0434\u044f<br \/>\n\u041d\u043e\u0442\u044b \u0441\u0435\u0440\u0434\u0446\u0430: \u0412\u043e\u0434\u044f\u043d\u0430\u044f \u043b\u0438\u043b\u0438\u044f, \u0433\u0440\u0443\u0448\u0435\u0432\u044b\u0435 \u043b\u0435\u0434\u0435\u043d\u0446\u044b<br \/>\n\u0411\u0430\u0437\u043e\u0432\u044b\u0435 \u043d\u043e\u0442\u044b: \u0411\u0435\u043b\u044b\u0439 \u0430\u043c\u0431\u0440\u0430, \u043c\u0438\u043d\u0435\u0440\u0430\u043b\u044c\u043d\u044b\u0439 \u043c\u0443\u0441\u043a\u0443\u0441<\/p>\n<p>\u041b\u0451\u0433\u043a\u0438\u0439 \u0443\u0432\u043b\u0430\u0436\u043d\u044f\u044e\u0449\u0438\u0439 \u043b\u043e\u0441\u044c\u043e\u043d \u0441 \u0447\u0438\u0441\u0442\u044b\u043c \u0432\u043e\u0434\u043d\u044b\u043c \u0437\u0432\u0443\u0447\u0430\u043d\u0438\u0435\u043c \u2014 \u0438\u0434\u0435\u0430\u043b\u0435\u043d \u043d\u0430 \u043a\u0430\u0436\u0434\u044b\u0439 \u0434\u0435\u043d\u044c \u0438 \u0434\u043b\u044f \u043d\u0430\u0441\u043b\u0430\u0438\u0432\u0430\u043d\u0438\u044f \u0441 \u043e\u0434\u043d\u043e\u0438\u043c\u0451\u043d\u043d\u044b\u043c \u043c\u0438\u0441\u0442\u043e\u043c.<\/p>\n<\/details>\n","protected":false},"featured_media":25636,"template":"","meta":{"jetpack_publicize_message":"","jetpack_publicize_feature_enabled":true,"jetpack_social_post_already_shared":true,"jetpack_social_options":{"image_generator_settings":{"template":"highway","default_image_id":0,"font":"","enabled":false},"version":2}},"product_brand":[],"product_cat":[926,912,993,341],"product_tag":[],"class_list":{"0":"post-25704","1":"product","2":"type-product","3":"status-publish","4":"has-post-thumbnail","6":"product_cat-victorias-secret-body-lotions","7":"product_cat-nahahooldus","8":"product_cat-samples","9":"product_cat-victorias-secret","10":"pa_suurus-15-ml-tester","11":"pa_suurus-236-ml-full-size","12":"pa_suurus-30-ml-tester","14":"first","15":"instock","16":"shipping-taxable","17":"purchasable","18":"product-type-variable"},"jetpack_publicize_connections":[],"jetpack_sharing_enabled":true,"jetpack_likes_enabled":true,"_links":{"self":[{"href":"https:\/\/superstore.ee\/index.php\/wp-json\/wp\/v2\/product\/25704","targetHints":{"allow":["GET"]}}],"collection":[{"href":"https:\/\/superstore.ee\/index.php\/wp-json\/wp\/v2\/product"}],"about":[{"href":"https:\/\/superstore.ee\/index.php\/wp-json\/wp\/v2\/types\/product"}],"wp:featuredmedia":[{"embeddable":true,"href":"https:\/\/superstore.ee\/index.php\/wp-json\/wp\/v2\/media\/25636"}],"wp:attachment":[{"href":"https:\/\/superstore.ee\/index.php\/wp-json\/wp\/v2\/media?parent=25704"}],"wp:term":[{"taxonomy":"product_brand","embeddable":true,"href":"https:\/\/superstore.ee\/index.php\/wp-json\/wp\/v2\/product_brand?post=25704"},{"taxonomy":"product_cat","embeddable":true,"href":"https:\/\/superstore.ee\/index.php\/wp-json\/wp\/v2\/product_cat?post=25704"},{"taxonomy":"product_tag","embeddable":true,"href":"https:\/\/superstore.ee\/index.php\/wp-json\/wp\/v2\/product_tag?post=25704"}],"curies":[{"name":"wp","href":"https:\/\/api.w.org\/{rel}","templated":true}]}}