{"id":25725,"date":"2025-11-16T17:56:08","date_gmt":"2025-11-16T15:56:08","guid":{"rendered":"https:\/\/superstore.ee\/?post_type=product&#038;p=25725"},"modified":"2026-03-11T15:42:27","modified_gmt":"2026-03-11T13:42:27","slug":"victorias-secret-coconut-passion-shimmer-fragrance-lotion","status":"publish","type":"product","link":"https:\/\/superstore.ee\/index.php\/toode\/victorias-secret-coconut-passion-shimmer-fragrance-lotion\/","title":{"rendered":"Victoria\u2019s Secret Coconut Passion Shimmer Fragrance Lotion"},"content":{"rendered":"","protected":false},"excerpt":{"rendered":"<p>Victoria\u2019s Secret Coconut Passion parf\u00fcmeeritud kehalosjoon s\u00e4delusega (236 ml)<\/p>\n<p><strong>Aroomit\u00fc\u00fcp<\/strong>: magus\u00a0 ja kookoseline<\/p>\n<p><strong>Aroomi kirjeldus:<\/strong><\/p>\n<ul>\n<li>Tipunoodid: Mustikas, kookospiim<\/li>\n<li>S\u00fcdamenoodid: Metsliilia, vaarika\u00f5is<\/li>\n<li>Baasnoodid: Suhkrustatud merevaik, soe liiv<\/li>\n<\/ul>\n<p>Toitev, kiiresti imenduv losjoon j\u00e4tab nahale sametise tunde ja Coconut Passion magus-troopilise aroomi. Ideaalne p\u00e4rast du\u0161\u0161i v\u00f5i igap\u00e4evasesse ilurutiini.<\/p>\n<details>\n<summary>Details<\/summary>\n<div translate=\"no\">\n<p>Sunkissed &amp; sensual.An intoxicating, decadent air \u2014 plus a subtle ethereal shimmer.<\/p>\n<p>Fragrance type: Gourmand Coconut<\/p>\n<p>Notes<\/p>\n<p>Top: Blackberry, Coconut Milk<\/p>\n<p>Heart: Wild Lily, Raspberry Blossom<\/p>\n<p>Base: Sugared Amber, Warm Sand<\/p>\n<p>236 ml\/8 oz.<br \/>\nDomestic<\/p>\n<p>INGREDIENTS:<br \/>\nWater (Aqua, Eau), Mineral Oil (Paraffinum Liquidum, Huile min\u00e9rale), Glycerin, Fragrance (Parfum), Cetyl Alcohol, Glyceryl Stearate, PEG-100 Stearate, Palmitic Acid, Stearic Acid, Phenoxyethanol, Synthetic Fluorphlogopite, Dimethicone, Acrylates\/C10-30 Alkyl Acrylate Crosspolymer, Xanthan Gum, Chlorphenesin, Potassium Sorbate, Hexamethylindanopyran, Vanillin, Sodium Hydroxide, Titanium Dioxide (CI 77891), Hexyl Cinnamal, Ethylhexylglycerin, Benzyl Salicylate, Disodium EDTA, Aloe Barbadensis Leaf Juice, Coumarin, Benzyl Benzoate, Tocopheryl AcetateIngredients are subject to change. For an accurate list of ingredients, please refer to the product packaging.<\/p>\n<\/div>\n<p>Victoria\u2019s Secret Coconut Passion \u043f\u0430\u0440\u0444\u044e\u043c\u0438\u0440\u043e\u0432\u0430\u043d\u043d\u044b\u0439 \u043b\u043e\u0441\u044c\u043e\u043d \u0434\u043b\u044f \u0442\u0435\u043b\u0430 \u043a\u0440\u0435\u043c \u0441 \u0431\u043b\u0435\u0441\u0442\u043a\u0430\u043c\u0438 (236 \u043c\u043b)<\/p>\n<p>\u0422\u0438\u043f \u0430\u0440\u043e\u043c\u0430\u0442\u0430: \u0413\u0443\u0440\u043c\u0430\u043d\u0441\u043a\u0438\u0439 \/ \u043a\u043e\u043a\u043e\u0441\u043e\u0432\u044b\u0439<\/p>\n<p>\u041e\u043f\u0438\u0441\u0430\u043d\u0438\u0435 \u0430\u0440\u043e\u043c\u0430\u0442\u0430:<br \/>\n\u0412\u0435\u0440\u0445\u043d\u0438\u0435 \u043d\u043e\u0442\u044b: \u0415\u0436\u0435\u0432\u0438\u043a\u0430, \u043a\u043e\u043a\u043e\u0441\u043e\u0432\u043e\u0435 \u043c\u043e\u043b\u043e\u043a\u043e<br \/>\n\u041d\u043e\u0442\u044b \u0441\u0435\u0440\u0434\u0446\u0430: \u0414\u0438\u043a\u0430\u044f \u043b\u0438\u043b\u0438\u044f, \u0446\u0432\u0435\u0442\u043e\u043a \u043c\u0430\u043b\u0438\u043d\u044b<br \/>\n\u0411\u0430\u0437\u043e\u0432\u044b\u0435 \u043d\u043e\u0442\u044b: \u0421\u0430\u0445\u0430\u0440\u043d\u044b\u0439 \u0430\u043c\u0431\u0440, \u0442\u0451\u043f\u043b\u044b\u0439 \u043f\u0435\u0441\u043e\u043a<\/p>\n<p>\u041f\u0438\u0442\u0430\u0442\u0435\u043b\u044c\u043d\u044b\u0439 \u043b\u043e\u0441\u044c\u043e\u043d \u0431\u044b\u0441\u0442\u0440\u043e \u0432\u043f\u0438\u0442\u044b\u0432\u0430\u0435\u0442\u0441\u044f, \u0434\u0430\u0440\u0438\u0442 \u043a\u043e\u0436\u0435 \u043c\u044f\u0433\u043a\u043e\u0441\u0442\u044c \u0438 \u043e\u0441\u0442\u0430\u0432\u043b\u044f\u0435\u0442 \u0444\u0438\u0440\u043c\u0435\u043d\u043d\u044b\u0439 \u0442\u0440\u043e\u043f\u0438\u0447\u0435\u0441\u043a\u0438\u0439 \u0448\u043b\u0435\u0439\u0444 Coconut Passion. \u0418\u0434\u0435\u0430\u043b\u0435\u043d \u043f\u043e\u0441\u043b\u0435 \u0434\u0443\u0448\u0430 \u0438 \u0434\u043b\u044f \u0435\u0436\u0435\u0434\u043d\u0435\u0432\u043d\u043e\u0433\u043e \u0443\u0445\u043e\u0434\u0430.<\/p>\n<\/details>\n","protected":false},"featured_media":25766,"template":"","meta":{"jetpack_publicize_message":"","jetpack_publicize_feature_enabled":true,"jetpack_social_post_already_shared":true,"jetpack_social_options":{"image_generator_settings":{"template":"highway","default_image_id":0,"font":"","enabled":false},"version":2}},"product_brand":[],"product_cat":[926,912,341],"product_tag":[],"class_list":{"0":"post-25725","1":"product","2":"type-product","3":"status-publish","4":"has-post-thumbnail","6":"product_cat-victorias-secret-body-lotions","7":"product_cat-nahahooldus","8":"product_cat-victorias-secret","9":"pa_lohn-15-ml-tester","10":"pa_lohn-236-ml-full-size","11":"pa_lohn-30-ml-tester","13":"first","14":"outofstock","15":"shipping-taxable","16":"product-type-variable"},"jetpack_publicize_connections":[],"jetpack_sharing_enabled":true,"jetpack_likes_enabled":true,"_links":{"self":[{"href":"https:\/\/superstore.ee\/index.php\/wp-json\/wp\/v2\/product\/25725","targetHints":{"allow":["GET"]}}],"collection":[{"href":"https:\/\/superstore.ee\/index.php\/wp-json\/wp\/v2\/product"}],"about":[{"href":"https:\/\/superstore.ee\/index.php\/wp-json\/wp\/v2\/types\/product"}],"wp:featuredmedia":[{"embeddable":true,"href":"https:\/\/superstore.ee\/index.php\/wp-json\/wp\/v2\/media\/25766"}],"wp:attachment":[{"href":"https:\/\/superstore.ee\/index.php\/wp-json\/wp\/v2\/media?parent=25725"}],"wp:term":[{"taxonomy":"product_brand","embeddable":true,"href":"https:\/\/superstore.ee\/index.php\/wp-json\/wp\/v2\/product_brand?post=25725"},{"taxonomy":"product_cat","embeddable":true,"href":"https:\/\/superstore.ee\/index.php\/wp-json\/wp\/v2\/product_cat?post=25725"},{"taxonomy":"product_tag","embeddable":true,"href":"https:\/\/superstore.ee\/index.php\/wp-json\/wp\/v2\/product_tag?post=25725"}],"curies":[{"name":"wp","href":"https:\/\/api.w.org\/{rel}","templated":true}]}}