{"id":25787,"date":"2025-11-16T19:41:19","date_gmt":"2025-11-16T17:41:19","guid":{"rendered":"https:\/\/superstore.ee\/?post_type=product&#038;p=25787"},"modified":"2026-03-18T17:08:57","modified_gmt":"2026-03-18T15:08:57","slug":"victorias-secret-pure-seduction-shimmer-body-mist","status":"publish","type":"product","link":"https:\/\/superstore.ee\/index.php\/toode\/victorias-secret-pure-seduction-shimmer-body-mist\/","title":{"rendered":"Victoria\u2019s Secret Pure Seduction Shimmer Body Mist"},"content":{"rendered":"","protected":false},"excerpt":{"rendered":"<p>Victoria\u2019s Secret Pure Seduction kehasprei s\u00e4delusega (250 ml)<\/p>\n<p><strong>Aroomit\u00fc\u00fcp<\/strong>: Puuviljane<\/p>\n<p><strong>Aroomi kirjeldus:<\/strong><\/p>\n<ul>\n<li>Tipunoodid: Kasaba melon, punane ploom<\/li>\n<li>S\u00fcdamenoodid: Hommikukaste ts\u00fcklamen, freesia<\/li>\n<li>Baasnoodid: \u00d5rn muskus, roosipuu<\/li>\n<\/ul>\n<p>Julgelt m\u00e4nguline ja v\u00f5rgutav puuviljane aroom igap\u00e4evaseks kandmiseks.<\/p>\n<details>\n<summary>Details<\/summary>\n<div translate=\"no\">\n<p>Bold &amp; playful.A seductive, fruity infusion. Shimmer.<\/p>\n<p>Fragrance type: Fruity<\/p>\n<p>Notes<\/p>\n<p>Top: Casaba Melon, Red Plum<\/p>\n<p>Heart: Morning Dew Cyclamen, Freesia<\/p>\n<p>Base: Sheer Musk, Rose Wood<\/p>\n<p>250 ml\/8.4 fl oz.<br \/>\nDomestic<\/p>\n<p>INGREDIENTS:<br \/>\nAlcohol Denat., Water (Aqua, Eau), Fragrance (Parfum), Acrylates\/C10-30 Alkyl Acrylate Crosspolymer, Hexamethylindanopyran, Linalool, Limonene, Citrus Aurantium Peel Oil, Ethylhexyl Methoxycinnamate, Synthetic Fluorphlogopite, Dimethyl Phenethyl Acetate, Hydroxycitronellal, Benzyl Alcohol, Linalyl acetate, Ethylhexyl Salicylate, Titanium Dioxide (CI 77891), Butyl Methoxydibenzoylmethane, Aminomethyl Propanol, Pinene, Rose KetonesIngredients are subject to change. For an accurate list of ingredients, please refer to the product packaging.<\/p>\n<\/div>\n<p>Victoria\u2019s Secret Pure Seduction \u0441\u043f\u0440\u0435\u0439-\u043c\u0438\u0441\u0442 \u0434\u043b\u044f \u0442\u0435\u043b\u0430 \u0441 \u0431\u043b\u0435\u0441\u0442\u043a\u0430\u043c\u0438 (250 \u043c\u043b)<\/p>\n<p>\u0422\u0438\u043f \u0430\u0440\u043e\u043c\u0430\u0442\u0430: \u0424\u0440\u0443\u043a\u0442\u043e\u0432\u044b\u0439<\/p>\n<p>\u041e\u043f\u0438\u0441\u0430\u043d\u0438\u0435 \u0430\u0440\u043e\u043c\u0430\u0442\u0430:<br \/>\n\u0412\u0435\u0440\u0445\u043d\u0438\u0435 \u043d\u043e\u0442\u044b: \u0414\u044b\u043d\u044f \u043a\u0430\u0441\u0430\u0431\u0430, \u043a\u0440\u0430\u0441\u043d\u0430\u044f \u0441\u043b\u0438\u0432\u0430<br \/>\n\u041d\u043e\u0442\u044b \u0441\u0435\u0440\u0434\u0446\u0430: \u0426\u0438\u043a\u043b\u0430\u043c\u0435\u043d \u0441 \u043a\u0430\u043f\u043b\u044f\u043c\u0438 \u0443\u0442\u0440\u0435\u043d\u043d\u0435\u0439 \u0440\u043e\u0441\u044b, \u0444\u0440\u0435\u0437\u0438\u044f<br \/>\n\u0411\u0430\u0437\u043e\u0432\u044b\u0435 \u043d\u043e\u0442\u044b: \u041b\u0451\u0433\u043a\u0438\u0439 \u043c\u0443\u0441\u043a\u0443\u0441, \u0440\u043e\u0437\u043e\u0432\u043e\u0435 \u0434\u0435\u0440\u0435\u0432\u043e<\/p>\n<p>\u042f\u0440\u043a\u0438\u0439, \u0438\u0433\u0440\u0438\u0432\u044b\u0439 \u0438 \u0441\u043e\u0431\u043b\u0430\u0437\u043d\u0438\u0442\u0435\u043b\u044c\u043d\u044b\u0439 \u0444\u0440\u0443\u043a\u0442\u043e\u0432\u044b\u0439 \u0430\u0440\u043e\u043c\u0430\u0442 \u0434\u043b\u044f \u0435\u0436\u0435\u0434\u043d\u0435\u0432\u043d\u043e\u0433\u043e \u0438\u0441\u043f\u043e\u043b\u044c\u0437\u043e\u0432\u0430\u043d\u0438\u044f.<\/p>\n<\/details>\n","protected":false},"featured_media":25792,"template":"","meta":{"jetpack_publicize_message":"","jetpack_publicize_feature_enabled":true,"jetpack_social_post_already_shared":true,"jetpack_social_options":{"image_generator_settings":{"template":"highway","default_image_id":0,"font":"","enabled":false},"version":2}},"product_brand":[],"product_cat":[927,910,341],"product_tag":[],"class_list":{"0":"post-25787","1":"product","2":"type-product","3":"status-publish","4":"has-post-thumbnail","6":"product_cat-victorias-secret-body-mists","7":"product_cat-kehaspreid","8":"product_cat-victorias-secret","9":"pa_suurus-10-ml-tester","10":"pa_suurus-2-ml-tester","11":"pa_suurus-250-ml-full-size","12":"pa_suurus-30-ml-tester","14":"first","15":"outofstock","16":"sale","17":"shipping-taxable","18":"purchasable","19":"product-type-simple"},"jetpack_publicize_connections":[],"jetpack_sharing_enabled":true,"jetpack_likes_enabled":true,"_links":{"self":[{"href":"https:\/\/superstore.ee\/index.php\/wp-json\/wp\/v2\/product\/25787","targetHints":{"allow":["GET"]}}],"collection":[{"href":"https:\/\/superstore.ee\/index.php\/wp-json\/wp\/v2\/product"}],"about":[{"href":"https:\/\/superstore.ee\/index.php\/wp-json\/wp\/v2\/types\/product"}],"wp:featuredmedia":[{"embeddable":true,"href":"https:\/\/superstore.ee\/index.php\/wp-json\/wp\/v2\/media\/25792"}],"wp:attachment":[{"href":"https:\/\/superstore.ee\/index.php\/wp-json\/wp\/v2\/media?parent=25787"}],"wp:term":[{"taxonomy":"product_brand","embeddable":true,"href":"https:\/\/superstore.ee\/index.php\/wp-json\/wp\/v2\/product_brand?post=25787"},{"taxonomy":"product_cat","embeddable":true,"href":"https:\/\/superstore.ee\/index.php\/wp-json\/wp\/v2\/product_cat?post=25787"},{"taxonomy":"product_tag","embeddable":true,"href":"https:\/\/superstore.ee\/index.php\/wp-json\/wp\/v2\/product_tag?post=25787"}],"curies":[{"name":"wp","href":"https:\/\/api.w.org\/{rel}","templated":true}]}}