{"id":25814,"date":"2025-11-16T20:33:45","date_gmt":"2025-11-16T18:33:45","guid":{"rendered":"https:\/\/superstore.ee\/?post_type=product&#038;p=25814"},"modified":"2026-02-05T14:30:27","modified_gmt":"2026-02-05T12:30:27","slug":"victorias-secret-bare-vanilla-shimmer-fragrance-lotion-bestseller","status":"publish","type":"product","link":"https:\/\/superstore.ee\/index.php\/toode\/victorias-secret-bare-vanilla-shimmer-fragrance-lotion-bestseller\/","title":{"rendered":"Victoria\u2019s Secret Bare Vanilla Shimmer Fragrance Lotion BESTSELLER \u2b50"},"content":{"rendered":"","protected":false},"excerpt":{"rendered":"<p>Victoria\u2019s Secret Bare Vanilla parf\u00fcmeeritud kehalosjoon s\u00e4delusega (236 ml)<\/p>\n<p><strong>Aroomit\u00fc\u00fcp<\/strong>: magus<\/p>\n<p><strong>Aroomi kirjeldus:<\/strong><\/p>\n<ul>\n<li>Tipunoodid: Bergamot, \u00f5unapuu\u00f5is<\/li>\n<li>S\u00fcdamenoodid: valge ingli orhidee, suhkruvatt<\/li>\n<li>Baasnoodid: vahustatud vanill, h\u00f5\u00f5guv merevaik<\/li>\n<\/ul>\n<p>Toitev, nahale sulav l\u00f5hnakreem, mis j\u00e4tab nahale kauap\u00fcsiva, magusa ja sametise vanilliaromi \u2014 sobib ideaalselt igap\u00e4evaseks kasutamiseks.<\/p>\n<details>\n<summary>Details<\/summary>\n<div translate=\"no\">\n<p>Warm &amp; comforting.A burst of sweet, indulgent comfort. Shimmer.<\/p>\n<p>Fragrance type: Gourmand<\/p>\n<p>Notes<\/p>\n<p>Top: Bergamot, Apple Blossom<\/p>\n<p>Heart: White Angel Orchid, Spun Sugar<\/p>\n<p>Base: Whipped Vanilla, Glowing Amber<\/p>\n<p>250 ml\/8.4 fl oz.<br \/>\nDomestic<\/p>\n<p>INGREDIENTS:<br \/>\nWater (Aqua, Eau), Mineral Oil (Paraffinum Liquidum, Huile min\u00e9rale), Glycerin, Fragrance (Parfum), Cetyl Alcohol, Glyceryl Stearate, PEG-100 Stearate, Palmitic Acid, Stearic Acid, Phenoxyethanol, Dimethicone, Hexamethylindanopyran, Acrylates\/C10-30 Alkyl Acrylate Crosspolymer, Xanthan Gum, Chlorphenesin, Potassium Sorbate, Sodium Hydroxide, Vanillin, Ethylhexylglycerin, Tetramethyl acetyloctahydronaphthalenes, Disodium EDTA, Hexadecanolactone, Linalyl acetate, Limonene, Linalool, Pinene, Citrus Aurantium Peel Oil, Benzyl Alcohol, Tocopheryl Acetate, Aloe Barbadensis Leaf JuiceIngredients are subject to change. For an accurate list of ingredients, please refer to the product packaging.<\/p>\n<\/div>\n<p>Victoria\u2019s Secret Bare Vanilla \u043f\u0430\u0440\u0444\u044e\u043c\u0438\u0440\u043e\u0432\u0430\u043d\u043d\u044b\u0439 \u043b\u043e\u0441\u044c\u043e\u043d \u0434\u043b\u044f \u0442\u0435\u043b\u0430 \u0441 \u0431\u043b\u0435\u0441\u0442\u043a\u0430\u043c\u0438 (236 \u043c\u043b)<\/p>\n<p>\u0422\u0438\u043f \u0430\u0440\u043e\u043c\u0430\u0442\u0430: \u0413\u0443\u0440\u043c\u0430\u043d\u0441\u043a\u0438\u0439<\/p>\n<p>\u041e\u043f\u0438\u0441\u0430\u043d\u0438\u0435 \u0430\u0440\u043e\u043c\u0430\u0442\u0430:<br \/>\n\u0412\u0435\u0440\u0445\u043d\u0438\u0435 \u043d\u043e\u0442\u044b: \u0431\u0435\u0440\u0433\u0430\u043c\u043e\u0442, \u0446\u0432\u0435\u0442 \u044f\u0431\u043b\u043e\u043d\u0438<br \/>\n\u041d\u043e\u0442\u044b \u0441\u0435\u0440\u0434\u0446\u0430: \u0431\u0435\u043b\u0430\u044f \u00ab\u0430\u043d\u0433\u0435\u043b\u044c\u0441\u043a\u0430\u044f\u00bb \u043e\u0440\u0445\u0438\u0434\u0435\u044f, \u0441\u0430\u0445\u0430\u0440\u043d\u0430\u044f \u0432\u0430\u0442\u0430<br \/>\n\u0411\u0430\u0437\u043e\u0432\u044b\u0435 \u043d\u043e\u0442\u044b: \u0432\u0437\u0431\u0438\u0442\u0430\u044f \u0432\u0430\u043d\u0438\u043b\u044c, \u0441\u0438\u044f\u044e\u0449\u0438\u0439 \u044f\u043d\u0442\u0430\u0440\u044c<\/p>\n<p>\u041f\u0438\u0442\u0430\u0442\u0435\u043b\u044c\u043d\u044b\u0439 \u043b\u043e\u0441\u044c\u043e\u043d \u0441 \u043d\u0435\u0436\u043d\u044b\u043c, \u0441\u0442\u043e\u0439\u043a\u0438\u043c \u0432\u0430\u043d\u0438\u043b\u044c\u043d\u044b\u043c \u0448\u043b\u0435\u0439\u0444\u043e\u043c \u2014 \u0438\u0434\u0435\u0430\u043b\u0435\u043d \u0434\u043b\u044f \u0435\u0436\u0435\u0434\u043d\u0435\u0432\u043d\u043e\u0433\u043e \u0443\u0445\u043e\u0434\u0430 \u0438 \u043b\u044e\u0431\u0438\u0442\u0435\u043b\u0435\u0439 \u0442\u0451\u043f\u043b\u044b\u0445 \u0441\u043b\u0430\u0434\u043a\u0438\u0445 \u0430\u0440\u043e\u043c\u0430\u0442\u043e\u0432.<\/p>\n<\/details>\n","protected":false},"featured_media":25836,"template":"","meta":{"jetpack_publicize_message":"","jetpack_publicize_feature_enabled":true,"jetpack_social_post_already_shared":true,"jetpack_social_options":{"image_generator_settings":{"template":"highway","default_image_id":0,"font":"","enabled":false},"version":2}},"product_brand":[],"product_cat":[926,912,341],"product_tag":[],"class_list":{"0":"post-25814","1":"product","2":"type-product","3":"status-publish","4":"has-post-thumbnail","6":"product_cat-victorias-secret-body-lotions","7":"product_cat-nahahooldus","8":"product_cat-victorias-secret","9":"pa_lohn-15-ml-tester","10":"pa_lohn-236-ml-full-size","11":"pa_lohn-30-ml-tester","13":"first","14":"outofstock","15":"shipping-taxable","16":"product-type-variable"},"jetpack_publicize_connections":[],"jetpack_sharing_enabled":true,"jetpack_likes_enabled":true,"_links":{"self":[{"href":"https:\/\/superstore.ee\/index.php\/wp-json\/wp\/v2\/product\/25814","targetHints":{"allow":["GET"]}}],"collection":[{"href":"https:\/\/superstore.ee\/index.php\/wp-json\/wp\/v2\/product"}],"about":[{"href":"https:\/\/superstore.ee\/index.php\/wp-json\/wp\/v2\/types\/product"}],"wp:featuredmedia":[{"embeddable":true,"href":"https:\/\/superstore.ee\/index.php\/wp-json\/wp\/v2\/media\/25836"}],"wp:attachment":[{"href":"https:\/\/superstore.ee\/index.php\/wp-json\/wp\/v2\/media?parent=25814"}],"wp:term":[{"taxonomy":"product_brand","embeddable":true,"href":"https:\/\/superstore.ee\/index.php\/wp-json\/wp\/v2\/product_brand?post=25814"},{"taxonomy":"product_cat","embeddable":true,"href":"https:\/\/superstore.ee\/index.php\/wp-json\/wp\/v2\/product_cat?post=25814"},{"taxonomy":"product_tag","embeddable":true,"href":"https:\/\/superstore.ee\/index.php\/wp-json\/wp\/v2\/product_tag?post=25814"}],"curies":[{"name":"wp","href":"https:\/\/api.w.org\/{rel}","templated":true}]}}