{"id":25871,"date":"2025-11-17T19:41:03","date_gmt":"2025-11-17T17:41:03","guid":{"rendered":"https:\/\/superstore.ee\/?post_type=product&#038;p=25871"},"modified":"2026-01-26T11:24:41","modified_gmt":"2026-01-26T09:24:41","slug":"victorias-secret-white-peach-mango-hydrating-body-lotion","status":"publish","type":"product","link":"https:\/\/superstore.ee\/index.php\/toode\/victorias-secret-white-peach-mango-hydrating-body-lotion\/","title":{"rendered":"Victoria\u2019s Secret White Peach Mango Hydrating Body Lotion"},"content":{"rendered":"","protected":false},"excerpt":{"rendered":"<p>Victoria\u2019s Secret White Peach Mango niisutav kehalosjoon (296 ml)<\/p>\n<p>24-tunnine niisutus. Shea-v\u00f5i ja kookos\u00f5li j\u00e4tavad naha pehmeks ning meeldivalt l\u00f5hnavaks.<\/p>\n<p>Dermatoloogide heaks kiidetud, vegan, loomkatsete vastane ja ilma v\u00e4rvaineteta.<\/p>\n<p>White Peach Mango<br \/>\nElavdavalt v\u00e4rske valge virsik p\u00f5imub mahlase mangoga, luues s\u00e4rava ja r\u00f5\u00f5msa tunde. Rikastatud C-vitamiiniga.<\/p>\n<p><strong>Aroomit\u00fc\u00fcp<\/strong>: Puuviljane<br \/>\n<strong>Noodid<\/strong>: valge virsik, mango<\/p>\n<p>L\u00f5hn, mis sobib neile, kes armastavad puuviljaseid, p\u00e4ikeselisi ja energiast pakatavaid aroomihetki igap\u00e4evases hoolduses.<\/p>\n<details>\n<summary>Details<\/summary>\n<div>\n<p>24-hour moisture. Shea butter and coconut oil leave skin feeling soft and scented.<\/p>\n<p>Dermatologist approved, vegan, against animal testing, and dye-free.<\/p>\n<p>White Peach Mango<\/p>\n<p>Invigorating white peach blends with juicy mango for a bright, radiant feel. Boosted with hydrating coconut oil, known to help soften skin.<\/p>\n<p>Fragrance type: Fruity Fruity<\/p>\n<p>Notes: white peach, mango<\/p>\n<p>296 ml\/10 fl oz.<\/p>\n<p>Domestic<\/p>\n<p>INGREDIENTS:<\/p>\n<p>Isopropyl Palmitate, Fragrance (Parfum), Caprylic\/Capric Triglyceride, Glyceryl Stearate SE, Cetyl Esters, Cocos Nucifera (Coconut) Oil, Phenoxyethanol, Limonene, Citrus Aurantium Peel Oil, Acrylates\/C10-30 Alkyl Acrylate Crosspolymer, Potassium Sorbate, Xanthan Gum, Chlorphenesin, Benzyl Salicylate, Butyrospermum Parkii (Shea) Butter, Polysorbate 60, Aminomethyl Propanol, Tetramethyl acetyloctahydronaphthalenes, Disodium EDTA, Sodium Stearoyl Lactylate, Ethylhexylglycerin, Citrus Limon Peel Oil, Hexamethylindanopyran, Alpha-Isomethyl Ionone, Pinene, Tocopheryl Acetate, Aloe Barbadensis Leaf Juice, Citronellol, Coumarin, Citral, Linalool, Rose Ketones, Water (Aqua, Eau), Glycerin, Cetearyl Alcohol<\/p>\n<\/div>\n<p>\u0423\u0432\u043b\u0430\u0436\u043d\u0435\u043d\u0438\u0435 \u043d\u0430 24 \u0447\u0430\u0441\u0430. \u041c\u0430\u0441\u043b\u043e \u0448\u0438 \u0438 \u043a\u043e\u043a\u043e\u0441\u043e\u0432\u043e\u0435 \u043c\u0430\u0441\u043b\u043e \u0434\u0435\u043b\u0430\u044e\u0442 \u043a\u043e\u0436\u0443 \u043c\u044f\u0433\u043a\u043e\u0439 \u0438 \u043f\u0440\u0438\u044f\u0442\u043d\u043e \u0430\u0440\u043e\u043c\u0430\u0442\u043d\u043e\u0439.<br \/>\n\u041e\u0434\u043e\u0431\u0440\u0435\u043d\u043e \u0434\u0435\u0440\u043c\u0430\u0442\u043e\u043b\u043e\u0433\u0430\u043c\u0438, \u0432\u0435\u0433\u0430\u043d-\u0444\u043e\u0440\u043c\u0443\u043b\u0430, \u0431\u0435\u0437 \u0442\u0435\u0441\u0442\u0438\u0440\u043e\u0432\u0430\u043d\u0438\u044f \u043d\u0430 \u0436\u0438\u0432\u043e\u0442\u043d\u044b\u0445 \u0438 \u0431\u0435\u0437 \u043a\u0440\u0430\u0441\u0438\u0442\u0435\u043b\u0435\u0439.<\/p>\n<p>White Peach Mango<br \/>\n\u0411\u043e\u0434\u0440\u044f\u0449\u0438\u0439 \u0431\u0435\u043b\u044b\u0439 \u043f\u0435\u0440\u0441\u0438\u043a \u0441\u043e\u0447\u0435\u0442\u0430\u0435\u0442\u0441\u044f \u0441 \u0441\u043e\u0447\u043d\u044b\u043c \u043c\u0430\u043d\u0433\u043e, \u0441\u043e\u0437\u0434\u0430\u0432\u0430\u044f \u044f\u0440\u043a\u043e\u0435 \u0438 \u0441\u0438\u044f\u044e\u0449\u0435\u0435 \u043d\u0430\u0441\u0442\u0440\u043e\u0435\u043d\u0438\u0435. \u041e\u0431\u043e\u0433\u0430\u0449\u0435\u043d\u043e \u0432\u0438\u0442\u0430\u043c\u0438\u043d\u043e\u043c C.<\/p>\n<p>\u0422\u0438\u043f \u0430\u0440\u043e\u043c\u0430\u0442\u0430: \u0424\u0440\u0443\u043a\u0442\u043e\u0432\u044b\u0439<br \/>\n\u041d\u043e\u0442\u044b \u0430\u0440\u043e\u043c\u0430\u0442\u0430: \u0431\u0435\u043b\u044b\u0439 \u043f\u0435\u0440\u0441\u0438\u043a, \u043c\u0430\u043d\u0433\u043e<\/p>\n<p>\u0410\u0440\u043e\u043c\u0430\u0442 \u0434\u043b\u044f \u0442\u0435\u0445, \u043a\u0442\u043e \u043b\u044e\u0431\u0438\u0442 \u0441\u043e\u0447\u043d\u044b\u0435, \u0441\u043e\u043b\u043d\u0435\u0447\u043d\u044b\u0435 \u0438 \u0437\u0430\u0440\u044f\u0436\u0430\u044e\u0449\u0438\u0435 \u044d\u043d\u0435\u0440\u0433\u0438\u0435\u0439 \u0444\u0440\u0443\u043a\u0442\u043e\u0432\u044b\u0435 \u043a\u043e\u043c\u043f\u043e\u0437\u0438\u0446\u0438\u0438 \u043d\u0430 \u043a\u0430\u0436\u0434\u044b\u0439 \u0434\u0435\u043d\u044c.<\/p>\n<\/details>\n","protected":false},"featured_media":25947,"template":"","meta":{"jetpack_publicize_message":"","jetpack_publicize_feature_enabled":true,"jetpack_social_post_already_shared":true,"jetpack_social_options":{"image_generator_settings":{"template":"highway","default_image_id":0,"font":"","enabled":false},"version":2}},"product_brand":[],"product_cat":[926,912,341],"product_tag":[],"class_list":{"0":"post-25871","1":"product","2":"type-product","3":"status-publish","4":"has-post-thumbnail","6":"product_cat-victorias-secret-body-lotions","7":"product_cat-nahahooldus","8":"product_cat-victorias-secret","9":"pa_lohn-236-ml-full-size","10":"pa_lohn-30-ml-tester","12":"first","13":"instock","14":"sale","15":"shipping-taxable","16":"purchasable","17":"product-type-simple"},"jetpack_publicize_connections":[],"jetpack_sharing_enabled":true,"jetpack_likes_enabled":true,"_links":{"self":[{"href":"https:\/\/superstore.ee\/index.php\/wp-json\/wp\/v2\/product\/25871","targetHints":{"allow":["GET"]}}],"collection":[{"href":"https:\/\/superstore.ee\/index.php\/wp-json\/wp\/v2\/product"}],"about":[{"href":"https:\/\/superstore.ee\/index.php\/wp-json\/wp\/v2\/types\/product"}],"wp:featuredmedia":[{"embeddable":true,"href":"https:\/\/superstore.ee\/index.php\/wp-json\/wp\/v2\/media\/25947"}],"wp:attachment":[{"href":"https:\/\/superstore.ee\/index.php\/wp-json\/wp\/v2\/media?parent=25871"}],"wp:term":[{"taxonomy":"product_brand","embeddable":true,"href":"https:\/\/superstore.ee\/index.php\/wp-json\/wp\/v2\/product_brand?post=25871"},{"taxonomy":"product_cat","embeddable":true,"href":"https:\/\/superstore.ee\/index.php\/wp-json\/wp\/v2\/product_cat?post=25871"},{"taxonomy":"product_tag","embeddable":true,"href":"https:\/\/superstore.ee\/index.php\/wp-json\/wp\/v2\/product_tag?post=25871"}],"curies":[{"name":"wp","href":"https:\/\/api.w.org\/{rel}","templated":true}]}}