{"id":25950,"date":"2025-11-25T16:24:20","date_gmt":"2025-11-25T14:24:20","guid":{"rendered":"https:\/\/superstore.ee\/?post_type=product&#038;p=25950"},"modified":"2026-01-22T14:44:45","modified_gmt":"2026-01-22T12:44:45","slug":"victorias-secret-white-peach-mango-cream-body-wash","status":"publish","type":"product","link":"https:\/\/superstore.ee\/index.php\/toode\/victorias-secret-white-peach-mango-cream-body-wash\/","title":{"rendered":"Victoria\u2019s Secret White Peach Mango Cream Body Wash"},"content":{"rendered":"","protected":false},"excerpt":{"rendered":"<p>Victoria\u2019s Secret White Peach Mango Cream Body Wash (296 ml)<\/p>\n<p>Sile ja l\u00f5hnav puhtus. See rammus Kehakreem-du\u0161igeel sisaldab sheav\u00f5id, mis muudab naha pehmeks ja niisutatuks.<\/p>\n<p>Virgutav valge virsik ja mahlakas mango loovad s\u00e4rava ja v\u00e4rske tunde. Koostis on rikastatud C-vitamiini ja kookos\u00f5liga.<\/p>\n<p><strong>Aroomit\u00fc\u00fcp<\/strong>: Puuviljane<br \/>\n<strong>Noodid<\/strong>: valge virsik, mango<\/p>\n<p>L\u00f5hn, mis sobib neile, kes armastavad puuviljaseid, p\u00e4ikeselisi ja energiast pakatavaid aroomihetki igap\u00e4evases hoolduses.<\/p>\n<p>Dermatoloogide heaks kiidetud, vegan, loomkatsete vastane ja ilma v\u00e4rvaineteta.<\/p>\n<details>\n<summary>Details<\/summary>\n<div translate=\"no\">Victoria\u2019s Secret White Peach Mango Cream Body Wash<br \/>\nSmooth, scented cleansing. This rich cream wash features shea butter for skin that feels soft and hydrated.<br \/>\nDermatologist approved, vegan, against animal testing, and dye-free.<\/p>\n<p>White Peach Mango<\/p>\n<p>Invigorating white peach blends with juicy mango for a bright, radiant feel. Infused with Vitamin C and coconut oil.<\/p>\n<p>Fragrance type: Fruity Fruity<br \/>\nNotes: white peach, mango<br \/>\n296 ml\/10 fl oz.<br \/>\nDomestic<\/p>\n<p>INGREDIENTS:<br \/>\nWater (Aqua, Eau), Sodium Cocoyl Isethionate, Sodium C14-16 Olefin Sulfonate, Butyrospermum Parkii (Shea) Butter, Stearyl Alcohol, Glycerin, Acrylates Copolymer, Fragrance (Parfum), Cocamide MIPA, Glycol Distearate, Cocamidopropyl Betaine, Cocos Nucifera (Coconut) Oil, Coconut Acid, Aloe Barbadensis Leaf Juice, Phenoxyethanol, Aminomethyl Propanol, Potassium Sorbate, Polysorbate 20, Tocopheryl Acetate, Ethylhexylglycerin, Disodium EDTA, Tetramethyl acetyloctahydronaphthalenes, Hexyl Cinnamal, Benzyl Salicylate, Hexamethylindanopyran, Linalool, Linalyl acetate, Acetyl Cedrene, Limonene, Hydroxycitronellal, Dimethyl Phenethyl Acetate, Citronellol, Geranyl acetate<\/p>\n<\/div>\n<p>\u0413\u043b\u0430\u0434\u043a\u043e\u0435 \u0438 \u0430\u0440\u043e\u043c\u0430\u0442\u043d\u043e\u0435 \u043e\u0447\u0438\u0449\u0435\u043d\u0438\u0435. \u042d\u0442\u043e\u0442 \u043d\u0430\u0441\u044b\u0449\u0435\u043d\u043d\u044b\u0439 \u043a\u0440\u0435\u043c \u0433\u0435\u043b\u044c \u0434\u043b\u044f \u0434\u0443\u0448\u0430 \u0441\u043e\u0434\u0435\u0440\u0436\u0438\u0442 \u043c\u0430\u0441\u043b\u043e \u0448\u0438, \u0431\u043b\u0430\u0433\u043e\u0434\u0430\u0440\u044f \u043a\u043e\u0442\u043e\u0440\u043e\u043c\u0443 \u043a\u043e\u0436\u0430 \u0441\u0442\u0430\u043d\u043e\u0432\u0438\u0442\u0441\u044f \u043c\u044f\u0433\u043a\u043e\u0439 \u0438 \u0443\u0432\u043b\u0430\u0436\u043d\u0435\u043d\u043d\u043e\u0439. \u041e\u0434\u043e\u0431\u0440\u0435\u043d\u043e \u0434\u0435\u0440\u043c\u0430\u0442\u043e\u043b\u043e\u0433\u0430\u043c\u0438, \u0432\u0435\u0433\u0430\u043d\u0441\u043a\u0438\u0439 \u043f\u0440\u043e\u0434\u0443\u043a\u0442, \u043d\u0435 \u0442\u0435\u0441\u0442\u0438\u0440\u0443\u0435\u0442\u0441\u044f \u043d\u0430 \u0436\u0438\u0432\u043e\u0442\u043d\u044b\u0445, \u0431\u0435\u0437 \u043a\u0440\u0430\u0441\u0438\u0442\u0435\u043b\u0435\u0439.<br \/>\nWhite Peach Mango \u0411\u043e\u0434\u0440\u044f\u0449\u0438\u0439 \u0431\u0435\u043b\u044b\u0439 \u043f\u0435\u0440\u0441\u0438\u043a \u0432 \u0441\u043e\u0447\u0435\u0442\u0430\u043d\u0438\u0438 \u0441 \u0441\u043e\u0447\u043d\u044b\u043c \u043c\u0430\u043d\u0433\u043e \u0434\u0430\u0440\u0438\u0442 \u043e\u0449\u0443\u0449\u0435\u043d\u0438\u0435 \u044f\u0440\u043a\u043e\u0441\u0442\u0438 \u0438 \u0441\u0438\u044f\u043d\u0438\u044f. \u0421\u043e\u0441\u0442\u0430\u0432 \u043e\u0431\u043e\u0433\u0430\u0449\u0435\u043d \u0432\u0438\u0442\u0430\u043c\u0438\u043d\u043e\u043c \u0421 \u0438 \u043a\u043e\u043a\u043e\u0441\u043e\u0432\u044b\u043c \u043c\u0430\u0441\u043b\u043e\u043c.<br \/>\n\u0422\u0438\u043f \u0430\u0440\u043e\u043c\u0430\u0442\u0430: \u0424\u0440\u0443\u043a\u0442\u043e\u0432\u044b\u0439<br \/>\n\u041d\u043e\u0442\u044b: \u0431\u0435\u043b\u044b\u0439 \u043f\u0435\u0440\u0441\u0438\u043a, \u043c\u0430\u043d\u0433\u043e<br \/>\n\u041e\u0431\u044a\u0435\u043c: 296 \u043c\u043b<\/p>\n<\/details>\n","protected":false},"featured_media":26677,"template":"","meta":{"jetpack_publicize_message":"","jetpack_publicize_feature_enabled":true,"jetpack_social_post_already_shared":true,"jetpack_social_options":{"image_generator_settings":{"template":"highway","default_image_id":0,"font":"","enabled":false},"version":2}},"product_brand":[],"product_cat":[930,912,341],"product_tag":[],"class_list":{"0":"post-25950","1":"product","2":"type-product","3":"status-publish","4":"has-post-thumbnail","6":"product_cat-victorias-secret-body-washes","7":"product_cat-nahahooldus","8":"product_cat-victorias-secret","9":"pa_lohn-236-ml-full-size","10":"pa_lohn-30-ml-tester","12":"first","13":"instock","14":"sale","15":"shipping-taxable","16":"purchasable","17":"product-type-simple"},"jetpack_publicize_connections":[],"jetpack_sharing_enabled":true,"jetpack_likes_enabled":true,"_links":{"self":[{"href":"https:\/\/superstore.ee\/index.php\/wp-json\/wp\/v2\/product\/25950","targetHints":{"allow":["GET"]}}],"collection":[{"href":"https:\/\/superstore.ee\/index.php\/wp-json\/wp\/v2\/product"}],"about":[{"href":"https:\/\/superstore.ee\/index.php\/wp-json\/wp\/v2\/types\/product"}],"wp:featuredmedia":[{"embeddable":true,"href":"https:\/\/superstore.ee\/index.php\/wp-json\/wp\/v2\/media\/26677"}],"wp:attachment":[{"href":"https:\/\/superstore.ee\/index.php\/wp-json\/wp\/v2\/media?parent=25950"}],"wp:term":[{"taxonomy":"product_brand","embeddable":true,"href":"https:\/\/superstore.ee\/index.php\/wp-json\/wp\/v2\/product_brand?post=25950"},{"taxonomy":"product_cat","embeddable":true,"href":"https:\/\/superstore.ee\/index.php\/wp-json\/wp\/v2\/product_cat?post=25950"},{"taxonomy":"product_tag","embeddable":true,"href":"https:\/\/superstore.ee\/index.php\/wp-json\/wp\/v2\/product_tag?post=25950"}],"curies":[{"name":"wp","href":"https:\/\/api.w.org\/{rel}","templated":true}]}}