{"id":25956,"date":"2025-11-25T18:02:13","date_gmt":"2025-11-25T16:02:13","guid":{"rendered":"https:\/\/superstore.ee\/?post_type=product&#038;p=25956"},"modified":"2025-12-07T19:54:10","modified_gmt":"2025-12-07T17:54:10","slug":"victorias-secret-fresh-fig-sage-hair-body-mist","status":"publish","type":"product","link":"https:\/\/superstore.ee\/index.php\/toode\/victorias-secret-fresh-fig-sage-hair-body-mist\/","title":{"rendered":"Victoria\u2019s Secret Fresh Fig Sage Hair &#038; Body Mist"},"content":{"rendered":"","protected":false},"excerpt":{"rendered":"<p>Victoria\u2019s Secret Fresh Fig Sage juukse- ja kehasprei (236 ml)<\/p>\n<p><strong>Aroomit\u00fc\u00fcp<\/strong>: Lilleline \/ roheline<\/p>\n<p><strong>Noodid<\/strong>: v\u00e4rske viigimari, salvei<\/p>\n<p>Rikastatud rohelise tee ekstraktiga. Dermatoloogiliselt heaks kiidetud, vegan, loomkatsete-vaba ja ilma v\u00e4rvaineteta.<\/p>\n<p>Rahustav, puhas ja \u00fcrdine aroom neile, kes eelistavad v\u00e4rsket, tasakaalukat ja loodusl\u00e4hedast tunnet kogu p\u00e4evaks.<\/p>\n<details>\n<summary>Details<\/summary>\n<div translate=\"no\">\n<p>Victoria\u2019s Secret Fresh Fig Sage Hair &amp; Body MistYour new daily ritual. This mist delivers a scent boost from head-to-toe.Dermatologist approved, vegan, against animal testing, and dye-free.Fresh Fig Sage<\/p>\n<p>Fresh fig merges with herbaceous sage for soothing serenity. Infused with Green Tea Extract.<\/p>\n<p>Fragrance type: Floral Green<br \/>\nNotes: fresh fig, sage<br \/>\n236 ml\/8 fl oz.<br \/>\nDomestic<\/p>\n<p>INGREDIENTS:<br \/>\nAlcohol Denat., Water (Aqua, Eau), Fragrance (Parfum), Propylene Glycol, Glycerin, Camellia Sinensis Leaf Extract, PPG-26-Buteth-26, PEG-40 Hydrogenated Castor Oil, Leuconostoc\/Radish Root Ferment Filtrate, Ethylhexyl Methoxycinnamate, Ethylhexyl Salicylate, Butyl Methoxydibenzoylmethane, Tetramethyl acetyloctahydronaphthalenes, Citrus Aurantium Bergamia Peel Oil, Linalyl acetate, Limonene, Alpha-Isomethyl Ionone, Linalool, Pinene, Citronellol, Rose Ketones, Coumarin, Terpineol<\/p>\n<\/div>\n<p>Victoria\u2019s Secret Fresh Fig Sage \u0441\u043f\u0440\u0435\u0439 \u0434\u043b\u044f \u0432\u043e\u043b\u043e\u0441 \u0438 \u0442\u0435\u043b\u0430 (236 \u043c\u043b \/ 8 fl oz)<\/p>\n<p>\u0422\u0438\u043f \u0430\u0440\u043e\u043c\u0430\u0442\u0430: \u0426\u0432\u0435\u0442\u043e\u0447\u043d\u043e-\u0437\u0435\u043b\u0451\u043d\u044b\u0439<\/p>\n<p>\u0421 \u044d\u043a\u0441\u0442\u0440\u0430\u043a\u0442\u043e\u043c \u0437\u0435\u043b\u0451\u043d\u043e\u0433\u043e \u0447\u0430\u044f.<br \/>\n\u041e\u0434\u043e\u0431\u0440\u0435\u043d \u0434\u0435\u0440\u043c\u0430\u0442\u043e\u043b\u043e\u0433\u0430\u043c\u0438, \u0432\u0435\u0433\u0430\u043d\u0441\u043a\u0438\u0439, \u0431\u0435\u0437 \u0436\u0435\u0441\u0442\u043e\u043a\u043e\u0433\u043e \u043e\u0431\u0440\u0430\u0449\u0435\u043d\u0438\u044f \u043a \u0436\u0438\u0432\u043e\u0442\u043d\u044b\u043c \u0438 \u0431\u0435\u0437 \u043a\u0440\u0430\u0441\u0438\u0442\u0435\u043b\u0435\u0439.<\/p>\n<p>\u041d\u043e\u0442\u044b: \u0441\u0432\u0435\u0436\u0438\u0439 \u0438\u043d\u0436\u0438\u0440, \u0448\u0430\u043b\u0444\u0435\u0439<\/p>\n<p>\u0421\u043f\u043e\u043a\u043e\u0439\u043d\u044b\u0439, \u0447\u0438\u0441\u0442\u044b\u0439 \u0438 \u0442\u0440\u0430\u0432\u044f\u043d\u043e\u0439 \u0430\u0440\u043e\u043c\u0430\u0442 \u0434\u043b\u044f \u0442\u0435\u0445, \u043a\u0442\u043e \u043b\u044e\u0431\u0438\u0442 \u0441\u0432\u0435\u0436\u0435\u0441\u0442\u044c, \u0433\u0430\u0440\u043c\u043e\u043d\u0438\u044e \u0438 \u043f\u0440\u0438\u0440\u043e\u0434\u043d\u043e\u0435 \u043e\u0449\u0443\u0449\u0435\u043d\u0438\u0435 \u0432 \u0442\u0435\u0447\u0435\u043d\u0438\u0435 \u0432\u0441\u0435\u0433\u043e \u0434\u043d\u044f.<\/p>\n<\/details>\n","protected":false},"featured_media":25961,"template":"","meta":{"jetpack_publicize_message":"","jetpack_publicize_feature_enabled":true,"jetpack_social_post_already_shared":true,"jetpack_social_options":{"image_generator_settings":{"template":"highway","default_image_id":0,"font":"","enabled":false},"version":2}},"product_brand":[],"product_cat":[910,927,341],"product_tag":[],"class_list":{"0":"post-25956","1":"product","2":"type-product","3":"status-publish","4":"has-post-thumbnail","6":"product_cat-kehaspreid","7":"product_cat-victorias-secret-body-mists","8":"product_cat-victorias-secret","9":"pa_suurus-10-ml-tester","10":"pa_suurus-2-ml-tester","11":"pa_suurus-250-ml-full-size","12":"pa_suurus-30-ml-tester","14":"first","15":"instock","16":"sale","17":"shipping-taxable","18":"purchasable","19":"product-type-simple"},"jetpack_publicize_connections":[],"jetpack_sharing_enabled":true,"jetpack_likes_enabled":true,"_links":{"self":[{"href":"https:\/\/superstore.ee\/index.php\/wp-json\/wp\/v2\/product\/25956","targetHints":{"allow":["GET"]}}],"collection":[{"href":"https:\/\/superstore.ee\/index.php\/wp-json\/wp\/v2\/product"}],"about":[{"href":"https:\/\/superstore.ee\/index.php\/wp-json\/wp\/v2\/types\/product"}],"wp:featuredmedia":[{"embeddable":true,"href":"https:\/\/superstore.ee\/index.php\/wp-json\/wp\/v2\/media\/25961"}],"wp:attachment":[{"href":"https:\/\/superstore.ee\/index.php\/wp-json\/wp\/v2\/media?parent=25956"}],"wp:term":[{"taxonomy":"product_brand","embeddable":true,"href":"https:\/\/superstore.ee\/index.php\/wp-json\/wp\/v2\/product_brand?post=25956"},{"taxonomy":"product_cat","embeddable":true,"href":"https:\/\/superstore.ee\/index.php\/wp-json\/wp\/v2\/product_cat?post=25956"},{"taxonomy":"product_tag","embeddable":true,"href":"https:\/\/superstore.ee\/index.php\/wp-json\/wp\/v2\/product_tag?post=25956"}],"curies":[{"name":"wp","href":"https:\/\/api.w.org\/{rel}","templated":true}]}}