{"id":25964,"date":"2025-11-25T19:44:58","date_gmt":"2025-11-25T17:44:58","guid":{"rendered":"https:\/\/superstore.ee\/?post_type=product&#038;p=25964"},"modified":"2026-01-31T13:35:35","modified_gmt":"2026-01-31T11:35:35","slug":"victorias-secret-fresh-fig-sage-hydrating-body-lotion","status":"publish","type":"product","link":"https:\/\/superstore.ee\/index.php\/toode\/victorias-secret-fresh-fig-sage-hydrating-body-lotion\/","title":{"rendered":"Victoria\u2019s Secret Fresh Fig Sage Hydrating Body Lotion"},"content":{"rendered":"","protected":false},"excerpt":{"rendered":"<p>Victoria\u2019s Secret Fresh Fig Sage niisutav kehalosjoon (296 ml)<\/p>\n<p>24-tunnine niisutus. Sheav\u00f5i ja kookos\u00f5li j\u00e4tavad naha pehmeks ja kergelt l\u00f5hnavaks.<\/p>\n<p>Dermatoloogide heaks kiidetud, vegan, loomkatsete vastu, v\u00e4rvaineteta.<\/p>\n<p>Rikastatud antioks\u00fcdantiderohke rohelise tee ekstraktiga, mis aitab nahka hooldada.<\/p>\n<p><strong>Aroomit\u00fc\u00fcp<\/strong>: Lilleline \/ roheline<br \/>\n<strong>Noodid<\/strong>: v\u00e4rske viigimari, salvei<\/p>\n<p>\u00d5rn, rahustav ja puhas aroom\u00a0neile, kes eelistavad v\u00e4rsket, tasakaalukat ja loodusl\u00e4hedast tunnet.<\/p>\n<details>\n<summary>Details<\/summary>\n<div translate=\"no\">\n<p>Victoria\u2019s Secret Fresh Fig Sage Hydrating Body Lotion 24-hour moisture. Shea butter and coconut oil leave skin feeling soft and scented.Dermatologist approved, vegan, against animal testing, and dye-free.<\/p>\n<p>Fresh Fig Sage<\/p>\n<p>Fresh fig merges with herbaceous sage for soothing serenity. Boosted with antioxidant-rich Green Tea Extract, known to help condition the skin.<\/p>\n<p>Fragrance type: Floral Green<br \/>\nNotes: fresh fig, sage<br \/>\n296 ml\/10 fl. oz<br \/>\nDomestic<\/p>\n<p>INGREDIENTS:<br \/>\nWater (Aqua, Eau), Glycerin, Cetearyl Alcohol, Isopropyl Palmitate, Caprylic\/Capric Triglyceride, Fragrance (Parfum), Glyceryl Stearate SE, Cetyl Esters, Phenoxyethanol, Acrylates\/C10-30 Alkyl Acrylate Crosspolymer, Xanthan Gum, Potassium Sorbate, Chlorphenesin, Camellia Sinensis Leaf Extract, Butyrospermum Parkii (Shea) Butter, Polysorbate 60, Aminomethyl Propanol, Disodium EDTA, Cocos Nucifera (Coconut) Oil, Ethylhexylglycerin, Sodium Stearoyl Lactylate, Tocopheryl Acetate, Aloe Barbadensis Leaf Juice, Tetramethyl acetyloctahydronaphthalenes, Linalyl acetate, Citrus Aurantium Bergamia Peel Oil, Alpha-Isomethyl Ionone, Limonene, Linalool, Citronellol, Pinene<\/p>\n<\/div>\n<p>Victoria\u2019s Secret Fresh Fig Sage \u0443\u0432\u043b\u0430\u0436\u043d\u044f\u044e\u0449\u0438\u0439 \u043b\u043e\u0441\u044c\u043e\u043d \u0434\u043b\u044f \u0442\u0435\u043b\u0430 (296 \u043c\u043b)<\/p>\n<p>\u0423\u0432\u043b\u0430\u0436\u043d\u0435\u043d\u0438\u0435 \u043d\u0430 24 \u0447\u0430\u0441\u0430. \u041c\u0430\u0441\u043b\u043e \u0448\u0438 \u0438 \u043a\u043e\u043a\u043e\u0441\u043e\u0432\u043e\u0435 \u043c\u0430\u0441\u043b\u043e \u0434\u0435\u043b\u0430\u044e\u0442 \u043a\u043e\u0436\u0443 \u043c\u044f\u0433\u043a\u043e\u0439 \u0438 \u0434\u0435\u043b\u0438\u043a\u0430\u0442\u043d\u043e \u0430\u0440\u043e\u043c\u0430\u0442\u043d\u043e\u0439.<br \/>\n\u041e\u0434\u043e\u0431\u0440\u0435\u043d\u043e \u0434\u0435\u0440\u043c\u0430\u0442\u043e\u043b\u043e\u0433\u0430\u043c\u0438, \u0432\u0435\u0433\u0430\u043d-\u0444\u043e\u0440\u043c\u0443\u043b\u0430, \u0431\u0435\u0437 \u0436\u0435\u0441\u0442\u043e\u043a\u043e\u0441\u0442\u0438 \u0438 \u043a\u0440\u0430\u0441\u0438\u0442\u0435\u043b\u0435\u0439.<br \/>\n\u041e\u0431\u043e\u0433\u0430\u0449\u0451\u043d \u044d\u043a\u0441\u0442\u0440\u0430\u043a\u0442\u043e\u043c \u0437\u0435\u043b\u0451\u043d\u043e\u0433\u043e \u0447\u0430\u044f, \u0431\u043e\u0433\u0430\u0442\u043e\u0433\u043e \u0430\u043d\u0442\u0438\u043e\u043a\u0441\u0438\u0434\u0430\u043d\u0442\u0430\u043c\u0438, \u043a\u043e\u0442\u043e\u0440\u044b\u0439 \u043f\u043e\u043c\u043e\u0433\u0430\u0435\u0442 \u043a\u043e\u043d\u0434\u0438\u0446\u0438\u043e\u043d\u0438\u0440\u043e\u0432\u0430\u0442\u044c \u043a\u043e\u0436\u0443.<\/p>\n<p>\u0422\u0438\u043f \u0430\u0440\u043e\u043c\u0430\u0442\u0430: \u0426\u0432\u0435\u0442\u043e\u0447\u043d\u044b\u0439 \/ \u0437\u0435\u043b\u0451\u043d\u044b\u0439<br \/>\n\u041d\u043e\u0442\u044b: \u0441\u0432\u0435\u0436\u0438\u0439 \u0438\u043d\u0436\u0438\u0440, \u0448\u0430\u043b\u0444\u0435\u0439<\/p>\n<p>\u041d\u0435\u0436\u043d\u044b\u0439, \u0443\u043c\u0438\u0440\u043e\u0442\u0432\u043e\u0440\u044f\u044e\u0449\u0438\u0439 \u0438 \u0447\u0438\u0441\u0442\u044b\u0439 \u0430\u0440\u043e\u043c\u0430\u0442 \u2014 \u043f\u043e\u0434\u0445\u043e\u0434\u0438\u0442 \u0434\u043b\u044f \u0435\u0436\u0435\u0434\u043d\u0435\u0432\u043d\u043e\u0433\u043e \u0443\u0445\u043e\u0434\u0430, \u043a\u043e\u0433\u0434\u0430 \u0445\u043e\u0447\u0435\u0442\u0441\u044f \u0441\u0432\u0435\u0436\u0435\u0441\u0442\u0438 \u0438 \u043f\u0440\u0438\u0440\u043e\u0434\u043d\u043e\u0439 \u043c\u044f\u0433\u043a\u043e\u0441\u0442\u0438.<\/p>\n<\/details>\n","protected":false},"featured_media":25967,"template":"","meta":{"jetpack_publicize_message":"","jetpack_publicize_feature_enabled":true,"jetpack_social_post_already_shared":true,"jetpack_social_options":{"image_generator_settings":{"template":"highway","default_image_id":0,"font":"","enabled":false},"version":2}},"product_brand":[],"product_cat":[926,912,341],"product_tag":[],"class_list":{"0":"post-25964","1":"product","2":"type-product","3":"status-publish","4":"has-post-thumbnail","6":"product_cat-victorias-secret-body-lotions","7":"product_cat-nahahooldus","8":"product_cat-victorias-secret","9":"pa_suurus-10-ml-tester","10":"pa_suurus-2-ml-tester","11":"pa_suurus-250-ml-full-size","12":"pa_suurus-30-ml-tester","14":"first","15":"outofstock","16":"sale","17":"shipping-taxable","18":"purchasable","19":"product-type-simple"},"jetpack_publicize_connections":[],"jetpack_sharing_enabled":true,"jetpack_likes_enabled":true,"_links":{"self":[{"href":"https:\/\/superstore.ee\/index.php\/wp-json\/wp\/v2\/product\/25964","targetHints":{"allow":["GET"]}}],"collection":[{"href":"https:\/\/superstore.ee\/index.php\/wp-json\/wp\/v2\/product"}],"about":[{"href":"https:\/\/superstore.ee\/index.php\/wp-json\/wp\/v2\/types\/product"}],"wp:featuredmedia":[{"embeddable":true,"href":"https:\/\/superstore.ee\/index.php\/wp-json\/wp\/v2\/media\/25967"}],"wp:attachment":[{"href":"https:\/\/superstore.ee\/index.php\/wp-json\/wp\/v2\/media?parent=25964"}],"wp:term":[{"taxonomy":"product_brand","embeddable":true,"href":"https:\/\/superstore.ee\/index.php\/wp-json\/wp\/v2\/product_brand?post=25964"},{"taxonomy":"product_cat","embeddable":true,"href":"https:\/\/superstore.ee\/index.php\/wp-json\/wp\/v2\/product_cat?post=25964"},{"taxonomy":"product_tag","embeddable":true,"href":"https:\/\/superstore.ee\/index.php\/wp-json\/wp\/v2\/product_tag?post=25964"}],"curies":[{"name":"wp","href":"https:\/\/api.w.org\/{rel}","templated":true}]}}