{"id":25977,"date":"2025-11-25T20:04:47","date_gmt":"2025-11-25T18:04:47","guid":{"rendered":"https:\/\/superstore.ee\/?post_type=product&#038;p=25977"},"modified":"2026-02-05T14:29:13","modified_gmt":"2026-02-05T12:29:13","slug":"victorias-secret-coconut-milk-rose-hydrating-body-lotion","status":"publish","type":"product","link":"https:\/\/superstore.ee\/index.php\/toode\/victorias-secret-coconut-milk-rose-hydrating-body-lotion\/","title":{"rendered":"Victoria\u2019s Secret Coconut Milk Rose Hydrating Body Lotion"},"content":{"rendered":"","protected":false},"excerpt":{"rendered":"<p>Victoria\u2019s Secret Coconut Milk Rose niisutav  kehalosjoon (296 ml)<\/p>\n<p><strong>Aroomit\u00fc\u00fcp<\/strong>: Lilleline ja magus<br \/>\n<strong>Noodid<\/strong>: kookospiim, roos<\/p>\n<p>24-tunnine niisutus. Sheav\u00f5i ja kookos\u00f5li j\u00e4tavad naha pehmeks ja meeldivalt l\u00f5hnavaks.<\/p>\n<p>Kreemjas kookospiim p\u00f5imub unistava roosiga, pakkudes mahedat rahuhetke. Rikastatud niisutava kookos\u00f5liga, mis aitab nahka pehmendada.<\/p>\n<p>Ideaalne neile, kes armastavad pehmet, rahustavat ja naiselikku aroomi igap\u00e4evaseks kandmiseks.<\/p>\n<p>Dermatoloogiliselt heaks kiidetud, vegan, loomkatsete vastu ja ilma v\u00e4rvaineteta.<\/p>\n<details>\n<summary>Details<\/summary>\n<div translate=\"no\">\n24-hour moisture. Shea butter and coconut oil leave skin feeling soft and scented.<\/p>\n<p>Dermatologist approved, vegan, against animal testing, and dye-free.<\/p>\n<p>Coconut Milk Rose<\/p>\n<p>Creamy coconut milk swirls with dreamy rose for a delectable moment of calm. Boosted with hydrating coconut oil, known to help soften skin. <\/p>\n<p>Fragrance type: Floral Gourmand<br \/>\nNotes: coconut milk, rose<br \/>\n296 ml\/10 fl oz.<br \/>\nDomestic<\/p>\n<p>INGREDIENTS: Isopropyl Palmitate, Fragrance (Parfum), Caprylic\/Capric Triglyceride, Glyceryl Stearate SE, Cetyl Esters, Cocos Nucifera (Coconut) Oil, Phenoxyethanol, Limonene, Citrus Aurantium Peel Oil, Acrylates\/C10-30 Alkyl Acrylate Crosspolymer, Potassium Sorbate, Xanthan Gum, Chlorphenesin, Benzyl Salicylate, Butyrospermum Parkii (Shea) Butter, Polysorbate 60, Aminomethyl Propanol, Tetramethyl acetyloctahydronaphthalenes, Disodium EDTA, Sodium Stearoyl Lactylate, Ethylhexylglycerin, Citrus Limon Peel Oil, Hexamethylindanopyran, Alpha-Isomethyl Ionone, Pinene, Tocopheryl Acetate, Aloe Barbadensis Leaf Juice, Citronellol, Coumarin, Citral, Linalool, Rose Ketones, Water (Aqua, Eau), Glycerin, Cetearyl Alcohol<\/p>\n<\/div>\n<p>Victoria\u2019s Secret Coconut Milk Rose \u0443\u0432\u043b\u0430\u0436\u043d\u044f\u044e\u0449\u0438\u0439 \u043b\u043e\u0441\u044c\u043e\u043d \u0434\u043b\u044f \u0442\u0435\u043b\u0430 296 \u043c\u043b<\/p>\n<p>24-\u0447\u0430\u0441\u043e\u0432\u043e\u0435 \u0443\u0432\u043b\u0430\u0436\u043d\u0435\u043d\u0438\u0435. \u041c\u0430\u0441\u043b\u043e \u0448\u0438 \u0438 \u043a\u043e\u043a\u043e\u0441\u043e\u0432\u043e\u0435 \u043c\u0430\u0441\u043b\u043e \u0434\u0435\u043b\u0430\u044e\u0442 \u043a\u043e\u0436\u0443 \u043c\u044f\u0433\u043a\u043e\u0439 \u0438 \u043f\u0440\u0438\u044f\u0442\u043d\u043e \u043f\u0430\u0445\u043d\u0443\u0449\u0435\u0439.<br \/>\n\u041e\u0434\u043e\u0431\u0440\u0435\u043d\u043e \u0434\u0435\u0440\u043c\u0430\u0442\u043e\u043b\u043e\u0433\u0430\u043c\u0438, \u0432\u0435\u0433\u0430\u043d\u0441\u043a\u0438\u0439 \u043f\u0440\u043e\u0434\u0443\u043a\u0442, \u0431\u0435\u0437 \u0442\u0435\u0441\u0442\u043e\u0432 \u043d\u0430 \u0436\u0438\u0432\u043e\u0442\u043d\u044b\u0445 \u0438 \u0431\u0435\u0437 \u043a\u0440\u0430\u0441\u0438\u0442\u0435\u043b\u0435\u0439.<\/p>\n<p>\u0421\u043b\u0438\u0432\u043e\u0447\u043d\u043e\u0435 \u043a\u043e\u043a\u043e\u0441\u043e\u0432\u043e\u0435 \u043c\u043e\u043b\u043e\u043a\u043e \u043f\u0435\u0440\u0435\u043f\u043b\u0435\u0442\u0430\u0435\u0442\u0441\u044f \u0441 \u043d\u0435\u0436\u043d\u043e\u0439 \u0440\u043e\u0437\u043e\u0439, \u0434\u0430\u0440\u044f \u043c\u043e\u043c\u0435\u043d\u0442 \u0441\u043f\u043e\u043a\u043e\u0439\u0441\u0442\u0432\u0438\u044f. \u0423\u0441\u0438\u043b\u0435\u043d \u0443\u0432\u043b\u0430\u0436\u043d\u044f\u044e\u0449\u0438\u043c \u043a\u043e\u043a\u043e\u0441\u043e\u0432\u044b\u043c \u043c\u0430\u0441\u043b\u043e\u043c, \u043a\u043e\u0442\u043e\u0440\u043e\u0435 \u043f\u043e\u043c\u043e\u0433\u0430\u0435\u0442 \u0441\u043c\u044f\u0433\u0447\u0430\u0442\u044c \u043a\u043e\u0436\u0443.<\/p>\n<p>\u0422\u0438\u043f \u0430\u0440\u043e\u043c\u0430\u0442\u0430: \u0426\u0432\u0435\u0442\u043e\u0447\u043d\u043e-\u0433\u0443\u0440\u043c\u0430\u043d\u0441\u043a\u0438\u0439<br \/>\n\u041d\u043e\u0442\u044b: \u043a\u043e\u043a\u043e\u0441\u043e\u0432\u043e\u0435 \u043c\u043e\u043b\u043e\u043a\u043e, \u0440\u043e\u0437\u0430<\/p>\n<\/details>\n","protected":false},"featured_media":25984,"template":"","meta":{"jetpack_publicize_message":"","jetpack_publicize_feature_enabled":true,"jetpack_social_post_already_shared":true,"jetpack_social_options":{"image_generator_settings":{"template":"highway","default_image_id":0,"font":"","enabled":false},"version":2}},"product_brand":[],"product_cat":[926,912,341],"product_tag":[],"class_list":{"0":"post-25977","1":"product","2":"type-product","3":"status-publish","4":"has-post-thumbnail","6":"product_cat-victorias-secret-body-lotions","7":"product_cat-nahahooldus","8":"product_cat-victorias-secret","9":"pa_suurus-10-ml-tester","10":"pa_suurus-2-ml-tester","11":"pa_suurus-250-ml-full-size","12":"pa_suurus-30-ml-tester","14":"first","15":"instock","16":"sale","17":"shipping-taxable","18":"purchasable","19":"product-type-simple"},"jetpack_publicize_connections":[],"jetpack_sharing_enabled":true,"jetpack_likes_enabled":true,"_links":{"self":[{"href":"https:\/\/superstore.ee\/index.php\/wp-json\/wp\/v2\/product\/25977","targetHints":{"allow":["GET"]}}],"collection":[{"href":"https:\/\/superstore.ee\/index.php\/wp-json\/wp\/v2\/product"}],"about":[{"href":"https:\/\/superstore.ee\/index.php\/wp-json\/wp\/v2\/types\/product"}],"wp:featuredmedia":[{"embeddable":true,"href":"https:\/\/superstore.ee\/index.php\/wp-json\/wp\/v2\/media\/25984"}],"wp:attachment":[{"href":"https:\/\/superstore.ee\/index.php\/wp-json\/wp\/v2\/media?parent=25977"}],"wp:term":[{"taxonomy":"product_brand","embeddable":true,"href":"https:\/\/superstore.ee\/index.php\/wp-json\/wp\/v2\/product_brand?post=25977"},{"taxonomy":"product_cat","embeddable":true,"href":"https:\/\/superstore.ee\/index.php\/wp-json\/wp\/v2\/product_cat?post=25977"},{"taxonomy":"product_tag","embeddable":true,"href":"https:\/\/superstore.ee\/index.php\/wp-json\/wp\/v2\/product_tag?post=25977"}],"curies":[{"name":"wp","href":"https:\/\/api.w.org\/{rel}","templated":true}]}}