{"id":25979,"date":"2025-11-25T20:04:51","date_gmt":"2025-11-25T18:04:51","guid":{"rendered":"https:\/\/superstore.ee\/?post_type=product&#038;p=25979"},"modified":"2026-03-13T20:34:08","modified_gmt":"2026-03-13T18:34:08","slug":"victorias-secret-coconut-milk-rose-cream-body-wash","status":"publish","type":"product","link":"https:\/\/superstore.ee\/index.php\/toode\/victorias-secret-coconut-milk-rose-cream-body-wash\/","title":{"rendered":"Victoria\u2019s Secret Coconut Milk Rose Cream Body Wash"},"content":{"rendered":"","protected":false},"excerpt":{"rendered":"<p>Victoria\u2019s Secret Coconut Milk Rose Cream Body Wash (296 ml)<\/p>\n<p>Sile ja l\u00f5hnav puhtus. See rammus Kehakreem-du\u0161igeel sisaldab sheav\u00f5id, mis muudab naha pehmeks ja niisutatuks.<\/p>\n<p>Kreemjas kookospiim kohtub unistava roosiga, luues meeldiva rahuhetke. Koostis on rikastatud niisutava kookos\u00f5liga, mis on tuntud oma nahka pehmendavate omaduste poolest.<\/p>\n<p><strong>Aroomit\u00fc\u00fcp<\/strong>: Lilleline ja magus<br \/>\n<strong>Noodid<\/strong>: kookospiim, roos<\/p>\n<p>Ideaalne neile, kes armastavad pehmet, rahustavat ja naiselikku aroomi igap\u00e4evaseks kandmiseks.<\/p>\n<p>Dermatoloogiliselt heaks kiidetud, vegan, loomkatsete vastu ja ilma v\u00e4rvaineteta.<\/p>\n<p>Pakume seda toodet ka mugavates v\u00e4iksemates pakendites (dekantidena), mis on ideaalsed toote proovimiseks v\u00f5i reisile kaasa v\u00f5tmiseks.<\/p>\n<details>\n<summary>Details<\/summary>\n<div translate=\"no\">Victoria\u2019s Secret Coconut Milk Rose Cream Body WashSmooth, scented cleansing. This rich cream wash features shea butter for skin that feels soft and hydrated.<\/p>\n<p>Dermatologist approved, vegan, against animal testing, and dye-free.<\/p>\n<p>Coconut Milk Rose<\/p>\n<p>Creamy coconut milk swirls with dreamy rose for a delectable moment of calm. Boosted with hydrating coconut oil, known to help soften skin.<\/p>\n<p>Fragrance type: Floral Gourmand<br \/>\nNotes: coconut milk, rose<br \/>\n296 ml\/10 fl oz.<br \/>\nDomestic<\/p>\n<p>INGREDIENTS:<br \/>\nWater (Aqua, Eau), Sodium Cocoyl Isethionate, Sodium C14-16 Olefin Sulfonate, Butyrospermum Parkii (Shea) Butter, Stearyl Alcohol, Glycerin, Acrylates Copolymer, Fragrance (Parfum), Glycol Distearate, Cocamide MIPA, Cocamidopropyl Betaine, Cocos Nucifera (Coconut) Oil, Coconut Acid, Phenoxyethanol, Aminomethyl Propanol, Potassium Sorbate, Polysorbate 20, Tocopheryl Acetate, Ethylhexylglycerin, Disodium EDTA, Limonene, Citrus Aurantium Peel Oil, Benzyl Salicylate, Tetramethyl acetyloctahydronaphthalenes, Citrus Limon Peel Oil, Alpha-Isomethyl Ionone, Citronellol<\/p>\n<\/div>\n<p>\u0413\u043b\u0430\u0434\u043a\u043e\u0435 \u0438 \u0430\u0440\u043e\u043c\u0430\u0442\u043d\u043e\u0435 \u043e\u0447\u0438\u0449\u0435\u043d\u0438\u0435. \u042d\u0442\u043e\u0442 \u043d\u0430\u0441\u044b\u0449\u0435\u043d\u043d\u044b\u0439 \u043a\u0440\u0435\u043c \u0433\u0435\u043b\u044c \u0434\u043b\u044f \u0434\u0443\u0448\u0430 \u0441\u043e\u0434\u0435\u0440\u0436\u0438\u0442 \u043c\u0430\u0441\u043b\u043e \u0448\u0438, \u0431\u043b\u0430\u0433\u043e\u0434\u0430\u0440\u044f \u043a\u043e\u0442\u043e\u0440\u043e\u043c\u0443 \u043a\u043e\u0436\u0430 \u0441\u0442\u0430\u043d\u043e\u0432\u0438\u0442\u0441\u044f \u043c\u044f\u0433\u043a\u043e\u0439 \u0438 \u0443\u0432\u043b\u0430\u0436\u043d\u0435\u043d\u043d\u043e\u0439. \u041e\u0434\u043e\u0431\u0440\u0435\u043d\u043e \u0434\u0435\u0440\u043c\u0430\u0442\u043e\u043b\u043e\u0433\u0430\u043c\u0438, \u0432\u0435\u0433\u0430\u043d\u0441\u043a\u0438\u0439 \u043f\u0440\u043e\u0434\u0443\u043a\u0442, \u043d\u0435 \u0442\u0435\u0441\u0442\u0438\u0440\u0443\u0435\u0442\u0441\u044f \u043d\u0430 \u0436\u0438\u0432\u043e\u0442\u043d\u044b\u0445, \u0431\u0435\u0437 \u043a\u0440\u0430\u0441\u0438\u0442\u0435\u043b\u0435\u0439.<\/p>\n<p>Coconut Milk Rose \u0421\u043b\u0438\u0432\u043e\u0447\u043d\u043e\u0435 \u043a\u043e\u043a\u043e\u0441\u043e\u0432\u043e\u0435 \u043c\u043e\u043b\u043e\u043a\u043e \u0432 \u0441\u043e\u0447\u0435\u0442\u0430\u043d\u0438\u0438 \u0441 \u043c\u0435\u0447\u0442\u0430\u0442\u0435\u043b\u044c\u043d\u043e\u0439 \u0440\u043e\u0437\u043e\u0439 \u0434\u0430\u0440\u0438\u0442 \u0432\u043e\u0441\u0445\u0438\u0442\u0438\u0442\u0435\u043b\u044c\u043d\u044b\u0439 \u043c\u043e\u043c\u0435\u043d\u0442 \u0441\u043f\u043e\u043a\u043e\u0439\u0441\u0442\u0432\u0438\u044f. \u0421\u043e\u0441\u0442\u0430\u0432 \u0443\u0441\u0438\u043b\u0435\u043d \u0443\u0432\u043b\u0430\u0436\u043d\u044f\u044e\u0449\u0438\u043c \u043a\u043e\u043a\u043e\u0441\u043e\u0432\u044b\u043c \u043c\u0430\u0441\u043b\u043e\u043c, \u0438\u0437\u0432\u0435\u0441\u0442\u043d\u044b\u043c \u0441\u0432\u043e\u0438\u043c\u0438 \u0441\u043c\u044f\u0433\u0447\u0430\u044e\u0449\u0438\u043c\u0438 \u0441\u0432\u043e\u0439\u0441\u0442\u0432\u0430\u043c\u0438.<br \/>\n\u0422\u0438\u043f \u0430\u0440\u043e\u043c\u0430\u0442\u0430: \u0426\u0432\u0435\u0442\u043e\u0447\u043d\u044b\u0439 \u0433\u0443\u0440\u043c\u0430\u043d\u0441\u043a\u0438\u0439<br \/>\n\u041d\u043e\u0442\u044b: \u043a\u043e\u043a\u043e\u0441\u043e\u0432\u043e\u0435 \u043c\u043e\u043b\u043e\u043a\u043e, \u0440\u043e\u0437\u0430<br \/>\n\u041e\u0431\u044a\u0435\u043c: 296 \u043c\u043b<\/p>\n<\/details>\n","protected":false},"featured_media":26682,"template":"","meta":{"jetpack_publicize_message":"","jetpack_publicize_feature_enabled":true,"jetpack_social_post_already_shared":true,"jetpack_social_options":{"image_generator_settings":{"template":"highway","default_image_id":0,"font":"","enabled":false},"version":2}},"product_brand":[],"product_cat":[930,912,993,341],"product_tag":[],"class_list":{"0":"post-25979","1":"product","2":"type-product","3":"status-publish","4":"has-post-thumbnail","6":"product_cat-victorias-secret-body-washes","7":"product_cat-nahahooldus","8":"product_cat-samples","9":"product_cat-victorias-secret","10":"pa_suurus-20-ml-tester","11":"pa_suurus-296-ml-full-size","13":"first","14":"outofstock","15":"shipping-taxable","16":"product-type-variable"},"jetpack_publicize_connections":[],"jetpack_sharing_enabled":true,"jetpack_likes_enabled":true,"_links":{"self":[{"href":"https:\/\/superstore.ee\/index.php\/wp-json\/wp\/v2\/product\/25979","targetHints":{"allow":["GET"]}}],"collection":[{"href":"https:\/\/superstore.ee\/index.php\/wp-json\/wp\/v2\/product"}],"about":[{"href":"https:\/\/superstore.ee\/index.php\/wp-json\/wp\/v2\/types\/product"}],"wp:featuredmedia":[{"embeddable":true,"href":"https:\/\/superstore.ee\/index.php\/wp-json\/wp\/v2\/media\/26682"}],"wp:attachment":[{"href":"https:\/\/superstore.ee\/index.php\/wp-json\/wp\/v2\/media?parent=25979"}],"wp:term":[{"taxonomy":"product_brand","embeddable":true,"href":"https:\/\/superstore.ee\/index.php\/wp-json\/wp\/v2\/product_brand?post=25979"},{"taxonomy":"product_cat","embeddable":true,"href":"https:\/\/superstore.ee\/index.php\/wp-json\/wp\/v2\/product_cat?post=25979"},{"taxonomy":"product_tag","embeddable":true,"href":"https:\/\/superstore.ee\/index.php\/wp-json\/wp\/v2\/product_tag?post=25979"}],"curies":[{"name":"wp","href":"https:\/\/api.w.org\/{rel}","templated":true}]}}