{"id":25987,"date":"2025-11-25T20:16:33","date_gmt":"2025-11-25T18:16:33","guid":{"rendered":"https:\/\/superstore.ee\/?post_type=product&#038;p=25987"},"modified":"2026-04-01T13:09:55","modified_gmt":"2026-04-01T10:09:55","slug":"victorias-secret-blue-jasmine-water-lily-hydrating-body-lotion","status":"publish","type":"product","link":"https:\/\/superstore.ee\/index.php\/toode\/victorias-secret-blue-jasmine-water-lily-hydrating-body-lotion\/","title":{"rendered":"Victoria\u2019s Secret Blue Jasmine Water Lily Hydrating Body Lotion"},"content":{"rendered":"","protected":false},"excerpt":{"rendered":"<p>Victoria\u2019s Secret Blue Jasmine Water Lily niisutav kehalosjoon (296 ml)<\/p>\n<p>24-tunnine niisutus. Sheav\u00f5i ja kookos\u00f5li j\u00e4tavad naha pehmeks ja meeldivalt l\u00f5hnavaks.<\/p>\n<p><strong>Aroomit\u00fc\u00fcp<\/strong>: V\u00e4rske lilleline<\/p>\n<p><strong>Noodid<\/strong>: sinine jasmiin, vesiroos<\/p>\n<p>Magus sinine jasmiin kohtub akvatilise vesiroosiga, tulemuseks on v\u00e4rskendav aroom. Rikastatud aaloega, mis aitab nahka v\u00e4rskendada ja toita.<\/p>\n<p>Dermatoloogide heaks kiidetud, vegan, ei testita loomadel, v\u00e4rvainetevaba.<\/p>\n<p>Sobib igap\u00e4evaseks kasutamiseks, kui soovid puhtalt v\u00e4rsket ja \u00f5rna lillel\u00f5hna.<\/p>\n<details>\n<summary>Details<\/summary>\n<div translate=\"no\">\n<p>24-hour moisture. Shea butter and coconut oil leave skin feeling soft and scented.<\/p>\n<p>Dermatologist approved, vegan, against animal testing, and dye-free.<\/p>\n<p>Sweet blue jasmine combines with aquatic water lily for a rejuvenating scent. Boosted with aloe, known to help refresh and nourish skin.<\/p>\n<p>Fragrance type: Fresh Floral<br \/>\nNotes: Blue Jasmine, Water Lily<br \/>\n296 ml \/10 fl oz.<br \/>\nDomestic<\/p>\n<p>INGREDIENTS:<br \/>\nWater (Aqua, Eau), Glycerin, Cetearyl Alcohol, Isopropyl Palmitate, Caprylic\/Capric Triglyceride, Fragrance (Parfum), Glyceryl Stearate SE, Aloe Barbadensis Leaf Juice, Cetyl Esters, Phenoxyethanol, Acrylates\/C10-30 Alkyl Acrylate Crosspolymer, Potassium Sorbate, Chlorphenesin, Xanthan Gum, Butyrospermum Parkii (Shea) Butter, Polysorbate 60, Aminomethyl Propanol, Disodium EDTA, Cocos Nucifera (Coconut) Oil, Ethylhexylglycerin, Sodium Stearoyl Lactylate, Tocopheryl Acetate, Tetramethyl acetyloctahydronaphthalenes, Benzyl Salicylate, Hexyl Cinnamal, Acetyl Cedrene, Limonene, Hydroxycitronellal, Dimethyl Phenethyl Acetate, Linalyl acetate, Citronellol, Geranyl acetate, Pinene, Rose Ketones, Vanillin, Coumarin<\/p>\n<\/div>\n<p>\u0423\u0432\u043b\u0430\u0436\u043d\u044f\u044e\u0449\u0438\u0439 \u043b\u043e\u0441\u044c\u043e\u043d \u0434\u043b\u044f \u0442\u0435\u043b\u0430 Victoria\u2019s Secret Blue Jasmine Water Lily 296 ml<\/p>\n<p>24-\u0447\u0430\u0441\u043e\u0432\u043e\u0435 \u0443\u0432\u043b\u0430\u0436\u043d\u0435\u043d\u0438\u0435. \u041c\u0430\u0441\u043b\u043e \u0448\u0438 \u0438 \u043a\u043e\u043a\u043e\u0441\u043e\u0432\u043e\u0435 \u043c\u0430\u0441\u043b\u043e \u0434\u0435\u043b\u0430\u044e\u0442 \u043a\u043e\u0436\u0443 \u043c\u044f\u0433\u043a\u043e\u0439 \u0438 \u043f\u0440\u0438\u044f\u0442\u043d\u043e \u043f\u0430\u0445\u043d\u0443\u0449\u0435\u0439.<br \/>\n\u041e\u0434\u043e\u0431\u0440\u0435\u043d\u043e \u0434\u0435\u0440\u043c\u0430\u0442\u043e\u043b\u043e\u0433\u0430\u043c\u0438, \u0432\u0435\u0433\u0430\u043d-\u0444\u043e\u0440\u043c\u0443\u043b\u0430, \u0431\u0435\u0437 \u0438\u0441\u043f\u044b\u0442\u0430\u043d\u0438\u0439 \u043d\u0430 \u0436\u0438\u0432\u043e\u0442\u043d\u044b\u0445, \u0431\u0435\u0437 \u043a\u0440\u0430\u0441\u0438\u0442\u0435\u043b\u0435\u0439.<\/p>\n<p>\u041d\u0435\u0436\u043d\u044b\u0439 \u0433\u043e\u043b\u0443\u0431\u043e\u0439 \u0436\u0430\u0441\u043c\u0438\u043d \u0441\u043e\u0447\u0435\u0442\u0430\u0435\u0442\u0441\u044f \u0441 \u0432\u043e\u0434\u043d\u043e\u0439 \u043b\u0438\u043b\u0438\u0435\u0439, \u0441\u043e\u0437\u0434\u0430\u0432\u0430\u044f \u043e\u0441\u0432\u0435\u0436\u0430\u044e\u0449\u0438\u0439 \u0430\u0440\u043e\u043c\u0430\u0442. \u041e\u0431\u043e\u0433\u0430\u0449\u0435\u043d\u043e \u0430\u043b\u043e\u044d, \u043a\u043e\u0442\u043e\u0440\u043e\u0435 \u043f\u043e\u043c\u043e\u0433\u0430\u0435\u0442 \u043e\u0441\u0432\u0435\u0436\u0430\u0442\u044c \u0438 \u043f\u0438\u0442\u0430\u0442\u044c \u043a\u043e\u0436\u0443.<\/p>\n<p>\u0422\u0438\u043f \u0430\u0440\u043e\u043c\u0430\u0442\u0430: \u0421\u0432\u0435\u0436\u0438\u0439 \u0446\u0432\u0435\u0442\u043e\u0447\u043d\u044b\u0439<br \/>\n\u041d\u043e\u0442\u044b: \u0433\u043e\u043b\u0443\u0431\u043e\u0439 \u0436\u0430\u0441\u043c\u0438\u043d, \u0432\u043e\u0434\u043d\u0430\u044f \u043b\u0438\u043b\u0438\u044f<\/p>\n<p>\u0418\u0434\u0435\u0430\u043b\u0435\u043d \u043d\u0430 \u043a\u0430\u0436\u0434\u044b\u0439 \u0434\u0435\u043d\u044c, \u0435\u0441\u043b\u0438 \u043b\u044e\u0431\u0438\u0448\u044c \u0447\u0438\u0441\u0442\u044b\u0439, \u043b\u0451\u0433\u043a\u0438\u0439 \u0438 \u0446\u0432\u0435\u0442\u043e\u0447\u043d\u044b\u0439 \u0430\u0440\u043e\u043c\u0430\u0442.<\/p>\n<\/details>\n","protected":false},"featured_media":26002,"template":"","meta":{"jetpack_publicize_message":"","jetpack_publicize_feature_enabled":true,"jetpack_social_post_already_shared":true,"jetpack_social_options":{"image_generator_settings":{"template":"highway","default_image_id":0,"font":"","enabled":false},"version":2}},"product_brand":[],"product_cat":[926,912,341],"product_tag":[],"class_list":{"0":"post-25987","1":"product","2":"type-product","3":"status-publish","4":"has-post-thumbnail","6":"product_cat-victorias-secret-body-lotions","7":"product_cat-nahahooldus","8":"product_cat-victorias-secret","9":"pa_suurus-10-ml-tester","10":"pa_suurus-2-ml-tester","11":"pa_suurus-250-ml-full-size","12":"pa_suurus-30-ml-tester","14":"first","15":"outofstock","16":"sale","17":"shipping-taxable","18":"purchasable","19":"product-type-simple"},"jetpack_publicize_connections":[],"jetpack_sharing_enabled":true,"jetpack_likes_enabled":true,"_links":{"self":[{"href":"https:\/\/superstore.ee\/index.php\/wp-json\/wp\/v2\/product\/25987","targetHints":{"allow":["GET"]}}],"collection":[{"href":"https:\/\/superstore.ee\/index.php\/wp-json\/wp\/v2\/product"}],"about":[{"href":"https:\/\/superstore.ee\/index.php\/wp-json\/wp\/v2\/types\/product"}],"wp:featuredmedia":[{"embeddable":true,"href":"https:\/\/superstore.ee\/index.php\/wp-json\/wp\/v2\/media\/26002"}],"wp:attachment":[{"href":"https:\/\/superstore.ee\/index.php\/wp-json\/wp\/v2\/media?parent=25987"}],"wp:term":[{"taxonomy":"product_brand","embeddable":true,"href":"https:\/\/superstore.ee\/index.php\/wp-json\/wp\/v2\/product_brand?post=25987"},{"taxonomy":"product_cat","embeddable":true,"href":"https:\/\/superstore.ee\/index.php\/wp-json\/wp\/v2\/product_cat?post=25987"},{"taxonomy":"product_tag","embeddable":true,"href":"https:\/\/superstore.ee\/index.php\/wp-json\/wp\/v2\/product_tag?post=25987"}],"curies":[{"name":"wp","href":"https:\/\/api.w.org\/{rel}","templated":true}]}}