{"id":25995,"date":"2025-11-25T20:24:00","date_gmt":"2025-11-25T18:24:00","guid":{"rendered":"https:\/\/superstore.ee\/?post_type=product&#038;p=25995"},"modified":"2026-02-12T12:11:16","modified_gmt":"2026-02-12T10:11:16","slug":"victorias-secret-vanilla-orchid-sandalwood-hydrating-body-lotion","status":"publish","type":"product","link":"https:\/\/superstore.ee\/index.php\/toode\/victorias-secret-vanilla-orchid-sandalwood-hydrating-body-lotion\/","title":{"rendered":"Victoria\u2019s Secret Vanilla Orchid Sandalwood Hydrating Body Lotion"},"content":{"rendered":"","protected":false},"excerpt":{"rendered":"<p>Victoria\u2019s Secret Vanilla Orchid Sandalwood niisutav kehalosjoon (296 ml)<\/p>\n<p><strong>Aroomit\u00fc\u00fcp<\/strong>: merevaigune ja magus<br \/>\n<strong>Noodid<\/strong>: vanilje orhidee, sandlipuu<\/p>\n<p>24-tunnine niisutus. Sheav\u00f5i ja kookos\u00f5li j\u00e4tavad naha pehmeks ja meeldivalt l\u00f5hnavaks. Magneesiumiga rikastatud.<\/p>\n<p>Dermatoloogide heaks kiidetud, vegan, loomkatsete vastane, v\u00e4rvaineteta.<\/p>\n<p>L\u00f5hn on soe ja lohutav \u2014 sobib neile, kes armastavad pehmet, sametist ja kauap\u00fcsivat vanilli-puidust koosk\u00f5la igap\u00e4evaseks kandmiseks.<\/p>\n<details>\n<summary>Details<\/summary>\n<div translate=\"no\">\n<p>Victoria\u2019s Secret Vanilla Orchid Sandalwood Hydrating Body Lotion24-hour moisture. Shea butter and coconut oil leave skin feeling soft and scented.<\/p>\n<p>Dermatologist approved, vegan, against animal testing, and dye-free.<\/p>\n<p>Vanilla Orchid Sandalwood<\/p>\n<p>Warm vanilla orchid meets earthy sandalwood for instant comfort. Infused with magnesium.<\/p>\n<p>Fragrance type: Ambery Gourmand<br \/>\nNotes: vanilla orchid, sandalwood<br \/>\n296 ml\/10 fl oz.<br \/>\nDomestic<\/p>\n<p>INGREDIENTS:<br \/>\nWater (Aqua, Eau), Glycerin, Cetearyl Alcohol, Isopropyl Palmitate, Caprylic\/Capric Triglyceride, Fragrance (Parfum), Glyceryl Stearate SE, Cetyl Esters, Phenoxyethanol, Acrylates\/C10-30 Alkyl Acrylate Crosspolymer, Xanthan Gum, Potassium Sorbate, Chlorphenesin, Butyrospermum Parkii (Shea) Butter, Polysorbate 60, Aminomethyl Propanol, Magnesium PCA, Disodium EDTA, Cocos Nucifera (Coconut) Oil, Ethylhexylglycerin, Sodium Stearoyl Lactylate, Tocopheryl Acetate, Aloe Barbadensis Leaf Juice, Hexamethylindanopyran, Tetramethyl acetyloctahydronaphthalenes, Vanillin, Benzyl Salicylate, Hexyl Cinnamal, Limonene, Citrus Limon Peel Oil, Linalyl acetate, Lavandula Oil\/ Extract, Linalool, Pinene, Coumarin<\/p>\n<\/div>\n<p>Victoria\u2019s Secret Vanilla Orchid Sandalwood \u0443\u0432\u043b\u0430\u0436\u043d\u044f\u044e\u0449\u0438\u0439 \u043b\u043e\u0441\u044c\u043e\u043d \u0434\u043b\u044f \u0442\u0435\u043b\u0430 \u043a\u0440\u0435\u043c (296 \u043c\u043b)<\/p>\n<p>\u0423\u0432\u043b\u0430\u0436\u043d\u0435\u043d\u0438\u0435 \u043d\u0430 24 \u0447\u0430\u0441\u0430. \u041c\u0430\u0441\u043b\u043e \u0448\u0438 \u0438 \u043a\u043e\u043a\u043e\u0441\u043e\u0432\u043e\u0435 \u043c\u0430\u0441\u043b\u043e \u0434\u0435\u043b\u0430\u044e\u0442 \u043a\u043e\u0436\u0443 \u043c\u044f\u0433\u043a\u043e\u0439 \u0438 \u0430\u0440\u043e\u043c\u0430\u0442\u043d\u043e\u0439. \u041e\u0431\u043e\u0433\u0430\u0449\u0451\u043d \u043c\u0430\u0433\u043d\u0438\u0435\u043c.<br \/>\n\u041e\u0434\u043e\u0431\u0440\u0435\u043d \u0434\u0435\u0440\u043c\u0430\u0442\u043e\u043b\u043e\u0433\u0430\u043c\u0438, \u0432\u0435\u0433\u0430\u043d\u0441\u043a\u0438\u0439, \u0431\u0435\u0437 \u0438\u0441\u043f\u044b\u0442\u0430\u043d\u0438\u0439 \u043d\u0430 \u0436\u0438\u0432\u043e\u0442\u043d\u044b\u0445 \u0438 \u0431\u0435\u0437 \u043a\u0440\u0430\u0441\u0438\u0442\u0435\u043b\u0435\u0439.<\/p>\n<p>\u0422\u0438\u043f \u0430\u0440\u043e\u043c\u0430\u0442\u0430: \u042f\u043d\u0442\u0430\u0440\u043d\u043e-\u0433\u0443\u0440\u043c\u0430\u043d\u0441\u043a\u0438\u0439<\/p>\n<p>\u041d\u043e\u0442\u044b: \u0432\u0430\u043d\u0438\u043b\u044c\u043d\u0430\u044f \u043e\u0440\u0445\u0438\u0434\u0435\u044f, \u0441\u0430\u043d\u0434\u0430\u043b<\/p>\n<\/details>\n","protected":false},"featured_media":26000,"template":"","meta":{"jetpack_publicize_message":"","jetpack_publicize_feature_enabled":true,"jetpack_social_post_already_shared":true,"jetpack_social_options":{"image_generator_settings":{"template":"highway","default_image_id":0,"font":"","enabled":false},"version":2}},"product_brand":[],"product_cat":[926,912,341],"product_tag":[],"class_list":{"0":"post-25995","1":"product","2":"type-product","3":"status-publish","4":"has-post-thumbnail","6":"product_cat-victorias-secret-body-lotions","7":"product_cat-nahahooldus","8":"product_cat-victorias-secret","9":"pa_suurus-10-ml-tester","10":"pa_suurus-2-ml-tester","11":"pa_suurus-250-ml-full-size","12":"pa_suurus-30-ml-tester","14":"first","15":"outofstock","16":"sale","17":"shipping-taxable","18":"purchasable","19":"product-type-simple"},"jetpack_publicize_connections":[],"jetpack_sharing_enabled":true,"jetpack_likes_enabled":true,"_links":{"self":[{"href":"https:\/\/superstore.ee\/index.php\/wp-json\/wp\/v2\/product\/25995","targetHints":{"allow":["GET"]}}],"collection":[{"href":"https:\/\/superstore.ee\/index.php\/wp-json\/wp\/v2\/product"}],"about":[{"href":"https:\/\/superstore.ee\/index.php\/wp-json\/wp\/v2\/types\/product"}],"wp:featuredmedia":[{"embeddable":true,"href":"https:\/\/superstore.ee\/index.php\/wp-json\/wp\/v2\/media\/26000"}],"wp:attachment":[{"href":"https:\/\/superstore.ee\/index.php\/wp-json\/wp\/v2\/media?parent=25995"}],"wp:term":[{"taxonomy":"product_brand","embeddable":true,"href":"https:\/\/superstore.ee\/index.php\/wp-json\/wp\/v2\/product_brand?post=25995"},{"taxonomy":"product_cat","embeddable":true,"href":"https:\/\/superstore.ee\/index.php\/wp-json\/wp\/v2\/product_cat?post=25995"},{"taxonomy":"product_tag","embeddable":true,"href":"https:\/\/superstore.ee\/index.php\/wp-json\/wp\/v2\/product_tag?post=25995"}],"curies":[{"name":"wp","href":"https:\/\/api.w.org\/{rel}","templated":true}]}}