{"id":25997,"date":"2025-11-25T20:24:06","date_gmt":"2025-11-25T18:24:06","guid":{"rendered":"https:\/\/superstore.ee\/?post_type=product&#038;p=25997"},"modified":"2026-04-01T13:09:55","modified_gmt":"2026-04-01T10:09:55","slug":"victorias-secret-vanilla-orchid-sandalwood-cream-body-wash","status":"publish","type":"product","link":"https:\/\/superstore.ee\/index.php\/toode\/victorias-secret-vanilla-orchid-sandalwood-cream-body-wash\/","title":{"rendered":"Victoria\u2019s Secret Vanilla Orchid Sandalwood Cream Body Wash"},"content":{"rendered":"","protected":false},"excerpt":{"rendered":"<p>Victoria\u2019s Secret Vanilla Orchid Sandalwood Cream Body Wash (296 ml)<\/p>\n<p>Sile ja l\u00f5hnav puhtus. See rammus kehakreem-du\u0161igeel sisaldab sheav\u00f5id, mis muudab naha pehmeks ja niisutatuks. Dermatoloogiliselt heaks kiidetud, vegan, loomkatsetevaba ja v\u00e4rvaineteta.<\/p>\n<p>Vanilla Orchid Sandalwood Soe vanilli-orhidee ja mulla-alatooniga sandlipuu pakuvad kohest heaolutunnet. Rikastatud magneesiumiga.<\/p>\n<p><strong>Aroomit\u00fc\u00fcp<\/strong>: Merevaigune ja magus<br \/>\n<strong>Noodid<\/strong>: vanilje orhidee, sandlipuu<\/p>\n<p>L\u00f5hn on soe ja lohutav \u2014 sobib neile, kes armastavad pehmet, sametist ja kauap\u00fcsivat vanilli-puidust koosk\u00f5la igap\u00e4evaseks kandmiseks.<\/p>\n<p>Maht: 296 ml<\/p>\n<details>\n<summary>Details<\/summary>\n<div translate=\"no\">\n<p>Victoria\u2019s Secret Vanilla Orchid Sandalwood Cream Body Wash Smooth, scented cleansing. This rich cream wash features shea butter for skin that feels soft and hydrated.Dermatologist approved, vegan, against animal testing, and dye-free.<\/p>\n<p>Vanilla Orchid Sandalwood<\/p>\n<p>Warm vanilla orchid meets earthy sandalwood for instant comfort. Infused with magnesium.<\/p>\n<p>Fragrance type: Ambery Gourmand<\/p>\n<p>Notes: vanilla orchid, sandalwood<\/p>\n<p>296 ml\/10 fl oz.<\/p>\n<p>Domestic<\/p>\n<p>INGREDIENTS:<br \/>\nWater (Aqua, Eau), Sodium Cocoyl Isethionate, Sodium C14-16 Olefin Sulfonate, Butyrospermum Parkii (Shea) Butter, Stearyl Alcohol, Glycerin, Acrylates Copolymer, Fragrance (Parfum), Glycol Distearate, Cocamide MIPA, Cocamidopropyl Betaine, Magnesium PCA, Coconut Acid, Cocos Nucifera (Coconut) Oil, Phenoxyethanol, Aminomethyl Propanol, Potassium Sorbate, Polysorbate 20, Tocopheryl Acetate, Ethylhexylglycerin, Disodium EDTA, Hexamethylindanopyran, Tetramethyl acetyloctahydronaphthalenes, Vanillin, Hexyl Cinnamal, Limonene, Citrus Limon Peel Oil, Benzyl Salicylate, Linalyl acetate, Lavandula Oil\/ Extract, Linalool<\/p>\n<\/div>\n<p>\u0413\u043b\u0430\u0434\u043a\u0430\u044f \u0438 \u0430\u0440\u043e\u043c\u0430\u0442\u043d\u0430\u044f \u043a\u043e\u0436\u0430. \u042d\u0442\u043e\u0442 \u043d\u0430\u0441\u044b\u0449\u0435\u043d\u043d\u044b\u0439 \u043a\u0440\u0435\u043c \u0434\u043b\u044f \u0434\u0443\u0448\u0430 \u0441\u043e\u0434\u0435\u0440\u0436\u0438\u0442 \u043c\u0430\u0441\u043b\u043e \u0448\u0438, \u043a\u043e\u0442\u043e\u0440\u043e\u0435 \u0434\u0435\u043b\u0430\u0435\u0442 \u043a\u043e\u0436\u0443 \u043c\u044f\u0433\u043a\u043e\u0439 \u0438 \u0443\u0432\u043b\u0430\u0436\u043d\u0435\u043d\u043d\u043e\u0439. \u041e\u0434\u043e\u0431\u0440\u0435\u043d\u043e \u0434\u0435\u0440\u043c\u0430\u0442\u043e\u043b\u043e\u0433\u0430\u043c\u0438, \u0432\u0435\u0433\u0430\u043d\u0441\u043a\u0438\u0439 \u043f\u0440\u043e\u0434\u0443\u043a\u0442, \u043d\u0435 \u0442\u0435\u0441\u0442\u0438\u0440\u0443\u0435\u0442\u0441\u044f \u043d\u0430 \u0436\u0438\u0432\u043e\u0442\u043d\u044b\u0445, \u0431\u0435\u0437 \u043a\u0440\u0430\u0441\u0438\u0442\u0435\u043b\u0435\u0439.<\/p>\n<p>Vanilla Orchid Sandalwood \u0422\u0435\u043f\u043b\u0430\u044f \u0432\u0430\u043d\u0438\u043b\u044c\u043d\u0430\u044f \u043e\u0440\u0445\u0438\u0434\u0435\u044f \u0432 \u0441\u043e\u0447\u0435\u0442\u0430\u043d\u0438\u0438 \u0441 \u0434\u0440\u0435\u0432\u0435\u0441\u043d\u044b\u043c \u0441\u0430\u043d\u0434\u0430\u043b\u043e\u043c \u0434\u0430\u0440\u0438\u0442 \u043c\u0433\u043d\u043e\u0432\u0435\u043d\u043d\u043e\u0435 \u043e\u0449\u0443\u0449\u0435\u043d\u0438\u0435 \u043a\u043e\u043c\u0444\u043e\u0440\u0442\u0430. \u0412 \u0441\u043e\u0441\u0442\u0430\u0432 \u0432\u0445\u043e\u0434\u0438\u0442 \u043c\u0430\u0433\u043d\u0438\u0439.<\/p>\n<p>\u0422\u0438\u043f \u0430\u0440\u043e\u043c\u0430\u0442\u0430: \u0410\u043c\u0431\u0440\u043e\u0432\u044b\u0439 \u0433\u0443\u0440\u043c\u0430\u043d\u0441\u043a\u0438\u0439<\/p>\n<p>\u041d\u043e\u0442\u044b: \u0432\u0430\u043d\u0438\u043b\u044c\u043d\u0430\u044f \u043e\u0440\u0445\u0438\u0434\u0435\u044f, \u0441\u0430\u043d\u0434\u0430\u043b<\/p>\n<p>\u041e\u0431\u044a\u0435\u043c: 296 \u043c\u043b<\/p>\n<\/details>\n","protected":false},"featured_media":26658,"template":"","meta":{"jetpack_publicize_message":"","jetpack_publicize_feature_enabled":true,"jetpack_social_post_already_shared":true,"jetpack_social_options":{"image_generator_settings":{"template":"highway","default_image_id":0,"font":"","enabled":false},"version":2}},"product_brand":[],"product_cat":[930,341],"product_tag":[],"class_list":{"0":"post-25997","1":"product","2":"type-product","3":"status-publish","4":"has-post-thumbnail","6":"product_cat-victorias-secret-body-washes","7":"product_cat-victorias-secret","8":"pa_suurus-10-ml-tester","9":"pa_suurus-2-ml-tester","10":"pa_suurus-250-ml-full-size","11":"pa_suurus-30-ml-tester","13":"first","14":"outofstock","15":"sale","16":"shipping-taxable","17":"purchasable","18":"product-type-simple"},"jetpack_publicize_connections":[],"jetpack_sharing_enabled":true,"jetpack_likes_enabled":true,"_links":{"self":[{"href":"https:\/\/superstore.ee\/index.php\/wp-json\/wp\/v2\/product\/25997","targetHints":{"allow":["GET"]}}],"collection":[{"href":"https:\/\/superstore.ee\/index.php\/wp-json\/wp\/v2\/product"}],"about":[{"href":"https:\/\/superstore.ee\/index.php\/wp-json\/wp\/v2\/types\/product"}],"wp:featuredmedia":[{"embeddable":true,"href":"https:\/\/superstore.ee\/index.php\/wp-json\/wp\/v2\/media\/26658"}],"wp:attachment":[{"href":"https:\/\/superstore.ee\/index.php\/wp-json\/wp\/v2\/media?parent=25997"}],"wp:term":[{"taxonomy":"product_brand","embeddable":true,"href":"https:\/\/superstore.ee\/index.php\/wp-json\/wp\/v2\/product_brand?post=25997"},{"taxonomy":"product_cat","embeddable":true,"href":"https:\/\/superstore.ee\/index.php\/wp-json\/wp\/v2\/product_cat?post=25997"},{"taxonomy":"product_tag","embeddable":true,"href":"https:\/\/superstore.ee\/index.php\/wp-json\/wp\/v2\/product_tag?post=25997"}],"curies":[{"name":"wp","href":"https:\/\/api.w.org\/{rel}","templated":true}]}}