{"id":26022,"date":"2025-11-17T19:40:36","date_gmt":"2025-11-17T17:40:36","guid":{"rendered":"https:\/\/superstore.ee\/?post_type=product&#038;p=26022"},"modified":"2026-02-05T14:29:38","modified_gmt":"2026-02-05T12:29:38","slug":"victorias-secret-cashmere-fleur-fragrance-lotion","status":"publish","type":"product","link":"https:\/\/superstore.ee\/index.php\/toode\/victorias-secret-cashmere-fleur-fragrance-lotion\/","title":{"rendered":"Victoria\u2019s Secret Cashmere Fleur Fragrance Lotion"},"content":{"rendered":"","protected":false},"excerpt":{"rendered":"<p>Victoria\u2019s Secret Cashmere Fleur parfumeeritud kehalosjoon(236 ml).<\/p>\n<p>Niisutavad nahka 24h ning j\u00e4tab selle terveks p\u00e4evaks magusalt l\u00f5hnama.<\/p>\n<p><strong>Aroomit\u00fc\u00fcp<\/strong>: Lilleline  ja magus<\/p>\n<ul>\n<li>Tipunoodid: v\u00e4rske pirn, suhkrustatud roos<\/li>\n<li>S\u00fcdamenoodid: Kreemjas jasmiin, vanilline ka\u0161miir<\/li>\n<li>Baasnoodid: Pehme muskus, Dreamwood-akord<\/li>\n<\/ul>\n<p>Luksuslik ja kutsuv aroom: pehme, magus ja \u00f5rnalt lilleline \u2013 nagu k\u00f5ige magusam \u00f5is.<\/p>\n<details>\n<summary>Details<\/summary>\n<div translate=\"no\">\nLuxurious &#038; inviting.<\/p>\n<p>The sweetest blossom.<\/p>\n<p>Fragrance type: Floral Gourmand<\/p>\n<p>Notes<\/p>\n<p>Top: Dewy Pear, Sugared Rose<\/p>\n<p>Heart: Creamy Jasmine, Vanilla Cashmere<\/p>\n<p>Base: Fluffy Musk, Dreamwood Accord<\/p>\n<p>236 ml\/8 oz.<br \/>\nDomestic<\/p>\n<p>INGREDIENTS:<br \/>\nWater (Aqua, Eau), Mineral Oil (Paraffinum Liquidum, Huile min\u00e9rale), Glycerin, Fragrance (Parfum), Cetyl Alcohol, Glyceryl Stearate, PEG-100 Stearate, Palmitic Acid, Stearic Acid, Phenoxyethanol, Dimethicone, Acrylates\/C10-30 Alkyl Acrylate Crosspolymer, Tetramethyl acetyloctahydronaphthalenes, Potassium Sorbate, Chlorphenesin, Xanthan Gum, Sodium Hydroxide, Ethylhexylglycerin, Vanillin, Benzyl Salicylate, Disodium EDTA, Hydroxycitronellal, Geranyl acetate, Linalyl acetate, Coumarin, Citronellol, Trimethylcyclopentenyl Methylisopentenol, Santalol, Rose Ketones, Tocopheryl Acetate, Aloe Barbadensis Leaf Juice<\/p>\n<\/div>\n<p>Victoria\u2019s Secret Cashmere Fleur \u043b\u043e\u0441\u044c\u043e\u043d \u0434\u043b\u044f \u0442\u0435\u043b\u0430 \u043a\u0440\u0435\u043c (236 \u043c\u043b)<\/p>\n<p>\u0422\u0438\u043f \u0430\u0440\u043e\u043c\u0430\u0442\u0430: \u0426\u0432\u0435\u0442\u043e\u0447\u043d\u044b\u0439 \/ \u0433\u0443\u0440\u043c\u0430\u043d\u0441\u043a\u0438\u0439<\/p>\n<p>\u0412\u0435\u0440\u0445\u043d\u0438\u0435 \u043d\u043e\u0442\u044b: \u0421\u0432\u0435\u0436\u0430\u044f \u0433\u0440\u0443\u0448\u0430 \u0441 \u0440\u043e\u0441\u043e\u0439, \u0441\u0430\u0445\u0430\u0440\u043d\u0430\u044f \u0440\u043e\u0437\u0430<br \/>\n\u041d\u043e\u0442\u044b \u0441\u0435\u0440\u0434\u0446\u0430: \u041a\u0440\u0435\u043c\u043e\u0432\u044b\u0439 \u0436\u0430\u0441\u043c\u0438\u043d, \u0432\u0430\u043d\u0438\u043b\u044c\u043d\u044b\u0439 \u043a\u0430\u0448\u0435\u043c\u0438\u0440<br \/>\n\u0411\u0430\u0437\u043e\u0432\u044b\u0435 \u043d\u043e\u0442\u044b: \u041f\u0443\u0448\u0438\u0441\u0442\u044b\u0439 \u043c\u0443\u0441\u043a\u0443\u0441, \u0430\u043a\u043a\u043e\u0440\u0434 Dreamwood<\/p>\n<p>\u0420\u043e\u0441\u043a\u043e\u0448\u043d\u044b\u0439 \u0438 \u043f\u0440\u0438\u0442\u044f\u0433\u0430\u0442\u0435\u043b\u044c\u043d\u044b\u0439 \u0430\u0440\u043e\u043c\u0430\u0442: \u043c\u044f\u0433\u043a\u0438\u0439, \u0441\u043b\u0430\u0434\u043a\u0438\u0439 \u0438 \u043d\u0435\u0436\u043d\u043e-\u0446\u0432\u0435\u0442\u043e\u0447\u043d\u044b\u0439 \u2014 \u043a\u0430\u043a \u0441\u0430\u043c\u044b\u0439 \u0441\u043b\u0430\u0434\u043a\u0438\u0439 \u0446\u0432\u0435\u0442\u043e\u043a.<br \/>\n<\/details>\n","protected":false},"featured_media":25633,"template":"","meta":{"jetpack_publicize_message":"","jetpack_publicize_feature_enabled":true,"jetpack_social_post_already_shared":true,"jetpack_social_options":{"image_generator_settings":{"template":"highway","default_image_id":0,"font":"","enabled":false},"version":2}},"product_brand":[],"product_cat":[926,912,341],"product_tag":[],"class_list":{"0":"post-26022","1":"product","2":"type-product","3":"status-publish","4":"has-post-thumbnail","6":"product_cat-victorias-secret-body-lotions","7":"product_cat-nahahooldus","8":"product_cat-victorias-secret","9":"pa_suurus-10-ml-tester","10":"pa_suurus-2-ml-tester","11":"pa_suurus-250-ml-full-size","12":"pa_suurus-30-ml-tester","14":"first","15":"instock","16":"sale","17":"shipping-taxable","18":"purchasable","19":"product-type-simple"},"jetpack_publicize_connections":[],"jetpack_sharing_enabled":true,"jetpack_likes_enabled":true,"_links":{"self":[{"href":"https:\/\/superstore.ee\/index.php\/wp-json\/wp\/v2\/product\/26022","targetHints":{"allow":["GET"]}}],"collection":[{"href":"https:\/\/superstore.ee\/index.php\/wp-json\/wp\/v2\/product"}],"about":[{"href":"https:\/\/superstore.ee\/index.php\/wp-json\/wp\/v2\/types\/product"}],"wp:featuredmedia":[{"embeddable":true,"href":"https:\/\/superstore.ee\/index.php\/wp-json\/wp\/v2\/media\/25633"}],"wp:attachment":[{"href":"https:\/\/superstore.ee\/index.php\/wp-json\/wp\/v2\/media?parent=26022"}],"wp:term":[{"taxonomy":"product_brand","embeddable":true,"href":"https:\/\/superstore.ee\/index.php\/wp-json\/wp\/v2\/product_brand?post=26022"},{"taxonomy":"product_cat","embeddable":true,"href":"https:\/\/superstore.ee\/index.php\/wp-json\/wp\/v2\/product_cat?post=26022"},{"taxonomy":"product_tag","embeddable":true,"href":"https:\/\/superstore.ee\/index.php\/wp-json\/wp\/v2\/product_tag?post=26022"}],"curies":[{"name":"wp","href":"https:\/\/api.w.org\/{rel}","templated":true}]}}