{"id":26166,"date":"2025-12-08T19:10:40","date_gmt":"2025-12-08T17:10:40","guid":{"rendered":"https:\/\/superstore.ee\/?post_type=product&#038;p=26166"},"modified":"2026-02-02T19:12:34","modified_gmt":"2026-02-02T17:12:34","slug":"christmas-gift-wrap","status":"publish","type":"product","link":"https:\/\/superstore.ee\/index.php\/toode\/christmas-gift-wrap\/","title":{"rendered":"Christmas Gift Wrap"},"content":{"rendered":"","protected":false},"excerpt":{"rendered":"<p>Kas soovite oma kingitust veelgi erilisemaks muuta? Pakume stiilset j\u00f5ulupakendit, mis annab teie kingitusele t\u00f5elise piduliku v\u00f5lu! Valige tooted, mida soovite kinkida, ja meie hoolitseme kauni j\u00f5ulupakendi eest.<\/p>\n<p>Meie pakendid on kaunistatud erksa punase lindiga ning lisame juurde j\u00f5ulukaardi ja v\u00e4ikese kingituse j\u00f5ulukotis, et luua ehtne p\u00fchademeeleolu. Pakendi suurused on erinevad \u2013 alates v\u00e4ikestest komplektidest (nt huuletooted) kuni suuremate toodeteni, nagu Victoria\u2019s Secreti kehapiimad, kreemid ja kehaspreid.<\/p>\n<p>Valige lihtsalt oma kingitused ning kirjutage tellimuse kommentaaridesse, millised tooted soovite pakendada ja millised saata eraldi.<\/p>\n","protected":false},"featured_media":26189,"template":"","meta":{"jetpack_publicize_message":"","jetpack_publicize_feature_enabled":true,"jetpack_social_post_already_shared":true,"jetpack_social_options":{"image_generator_settings":{"template":"highway","default_image_id":0,"font":"","enabled":false},"version":2}},"product_brand":[],"product_cat":[340,830,971,342,341],"product_tag":[],"class_list":{"0":"post-26166","1":"product","2":"type-product","3":"status-publish","4":"has-post-thumbnail","6":"product_cat-kiko-milano","7":"product_cat-kingitused","8":"product_cat-sets","9":"product_cat-komplektid-victorias-secret","10":"product_cat-victorias-secret","12":"first","13":"outofstock","14":"shipping-taxable","15":"purchasable","16":"product-type-simple"},"jetpack_publicize_connections":[],"jetpack_sharing_enabled":true,"jetpack_likes_enabled":true,"_links":{"self":[{"href":"https:\/\/superstore.ee\/index.php\/wp-json\/wp\/v2\/product\/26166","targetHints":{"allow":["GET"]}}],"collection":[{"href":"https:\/\/superstore.ee\/index.php\/wp-json\/wp\/v2\/product"}],"about":[{"href":"https:\/\/superstore.ee\/index.php\/wp-json\/wp\/v2\/types\/product"}],"wp:featuredmedia":[{"embeddable":true,"href":"https:\/\/superstore.ee\/index.php\/wp-json\/wp\/v2\/media\/26189"}],"wp:attachment":[{"href":"https:\/\/superstore.ee\/index.php\/wp-json\/wp\/v2\/media?parent=26166"}],"wp:term":[{"taxonomy":"product_brand","embeddable":true,"href":"https:\/\/superstore.ee\/index.php\/wp-json\/wp\/v2\/product_brand?post=26166"},{"taxonomy":"product_cat","embeddable":true,"href":"https:\/\/superstore.ee\/index.php\/wp-json\/wp\/v2\/product_cat?post=26166"},{"taxonomy":"product_tag","embeddable":true,"href":"https:\/\/superstore.ee\/index.php\/wp-json\/wp\/v2\/product_tag?post=26166"}],"curies":[{"name":"wp","href":"https:\/\/api.w.org\/{rel}","templated":true}]}}