{"id":26688,"date":"2026-01-22T14:13:31","date_gmt":"2026-01-22T12:13:31","guid":{"rendered":"https:\/\/superstore.ee\/?post_type=product&#038;p=26688"},"modified":"2026-02-09T01:48:49","modified_gmt":"2026-02-08T23:48:49","slug":"victorias-secret-pure-seduction-brulee-fragrance-lotion","status":"publish","type":"product","link":"https:\/\/superstore.ee\/index.php\/toode\/victorias-secret-pure-seduction-brulee-fragrance-lotion\/","title":{"rendered":"Victoria\u2019s Secret Pure Seduction Brulee Fragrance Lotion"},"content":{"rendered":"","protected":false},"excerpt":{"rendered":"<p>Victoria\u2019s Secret Pure Seduction Brulee l\u00f5hnastatud kehakreem<\/p>\n<p>Suhkrune ja puuviljane. Vastupandamatult magus: luksuslik ja ahvatlev versioon klassikalisest Pure Seduction l\u00f5hnast. See Kehakreem niisutab nahka, j\u00e4ttes selle pehmeks ja meeldivalt l\u00f5hnavaks.<\/p>\n<p>L\u00f5hnat\u00fc\u00fcp: Puuviljane ja magus<\/p>\n<p>Tipunoodid: marjakonfit\u00fc\u00fcr (mulled berries)<br \/>\nS\u00fcdamenoodid: suhkrustatud freesia<br \/>\nP\u00f5hjanoodid: karamelliseeritud muskus<\/p>\n<p>Maht: 236 ml<\/p>\n<details>\n<summary>Details<\/summary>\n<div translate=\"no\">Victoria\u2019s Secret Pure Seduction Brulee Fragrance LotionSugared &amp; fruity.<br \/>\nIrresistibly sweet: A decadent, indulgent twist on Pure Seduction.Fragrance type: Fruity Gourmand<br \/>\nTop: Mulled Berries<br \/>\nHeart: Sugared Freesia<br \/>\nBase: Candied Musk<\/p>\n<p>236 ml\/8 oz.<br \/>\nDomestic<\/p>\n<p>INGREDIENTS:<br \/>\nLinalyl acetate, Hydroxycitronellal, Pinene, Tocopheryl Acetate, Aloe Barbadensis Leaf Juice, Water (Aqua, Eau), Mineral Oil (Paraffinum Liquidum, Huile min\u00e9rale), Glycerin, Fragrance (Parfum), Cetyl Alcohol, Glyceryl Stearate, PEG-100 Stearate, Palmitic Acid, Stearic Acid, Phenoxyethanol, Dimethicone, Acrylates\/C10-30 Alkyl Acrylate Crosspolymer, Potassium Sorbate, Xanthan Gum, Chlorphenesin, Sodium Hydroxide, Ethylhexylglycerin, Disodium EDTA, Linalool, Limonene, Citrus Aurantium Bergamia Peel Oil<\/p>\n<\/div>\n<p>Victoria\u2019s Secret Pure Seduction Brulee \u041f\u0430\u0440\u0444\u044e\u043c\u0438\u0440\u043e\u0432\u0430\u043d\u043d\u044b\u0439 \u043a\u0440\u0435\u043c<\/p>\n<p>\u0421\u0430\u0445\u0430\u0440\u043d\u044b\u0439 \u0438 \u0444\u0440\u0443\u043a\u0442\u043e\u0432\u044b\u0439. \u041d\u0435\u043e\u0442\u0440\u0430\u0437\u0438\u043c\u043e \u0441\u043b\u0430\u0434\u043a\u0438\u0439: \u0438\u0437\u044b\u0441\u043a\u0430\u043d\u043d\u0430\u044f \u0438 \u043c\u0430\u043d\u044f\u0449\u0430\u044f \u0438\u043d\u0442\u0435\u0440\u043f\u0440\u0435\u0442\u0430\u0446\u0438\u044f \u0430\u0440\u043e\u043c\u0430\u0442\u0430 Pure Seduction. \u042d\u0442\u043e\u0442 \u043f\u0430\u0440\u0444\u044e\u043c\u0438\u0440\u043e\u0432\u0430\u043d\u043d\u044b\u0439 \u043a\u0440\u0435\u043c \u0434\u0430\u0440\u0438\u0442 \u043a\u043e\u0436\u0435 \u0443\u0432\u043b\u0430\u0436\u043d\u0435\u043d\u0438\u0435, \u0434\u0435\u043b\u0430\u0435\u0442 \u0435\u0451 \u043c\u044f\u0433\u043a\u043e\u0439 \u0438 \u043e\u0441\u0442\u0430\u0432\u043b\u044f\u0435\u0442 \u0441\u0442\u043e\u0439\u043a\u0438\u0439 \u0448\u043b\u0435\u0439\u0444.<\/p>\n<p>\u0422\u0438\u043f \u0430\u0440\u043e\u043c\u0430\u0442\u0430: \u0424\u0440\u0443\u043a\u0442\u043e\u0432\u044b\u0439 \u0433\u0443\u0440\u043c\u0430\u043d\u0441\u043a\u0438\u0439<br \/>\n\u0412\u0435\u0440\u0445\u043d\u0438\u0435 \u043d\u043e\u0442\u044b: \u043f\u0440\u044f\u043d\u044b\u0435 \u044f\u0433\u043e\u0434\u044b<br \/>\n\u041d\u043e\u0442\u044b \u0441\u0435\u0440\u0434\u0446\u0430: \u0437\u0430\u0441\u0430\u0445\u0430\u0440\u0435\u043d\u043d\u0430\u044f \u0444\u0440\u0435\u0437\u0438\u044f<br \/>\n\u0411\u0430\u0437\u043e\u0432\u044b\u0435 \u043d\u043e\u0442\u044b: \u043a\u0430\u0440\u0430\u043c\u0435\u043b\u044c\u043d\u044b\u0439 \u043c\u0443\u0441\u043a\u0443\u0441<\/p>\n<p>\u041e\u0431\u044a\u0435\u043c: 236 \u043c\u043b<\/p>\n<\/details>\n","protected":false},"featured_media":26706,"template":"","meta":{"jetpack_publicize_message":"","jetpack_publicize_feature_enabled":true,"jetpack_social_post_already_shared":true,"jetpack_social_options":{"image_generator_settings":{"template":"highway","default_image_id":0,"font":"","enabled":false},"version":2}},"product_brand":[],"product_cat":[926,912,341],"product_tag":[],"class_list":{"0":"post-26688","1":"product","2":"type-product","3":"status-publish","4":"has-post-thumbnail","6":"product_cat-victorias-secret-body-lotions","7":"product_cat-nahahooldus","8":"product_cat-victorias-secret","9":"pa_suurus-10-ml-tester","10":"pa_suurus-2-ml-tester","11":"pa_suurus-250-ml-full-size","12":"pa_suurus-30-ml-tester","14":"first","15":"instock","16":"sale","17":"shipping-taxable","18":"purchasable","19":"product-type-simple"},"jetpack_publicize_connections":[],"jetpack_sharing_enabled":true,"jetpack_likes_enabled":true,"_links":{"self":[{"href":"https:\/\/superstore.ee\/index.php\/wp-json\/wp\/v2\/product\/26688","targetHints":{"allow":["GET"]}}],"collection":[{"href":"https:\/\/superstore.ee\/index.php\/wp-json\/wp\/v2\/product"}],"about":[{"href":"https:\/\/superstore.ee\/index.php\/wp-json\/wp\/v2\/types\/product"}],"wp:featuredmedia":[{"embeddable":true,"href":"https:\/\/superstore.ee\/index.php\/wp-json\/wp\/v2\/media\/26706"}],"wp:attachment":[{"href":"https:\/\/superstore.ee\/index.php\/wp-json\/wp\/v2\/media?parent=26688"}],"wp:term":[{"taxonomy":"product_brand","embeddable":true,"href":"https:\/\/superstore.ee\/index.php\/wp-json\/wp\/v2\/product_brand?post=26688"},{"taxonomy":"product_cat","embeddable":true,"href":"https:\/\/superstore.ee\/index.php\/wp-json\/wp\/v2\/product_cat?post=26688"},{"taxonomy":"product_tag","embeddable":true,"href":"https:\/\/superstore.ee\/index.php\/wp-json\/wp\/v2\/product_tag?post=26688"}],"curies":[{"name":"wp","href":"https:\/\/api.w.org\/{rel}","templated":true}]}}