{"id":26721,"date":"2026-01-23T10:40:57","date_gmt":"2026-01-23T08:40:57","guid":{"rendered":"https:\/\/superstore.ee\/?post_type=product&#038;p=26721"},"modified":"2026-02-11T19:30:19","modified_gmt":"2026-02-11T17:30:19","slug":"victorias-secret-bare-vanilla-brulee-fragrance-lotion","status":"publish","type":"product","link":"https:\/\/superstore.ee\/index.php\/toode\/victorias-secret-bare-vanilla-brulee-fragrance-lotion\/","title":{"rendered":"Victoria\u2019s Secret Bare Vanilla Brulee Fragrance Lotion"},"content":{"rendered":"","protected":false},"excerpt":{"rendered":"<p>Victoria\u2019s Secret Bare Vanilla Brulee l\u00f5hnastatud kehakreem<\/p>\n<p>Kreemjas ja r\u00f6stitud. Rikkalik soojus: luksuslik ja ahvatlev versioon klassikalisest Bare Vanilla l\u00f5hnast. See kehakreem niisutab nahka s\u00fcgavalt, muutes selle pehmeks ja lummavalt l\u00f5hnavaks.<\/p>\n<p>L\u00f5hnat\u00fc\u00fcp: magus<\/p>\n<p>Tipunoodid: kreemjas vanill<\/p>\n<p>S\u00fcdamenoodid: r\u00f6stitud vahukomm (marshmallow)<\/p>\n<p>P\u00f5hjanoodid: vahustatud ka\u0161miir<\/p>\n<p>Maht: 236 ml<\/p>\n<details>\n<summary>Details<\/summary>\n<div translate=\"no\">Victoria\u2019s Secret Bare Vanilla Brulee Fragrance LotionCreamy &amp; toasted.<br \/>\nRich warmth: A decadent, indulgent twist on Bare Vanilla.Fragrance type: Gourmand<br \/>\nTop: Creamy Vanilla<br \/>\nHeart: Toasted Marshmallow<br \/>\nBase: Whipped Cashmere<\/p>\n<p>236 ml\/8 oz.<br \/>\nDomestic<\/p>\n<p>INGREDIENTS:<br \/>\nWater (Aqua, Eau), Mineral Oil (Paraffinum Liquidum, Huile min\u00e9rale), Glycerin, Cetyl Alcohol, Fragrance (Parfum), Glyceryl Stearate, PEG-100 Stearate, Palmitic Acid, Stearic Acid, Phenoxyethanol, Dimethicone, Acrylates\/C10-30 Alkyl Acrylate Crosspolymer, Potassium Sorbate, Xanthan Gum, Chlorphenesin, Hexamethylindanopyran, Sodium Hydroxide, Ethylhexylglycerin, Vanillin, Disodium EDTA, Tetramethyl acetyloctahydronaphthalenes, Linalool, Tocopheryl Acetate, Aloe Barbadensis Leaf Juice<\/p>\n<\/div>\n<p>Victoria\u2019s Secret Bare Vanilla Brulee \u041f\u0430\u0440\u0444\u044e\u043c\u0438\u0440\u043e\u0432\u0430\u043d\u043d\u044b\u0439 \u043a\u0440\u0435\u043c<br \/>\n\u0421\u043b\u0438\u0432\u043e\u0447\u043d\u044b\u0439 \u0438 \u043f\u043e\u0434\u0436\u0430\u0440\u0435\u043d\u043d\u044b\u0439. \u041d\u0430\u0441\u044b\u0449\u0435\u043d\u043d\u043e\u0435 \u0442\u0435\u043f\u043b\u043e: \u0438\u0437\u044b\u0441\u043a\u0430\u043d\u043d\u0430\u044f \u0438 \u043c\u0430\u043d\u044f\u0449\u0430\u044f \u0438\u043d\u0442\u0435\u0440\u043f\u0440\u0435\u0442\u0430\u0446\u0438\u044f \u0430\u0440\u043e\u043c\u0430\u0442\u0430 Bare Vanilla. \u042d\u0442\u043e\u0442 \u043f\u0430\u0440\u0444\u044e\u043c\u0438\u0440\u043e\u0432\u0430\u043d\u043d\u044b\u0439 \u043a\u0440\u0435\u043c \u0434\u0430\u0440\u0438\u0442 \u043a\u043e\u0436\u0435 \u0433\u043b\u0443\u0431\u043e\u043a\u043e\u0435 \u0443\u0432\u043b\u0430\u0436\u043d\u0435\u043d\u0438\u0435, \u043c\u044f\u0433\u043a\u043e\u0441\u0442\u044c \u0438 \u043e\u043a\u0443\u0442\u044b\u0432\u0430\u0435\u0442 \u0435\u0435 \u0440\u043e\u0441\u043a\u043e\u0448\u043d\u044b\u043c \u0448\u043b\u0435\u0439\u0444\u043e\u043c.<\/p>\n<p>\u0422\u0438\u043f \u0430\u0440\u043e\u043c\u0430\u0442\u0430: \u0413\u0443\u0440\u043c\u0430\u043d\u0441\u043a\u0438\u0439<\/p>\n<p>\u0412\u0435\u0440\u0445\u043d\u0438\u0435 \u043d\u043e\u0442\u044b: \u0441\u043b\u0438\u0432\u043e\u0447\u043d\u0430\u044f \u0432\u0430\u043d\u0438\u043b\u044c<br \/>\n\u041d\u043e\u0442\u044b \u0441\u0435\u0440\u0434\u0446\u0430: \u0436\u0430\u0440\u0435\u043d\u044b\u0439 \u043c\u0430\u0440\u0448\u043c\u044d\u043b\u043b\u043e\u0443<br \/>\n\u0411\u0430\u0437\u043e\u0432\u044b\u0435 \u043d\u043e\u0442\u044b: \u0432\u0437\u0431\u0438\u0442\u044b\u0439 \u043a\u0430\u0448\u0435\u043c\u0438\u0440<\/p>\n<p>\u041e\u0431\u044a\u0435\u043c: 236<\/p>\n<\/details>\n","protected":false},"featured_media":26718,"template":"","meta":{"jetpack_publicize_message":"","jetpack_publicize_feature_enabled":true,"jetpack_social_post_already_shared":true,"jetpack_social_options":{"image_generator_settings":{"template":"highway","default_image_id":0,"font":"","enabled":false},"version":2}},"product_brand":[],"product_cat":[926,912,341],"product_tag":[],"class_list":{"0":"post-26721","1":"product","2":"type-product","3":"status-publish","4":"has-post-thumbnail","6":"product_cat-victorias-secret-body-lotions","7":"product_cat-nahahooldus","8":"product_cat-victorias-secret","9":"pa_suurus-10-ml-tester","10":"pa_suurus-2-ml-tester","11":"pa_suurus-250-ml-full-size","12":"pa_suurus-30-ml-tester","14":"first","15":"outofstock","16":"sale","17":"shipping-taxable","18":"purchasable","19":"product-type-simple"},"jetpack_publicize_connections":[],"jetpack_sharing_enabled":true,"jetpack_likes_enabled":true,"_links":{"self":[{"href":"https:\/\/superstore.ee\/index.php\/wp-json\/wp\/v2\/product\/26721","targetHints":{"allow":["GET"]}}],"collection":[{"href":"https:\/\/superstore.ee\/index.php\/wp-json\/wp\/v2\/product"}],"about":[{"href":"https:\/\/superstore.ee\/index.php\/wp-json\/wp\/v2\/types\/product"}],"wp:featuredmedia":[{"embeddable":true,"href":"https:\/\/superstore.ee\/index.php\/wp-json\/wp\/v2\/media\/26718"}],"wp:attachment":[{"href":"https:\/\/superstore.ee\/index.php\/wp-json\/wp\/v2\/media?parent=26721"}],"wp:term":[{"taxonomy":"product_brand","embeddable":true,"href":"https:\/\/superstore.ee\/index.php\/wp-json\/wp\/v2\/product_brand?post=26721"},{"taxonomy":"product_cat","embeddable":true,"href":"https:\/\/superstore.ee\/index.php\/wp-json\/wp\/v2\/product_cat?post=26721"},{"taxonomy":"product_tag","embeddable":true,"href":"https:\/\/superstore.ee\/index.php\/wp-json\/wp\/v2\/product_tag?post=26721"}],"curies":[{"name":"wp","href":"https:\/\/api.w.org\/{rel}","templated":true}]}}