{"id":26734,"date":"2026-01-23T10:57:33","date_gmt":"2026-01-23T08:57:33","guid":{"rendered":"https:\/\/superstore.ee\/?post_type=product&#038;p=26734"},"modified":"2026-02-11T19:30:19","modified_gmt":"2026-02-11T17:30:19","slug":"victorias-secret-love-spell-brulee-fragrance-lotion","status":"publish","type":"product","link":"https:\/\/superstore.ee\/index.php\/toode\/victorias-secret-love-spell-brulee-fragrance-lotion\/","title":{"rendered":"Victoria\u2019s Secret Love Spell Brulee Fragrance Lotion"},"content":{"rendered":"","protected":false},"excerpt":{"rendered":"<p>Victoria\u2019s Secret Love Spell Brulee l\u00f5hnastatud kehakreem<\/p>\n<p>Pehme ja meeline. Rahulik magusus: luksuslik ja ahvatlev versioon klassikalisest Love Spell l\u00f5hnast. See kehakreem niisutab nahka s\u00fcgavalt, muutes selle pehmeks ja meeldivalt l\u00f5hnavaks.<\/p>\n<p>L\u00f5hnat\u00fc\u00fcp: Puuviljane ja magus<\/p>\n<p>Tipunoodid: mee\u00f5is<br \/>\nS\u00fcdamenoodid: soe virsik<br \/>\nP\u00f5hjanoodid: suhkrustatud sandlipuu<\/p>\n<p>Maht: 236 ml<\/p>\n<details>\n<summary>Details<\/summary>\n<div translate=\"no\">\n<p>Victoria\u2019s Secret Love Spell Brulee Fragrance LotionSoft &amp; honeyed.<\/p>\n<p>Serene sweetness: A decadent, indulgent twist on Love Spell.<\/p>\n<p>Fragrance type: Fruity Gourmand<br \/>\nTop: Honey Blossom<br \/>\nHeart: Warm Peach<br \/>\nBase: Sugared Sandalwood<\/p>\n<p>236 ml\/8 oz.<br \/>\nDomestic<\/p>\n<p>INGREDIENTS:<br \/>\nWater (Aqua, Eau), Mineral Oil (Paraffinum Liquidum, Huile min\u00e9rale), Glycerin, Cetyl Alcohol, Fragrance (Parfum), Glyceryl Stearate, PEG-100 Stearate, Palmitic Acid, Stearic Acid, Phenoxyethanol, Dimethicone, Acrylates\/C10-30 Alkyl Acrylate Crosspolymer, Xanthan Gum, Chlorphenesin, Potassium Sorbate, Sodium Hydroxide, Ethylhexylglycerin, Disodium EDTA, Tocopheryl Acetate, Aloe Barbadensis Leaf Juice<\/p>\n<\/div>\n<p>Victoria\u2019s Secret Love Spell Brulee \u043f\u0430\u0440\u0444\u044e\u043c\u0438\u0440\u043e\u0432\u0430\u043d\u043d\u044b\u0439 \u043a\u0440\u0435\u043c<\/p>\n<p>\u041c\u044f\u0433\u043a\u0438\u0439 \u0438 \u043c\u0435\u0434\u043e\u0432\u044b\u0439. \u0421\u043f\u043e\u043a\u043e\u0439\u043d\u0430\u044f \u0441\u043b\u0430\u0434\u043e\u0441\u0442\u044c: \u0438\u0437\u044b\u0441\u043a\u0430\u043d\u043d\u0430\u044f \u0438 \u043c\u0430\u043d\u044f\u0449\u0430\u044f \u0438\u043d\u0442\u0435\u0440\u043f\u0440\u0435\u0442\u0430\u0446\u0438\u044f \u0430\u0440\u043e\u043c\u0430\u0442\u0430 Love Spell. \u042d\u0442\u043e\u0442 \u043f\u0430\u0440\u0444\u044e\u043c\u0438\u0440\u043e\u0432\u0430\u043d\u043d\u044b\u0439 \u043a\u0440\u0435\u043c \u0434\u0430\u0440\u0438\u0442 \u043a\u043e\u0436\u0435 \u0433\u043b\u0443\u0431\u043e\u043a\u043e\u0435 \u0443\u0432\u043b\u0430\u0436\u043d\u0435\u043d\u0438\u0435, \u0434\u0435\u043b\u0430\u044f \u0435\u0451 \u0448\u0435\u043b\u043a\u043e\u0432\u0438\u0441\u0442\u043e\u0439 \u0438 \u043e\u0441\u0442\u0430\u0432\u043b\u044f\u044f \u0440\u043e\u0441\u043a\u043e\u0448\u043d\u044b\u0439 \u0448\u043b\u0435\u0439\u0444.<\/p>\n<p>\u0422\u0438\u043f \u0430\u0440\u043e\u043c\u0430\u0442\u0430: \u0424\u0440\u0443\u043a\u0442\u043e\u0432\u044b\u0439 \u0433\u0443\u0440\u043c\u0430\u043d\u0441\u043a\u0438\u0439<br \/>\n\u0412\u0435\u0440\u0445\u043d\u0438\u0435 \u043d\u043e\u0442\u044b: \u043c\u0435\u0434\u043e\u0432\u044b\u0439 \u0446\u0432\u0435\u0442<br \/>\n\u041d\u043e\u0442\u044b \u0441\u0435\u0440\u0434\u0446\u0430: \u0442\u0435\u043f\u043b\u044b\u0439 \u043f\u0435\u0440\u0441\u0438\u043a<br \/>\n\u0411\u0430\u0437\u043e\u0432\u044b\u0435 \u043d\u043e\u0442\u044b: \u0437\u0430\u0441\u0430\u0445\u0430\u0440\u0435\u043d\u043d\u044b\u0439 \u0441\u0430\u043d\u0434\u0430\u043b<\/p>\n<p>\u041e\u0431\u044a\u0435\u043c: 236 \u043c\u043b<\/p>\n<\/details>\n","protected":false},"featured_media":26731,"template":"","meta":{"jetpack_publicize_message":"","jetpack_publicize_feature_enabled":true,"jetpack_social_post_already_shared":true,"jetpack_social_options":{"image_generator_settings":{"template":"highway","default_image_id":0,"font":"","enabled":false},"version":2}},"product_brand":[],"product_cat":[926,912,341],"product_tag":[],"class_list":{"0":"post-26734","1":"product","2":"type-product","3":"status-publish","4":"has-post-thumbnail","6":"product_cat-victorias-secret-body-lotions","7":"product_cat-nahahooldus","8":"product_cat-victorias-secret","9":"pa_suurus-10-ml-tester","10":"pa_suurus-2-ml-tester","11":"pa_suurus-250-ml-full-size","12":"pa_suurus-30-ml-tester","14":"first","15":"instock","16":"sale","17":"shipping-taxable","18":"purchasable","19":"product-type-simple"},"jetpack_publicize_connections":[],"jetpack_sharing_enabled":true,"jetpack_likes_enabled":true,"_links":{"self":[{"href":"https:\/\/superstore.ee\/index.php\/wp-json\/wp\/v2\/product\/26734","targetHints":{"allow":["GET"]}}],"collection":[{"href":"https:\/\/superstore.ee\/index.php\/wp-json\/wp\/v2\/product"}],"about":[{"href":"https:\/\/superstore.ee\/index.php\/wp-json\/wp\/v2\/types\/product"}],"wp:featuredmedia":[{"embeddable":true,"href":"https:\/\/superstore.ee\/index.php\/wp-json\/wp\/v2\/media\/26731"}],"wp:attachment":[{"href":"https:\/\/superstore.ee\/index.php\/wp-json\/wp\/v2\/media?parent=26734"}],"wp:term":[{"taxonomy":"product_brand","embeddable":true,"href":"https:\/\/superstore.ee\/index.php\/wp-json\/wp\/v2\/product_brand?post=26734"},{"taxonomy":"product_cat","embeddable":true,"href":"https:\/\/superstore.ee\/index.php\/wp-json\/wp\/v2\/product_cat?post=26734"},{"taxonomy":"product_tag","embeddable":true,"href":"https:\/\/superstore.ee\/index.php\/wp-json\/wp\/v2\/product_tag?post=26734"}],"curies":[{"name":"wp","href":"https:\/\/api.w.org\/{rel}","templated":true}]}}