{"id":26735,"date":"2026-01-23T10:57:54","date_gmt":"2026-01-23T08:57:54","guid":{"rendered":"https:\/\/superstore.ee\/?post_type=product&#038;p=26735"},"modified":"2026-03-13T20:34:07","modified_gmt":"2026-03-13T18:34:07","slug":"victorias-secret-love-spell-brulee-fragrance-mist","status":"publish","type":"product","link":"https:\/\/superstore.ee\/index.php\/toode\/victorias-secret-love-spell-brulee-fragrance-mist\/","title":{"rendered":"Victoria\u2019s Secret Love Spell Brulee Fragrance Mist"},"content":{"rendered":"","protected":false},"excerpt":{"rendered":"<p>Victoria\u2019s Secret Love Spell Brulee kehasprei<\/p>\n<p>Pehme ja meeline. Rahulik magusus: luksuslik ja ahvatlev versioon klassikalisest Love Spell l\u00f5hnast. See kerge kehasprei v\u00e4rskendab nahka ja j\u00e4tab sellele lummava aroomi.<\/p>\n<p>L\u00f5hnat\u00fc\u00fcp: Puuviljane ja magus<\/p>\n<p>Tipunoodid: mee\u00f5is<br \/>\nS\u00fcdamenoodid: soe virsik<br \/>\nP\u00f5hjanoodid: suhkrustatud sandlipuu<\/p>\n<p>Maht: 250 ml<\/p>\n<p>Pakume seda toodet ka mugavates v\u00e4iksemates pakendites (dekantidena), mis on ideaalsed toote proovimiseks v\u00f5i reisile kaasa v\u00f5tmiseks.<\/p>\n<details>\n<summary>Details<\/summary>\n<div translate=\"no\">\nVictoria\u2019s Secret Love Spell Brulee Fragrance Mist<\/p>\n<p>Soft &#038; honeyed.<\/p>\n<p>Serene sweetness: A decadent, indulgent twist on Love Spell.<\/p>\n<p>Fragrance type: Fruity Gourmand<br \/>\nTop: Honey Blossom<br \/>\nHeart: Warm Peach<br \/>\nBase: Sugared Sandalwood<\/p>\n<p>250 ml\/8.4 fl oz.<br \/>\nDomestic<\/p>\n<p>INGREDIENTS:<br \/>\nAlcohol Denat., Water (Aqua, Eau), Fragrance (Parfum), Propylene Glycol, Glycerin, PPG-26-Buteth-26, PEG-40 Hydrogenated Castor Oil, Ethylhexyl Methoxycinnamate, Butyl Methoxydibenzoylmethane, Ethylhexyl Salicylate, Hexamethylindanopyran, Coumarin, Limonene, Citrus Aurantium Peel Oil, Citrus Aurantium Bergamia Peel Oil, Linalyl acetate, Linalool, Pinene<\/p>\n<\/div>\n<p>Victoria\u2019s Secret Love Spell Brulee \u043f\u0430\u0440\u0444\u044e\u043c\u0438\u0440\u043e\u0432\u0430\u043d\u043d\u044b\u0439 \u043c\u0438\u0441\u0442 \u0441\u043f\u0440\u0435\u0439 \u0434\u043b\u044f \u0442\u0435\u043b\u0430<\/p>\n<p>\u041c\u044f\u0433\u043a\u0438\u0439 \u0438 \u043c\u0435\u0434\u043e\u0432\u044b\u0439. \u0421\u043f\u043e\u043a\u043e\u0439\u043d\u0430\u044f \u0441\u043b\u0430\u0434\u043e\u0441\u0442\u044c: \u0438\u0437\u044b\u0441\u043a\u0430\u043d\u043d\u0430\u044f \u0438 \u043c\u0430\u043d\u044f\u0449\u0430\u044f \u0438\u043d\u0442\u0435\u0440\u043f\u0440\u0435\u0442\u0430\u0446\u0438\u044f \u0430\u0440\u043e\u043c\u0430\u0442\u0430 Love Spell. \u042d\u0442\u043e\u0442 \u043b\u0435\u0433\u043a\u0438\u0439 \u043c\u0438\u0441\u0442 \u0434\u0430\u0440\u0438\u0442 \u043a\u043e\u0436\u0435 \u0441\u0432\u0435\u0436\u0435\u0441\u0442\u044c \u0438 \u043e\u043a\u0443\u0442\u044b\u0432\u0430\u0435\u0442 \u0435\u0435 \u0441\u0442\u043e\u0439\u043a\u0438\u043c \u0434\u0435\u0441\u0435\u0440\u0442\u043d\u044b\u043c \u0430\u0440\u043e\u043c\u0430\u0442\u043e\u043c.<\/p>\n<p>\u0422\u0438\u043f \u0430\u0440\u043e\u043c\u0430\u0442\u0430: \u0424\u0440\u0443\u043a\u0442\u043e\u0432\u044b\u0439 \u0433\u0443\u0440\u043c\u0430\u043d\u0441\u043a\u0438\u0439<br \/>\n\u0412\u0435\u0440\u0445\u043d\u0438\u0435 \u043d\u043e\u0442\u044b: \u043c\u0435\u0434\u043e\u0432\u044b\u0439 \u0446\u0432\u0435\u0442<br \/>\n\u041d\u043e\u0442\u044b \u0441\u0435\u0440\u0434\u0446\u0430: \u0442\u0435\u043f\u043b\u044b\u0439 \u043f\u0435\u0440\u0441\u0438\u043a<br \/>\n\u0411\u0430\u0437\u043e\u0432\u044b\u0435 \u043d\u043e\u0442\u044b: \u0437\u0430\u0441\u0430\u0445\u0430\u0440\u0435\u043d\u043d\u044b\u0439 \u0441\u0430\u043d\u0434\u0430\u043b<\/p>\n<p>\u041e\u0431\u044a\u0435\u043c: 250 \u043c\u043b<br \/>\n<\/details>\n","protected":false},"featured_media":26733,"template":"","meta":{"jetpack_publicize_message":"","jetpack_publicize_feature_enabled":true,"jetpack_social_post_already_shared":true,"jetpack_social_options":{"image_generator_settings":{"template":"highway","default_image_id":0,"font":"","enabled":false},"version":2}},"product_brand":[],"product_cat":[910,927,993,341],"product_tag":[],"class_list":{"0":"post-26735","1":"product","2":"type-product","3":"status-publish","4":"has-post-thumbnail","6":"product_cat-kehaspreid","7":"product_cat-victorias-secret-body-mists","8":"product_cat-samples","9":"product_cat-victorias-secret","10":"pa_suurus-10-ml-tester","11":"pa_suurus-2-ml-tester","12":"pa_suurus-250-ml-full-size","13":"pa_suurus-30-ml-tester","15":"first","16":"instock","17":"shipping-taxable","18":"product-type-variable"},"jetpack_publicize_connections":[],"jetpack_sharing_enabled":true,"jetpack_likes_enabled":true,"_links":{"self":[{"href":"https:\/\/superstore.ee\/index.php\/wp-json\/wp\/v2\/product\/26735","targetHints":{"allow":["GET"]}}],"collection":[{"href":"https:\/\/superstore.ee\/index.php\/wp-json\/wp\/v2\/product"}],"about":[{"href":"https:\/\/superstore.ee\/index.php\/wp-json\/wp\/v2\/types\/product"}],"wp:featuredmedia":[{"embeddable":true,"href":"https:\/\/superstore.ee\/index.php\/wp-json\/wp\/v2\/media\/26733"}],"wp:attachment":[{"href":"https:\/\/superstore.ee\/index.php\/wp-json\/wp\/v2\/media?parent=26735"}],"wp:term":[{"taxonomy":"product_brand","embeddable":true,"href":"https:\/\/superstore.ee\/index.php\/wp-json\/wp\/v2\/product_brand?post=26735"},{"taxonomy":"product_cat","embeddable":true,"href":"https:\/\/superstore.ee\/index.php\/wp-json\/wp\/v2\/product_cat?post=26735"},{"taxonomy":"product_tag","embeddable":true,"href":"https:\/\/superstore.ee\/index.php\/wp-json\/wp\/v2\/product_tag?post=26735"}],"curies":[{"name":"wp","href":"https:\/\/api.w.org\/{rel}","templated":true}]}}