{"id":26747,"date":"2026-01-24T14:03:15","date_gmt":"2026-01-24T12:03:15","guid":{"rendered":"https:\/\/superstore.ee\/?post_type=product&#038;p=26747"},"modified":"2026-02-28T17:35:08","modified_gmt":"2026-02-28T15:35:08","slug":"victorias-secret-coconut-passion-brulee-fragrance-mist","status":"publish","type":"product","link":"https:\/\/superstore.ee\/index.php\/toode\/victorias-secret-coconut-passion-brulee-fragrance-mist\/","title":{"rendered":"Victoria\u2019s Secret Coconut Passion Brulee Fragrance Mist"},"content":{"rendered":"","protected":false},"excerpt":{"rendered":"<p>Victoria\u2019s Secret Coconut Passion Brulee kehasprei<\/p>\n<p>H\u00f5rk ja suhkrune. Magus ihalus: luksuslik ja ahvatlev versioon klassikalisest Coconut Passion l\u00f5hnast. See kerge kehasprei v\u00e4rskendab nahka ja j\u00e4tab sellele lummava aroomi.<\/p>\n<p>L\u00f5hnat\u00fc\u00fcp: Kookos\/magus<\/p>\n<p>Tipunoodid: kookoshelbed<br \/>\nS\u00fcdamenoodid: pruun suhkur<br \/>\nP\u00f5hjanoodid: vanilli-bourbon<\/p>\n<p>Maht: 250 ml<\/p>\n<details>\n<summary>Details<\/summary>\n<div translate=\"no\">Victoria\u2019s Secret Coconut Passion Brulee Fragrance MistIndulgent &amp; sugared.<\/p>\n<p>Sweet desire: A decadent, indulgent twist on Coconut Passion.<\/p>\n<p>Fragrance type: Coconut Gourmand<\/p>\n<p>Top: Coconut Flakes<br \/>\nHeart: Brown Sugar<br \/>\nBase: Vanilla Bourbon<\/p>\n<p>250 ml\/8.4 fl oz.<br \/>\nDomestic<\/p>\n<p>INGREDIENTS:<br \/>\nAlcohol Denat., Water (Aqua, Eau), Fragrance (Parfum), Propylene Glycol, Glycerin, Vanillin, Coumarin, PPG-26-Buteth-26, PEG-40 Hydrogenated Castor Oil, Ethylhexyl Methoxycinnamate, Butyl Methoxydibenzoylmethane, Ethylhexyl Salicylate<\/p>\n<\/div>\n<p>Victoria\u2019s Secret Coconut Passion Brulee \u043f\u0430\u0440\u0444\u044e\u043c\u0438\u0440\u043e\u0432\u0430\u043d\u043d\u044b\u0439 \u043c\u0438\u0441\u0442<\/p>\n<p>\u0420\u043e\u0441\u043a\u043e\u0448\u043d\u044b\u0439 \u0438 \u0441\u0430\u0445\u0430\u0440\u043d\u044b\u0439. \u0421\u043b\u0430\u0434\u043a\u043e\u0435 \u0436\u0435\u043b\u0430\u043d\u0438\u0435: \u0438\u0437\u044b\u0441\u043a\u0430\u043d\u043d\u0430\u044f \u0438 \u043c\u0430\u043d\u044f\u0449\u0430\u044f \u0438\u043d\u0442\u0435\u0440\u043f\u0440\u0435\u0442\u0430\u0446\u0438\u044f \u0430\u0440\u043e\u043c\u0430\u0442\u0430 Coconut Passion. \u042d\u0442\u043e\u0442 \u043b\u0435\u0433\u043a\u0438\u0439 \u043c\u0438\u0441\u0442 \u0434\u0430\u0440\u0438\u0442 \u043a\u043e\u0436\u0435 \u0441\u0432\u0435\u0436\u0435\u0441\u0442\u044c \u0438 \u043e\u043a\u0443\u0442\u044b\u0432\u0430\u0435\u0442 \u0435\u0435 \u0441\u0442\u043e\u0439\u043a\u0438\u043c \u0434\u0435\u0441\u0435\u0440\u0442\u043d\u044b\u043c \u0430\u0440\u043e\u043c\u0430\u0442\u043e\u043c.<\/p>\n<p>\u0422\u0438\u043f \u0430\u0440\u043e\u043c\u0430\u0442\u0430: \u041a\u043e\u043a\u043e\u0441\u043e\u0432\u044b\u0439 \u0433\u0443\u0440\u043c\u0430\u043d\u0441\u043a\u0438\u0439<br \/>\n\u0412\u0435\u0440\u0445\u043d\u0438\u0435 \u043d\u043e\u0442\u044b: \u043a\u043e\u043a\u043e\u0441\u043e\u0432\u0430\u044f \u0441\u0442\u0440\u0443\u0436\u043a\u0430<br \/>\n\u041d\u043e\u0442\u044b \u0441\u0435\u0440\u0434\u0446\u0430: \u043a\u043e\u0440\u0438\u0447\u043d\u0435\u0432\u044b\u0439 \u0441\u0430\u0445\u0430\u0440<br \/>\n\u0411\u0430\u0437\u043e\u0432\u044b\u0435 \u043d\u043e\u0442\u044b: \u0432\u0430\u043d\u0438\u043b\u044c\u043d\u044b\u0439 \u0431\u0443\u0440\u0431\u043e\u043d<\/p>\n<p>\u041e\u0431\u044a\u0435\u043c: 250 \u043c\u043b<\/p>\n<\/details>\n","protected":false},"featured_media":26745,"template":"","meta":{"jetpack_publicize_message":"","jetpack_publicize_feature_enabled":true,"jetpack_social_post_already_shared":true,"jetpack_social_options":{"image_generator_settings":{"template":"highway","default_image_id":0,"font":"","enabled":false},"version":2}},"product_brand":[],"product_cat":[927,910,341],"product_tag":[],"class_list":{"0":"post-26747","1":"product","2":"type-product","3":"status-publish","4":"has-post-thumbnail","6":"product_cat-victorias-secret-body-mists","7":"product_cat-kehaspreid","8":"product_cat-victorias-secret","9":"pa_suurus-10-ml-tester","10":"pa_suurus-2-ml-tester","11":"pa_suurus-250-ml-full-size","12":"pa_suurus-30-ml-tester","14":"first","15":"outofstock","16":"sale","17":"shipping-taxable","18":"purchasable","19":"product-type-simple"},"jetpack_publicize_connections":[],"jetpack_sharing_enabled":true,"jetpack_likes_enabled":true,"_links":{"self":[{"href":"https:\/\/superstore.ee\/index.php\/wp-json\/wp\/v2\/product\/26747","targetHints":{"allow":["GET"]}}],"collection":[{"href":"https:\/\/superstore.ee\/index.php\/wp-json\/wp\/v2\/product"}],"about":[{"href":"https:\/\/superstore.ee\/index.php\/wp-json\/wp\/v2\/types\/product"}],"wp:featuredmedia":[{"embeddable":true,"href":"https:\/\/superstore.ee\/index.php\/wp-json\/wp\/v2\/media\/26745"}],"wp:attachment":[{"href":"https:\/\/superstore.ee\/index.php\/wp-json\/wp\/v2\/media?parent=26747"}],"wp:term":[{"taxonomy":"product_brand","embeddable":true,"href":"https:\/\/superstore.ee\/index.php\/wp-json\/wp\/v2\/product_brand?post=26747"},{"taxonomy":"product_cat","embeddable":true,"href":"https:\/\/superstore.ee\/index.php\/wp-json\/wp\/v2\/product_cat?post=26747"},{"taxonomy":"product_tag","embeddable":true,"href":"https:\/\/superstore.ee\/index.php\/wp-json\/wp\/v2\/product_tag?post=26747"}],"curies":[{"name":"wp","href":"https:\/\/api.w.org\/{rel}","templated":true}]}}