{"id":26849,"date":"2026-02-05T14:10:25","date_gmt":"2026-02-05T12:10:25","guid":{"rendered":"https:\/\/superstore.ee\/?post_type=product&#038;p=26849"},"modified":"2026-02-05T16:16:28","modified_gmt":"2026-02-05T14:16:28","slug":"victorias-secret-tease-fragrance-duo-gift-set","status":"publish","type":"product","link":"https:\/\/superstore.ee\/index.php\/toode\/victorias-secret-tease-fragrance-duo-gift-set\/","title":{"rendered":"Victoria\u2019s Secret Tease Fragrance Duo Gift Set"},"content":{"rendered":"","protected":false},"excerpt":{"rendered":"<p>Victoria\u2019s Secret Tease Fragrance Duo kinkekomplekt<\/p>\n<p>T\u00e4hista oma m\u00e4ngulist loomust selle oivalise lillelise l\u00f5hnaga. Tease on loodud neile, kes haaravad elust kinni ja janunevad uute kogemuste j\u00e4rele. Kuhu iganes sa ka ei suunduks, see duo on sinuga kaasas.<\/p>\n<p>KINKEKOMPLEKT SISALDAB:<\/p>\n<ul>\n<li>Mini Eau de Parfum (7 ml)<\/li>\n<li>L\u00f5hnastatud kehakreem (100 ml)<\/li>\n<\/ul>\n<p><strong>L\u00f5hnat\u00fc\u00fcp<\/strong>: Soe ja magus<\/p>\n<p><strong>Noodid<\/strong>: valge gardeenia, Anjou pirn, must vanill<\/p>\n<p>Lennureisideks sobiv (TSA-friendly) suurus<\/p>\n<p>Valmistatud USA-s<\/p>\n<details>\n<summary>Details<\/summary>\n<div translate=\"no\">\n<p>Victoria\u2019s Secret Tease Fragrance Duo Gift SetCelebrate your curiosity with a delicious floral fragrance for those who embrace life and crave every experience it has to offer. Wherever you go, this duo goes, too.<\/p>\n<p>GIFT SET INCLUDES:<\/p>\n<p>Mini Eau de Parfum (7 ml\/.25 fl oz.)<\/p>\n<p>Travel Fine Fragrance Lotion (100 ml\/3.4 fl oz.)<\/p>\n<p>Fragrance type: Warm Gourmand<br \/>\nNotes: white gardenia, Anjou pear, black vanilla<br \/>\nTSA-friendly, perfect for travel<br \/>\nMade in USA<\/p>\n<\/div>\n<p>Victoria\u2019s Secret Tease Fragrance Duo \u043f\u043e\u0434\u0430\u0440\u043e\u0447\u043d\u044b\u0439 \u043d\u0430\u0431\u043e\u0440<\/p>\n<p>\u041f\u043e\u0434\u0434\u0430\u0439\u0442\u0435\u0441\u044c \u0438\u0441\u043a\u0443\u0448\u0435\u043d\u0438\u044e \u0438 \u0438\u0433\u0440\u0438\u0432\u043e\u043c\u0443 \u043d\u0430\u0441\u0442\u0440\u043e\u0435\u043d\u0438\u044e \u0441 \u044d\u0442\u0438\u043c \u0432\u043e\u0441\u0445\u0438\u0442\u0438\u0442\u0435\u043b\u044c\u043d\u044b\u043c \u0446\u0432\u0435\u0442\u043e\u0447\u043d\u044b\u043c \u0430\u0440\u043e\u043c\u0430\u0442\u043e\u043c. Tease \u0441\u043e\u0437\u0434\u0430\u043d \u0434\u043b\u044f \u0442\u0435\u0445, \u043a\u0442\u043e \u0436\u0438\u0432\u0435\u0442 \u043c\u043e\u043c\u0435\u043d\u0442\u043e\u043c \u0438 \u043e\u0442\u043a\u0440\u044b\u0442 \u0434\u043b\u044f \u0441\u0430\u043c\u044b\u0445 \u044f\u0440\u043a\u0438\u0445 \u0432\u043f\u0435\u0447\u0430\u0442\u043b\u0435\u043d\u0438\u0439. \u041a\u0443\u0434\u0430 \u0431\u044b \u0432\u044b \u043d\u0438 \u043e\u0442\u043f\u0440\u0430\u0432\u0438\u043b\u0438\u0441\u044c, \u044d\u0442\u043e\u0442 \u0434\u0443\u044d\u0442 \u0432\u0441\u0435\u0433\u0434\u0430 \u0431\u0443\u0434\u0435\u0442 \u0441 \u0432\u0430\u043c\u0438.<\/p>\n<p>\u0412 \u041f\u041e\u0414\u0410\u0420\u041e\u0427\u041d\u042b\u0419 \u041d\u0410\u0411\u041e\u0420 \u0412\u0425\u041e\u0414\u042f\u0422:<br \/>\n\u041c\u0438\u043d\u0438-\u043f\u0430\u0440\u0444\u044e\u043c (Eau de Parfum) (7 \u043c\u043b)<\/p>\n<p>\u041f\u0430\u0440\u0444\u044e\u043c\u0438\u0440\u043e\u0432\u0430\u043d\u043d\u044b\u0439 \u043a\u0440\u0435\u043c (100 \u043c\u043b)<\/p>\n<p>\u0422\u0438\u043f \u0430\u0440\u043e\u043c\u0430\u0442\u0430: \u0422\u0435\u043f\u043b\u044b\u0439 \u0433\u0443\u0440\u043c\u0430\u043d\u0441\u043a\u0438\u0439<br \/>\n\u041d\u043e\u0442\u044b: \u0431\u0435\u043b\u0430\u044f \u0433\u0430\u0440\u0434\u0435\u043d\u0438\u044f, \u0433\u0440\u0443\u0448\u0430 \u0410\u043d\u0436\u0443, \u0447\u0435\u0440\u043d\u0430\u044f \u0432\u0430\u043d\u0438\u043b\u044c<br \/>\n\u041f\u043e\u0434\u0445\u043e\u0434\u0438\u0442 \u0434\u043b\u044f \u0440\u0443\u0447\u043d\u043e\u0439 \u043a\u043b\u0430\u0434\u0438 (TSA-friendly), \u0438\u0434\u0435\u0430\u043b\u044c\u043d\u043e \u0434\u043b\u044f \u043f\u0443\u0442\u0435\u0448\u0435\u0441\u0442\u0432\u0438\u0439<\/p>\n<p>\u0421\u0434\u0435\u043b\u0430\u043d\u043e \u0432 \u0421\u0428\u0410<\/p>\n<\/details>\n","protected":false},"featured_media":26870,"template":"","meta":{"jetpack_publicize_message":"","jetpack_publicize_feature_enabled":true,"jetpack_social_post_already_shared":true,"jetpack_social_options":{"image_generator_settings":{"template":"highway","default_image_id":0,"font":"","enabled":false},"version":2}},"product_brand":[],"product_cat":[926,830,342,912,932,341],"product_tag":[],"class_list":{"0":"post-26849","1":"product","2":"type-product","3":"status-publish","4":"has-post-thumbnail","6":"product_cat-victorias-secret-body-lotions","7":"product_cat-kingitused","8":"product_cat-komplektid-victorias-secret","9":"product_cat-nahahooldus","10":"product_cat-victorias-secret-parfumes","11":"product_cat-victorias-secret","12":"pa_lohn-velvet-petals","14":"first","15":"instock","16":"sale","17":"shipping-taxable","18":"purchasable","19":"product-type-simple"},"jetpack_publicize_connections":[],"jetpack_sharing_enabled":true,"jetpack_likes_enabled":true,"_links":{"self":[{"href":"https:\/\/superstore.ee\/index.php\/wp-json\/wp\/v2\/product\/26849","targetHints":{"allow":["GET"]}}],"collection":[{"href":"https:\/\/superstore.ee\/index.php\/wp-json\/wp\/v2\/product"}],"about":[{"href":"https:\/\/superstore.ee\/index.php\/wp-json\/wp\/v2\/types\/product"}],"wp:featuredmedia":[{"embeddable":true,"href":"https:\/\/superstore.ee\/index.php\/wp-json\/wp\/v2\/media\/26870"}],"wp:attachment":[{"href":"https:\/\/superstore.ee\/index.php\/wp-json\/wp\/v2\/media?parent=26849"}],"wp:term":[{"taxonomy":"product_brand","embeddable":true,"href":"https:\/\/superstore.ee\/index.php\/wp-json\/wp\/v2\/product_brand?post=26849"},{"taxonomy":"product_cat","embeddable":true,"href":"https:\/\/superstore.ee\/index.php\/wp-json\/wp\/v2\/product_cat?post=26849"},{"taxonomy":"product_tag","embeddable":true,"href":"https:\/\/superstore.ee\/index.php\/wp-json\/wp\/v2\/product_tag?post=26849"}],"curies":[{"name":"wp","href":"https:\/\/api.w.org\/{rel}","templated":true}]}}