{"id":26914,"date":"2026-02-08T15:23:05","date_gmt":"2026-02-08T13:23:05","guid":{"rendered":"https:\/\/superstore.ee\/?post_type=product&#038;p=26914"},"modified":"2026-04-12T05:23:00","modified_gmt":"2026-04-12T02:23:00","slug":"kiko-milano-kind-by-kiko-skincare-set","status":"publish","type":"product","link":"https:\/\/superstore.ee\/index.php\/toode\/kiko-milano-kind-by-kiko-skincare-set\/","title":{"rendered":"KIKO MILANO Kind By Kiko Skincare Set"},"content":{"rendered":"","protected":false},"excerpt":{"rendered":"<p>KIKO MILANO Kind By Kiko Skincare Set n\u00e4ohoolduskomplekt: puhastusgeel, seerum ja n\u00e4okreem<\/p>\n<p>Puhasta, eemalda meik ja pane oma nahk s\u00e4rama selle asendamatu &#8220;k\u00f5ik-\u00fches&#8221; komplektiga. Hellita end igap\u00e4evase ilurituaaliga v\u00f5i \u00fcllata kedagi erilist \u2014 sest ilu algab hoolitsusest.<\/p>\n<p>KOMPLEKT SISALDAB:<\/p>\n<ol>\n<li><strong>Kind by KIKO Gel-To-Foam Cleanser &amp; Make Up Remover &#8211; <\/strong>Kerge tekstuuriga puhastusvahend, mis muutub kokkupuutel nahaga geelist vahuks, pakkudes \u00f5rna, kuid s\u00fcgavat puhastust. J\u00e4tab naha siidiselt pehmeks ja v\u00e4rskeks.<\/li>\n<li><strong>Kind by KIKO Milky Hydra Face Serum<\/strong> &#8211; Eriline ja meelipaitav seerum, mis \u00fchendab niisutuse ja s\u00e4ra andva efekti. Tulemuseks on kastev\u00e4rske ja s\u00e4rav nahk, mis on t\u00e4iuslikult ette valmistatud meigi pealekandmiseks.<\/li>\n<li><strong>Kind by KIKO Sorbet Hydra Face Cream<\/strong> &#8211; Kaalutu ja nahka m\u00e4hkiv kreem, mis annab t\u00f5elise niisutuss\u00fcsti ja j\u00e4tab nahale peene satiinse viimistluse. Muudab naha koheselt pehmeks ja v\u00e4rskeks.<\/li>\n<\/ol>\n<details>\n<summary>Details<\/summary>\n<div translate=\"no\">\n<p>KIKO MILANO Kind By Kiko Skincare SetSkincare Kit: Cleanser, Serum &amp; Face Cream<\/p>\n<p>Cleanse, remove makeup, illuminate and pamper your skin every day with this must-have all-in-one skincare set for a complete routine. Treat yourself to a daily ritual or surprise someone special: because beauty starts with care.<\/p>\n<p>The kit contains:<br \/>\n-N.1 Kind by KIKO Gel-To-Foam Cleanser &amp; Make Up Remover<br \/>\nA lightweight texture that transforms from gel to foam on contact with the skin, providing a gentle yet deeply satisfying cleanse. Leaves skin soft as silk and perfectly refreshed.<\/p>\n<p>-N.1 Kind by KIKO Milky Hydra Face Serum<br \/>\nA precious, sensory serum that combines the hydrating* benefits of a serum with the glowy effect of an illuminator, for radiant, sublime skin ready for makeup application.<\/p>\n<p>-N.1 Kind by KIKO Sorbet Hydra Face Cream<br \/>\nWeightless and enveloping, this cream delivers an authentic boost of hydration* and beauty with a sophisticated satin finish. Leaves skin soft, fresh, and immediately pampered.<\/p>\n<p>INGREDIENTS:<br \/>\nFACE CLEANSER INGREDIENTS: AQUA (WATER\/EAU), ACRYLATES COPOLYMER, SODIUM COCO-SULFATE, DECYL GLUCOSIDE, 1,2-HEXANEDIOL, PHENOXYETHAN OL, POLYSORBATE 20, MANNITOL, MICROCRYSTALLINE CELLULOSE, SQUALANE, NIACINAMIDE, ALGIN, DISODIUM EDTA, PARFUM (FRAGRANCE), GLYCERIN, CITRUS AURANTIUM DULCIS FRUIT EXTRACT (CITRUS AURANTIUM DULCIS (ORANGE) FRUIT EXTRACT), SODIUM HYDROXIDE, SODIUM BENZOATE, POTASSIU M SORBATE, ASCORBYL GLUCOSIDE, CI 77491 (IRON OXIDES). FACE SERUM INGREDIENTS: AQUA (WATER\/EAU), GLYCERIN, PROPANEDIOL, C13-15 ALKAN E, PRUNUS AMYGDALUS DULCIS OIL ( PRUNUS AMYGDALUS DULCIS (SWEET ALMOND) OIL), PENTYLENE GLYCOL, SQUALANE, POLYGLYCERYL-6 OLEATE, POT ASSIUM CETYL PHOSPHATE, BENZOTRIAZOLYL DODECYL P-CRESOL, AMMONIUM ACRYLOYLDIMETHYLTAURATE\/VP COPOLYMER, XANTHAN GUM, HYDROXYACETOPHE NONE, SYNTHETIC FLUORPHLOGOPITE, PARFUM (FRAGRANCE), SODIUM HYALURONATE, CITRUS AURANTIUM DULCIS FRUIT EXTRACT (CITRUS AURANTIUM DUL CIS (ORANGE) FRUIT EXTRACT), ASCORBYL TETRAISOPALMITATE, ETHYLHEXYLGLYCERIN, TETRASODIUM GLUTAMATE DIACETATE, SODIUM BENZOATE, POTAS SIUM SORBATE, PHENOXYETHANOL, TIN OXIDE, TETRAMETHYL ACETYLOCTAHYDRONAPHTHALENES, CI 17200 (RED 33), CI 77491 (IRON OXIDES), CI 7789 1 (TITANIUM DIOXIDE). FACE CREAM INGREDIENTS: AQUA (WATER\/EAU), GLYCERIN, PROPANEDIOL, ETHYLHEXYL STEARATE, PENTYLENE GLYCOL, COCO- CAPRYLATE\/CAPRATE, ALCOHOL DENAT., STEARETH-2, CETEARYL ALCOHOL, HYDROXYACETOPHENONE, 1,2-HEXANEDIOL, AMMONIUM ACRYLOYLDIMETHYLTAURA TE\/VP COPOLYMER, SODIUM POLYACRYLATE, STEARETH-21, HYDROGENATED POLYDECENE, POLYSORBATE 20, SYNTHETIC FLUORPHLOGOPITE, PARFUM (FRAGR ANCE), ACRYLATES\/C10-30 ALKYL ACRYLATE CROSSPOLYMER, TRIDECETH-6, CITRUS AURANTIUM DULCIS FRUIT EXTRACT (CITRUS AURANTIUM DULCIS (OR ANGE) FRUIT EXTRACT), ASCORBYL TETRAISOPALMITATE, TOCOPHEROL, SODIUM HYDROXIDE, TETRASODIUM GLUTAMATE DIACETATE, SODIUM BENZOATE, PO TASSIUM SORBATE, TIN OXIDE, TETRAMETHYL ACETYLOCTAHYDRONAPHTHALENES, CI 77491 (IRON OXIDES), CI 77891 (TITANIUM DIOXIDE), CI 17200 (RED 33).<\/p>\n<\/div>\n<p>KIKO MILANO Kind By Kiko Skincare Set \u043d\u0430\u0431\u043e\u0440 \u0434\u043b\u044f \u0443\u0445\u043e\u0434\u0430 \u0437\u0430 \u043a\u043e\u0436\u0435\u0439 \u043b\u0438\u0446\u0432<\/p>\n<p>\u041d\u0430\u0431\u043e\u0440 \u0434\u043b\u044f \u043b\u0438\u0446\u0430: \u043e\u0447\u0438\u0449\u0430\u044e\u0449\u0435\u0435 \u0441\u0440\u0435\u0434\u0441\u0442\u0432\u043e, \u0441\u044b\u0432\u043e\u0440\u043e\u0442\u043a\u0430 \u0438 \u043a\u0440\u0435\u043c<\/p>\n<p>\u041e\u0447\u0438\u0449\u0430\u0439\u0442\u0435 \u043a\u043e\u0436\u0443, \u0441\u043d\u0438\u043c\u0430\u0439\u0442\u0435 \u043c\u0430\u043a\u0438\u044f\u0436 \u0438 \u043f\u0440\u0438\u0434\u0430\u0432\u0430\u0439\u0442\u0435 \u043b\u0438\u0446\u0443 \u0435\u0441\u0442\u0435\u0441\u0442\u0432\u0435\u043d\u043d\u043e\u0435 \u0441\u0438\u044f\u043d\u0438\u0435 \u043a\u0430\u0436\u0434\u044b\u0439 \u0434\u0435\u043d\u044c \u0441 \u044d\u0442\u0438\u043c \u043d\u0435\u0437\u0430\u043c\u0435\u043d\u0438\u043c\u044b\u043c \u043d\u0430\u0431\u043e\u0440\u043e\u043c \u0434\u043b\u044f \u043f\u043e\u043b\u043d\u043e\u0446\u0435\u043d\u043d\u043e\u0433\u043e \u0443\u0445\u043e\u0434\u0430. \u041f\u043e\u0434\u0430\u0440\u0438\u0442\u0435 \u044d\u0442\u043e\u0442 \u0440\u0438\u0442\u0443\u0430\u043b \u043a\u0440\u0430\u0441\u043e\u0442\u044b \u0441\u0435\u0431\u0435 \u0438\u043b\u0438 \u043f\u043e\u0440\u0430\u0434\u0443\u0439\u0442\u0435 \u043a\u043e\u0433\u043e-\u0442\u043e \u043e\u0441\u043e\u0431\u0435\u043d\u043d\u043e\u0433\u043e \u2014 \u0432\u0435\u0434\u044c \u043a\u0440\u0430\u0441\u043e\u0442\u0430 \u043d\u0430\u0447\u0438\u043d\u0430\u0435\u0442\u0441\u044f \u0441 \u0437\u0430\u0431\u043e\u0442\u044b.<\/p>\n<p>\u0412 \u041d\u0410\u0411\u041e\u0420 \u0412\u0425\u041e\u0414\u042f\u0422:<\/p>\n<p>Kind by KIKO Gel-To-Foam Cleanser &amp; Make Up Remover \u0421\u0440\u0435\u0434\u0441\u0442\u0432\u043e \u0441 \u043b\u0435\u0433\u043a\u043e\u0439 \u0442\u0435\u043a\u0441\u0442\u0443\u0440\u043e\u0439, \u043a\u043e\u0442\u043e\u0440\u043e\u0435 \u043f\u0440\u0438 \u043a\u043e\u043d\u0442\u0430\u043a\u0442\u0435 \u0441 \u043a\u043e\u0436\u0435\u0439 \u043f\u0440\u0435\u0432\u0440\u0430\u0449\u0430\u0435\u0442\u0441\u044f \u0438\u0437 \u0433\u0435\u043b\u044f \u0432 \u043f\u0435\u043d\u0443, \u043e\u0431\u0435\u0441\u043f\u0435\u0447\u0438\u0432\u0430\u044f \u043c\u044f\u0433\u043a\u043e\u0435, \u043d\u043e \u0433\u043b\u0443\u0431\u043e\u043a\u043e\u0435 \u043e\u0447\u0438\u0449\u0435\u043d\u0438\u0435. \u041e\u0441\u0432\u0435\u0436\u0430\u0435\u0442 \u043a\u043e\u0436\u0443 \u0438 \u0434\u0435\u043b\u0430\u0435\u0442 \u0435\u0435 \u0448\u0435\u043b\u043a\u043e\u0432\u0438\u0441\u0442\u043e\u0439.<\/p>\n<p>Kind by KIKO Milky Hydra Face Serum \u0414\u0440\u0430\u0433\u043e\u0446\u0435\u043d\u043d\u0430\u044f \u0441\u044b\u0432\u043e\u0440\u043e\u0442\u043a\u0430, \u043a\u043e\u0442\u043e\u0440\u0430\u044f \u0441\u043e\u0447\u0435\u0442\u0430\u0435\u0442 \u0432 \u0441\u0435\u0431\u0435 \u0433\u043b\u0443\u0431\u043e\u043a\u043e\u0435 \u0443\u0432\u043b\u0430\u0436\u043d\u0435\u043d\u0438\u0435 \u0438 \u044d\u0444\u0444\u0435\u043a\u0442 \u0445\u0430\u0439\u043b\u0430\u0439\u0442\u0435\u0440\u0430. \u041a\u043e\u0436\u0430 \u0441\u0442\u0430\u043d\u043e\u0432\u0438\u0442\u0441\u044f \u0441\u0438\u044f\u044e\u0449\u0435\u0439, \u0431\u0435\u0437\u0443\u043f\u0440\u0435\u0447\u043d\u043e\u0439 \u0438 \u043f\u043e\u043b\u043d\u043e\u0441\u0442\u044c\u044e \u0433\u043e\u0442\u043e\u0432\u043e\u0439 \u043a \u043d\u0430\u043d\u0435\u0441\u0435\u043d\u0438\u044e \u043c\u0430\u043a\u0438\u044f\u0436\u0430.<\/p>\n<p>Kind by KIKO Sorbet Hydra Face Cream \u041d\u0435\u0432\u0435\u0441\u043e\u043c\u044b\u0439 \u0438 \u043e\u0431\u0432\u043e\u043b\u0430\u043a\u0438\u0432\u0430\u044e\u0449\u0438\u0439 \u043a\u0440\u0435\u043c, \u043a\u043e\u0442\u043e\u0440\u044b\u0439 \u0434\u0430\u0440\u0438\u0442 \u043a\u043e\u0436\u0435 \u043d\u0430\u0441\u0442\u043e\u044f\u0449\u0438\u0439 \u0437\u0430\u0440\u044f\u0434 \u0443\u0432\u043b\u0430\u0436\u043d\u0435\u043d\u0438\u044f \u0438 \u0438\u0437\u044b\u0441\u043a\u0430\u043d\u043d\u044b\u0439 \u0441\u0430\u0442\u0438\u043d\u043e\u0432\u044b\u0439 \u0444\u0438\u043d\u0438\u0448. \u0414\u0435\u043b\u0430\u0435\u0442 \u043a\u043e\u0436\u0443 \u043c\u044f\u0433\u043a\u043e\u0439 \u0438 \u043c\u0433\u043d\u043e\u0432\u0435\u043d\u043d\u043e \u0443\u0445\u043e\u0436\u0435\u043d\u043d\u043e\u0439.<\/p>\n<\/details>\n","protected":false},"featured_media":26921,"template":"","meta":{"jetpack_publicize_message":"","jetpack_publicize_feature_enabled":true,"jetpack_social_post_already_shared":true,"jetpack_social_options":{"image_generator_settings":{"template":"highway","default_image_id":0,"font":"","enabled":false},"version":2}},"product_brand":[],"product_cat":[340,830,971,967,964,965],"product_tag":[],"class_list":{"0":"post-26914","1":"product","2":"type-product","3":"status-publish","4":"has-post-thumbnail","6":"product_cat-kiko-milano","7":"product_cat-kingitused","8":"product_cat-sets","9":"product_cat-creams-and-serums","10":"product_cat-face-care","11":"product_cat-face-cleansers","13":"first","14":"instock","15":"shipping-taxable","16":"purchasable","17":"product-type-simple"},"jetpack_publicize_connections":[],"jetpack_sharing_enabled":true,"jetpack_likes_enabled":true,"_links":{"self":[{"href":"https:\/\/superstore.ee\/index.php\/wp-json\/wp\/v2\/product\/26914","targetHints":{"allow":["GET"]}}],"collection":[{"href":"https:\/\/superstore.ee\/index.php\/wp-json\/wp\/v2\/product"}],"about":[{"href":"https:\/\/superstore.ee\/index.php\/wp-json\/wp\/v2\/types\/product"}],"wp:featuredmedia":[{"embeddable":true,"href":"https:\/\/superstore.ee\/index.php\/wp-json\/wp\/v2\/media\/26921"}],"wp:attachment":[{"href":"https:\/\/superstore.ee\/index.php\/wp-json\/wp\/v2\/media?parent=26914"}],"wp:term":[{"taxonomy":"product_brand","embeddable":true,"href":"https:\/\/superstore.ee\/index.php\/wp-json\/wp\/v2\/product_brand?post=26914"},{"taxonomy":"product_cat","embeddable":true,"href":"https:\/\/superstore.ee\/index.php\/wp-json\/wp\/v2\/product_cat?post=26914"},{"taxonomy":"product_tag","embeddable":true,"href":"https:\/\/superstore.ee\/index.php\/wp-json\/wp\/v2\/product_tag?post=26914"}],"curies":[{"name":"wp","href":"https:\/\/api.w.org\/{rel}","templated":true}]}}