{"id":26924,"date":"2026-02-08T16:01:49","date_gmt":"2026-02-08T14:01:49","guid":{"rendered":"https:\/\/superstore.ee\/?post_type=product&#038;p=26924"},"modified":"2026-02-08T16:48:24","modified_gmt":"2026-02-08T14:48:24","slug":"kiko-milano-lumiverse-my-holo-crush-lipgloss-coat-01","status":"publish","type":"product","link":"https:\/\/superstore.ee\/index.php\/toode\/kiko-milano-lumiverse-my-holo-crush-lipgloss-coat-01\/","title":{"rendered":"KIKO MILANO Lumiverse My Holo Crush Lipgloss &#038; Coat (01)"},"content":{"rendered":"","protected":false},"excerpt":{"rendered":"<p>KIKO MILANO Lumiverse My Holo Crush Lipgloss &amp; Coat (01 Starlit Blue Aura)<\/p>\n<p>Holograafilise l\u00e4ikega huulel\u00e4ige ja pealislakk. Kui paned peale selle huulel\u00e4ike ja naeratad, on k\u00f5ik v\u00f5imalik. Holograafiline viimistlus, meeldiv vanilliroom ja multidimensionaalne s\u00e4ra muudavad sinu huuled vastupandamatuks.<\/p>\n<p>Miks sa seda armastad:<\/p>\n<ul>\n<li>Kerge ja mittekleepuv tekstuur tagab \u00fclima mugavuse ja meeldiva tunde huultel.<\/li>\n<li>Mitmek\u00fclgne kasutus: sobib ideaalselt nii iseseisvaks kasutamiseks kui ka pealislakina huulepulga peale, lisades huultele galaktilise s\u00e4ra.<\/li>\n<li>T\u00e4pne aplikaator v\u00f5imaldab mugavalt ja kiirelt lisada s\u00e4tendust ka liikvel olles.<\/li>\n<\/ul>\n<details>\n<summary>Details<\/summary>\n<div translate=\"no\">\n<p>KIKO MILANO Lumiverse My Holo Crush Lipgloss &amp; Coat (01 Starlit Blue Aura) &#8211; Lip gloss with holographic finishWhen you put on this lip gloss and smile, there&#8217;s nothing you can&#8217;t do. A holographic finish, vanilla scent and multidimensional glow to make your lips stand out.<\/p>\n<p>Why you&#8217;ll love it:<br \/>\n-Light, non-sticky texture for unparalleled sensuality and maximum comfort<br \/>\n-Perfect on its own or with the pencil, it adds a galaxy of shine when used as a top coat over lipstick<br \/>\n-The precision applicator with flocked tip allows for shimmering touch-ups on the go<\/p>\n<p>INGREDIENTS: DIMER DILINOLEYL DIMER DILINOLEATE, OCTYLDODECANOL, ISOPROPYL PALMITATE, POLYBUTENE, CASTOR OIL\/IPDI COPOLYMER, CALCIUM SODIUM BOROSILICATE, SILICA, CALCIUM ALUMINUM BOROSILICATE, CAPRYLIC\/CAPRIC TRIGLYCERIDE, AROMA (FLAVOR), TIN OXIDE, TOCOPHEROL, OC TYLDODECYL STEAROYL STEARATE, CI 42090 (BLUE 1 LAKE), CI 77891 (TITANIUM DIOXIDE).<\/p>\n<\/div>\n<p>KIKO MILANO Lumiverse My Holo Crush Lipgloss &amp; Coat (01 Starlit Blue Aura)<\/p>\n<p>\u0411\u043b\u0435\u0441\u043a \u0438 \u0442\u043e\u043f\u043e\u0432\u043e\u0435 \u043f\u043e\u043a\u0440\u044b\u0442\u0438\u0435 \u0434\u043b\u044f \u0433\u0443\u0431 \u0441 \u0433\u043e\u043b\u043e\u0433\u0440\u0430\u0444\u0438\u0447\u0435\u0441\u043a\u0438\u043c \u0444\u0438\u043d\u0438\u0448\u0435\u043c. \u041a\u043e\u0433\u0434\u0430 \u0432\u044b \u043d\u0430\u043d\u043e\u0441\u0438\u0442\u0435 \u044d\u0442\u043e\u0442 \u0431\u043b\u0435\u0441\u043a \u0438 \u0443\u043b\u044b\u0431\u0430\u0435\u0442\u0435\u0441\u044c, \u0434\u043b\u044f \u0432\u0430\u0441 \u043d\u0435\u0442 \u043d\u0438\u0447\u0435\u0433\u043e \u043d\u0435\u0432\u043e\u0437\u043c\u043e\u0436\u043d\u043e\u0433\u043e. \u0413\u043e\u043b\u043e\u0433\u0440\u0430\u0444\u0438\u0447\u0435\u0441\u043a\u0438\u0439 \u0444\u0438\u043d\u0438\u0448, \u0430\u0440\u043e\u043c\u0430\u0442 \u0432\u0430\u043d\u0438\u043b\u0438 \u0438 \u043c\u043d\u043e\u0433\u043e\u043c\u0435\u0440\u043d\u043e\u0435 \u0441\u0438\u044f\u043d\u0438\u0435 \u0441\u0434\u0435\u043b\u0430\u044e\u0442 \u0432\u0430\u0448\u0438 \u0433\u0443\u0431\u044b \u0446\u0435\u043d\u0442\u0440\u043e\u043c \u0432\u043d\u0438\u043c\u0430\u043d\u0438\u044f.<\/p>\n<p>\u041f\u043e\u0447\u0435\u043c\u0443 \u043e\u043d \u0432\u0430\u043c \u043f\u043e\u043d\u0440\u0430\u0432\u0438\u0442\u0441\u044f:<br \/>\n\u041b\u0435\u0433\u043a\u0430\u044f \u043d\u0435\u043b\u0438\u043f\u043a\u0430\u044f \u0442\u0435\u043a\u0441\u0442\u0443\u0440\u0430 \u0434\u0430\u0440\u0438\u0442 \u043d\u0435\u0432\u0435\u0440\u043e\u044f\u0442\u043d\u044b\u0439 \u043a\u043e\u043c\u0444\u043e\u0440\u0442 \u0438 \u0447\u0443\u0432\u0441\u0442\u0432\u0435\u043d\u043d\u043e\u0441\u0442\u044c \u043f\u0440\u0438 \u043a\u0430\u0436\u0434\u043e\u043c \u043d\u0430\u043d\u0435\u0441\u0435\u043d\u0438\u0438.<br \/>\n\u0423\u043d\u0438\u0432\u0435\u0440\u0441\u0430\u043b\u044c\u043d\u043e\u0441\u0442\u044c: \u0438\u0434\u0435\u0430\u043b\u0435\u043d \u043a\u0430\u043a \u0441\u0430\u043c\u043e\u0441\u0442\u043e\u044f\u0442\u0435\u043b\u044c\u043d\u043e\u0435 \u0441\u0440\u0435\u0434\u0441\u0442\u0432\u043e \u0438\u043b\u0438 \u0432 \u0441\u043e\u0447\u0435\u0442\u0430\u043d\u0438\u0438 \u0441 \u043a\u0430\u0440\u0430\u043d\u0434\u0430\u0448\u043e\u043c, \u0430 \u043f\u0440\u0438 \u043d\u0430\u043d\u0435\u0441\u0435\u043d\u0438\u0438 \u043f\u043e\u0432\u0435\u0440\u0445 \u043f\u043e\u043c\u0430\u0434\u044b \u0441\u043e\u0437\u0434\u0430\u0435\u0442 \u044d\u0444\u0444\u0435\u043a\u0442 \u00ab\u0433\u0430\u043b\u0430\u043a\u0442\u0438\u0447\u0435\u0441\u043a\u043e\u0433\u043e\u00bb \u0441\u0438\u044f\u043d\u0438\u044f.<br \/>\n\u0423\u0434\u043e\u0431\u043d\u044b\u0439 \u0430\u043f\u043f\u043b\u0438\u043a\u0430\u0442\u043e\u0440 \u0441 \u043c\u044f\u0433\u043a\u0438\u043c \u043d\u0430\u043a\u043e\u043d\u0435\u0447\u043d\u0438\u043a\u043e\u043c \u043f\u043e\u0437\u0432\u043e\u043b\u044f\u0435\u0442 \u0430\u043a\u043a\u0443\u0440\u0430\u0442\u043d\u043e \u043e\u0431\u043d\u043e\u0432\u043b\u044f\u0442\u044c \u043c\u0430\u043a\u0438\u044f\u0436 \u0432 \u0442\u0435\u0447\u0435\u043d\u0438\u0435 \u0434\u043d\u044f.<\/p>\n<\/details>\n","protected":false},"featured_media":26939,"template":"","meta":{"jetpack_publicize_message":"","jetpack_publicize_feature_enabled":true,"jetpack_social_post_already_shared":true,"jetpack_social_options":{"image_generator_settings":{"template":"highway","default_image_id":0,"font":"","enabled":false},"version":2}},"product_brand":[],"product_cat":[911,988,986,973,340],"product_tag":[],"class_list":{"0":"post-26924","1":"product","2":"type-product","3":"status-publish","4":"has-post-thumbnail","6":"product_cat-huuled","7":"product_cat-lip-gloss","8":"product_cat-kiko-lips","9":"product_cat-makeup","10":"product_cat-kiko-milano","11":"pa_varv-47-white-unicorn","12":"pa_varv-48-pink-metaverse","13":"pa_varv-49-rose-in-the-house","14":"pa_varv-50-sparkling-mauv","15":"pa_varv-51-frozen-light-blue","17":"first","18":"instock","19":"sale","20":"shipping-taxable","21":"purchasable","22":"product-type-simple"},"jetpack_publicize_connections":[],"jetpack_sharing_enabled":true,"jetpack_likes_enabled":true,"_links":{"self":[{"href":"https:\/\/superstore.ee\/index.php\/wp-json\/wp\/v2\/product\/26924","targetHints":{"allow":["GET"]}}],"collection":[{"href":"https:\/\/superstore.ee\/index.php\/wp-json\/wp\/v2\/product"}],"about":[{"href":"https:\/\/superstore.ee\/index.php\/wp-json\/wp\/v2\/types\/product"}],"wp:featuredmedia":[{"embeddable":true,"href":"https:\/\/superstore.ee\/index.php\/wp-json\/wp\/v2\/media\/26939"}],"wp:attachment":[{"href":"https:\/\/superstore.ee\/index.php\/wp-json\/wp\/v2\/media?parent=26924"}],"wp:term":[{"taxonomy":"product_brand","embeddable":true,"href":"https:\/\/superstore.ee\/index.php\/wp-json\/wp\/v2\/product_brand?post=26924"},{"taxonomy":"product_cat","embeddable":true,"href":"https:\/\/superstore.ee\/index.php\/wp-json\/wp\/v2\/product_cat?post=26924"},{"taxonomy":"product_tag","embeddable":true,"href":"https:\/\/superstore.ee\/index.php\/wp-json\/wp\/v2\/product_tag?post=26924"}],"curies":[{"name":"wp","href":"https:\/\/api.w.org\/{rel}","templated":true}]}}