{"id":27045,"date":"2026-03-03T19:24:00","date_gmt":"2026-03-03T17:24:00","guid":{"rendered":"https:\/\/superstore.ee\/?post_type=product&#038;p=27045"},"modified":"2026-03-22T15:15:20","modified_gmt":"2026-03-22T13:15:20","slug":"kiko-milano-snow-kissed-holiday-timeless-look-makeup-gift-set","status":"publish","type":"product","link":"https:\/\/superstore.ee\/index.php\/toode\/kiko-milano-snow-kissed-holiday-timeless-look-makeup-gift-set\/","title":{"rendered":"KIKO MILANO Snow-Kissed Holiday Timeless Look Makeup Gift Set"},"content":{"rendered":"","protected":false},"excerpt":{"rendered":"<p>KIKO MILANO Snow-Kissed Holiday Timeless Look kinkekomplekt<\/p>\n<p>Meigikomplekt silmadele ja huultele: vol\u00fc\u00fcmi andev ripsmetu\u0161\u0161, silmapliiats, lauv\u00e4rvipalett, huulel\u00e4ige ja huulepulk. K\u00f5ik see on pakendatud elegantsesse kinkekarpi.<\/p>\n<p><strong>KOMPLEKT SISALDAB:<\/strong><\/p>\n<ol>\n<li><strong>Maxi Mod Mascara<\/strong><br \/>\nIkooniline ripsmetu\u0161\u0161 mini-harjasega, mis ulatub ka k\u00f5ige l\u00fchemate ripsmeteni, pakkudes neile uskumatut vol\u00fc\u00fcmi ja t\u00e4psust.<\/li>\n<li><strong>Glamour Multi Finish Eyeshadow Palette (toon 01)<\/strong><br \/>\nLauv\u00e4rvipalett 9 pigmenteeritud\u00a0tooniga. Kombineeri sametisi ja metallik-viimistlusi magnetilise s\u00e4ra saavutamiseks.<\/li>\n<li><strong>Unlimited Automatic Eyeliner &amp; Khol (toon 16)<\/strong><br \/>\nS\u00fcsimust ja veekindel automaatne silmapliiats, mis p\u00fcsib kuni 24 tundi. \u00dclisujuv pealekandmine ja kerge hajutatavus lummava pilgu jaoks.<\/li>\n<li><strong>Unlimited Stylo (06 Warm Rose)<\/strong><br \/>\nKreemjas ja kauap\u00fcsiv (kuni 12 tundi) huulepulk, mis katab huuled \u00fchtlase ja sametise kihiga. Sisaldab toitvate koostisosade segu.<\/li>\n<li><strong>3D Hydra Lipgloss (toon 17)<\/strong><br \/>\nRevolutsiooniline s\u00e4ra ja mugavus. See niisutav huulel\u00e4ige katab huuled puhta valguse ja 3D-efektiga.<\/li>\n<\/ol>\n<p>Ideaalne: Elegantse ja ajatu meigi loomiseks.<\/p>\n<details>\n<summary>Details<\/summary>\n<div translate=\"no\">\n<p>KIKO MILANO Snow-Kissed Holiday Timeless Look Makeup Gift SetA Makeup Gift Set for eyes and lips, featuring volumising mascara, eyeliner, eyeshadow palette, lip &#8230;<\/p>\n<p>A Makeup Gift Set for eyes and lips, featuring volumising mascara, eyeliner, eyeshadow palette, lip gloss and lipstick, all presented in an elegant gift box.<\/p>\n<p>The set contains:<\/p>\n<p>-1x Maxi Mod Mascara An iconic mascara with a mini-tip to reach even the shortest lashes and envelop them with an incredibly volume- and definition-boosting texture.<\/p>\n<p>-1x Glamour Multi Finish Eyeshadow Palette 01 Eye palette with 9 super-pigmented eyeshadows in combinable shades with velvety or metallic finishes, for a magnetic glow.<\/p>\n<p>-1x Unlimited Automatic Eyeliner andamp; Khol 16 Rich, intense black, ultra-smooth strokes, waterproof texture with long-lasting hold of up to 24 hours and amazing blendability for truly enchanting eyes.<\/p>\n<p>-1x Unlimited Stylo (06 Warm Rose), long-lasting* lipstick that enhances the lips and coats your smile with an even, velvety and adherent film. Formulated with a mix of nourishing ingredients, it&#8217;s clinically tested to last up to 12 hours.<\/p>\n<p>-1x 3D Hydra Lipgloss 17 Revolutionary radiance and comfort for the lips. A simply iconic and precious product that moisturises the lips, envelops them and coats them in pure light for a 3D-effect shine.<\/p>\n<p>Perfect for: elegant and timeless looks. The perfect KIKO set to slip under the tree (or in your beauty bag).<\/p>\n<p>INGREDIENTS:<br \/>\nUNLIMITED PRECISION AUTOMATIC EYELINERandKHOL 16 INGREDIENTS: TRIMETHYLSILOXYSILICATE, SYNTHETIC WAX, HYDROGENATED POLYISOBUTENE, HYDR OGENATED POLY(C6-14 OLEFIN), HYDROGENATED POLYDECENE, POLYBUTENE, MICA, ETHYLENE\/PROPYLENE COPOLYMER, COPERNICIA CERIFERA CERA (COPE RNICIA CERIFERA ( CARNAUBA) WAX\/ CIRE DE CARNAUBA), DISTEARDIMONIUM HECTORITE, PROPYLENE CARBONATE, PENTAERYTHRITYL TETRA-DI-T-BUTYL HYDROXYHYDROCINNAMATE, CI 77499 (IRON OXIDES), CI 77266 (NANO) (BLACK 2), CI77510 (FERRIC FERROCYANIDE). MAXI MOD LONG LASTING VOLU MEandDEFINITION MASCARA INGREDIENTS: AQUA (WATER\/EAU), GLYCERYL STEARATE, COPERNICIA CERIFERA CERA (COPERNICIA CERIFERA (CARNAUBA) WAX \/CIRE DE CARNAUBA), RICINUS COMMUNIS SEED OIL (RICINUS COMMUNIS (CASTOR) SEED OIL), ACRYLATES COPOLYMER, VP\/HEXADECENE COPOLYMER, CE TEARYL ALCOHOL, POLYVINYL ALCOHOL, GLYCERIN, CERA MICROCRISTALLINA (MICROCRYSTALLINE WAX\/CIRE MICROCRISTALLINE), C12-16 ALCOHOLS, PH ENOXYETHANOL, BENZYL ALCOHOL, CETETH-10 PHOSPHATE, DICETYL PHOSPHATE, PALMITIC ACID, ETHYLHEXYLGLYCERIN, LECITHIN, SODIUM DEHYDROACE TATE, POTASSIUM SORBATE, SODIUM HYDROXIDE, SODIUM CITRATE, DEHYDROACETIC ACID, ARGANIA SPINOSA KERNEL OIL, TOCOPHEROL, ASCORBYL PALM ITATE, BHT, CITRIC ACID, CI 77499 (IRON OXIDES).3D HYDRA LIPGLOSS 17 INGREDIENTS: POLYBUTENE, OCTYLDODECANOL, SILICA DIMETHYL SILYLA TE, OCTYLDODECYL STEAROYL STEARATE, TRIISODECYL TRIMELLITATE, TRIETHYLHEXANOIN, ISOCETYL STEARATE, DIISOSTEARYL MALATE, SILICA, CALC IUM SODIUM BOROSILICATE, PHENYLPROPYLDIMETHYLSILOXYSILICATE, GLYCERYL BEHENATE\/EICOSADIOATE, MICA, ELAEIS GUINEENSIS OIL (ELAEIS GUI NEENSIS (PALM) OIL), GOSSYPIUM HERBACEUM SEED OIL (GOSSYPIUM HERBACEUM (COTTON) SEED OIL), DIETHYLHEXYL SYRINGYLIDENEMALONATE, BIDEN S PILOSA EXTRACT, PENTAERYTHRITYL TETRAISOSTEARATE, TOCOPHERYL ACETATE, LINUM USITATISSIMUM SEED OIL (LINUM USITATISSIMUM (LINSEED) SEED OIL), ETHYL VANILLIN, CAPRYLIC\/CAPRIC TRIGLYCERIDE, SYNTHETIC FLUORPHLOGOPITE, CALCIUM ALUMINUM BOROSILICATE, TOCOPHEROL, TIN O XIDE. +\/- (MAY CONTAIN): CI 77891 (TITANIUM DIOXIDE), CI 77491- CI 77499 &#8211; CI 77492 (IRON OXIDES), CI 19140 (YELLOW 5 LAKE), CI 1585 0 (RED 6), CI 15850 (RED 7), CI 42090 (BLUE 1 LAKE), CI 45410 (RED 28 LAKE). UNLIMITED STYLO LIPSTICK 06 INGREDIENTS: DIMETHICONE, P HENYL TRIMETHICONE, SYNTHETIC WAX, TRISILOXANE, ISONONYL ISONONANOATE, SYNTHETIC BEESWAX, BIS-HYDROXYETHOXYPROPYL DIMETHICONE\/IPDI C OPOLYMER ETHYLCARBAMATE, SYNTHETIC FLUORPHLOGOPITE, STEARALKONIUM HECTORITE, POLYETHYLENE, DICALCIUM PHOSPHATE, ALCOHOL, COPERNICIA CERIFERA WAX (COPERNICIA CERIFERA (CARNAUBA) WAX), FLAVOR (AROMA), SILICA, AQUA (WATER\/EAU), PENTAERYTHRITYL TETRA-DI-T-BUTYL HYDROX YHYDROCINNAMATE. +\/- (MAY CONTAIN): CI 77891 (TITANIUM DIOXIDE), CI 77491 &#8211; CI 77492 (IRON OXIDES), CI 15850 (RED 6), CI 15850 (RED 7 LAKE), CI 42090 (BLUE 1 LAKE), CI 45410 (RED 28 LAKE), CI 19140 (YELLOW 5 LAKE), CI 15985 (YELLOW 6).<\/p>\n<\/div>\n<p>KIKO MILANO Snow-Kissed Holiday Timeless Look \u043f\u043e\u0434\u0430\u0440\u043e\u0447\u043d\u044b\u0439 \u043d\u0430\u0431\u043e\u0440<\/p>\n<p>\u041d\u0430\u0431\u043e\u0440 \u043a\u043e\u0441\u043c\u0435\u0442\u0438\u043a\u0438 \u0434\u043b\u044f \u0433\u043b\u0430\u0437 \u0438 \u0433\u0443\u0431: \u043e\u0431\u044a\u0435\u043c\u043d\u0430\u044f \u0442\u0443\u0448\u044c, \u043f\u043e\u0434\u0432\u043e\u0434\u043a\u0430, \u043f\u0430\u043b\u0435\u0442\u043a\u0430 \u0442\u0435\u043d\u0435\u0439, \u0431\u043b\u0435\u0441\u043a \u0438 \u043f\u043e\u043c\u0430\u0434\u0430. \u0412\u0441\u0435 \u0441\u0440\u0435\u0434\u0441\u0442\u0432\u0430 \u043f\u0440\u0435\u0434\u0441\u0442\u0430\u0432\u043b\u0435\u043d\u044b \u0432 \u044d\u043b\u0435\u0433\u0430\u043d\u0442\u043d\u043e\u0439 \u043f\u043e\u0434\u0430\u0440\u043e\u0447\u043d\u043e\u0439 \u0443\u043f\u0430\u043a\u043e\u0432\u043a\u0435 \u2014 \u0438\u0434\u0435\u0430\u043b\u044c\u043d\u044b\u0439 \u043f\u043e\u0434\u0430\u0440\u043e\u043a \u043f\u043e\u0434 \u0435\u043b\u043a\u0443 \u0438\u043b\u0438 \u0432 \u0432\u0430\u0448\u0443 \u043a\u043e\u0441\u043c\u0435\u0442\u0438\u0447\u043a\u0443.<\/p>\n<p>\u0412 \u041d\u0410\u0411\u041e\u0420 \u0412\u0425\u041e\u0414\u042f\u0422:<\/p>\n<p>Maxi Mod Mascara<br \/>\n\u041b\u0435\u0433\u0435\u043d\u0434\u0430\u0440\u043d\u0430\u044f \u0442\u0443\u0448\u044c \u0441 \u043c\u0438\u043d\u0438-\u0449\u0435\u0442\u043e\u0447\u043a\u043e\u0439, \u043a\u043e\u0442\u043e\u0440\u0430\u044f \u0437\u0430\u0445\u0432\u0430\u0442\u044b\u0432\u0430\u0435\u0442 \u0434\u0430\u0436\u0435 \u0441\u0430\u043c\u044b\u0435 \u043a\u043e\u0440\u043e\u0442\u043a\u0438\u0435 \u0440\u0435\u0441\u043d\u0438\u0446\u044b, \u043f\u0440\u0438\u0434\u0430\u0432\u0430\u044f \u0438\u043c \u043d\u0435\u0432\u0435\u0440\u043e\u044f\u0442\u043d\u044b\u0439 \u043e\u0431\u044a\u0435\u043c \u0438 \u0440\u0430\u0437\u0434\u0435\u043b\u0435\u043d\u0438\u0435.<\/p>\n<p>Glamour Multi Finish Eyeshadow Palette (\u043e\u0442\u0442\u0435\u043d\u043e\u043a 01)<br \/>\n\u041f\u0430\u043b\u0435\u0442\u043a\u0430 \u0438\u0437 9 \u0432\u044b\u0441\u043e\u043a\u043e\u043f\u0438\u0433\u043c\u0435\u043d\u0442\u0438\u0440\u043e\u0432\u0430\u043d\u043d\u044b\u0445 \u0442\u0435\u043d\u0435\u0439. \u0421\u043e\u0447\u0435\u0442\u0430\u0439\u0442\u0435 \u0431\u0430\u0440\u0445\u0430\u0442\u0438\u0441\u0442\u044b\u0435 \u0438 \u043c\u0435\u0442\u0430\u043b\u043b\u0438\u0447\u0435\u0441\u043a\u0438\u0435 \u0444\u0438\u043d\u0438\u0448\u0438 \u0434\u043b\u044f \u0441\u043e\u0437\u0434\u0430\u043d\u0438\u044f \u043c\u0430\u0433\u043d\u0435\u0442\u0438\u0447\u0435\u0441\u043a\u043e\u0433\u043e \u0432\u0437\u0433\u043b\u044f\u0434\u0430.<\/p>\n<p>Unlimited Automatic Eyeliner &amp; Khol (\u043e\u0442\u0442\u0435\u043d\u043e\u043a 16)<br \/>\n\u041d\u0430\u0441\u044b\u0449\u0435\u043d\u043d\u044b\u0439 \u0447\u0435\u0440\u043d\u044b\u0439 \u0432\u043e\u0434\u043e\u0441\u0442\u043e\u0439\u043a\u0438\u0439 \u043a\u0430\u0440\u0430\u043d\u0434\u0430\u0448 \u0441 \u0432\u044b\u043a\u0440\u0443\u0447\u0438\u0432\u0430\u044e\u0449\u0438\u043c\u0441\u044f \u043c\u0435\u0445\u0430\u043d\u0438\u0437\u043c\u043e\u043c. \u0421\u0442\u043e\u0439\u043a\u043e\u0441\u0442\u044c \u0434\u043e 24 \u0447\u0430\u0441\u043e\u0432 \u0438 \u043b\u0435\u0433\u043a\u0430\u044f \u0440\u0430\u0441\u0442\u0443\u0448\u0435\u0432\u043a\u0430 \u0434\u043b\u044f \u0447\u0430\u0440\u0443\u044e\u0449\u0435\u0433\u043e \u043c\u0430\u043a\u0438\u044f\u0436\u0430 \u0433\u043b\u0430\u0437.<\/p>\n<p>Unlimited Stylo (06 Warm Rose)<br \/>\n\u041a\u0440\u0435\u043c\u043e\u0432\u0430\u044f \u0441\u0442\u043e\u0439\u043a\u0430\u044f \u043f\u043e\u043c\u0430\u0434\u0430, \u043a\u043e\u0442\u043e\u0440\u0430\u044f \u043b\u043e\u0436\u0438\u0442\u0441\u044f \u0440\u043e\u0432\u043d\u044b\u043c \u0431\u0430\u0440\u0445\u0430\u0442\u0438\u0441\u0442\u044b\u043c \u0441\u043b\u043e\u0435\u043c. \u0424\u043e\u0440\u043c\u0443\u043b\u0430 \u0441 \u043f\u0438\u0442\u0430\u0442\u0435\u043b\u044c\u043d\u044b\u043c\u0438 \u043a\u043e\u043c\u043f\u043e\u043d\u0435\u043d\u0442\u0430\u043c\u0438 \u043f\u0440\u043e\u0442\u0435\u0441\u0442\u0438\u0440\u043e\u0432\u0430\u043d\u0430 \u043d\u0430 \u0441\u0442\u043e\u0439\u043a\u043e\u0441\u0442\u044c \u0434\u043e 12 \u0447\u0430\u0441\u043e\u0432.<\/p>\n<p>3D Hydra Lipgloss (\u043e\u0442\u0442\u0435\u043d\u043e\u043a 17)<br \/>\n\u0420\u0435\u0432\u043e\u043b\u044e\u0446\u0438\u043e\u043d\u043d\u043e\u0435 \u0441\u0438\u044f\u043d\u0438\u0435 \u0438 \u043a\u043e\u043c\u0444\u043e\u0440\u0442. \u042d\u0442\u043e\u0442 \u043a\u0443\u043b\u044c\u0442\u043e\u0432\u044b\u0439 \u0443\u0432\u043b\u0430\u0436\u043d\u044f\u044e\u0449\u0438\u0439 \u0431\u043b\u0435\u0441\u043a \u043e\u0431\u0432\u043e\u043b\u0430\u043a\u0438\u0432\u0430\u0435\u0442 \u0433\u0443\u0431\u044b, \u043f\u0440\u0438\u0434\u0430\u0432\u0430\u044f \u0438\u043c \u043e\u0431\u044a\u0435\u043c\u043d\u044b\u0439 3D-\u044d\u0444\u0444\u0435\u043a\u0442.<\/p>\n<p>\u0418\u0434\u0435\u0430\u043b\u044c\u043d\u043e \u0434\u043b\u044f: \u0421\u043e\u0437\u0434\u0430\u043d\u0438\u044f \u044d\u043b\u0435\u0433\u0430\u043d\u0442\u043d\u044b\u0445 \u0438 \u0432\u043d\u0435\u0432\u0440\u0435\u043c\u0435\u043d\u043d\u044b\u0445 \u043e\u0431\u0440\u0430\u0437\u043e\u0432.<\/p>\n<\/details>\n","protected":false},"featured_media":27048,"template":"","meta":{"jetpack_publicize_message":"","jetpack_publicize_feature_enabled":true,"jetpack_social_post_already_shared":true,"jetpack_social_options":{"image_generator_settings":{"template":"highway","default_image_id":0,"font":"","enabled":false},"version":2}},"product_brand":[],"product_cat":[911,988,987,986,973,340,830,971,983,982,985],"product_tag":[],"class_list":{"0":"post-27045","1":"product","2":"type-product","3":"status-publish","4":"has-post-thumbnail","6":"product_cat-huuled","7":"product_cat-lip-gloss","8":"product_cat-lipstick","9":"product_cat-kiko-lips","10":"product_cat-makeup","11":"product_cat-kiko-milano","12":"product_cat-kingitused","13":"product_cat-sets","14":"product_cat-mascara","15":"product_cat-eyes","16":"product_cat-eyeliner-and-pencil","18":"first","19":"outofstock","20":"sale","21":"shipping-taxable","22":"purchasable","23":"product-type-simple"},"jetpack_publicize_connections":[],"jetpack_sharing_enabled":true,"jetpack_likes_enabled":true,"_links":{"self":[{"href":"https:\/\/superstore.ee\/index.php\/wp-json\/wp\/v2\/product\/27045","targetHints":{"allow":["GET"]}}],"collection":[{"href":"https:\/\/superstore.ee\/index.php\/wp-json\/wp\/v2\/product"}],"about":[{"href":"https:\/\/superstore.ee\/index.php\/wp-json\/wp\/v2\/types\/product"}],"wp:featuredmedia":[{"embeddable":true,"href":"https:\/\/superstore.ee\/index.php\/wp-json\/wp\/v2\/media\/27048"}],"wp:attachment":[{"href":"https:\/\/superstore.ee\/index.php\/wp-json\/wp\/v2\/media?parent=27045"}],"wp:term":[{"taxonomy":"product_brand","embeddable":true,"href":"https:\/\/superstore.ee\/index.php\/wp-json\/wp\/v2\/product_brand?post=27045"},{"taxonomy":"product_cat","embeddable":true,"href":"https:\/\/superstore.ee\/index.php\/wp-json\/wp\/v2\/product_cat?post=27045"},{"taxonomy":"product_tag","embeddable":true,"href":"https:\/\/superstore.ee\/index.php\/wp-json\/wp\/v2\/product_tag?post=27045"}],"curies":[{"name":"wp","href":"https:\/\/api.w.org\/{rel}","templated":true}]}}