{"id":27285,"date":"2026-05-04T15:37:47","date_gmt":"2026-05-04T12:37:47","guid":{"rendered":"https:\/\/superstore.ee\/?post_type=product&#038;p=27285"},"modified":"2026-05-04T16:08:32","modified_gmt":"2026-05-04T13:08:32","slug":"victorias-secret-pure-seduction-intense-fragrance-mist","status":"publish","type":"product","link":"https:\/\/superstore.ee\/index.php\/toode\/victorias-secret-pure-seduction-intense-fragrance-mist\/","title":{"rendered":"Victoria\u2019s Secret Pure Seduction Intense Fragrance Mist"},"content":{"rendered":"","protected":false},"excerpt":{"rendered":"<p>Victoria\u2019s Secret Pure Seduction Intense kehasprei (250 ml)<\/p>\n<p>Puuviljane ja ere. Ahvatlev kooslus: ikooniline Pure Seduction l\u00f5hn veelgi intensiivsemas versioonis. See kerge kehasprei v\u00e4rskendab nahka ja j\u00e4tab sellele lummava ning p\u00fcsiva aroomi.<\/p>\n<p><strong>L\u00f5hnat\u00fc\u00fcp<\/strong>: Puuviljane<\/p>\n<p><strong>Tipunoodid<\/strong>: apelsin, passionivili, kassaaba melon, ploom<\/p>\n<p><strong>S\u00fcdamenoodid<\/strong>: jasmiini\u00f5ied, ts\u00fcklamen, freesia<\/p>\n<p><strong>P\u00f5hjanoodid<\/strong>: pralinee, muskus, mandel<\/p>\n<details>\n<summary>Details<\/summary>\n<div translate=\"no\">\n<p>Pure Seduction Intense Fragrance Mist &#8211; Body Fragrance<\/p>\n<p>An enticing infusion: Our iconic Pure Seduction scent, amplified.<\/p>\n<p>Fragrance type: Fruity Fruity<\/p>\n<p>Top: Orange, Passionfruit, Casaba Melon, Plum<\/p>\n<p>Heart: Jasmine Petals, Cyclamen, Freesia<\/p>\n<p>Base: Praline, Musk, Almond<\/p>\n<p>250 ml\/8.4 fl oz.<\/p>\n<p>Domestic<\/p>\n<p>INGREDIENTS:<br \/>\nAlcohol Denat., Water (Aqua, Eau), Fragrance (Parfum), Propylene Glycol, Glycerin, PPG-26-Buteth-26, PEG-40 Hydrogenated Castor Oil, Ethylhexyl Methoxycinnamate, Butyl Methoxydibenzoylmethane, Ethylhexyl Salicylate, Tetramethyl acetyloctahydronaphthalenes, Linalool, Limonene, Hydroxycitronellal, Dimethyl Phenethyl Acetate, Benzyl Salicylate, Coumarin, Pinene, Citronellol, Geraniol, Rose Ketones<\/p>\n<\/div>\n<p>Victoria\u2019s Secret Pure Seduction Intense \u043f\u0430\u0440\u0444\u044e\u043c\u0438\u0440\u043e\u0432\u0430\u043d\u043d\u044b\u0439 \u043c\u0438\u0441\u0442<\/p>\n<p>\u0424\u0440\u0443\u043a\u0442\u043e\u0432\u044b\u0439 \u0438 \u044f\u0440\u043a\u0438\u0439. \u0421\u043e\u0431\u043b\u0430\u0437\u043d\u0438\u0442\u0435\u043b\u044c\u043d\u044b\u0439 \u043c\u0438\u043a\u0441: \u043d\u0430\u0448 \u043b\u0435\u0433\u0435\u043d\u0434\u0430\u0440\u043d\u044b\u0439 \u0430\u0440\u043e\u043c\u0430\u0442 Pure Seduction \u0432 \u0435\u0449\u0435 \u0431\u043e\u043b\u0435\u0435 \u043d\u0430\u0441\u044b\u0449\u0435\u043d\u043d\u043e\u043c \u0438 \u0433\u043b\u0443\u0431\u043e\u043a\u043e\u043c \u0438\u0441\u043f\u043e\u043b\u043d\u0435\u043d\u0438\u0438. \u042d\u0442\u043e\u0442 \u043b\u0435\u0433\u043a\u0438\u0439 \u043c\u0438\u0441\u0442 \u043c\u0433\u043d\u043e\u0432\u0435\u043d\u043d\u043e \u043e\u0441\u0432\u0435\u0436\u0430\u0435\u0442 \u043a\u043e\u0436\u0443 \u0438 \u043e\u0441\u0442\u0430\u0432\u043b\u044f\u0435\u0442 \u043d\u0430 \u043d\u0435\u0439 \u0441\u0442\u043e\u0439\u043a\u0438\u0439, \u043f\u0440\u0438\u0442\u044f\u0433\u0430\u0442\u0435\u043b\u044c\u043d\u044b\u0439 \u0430\u0440\u043e\u043c\u0430\u0442.<\/p>\n<p>\u0422\u0438\u043f \u0430\u0440\u043e\u043c\u0430\u0442\u0430: \u0424\u0440\u0443\u043a\u0442\u043e\u0432\u044b\u0439<\/p>\n<p>\u0412\u0435\u0440\u0445\u043d\u0438\u0435 \u043d\u043e\u0442\u044b: \u0430\u043f\u0435\u043b\u044c\u0441\u0438\u043d, \u043c\u0430\u0440\u0430\u043a\u0443\u0439\u044f, \u0434\u044b\u043d\u044f \u043a\u0430\u0441\u0430\u0431\u0430, \u0441\u043b\u0438\u0432\u0430<\/p>\n<p>\u041d\u043e\u0442\u044b \u0441\u0435\u0440\u0434\u0446\u0430: \u043b\u0435\u043f\u0435\u0441\u0442\u043a\u0438 \u0436\u0430\u0441\u043c\u0438\u043d\u0430, \u0446\u0438\u043a\u043b\u0430\u043c\u0435\u043d, \u0444\u0440\u0435\u0437\u0438\u044f<\/p>\n<p>\u0411\u0430\u0437\u043e\u0432\u044b\u0435 \u043d\u043e\u0442\u044b: \u043f\u0440\u0430\u043b\u0438\u043d\u0435, \u043c\u0443\u0441\u043a\u0443\u0441, \u043c\u0438\u043d\u0434\u0430\u043b\u044c<\/p>\n<\/details>\n","protected":false},"featured_media":27304,"template":"","meta":{"jetpack_publicize_message":"","jetpack_publicize_feature_enabled":true,"jetpack_social_post_already_shared":true,"jetpack_social_options":{"image_generator_settings":{"template":"highway","default_image_id":0,"font":"","enabled":false},"version":2}},"product_brand":[],"product_cat":[927,910,341],"product_tag":[],"class_list":{"0":"post-27285","1":"product","2":"type-product","3":"status-publish","4":"has-post-thumbnail","6":"product_cat-victorias-secret-body-mists","7":"product_cat-kehaspreid","8":"product_cat-victorias-secret","9":"pa_suurus-10-ml-tester","10":"pa_suurus-2-ml-tester","11":"pa_suurus-250-ml-full-size","12":"pa_suurus-30-ml-tester","14":"first","15":"instock","16":"sale","17":"shipping-taxable","18":"purchasable","19":"product-type-simple"},"jetpack_publicize_connections":[],"jetpack_sharing_enabled":true,"jetpack_likes_enabled":true,"_links":{"self":[{"href":"https:\/\/superstore.ee\/index.php\/wp-json\/wp\/v2\/product\/27285","targetHints":{"allow":["GET"]}}],"collection":[{"href":"https:\/\/superstore.ee\/index.php\/wp-json\/wp\/v2\/product"}],"about":[{"href":"https:\/\/superstore.ee\/index.php\/wp-json\/wp\/v2\/types\/product"}],"wp:featuredmedia":[{"embeddable":true,"href":"https:\/\/superstore.ee\/index.php\/wp-json\/wp\/v2\/media\/27304"}],"wp:attachment":[{"href":"https:\/\/superstore.ee\/index.php\/wp-json\/wp\/v2\/media?parent=27285"}],"wp:term":[{"taxonomy":"product_brand","embeddable":true,"href":"https:\/\/superstore.ee\/index.php\/wp-json\/wp\/v2\/product_brand?post=27285"},{"taxonomy":"product_cat","embeddable":true,"href":"https:\/\/superstore.ee\/index.php\/wp-json\/wp\/v2\/product_cat?post=27285"},{"taxonomy":"product_tag","embeddable":true,"href":"https:\/\/superstore.ee\/index.php\/wp-json\/wp\/v2\/product_tag?post=27285"}],"curies":[{"name":"wp","href":"https:\/\/api.w.org\/{rel}","templated":true}]}}