{"id":27305,"date":"2026-05-04T16:07:37","date_gmt":"2026-05-04T13:07:37","guid":{"rendered":"https:\/\/superstore.ee\/?post_type=product&#038;p=27305"},"modified":"2026-05-05T12:49:11","modified_gmt":"2026-05-05T09:49:11","slug":"victorias-secret-love-spell-intense-fragrance-lotion","status":"publish","type":"product","link":"https:\/\/superstore.ee\/index.php\/toode\/victorias-secret-love-spell-intense-fragrance-lotion\/","title":{"rendered":"Victoria\u2019s Secret Love Spell Intense Fragrance Lotion"},"content":{"rendered":"","protected":false},"excerpt":{"rendered":"<p>Victoria\u2019s Secret Love Spell Intense l\u00f5hnastatud kehakreem (236 ml)<\/p>\n<p>Puuviljane ja lilleline. Lummav puhang: ikooniline Love Spell l\u00f5hn veelgi intensiivsemas versioonis. See pehmendav kehakreem niisutab nahka s\u00fcgavuti, j\u00e4ttes selle k\u00fctkestavalt l\u00f5hnavaks ja sametiseks.<\/p>\n<p><strong>L\u00f5hnat\u00fc\u00fcp<\/strong>: Puuviljane lilleline<\/p>\n<p><strong>Tipunoodid<\/strong>: Red Velvet \u00f5un, virsikunehtar, suhkrustatud sidrunitilk<\/p>\n<p><strong>S\u00fcdamenoodid<\/strong>: kuldne kirsii\u00f5is, valge jasmiin, tamarindi\u00f5is<\/p>\n<p><strong>P\u00f5hjanoodid<\/strong>: vaarikakreem, soe vanillipuit, aprikoosimuskus<\/p>\n<p>Maht: 236 ml<\/p>\n<details>\n<summary>Details<\/summary>\n<div translate=\"no\">Love spell Intense Fragrance Lotion &#8211; Body Fragrance<br \/>\nFragrance type: Fruity FloralNotes<br \/>\nTop: Red Velvet Apple, Peach Nectar, Sugared Lemon Drop<br \/>\nHeart: Gilded Cherry Blossom, White Jasmine, Tamarind Flower<br \/>\nBase: Raspberry Cream, Vanilla Woods, Apricot Musk<\/p>\n<p>236 ml\/8 oz.<br \/>\nDomestic<\/p>\n<p>INGREDIENTS:<br \/>\nWater (Aqua, Eau), Mineral Oil (Paraffinum Liquidum, Huile min\u00e9rale), Glycerin, Fragrance (Parfum), Cetyl Alcohol, Glyceryl Stearate, PEG-100 Stearate, Palmitic Acid, Stearic Acid, Phenoxyethanol, Dimethicone, Acrylates\/C10-30 Alkyl Acrylate Crosspolymer, Potassium Sorbate, Xanthan Gum, Chlorphenesin, Sodium Hydroxide, Ethylhexylglycerin, Disodium EDTA, Tocopheryl Acetate, Aloe Barbadensis Leaf Juice, Hexamethylindanopyran, Limonene, Citrus Aurantium Peel Oil, Vanillin, Citrus Limon Peel Oil, Hexyl Cinnamal, Linalool, Coumarin, Linalyl acetate, Pinene, Rose Ketones<\/p>\n<\/div>\n<p>Victoria\u2019s Secret Love Spell Intense \u043f\u0430\u0440\u0444\u044e\u043c\u0438\u0440\u043e\u0432\u0430\u043d\u043d\u044b\u0439 \u043a\u0440\u0435\u043c \u0434\u043b\u044f \u0442\u0435\u043b\u0430 (236 \u043c\u043b)<\/p>\n<p>\u0424\u0440\u0443\u043a\u0442\u043e\u0432\u044b\u0439 \u0438 \u0446\u0432\u0435\u0442\u043e\u0447\u043d\u044b\u0439. \u0417\u0430\u0432\u043e\u0440\u0430\u0436\u0438\u0432\u0430\u044e\u0449\u0438\u0439 \u0432\u0437\u0440\u044b\u0432: \u043b\u0435\u0433\u0435\u043d\u0434\u0430\u0440\u043d\u044b\u0439 \u0430\u0440\u043e\u043c\u0430\u0442 Love Spell \u0432 \u0435\u0449\u0435 \u0431\u043e\u043b\u0435\u0435 \u043d\u0430\u0441\u044b\u0449\u0435\u043d\u043d\u043e\u043c \u0438 \u0433\u043b\u0443\u0431\u043e\u043a\u043e\u043c \u0438\u0441\u043f\u043e\u043b\u043d\u0435\u043d\u0438\u0438. \u042d\u0442\u043e\u0442 \u043a\u0440\u0435\u043c \u0438\u043d\u0442\u0435\u043d\u0441\u0438\u0432\u043d\u043e \u0443\u0432\u043b\u0430\u0436\u043d\u044f\u0435\u0442 \u043a\u043e\u0436\u0443 \u0438 \u043e\u043a\u0443\u0442\u044b\u0432\u0430\u0435\u0442 \u0435\u0435 \u0441\u0442\u043e\u0439\u043a\u0438\u043c, \u043f\u0440\u0438\u0442\u044f\u0433\u0430\u0442\u0435\u043b\u044c\u043d\u044b\u043c \u0448\u043b\u0435\u0439\u0444\u043e\u043c.<\/p>\n<p>\u0422\u0438\u043f \u0430\u0440\u043e\u043c\u0430\u0442\u0430: \u0424\u0440\u0443\u043a\u0442\u043e\u0432\u043e-\u0446\u0432\u0435\u0442\u043e\u0447\u043d\u044b\u0439<br \/>\n\u0412\u0435\u0440\u0445\u043d\u0438\u0435 \u043d\u043e\u0442\u044b: \u044f\u0431\u043b\u043e\u043a\u043e \u00ab\u041a\u0440\u0430\u0441\u043d\u044b\u0439 \u0431\u0430\u0440\u0445\u0430\u0442\u00bb, \u043f\u0435\u0440\u0441\u0438\u043a\u043e\u0432\u044b\u0439 \u043d\u0435\u043a\u0442\u0430\u0440, \u0437\u0430\u0441\u0430\u0445\u0430\u0440\u0435\u043d\u043d\u044b\u0439 \u043b\u0438\u043c\u043e\u043d<br \/>\n\u041d\u043e\u0442\u044b \u0441\u0435\u0440\u0434\u0446\u0430: \u0437\u043e\u043b\u043e\u0442\u0438\u0441\u0442\u044b\u0439 \u0446\u0432\u0435\u0442 \u0432\u0438\u0448\u043d\u0438, \u0431\u0435\u043b\u044b\u0439 \u0436\u0430\u0441\u043c\u0438\u043d, \u0446\u0432\u0435\u0442\u043e\u043a \u0442\u0430\u043c\u0430\u0440\u0438\u043d\u0434\u0430<br \/>\n\u0411\u0430\u0437\u043e\u0432\u044b\u0435 \u043d\u043e\u0442\u044b: \u043c\u0430\u043b\u0438\u043d\u043e\u0432\u044b\u0439 \u043a\u0440\u0435\u043c, \u0432\u0430\u043d\u0438\u043b\u044c\u043d\u043e\u0435 \u0434\u0435\u0440\u0435\u0432\u043e, \u0430\u0431\u0440\u0438\u043a\u043e\u0441\u043e\u0432\u044b\u0439 \u043c\u0443\u0441\u043a\u0443\u0441<\/p>\n<\/details>\n","protected":false},"featured_media":27317,"template":"","meta":{"jetpack_publicize_message":"","jetpack_publicize_feature_enabled":true,"jetpack_social_post_already_shared":true,"jetpack_social_options":{"image_generator_settings":{"template":"highway","default_image_id":0,"font":"","enabled":false},"version":2}},"product_brand":[],"product_cat":[926,912,341],"product_tag":[],"class_list":{"0":"post-27305","1":"product","2":"type-product","3":"status-publish","4":"has-post-thumbnail","6":"product_cat-victorias-secret-body-lotions","7":"product_cat-nahahooldus","8":"product_cat-victorias-secret","9":"pa_suurus-10-ml-tester","10":"pa_suurus-2-ml-tester","11":"pa_suurus-250-ml-full-size","12":"pa_suurus-30-ml-tester","14":"first","15":"instock","16":"sale","17":"shipping-taxable","18":"purchasable","19":"product-type-simple"},"jetpack_publicize_connections":[],"jetpack_sharing_enabled":true,"jetpack_likes_enabled":true,"_links":{"self":[{"href":"https:\/\/superstore.ee\/index.php\/wp-json\/wp\/v2\/product\/27305","targetHints":{"allow":["GET"]}}],"collection":[{"href":"https:\/\/superstore.ee\/index.php\/wp-json\/wp\/v2\/product"}],"about":[{"href":"https:\/\/superstore.ee\/index.php\/wp-json\/wp\/v2\/types\/product"}],"wp:featuredmedia":[{"embeddable":true,"href":"https:\/\/superstore.ee\/index.php\/wp-json\/wp\/v2\/media\/27317"}],"wp:attachment":[{"href":"https:\/\/superstore.ee\/index.php\/wp-json\/wp\/v2\/media?parent=27305"}],"wp:term":[{"taxonomy":"product_brand","embeddable":true,"href":"https:\/\/superstore.ee\/index.php\/wp-json\/wp\/v2\/product_brand?post=27305"},{"taxonomy":"product_cat","embeddable":true,"href":"https:\/\/superstore.ee\/index.php\/wp-json\/wp\/v2\/product_cat?post=27305"},{"taxonomy":"product_tag","embeddable":true,"href":"https:\/\/superstore.ee\/index.php\/wp-json\/wp\/v2\/product_tag?post=27305"}],"curies":[{"name":"wp","href":"https:\/\/api.w.org\/{rel}","templated":true}]}}