{"id":27311,"date":"2026-05-05T12:04:54","date_gmt":"2026-05-05T09:04:54","guid":{"rendered":"https:\/\/superstore.ee\/?post_type=product&#038;p=27311"},"modified":"2026-05-05T12:39:34","modified_gmt":"2026-05-05T09:39:34","slug":"victorias-secret-velvet-petals-intense-fragrance-lotion","status":"publish","type":"product","link":"https:\/\/superstore.ee\/index.php\/toode\/victorias-secret-velvet-petals-intense-fragrance-lotion\/","title":{"rendered":"Victoria\u2019s Secret Velvet Petals Intense Fragrance Lotion"},"content":{"rendered":"","protected":false},"excerpt":{"rendered":"<p>Victoria\u2019s Secret Velvet Petals Intense l\u00f5hnastatud kehakreem (236 ml)<\/p>\n<p>Puuviljane ja magus. Vastupandamatu nauding: ikooniline Velvet Petals l\u00f5hn veelgi intensiivsemas versioonis. See s\u00fcgavniisutav kehakreem pehmendab nahka ja j\u00e4tab sellele luksusliku ning sooja aroomi.<\/p>\n<p><strong>L\u00f5hnat\u00fc\u00fcp<\/strong>: Lilleline ja magus<\/p>\n<p><strong>Tipunoodid<\/strong>: k\u00fcpsed marjad, vaarikanehtar, s\u00e4rav mandariin<\/p>\n<p><strong>S\u00fcdamenoodid<\/strong>: mandlipiim, kookoslaastud, jasmiini\u00f5ied<\/p>\n<p><strong>P\u00f5hjanoodid<\/strong>: kuldne merevaik, kreemjas sandlipuu, soe sammal<\/p>\n<details>\n<summary>Details<\/summary>\n<div translate=\"no\">\n<p>Velvet Petals Intense Fragrance Lotion &#8211; Body Fragrance Fruity &amp; gourmand.<\/p>\n<p>An irresistible treat: Our iconic Velvet Petals scent, amplified.<\/p>\n<p>Fragrance type: Floral Gourmand<\/p>\n<p>Notes<br \/>\nTop: Ripe Berries, Raspberry Nectar, Bright Mandarin<br \/>\nHeart: Almond Milk, Shaved Coconut, Jasmine Petals<br \/>\nBase: Golden Amber, Creamy Sandalwood, Warm Moss<\/p>\n<p>236 ml\/8 oz.<br \/>\nDomestic<\/p>\n<p>INGREDIENTS:<br \/>\nWater (Aqua, Eau), Mineral Oil (Paraffinum Liquidum, Huile min\u00e9rale), Glycerin, Cetyl Alcohol, Fragrance (Parfum), Glyceryl Stearate, PEG-100 Stearate, Palmitic Acid, Stearic Acid, Phenoxyethanol, Dimethicone, Acrylates\/C10-30 Alkyl Acrylate Crosspolymer, Potassium Sorbate, Xanthan Gum, Chlorphenesin, Sodium Hydroxide, Ethylhexylglycerin, Disodium EDTA, Tocopheryl Acetate, Aloe Barbadensis Leaf Juice, Tetramethyl acetyloctahydronaphthalenes, Benzaldehyde, Rose Ketones<\/p>\n<\/div>\n<p>Victoria\u2019s Secret Velvet Petals Intense \u043f\u0430\u0440\u0444\u044e\u043c\u0438\u0440\u043e\u0432\u0430\u043d\u043d\u044b\u0439 \u043a\u0440\u0435\u043c \u0434\u043b\u044f \u0442\u0435\u043b\u0430 (236 \u043c\u043b)<\/p>\n<p>\u0424\u0440\u0443\u043a\u0442\u043e\u0432\u044b\u0439 \u0438 \u0433\u0443\u0440\u043c\u0430\u043d\u0441\u043a\u0438\u0439. \u041d\u0435\u043f\u0440\u0435\u0432\u0437\u043e\u0439\u0434\u0435\u043d\u043d\u043e\u0435 \u043d\u0430\u0441\u043b\u0430\u0436\u0434\u0435\u043d\u0438\u0435: \u043b\u0435\u0433\u0435\u043d\u0434\u0430\u0440\u043d\u044b\u0439 \u0430\u0440\u043e\u043c\u0430\u0442 Velvet Petals \u0432 \u0435\u0449\u0435 \u0431\u043e\u043b\u0435\u0435 \u0433\u043b\u0443\u0431\u043e\u043a\u043e\u043c \u0438 \u043d\u0430\u0441\u044b\u0449\u0435\u043d\u043d\u043e\u043c \u0438\u0441\u043f\u043e\u043b\u043d\u0435\u043d\u0438\u0438. \u042d\u0442\u043e\u0442 \u043a\u0440\u0435\u043c \u0438\u043d\u0442\u0435\u043d\u0441\u0438\u0432\u043d\u043e \u0443\u0432\u043b\u0430\u0436\u043d\u044f\u0435\u0442 \u043a\u043e\u0436\u0443, \u0434\u0435\u043b\u0430\u044f \u0435\u0435 \u043c\u044f\u0433\u043a\u043e\u0439 \u0438 \u043e\u043a\u0443\u0442\u044b\u0432\u0430\u044f \u0441\u0442\u043e\u0439\u043a\u0438\u043c \u0442\u0435\u043f\u043b\u044b\u043c \u0448\u043b\u0435\u0439\u0444\u043e\u043c.<\/p>\n<p>\u0422\u0438\u043f \u0430\u0440\u043e\u043c\u0430\u0442\u0430: \u0426\u0432\u0435\u0442\u043e\u0447\u043d\u044b\u0439 \u0433\u0443\u0440\u043c\u0430\u043d\u0441\u043a\u0438\u0439<br \/>\n\u0412\u0435\u0440\u0445\u043d\u0438\u0435 \u043d\u043e\u0442\u044b: \u0441\u043f\u0435\u043b\u044b\u0435 \u044f\u0433\u043e\u0434\u044b, \u043c\u0430\u043b\u0438\u043d\u043e\u0432\u044b\u0439 \u043d\u0435\u043a\u0442\u0430\u0440, \u044f\u0440\u043a\u0438\u0439 \u043c\u0430\u043d\u0434\u0430\u0440\u0438\u043d<br \/>\n\u041d\u043e\u0442\u044b \u0441\u0435\u0440\u0434\u0446\u0430: \u043c\u0438\u043d\u0434\u0430\u043b\u044c\u043d\u043e\u0435 \u043c\u043e\u043b\u043e\u043a\u043e, \u043a\u043e\u043a\u043e\u0441\u043e\u0432\u0430\u044f \u0441\u0442\u0440\u0443\u0436\u043a\u0430, \u043b\u0435\u043f\u0435\u0441\u0442\u043a\u0438 \u0436\u0430\u0441\u043c\u0438\u043d\u0430<br \/>\n\u0411\u0430\u0437\u043e\u0432\u044b\u0435 \u043d\u043e\u0442\u044b: \u0437\u043e\u043b\u043e\u0442\u0430\u044f \u0430\u043c\u0431\u0440\u0430, \u0441\u043b\u0438\u0432\u043e\u0447\u043d\u044b\u0439 \u0441\u0430\u043d\u0434\u0430\u043b, \u0442\u0435\u043f\u043b\u044b\u0439 \u043c\u043e\u0445<\/p>\n<\/details>\n","protected":false},"featured_media":27314,"template":"","meta":{"jetpack_publicize_message":"","jetpack_publicize_feature_enabled":true,"jetpack_social_post_already_shared":true,"jetpack_social_options":{"image_generator_settings":{"template":"highway","default_image_id":0,"font":"","enabled":false},"version":2}},"product_brand":[],"product_cat":[926,912,341],"product_tag":[],"class_list":{"0":"post-27311","1":"product","2":"type-product","3":"status-publish","4":"has-post-thumbnail","6":"product_cat-victorias-secret-body-lotions","7":"product_cat-nahahooldus","8":"product_cat-victorias-secret","9":"pa_suurus-10-ml-tester","10":"pa_suurus-2-ml-tester","11":"pa_suurus-250-ml-full-size","12":"pa_suurus-30-ml-tester","14":"first","15":"instock","16":"sale","17":"shipping-taxable","18":"purchasable","19":"product-type-simple"},"jetpack_publicize_connections":[],"jetpack_sharing_enabled":true,"jetpack_likes_enabled":true,"_links":{"self":[{"href":"https:\/\/superstore.ee\/index.php\/wp-json\/wp\/v2\/product\/27311","targetHints":{"allow":["GET"]}}],"collection":[{"href":"https:\/\/superstore.ee\/index.php\/wp-json\/wp\/v2\/product"}],"about":[{"href":"https:\/\/superstore.ee\/index.php\/wp-json\/wp\/v2\/types\/product"}],"wp:featuredmedia":[{"embeddable":true,"href":"https:\/\/superstore.ee\/index.php\/wp-json\/wp\/v2\/media\/27314"}],"wp:attachment":[{"href":"https:\/\/superstore.ee\/index.php\/wp-json\/wp\/v2\/media?parent=27311"}],"wp:term":[{"taxonomy":"product_brand","embeddable":true,"href":"https:\/\/superstore.ee\/index.php\/wp-json\/wp\/v2\/product_brand?post=27311"},{"taxonomy":"product_cat","embeddable":true,"href":"https:\/\/superstore.ee\/index.php\/wp-json\/wp\/v2\/product_cat?post=27311"},{"taxonomy":"product_tag","embeddable":true,"href":"https:\/\/superstore.ee\/index.php\/wp-json\/wp\/v2\/product_tag?post=27311"}],"curies":[{"name":"wp","href":"https:\/\/api.w.org\/{rel}","templated":true}]}}