{"id":27320,"date":"2026-05-05T13:59:44","date_gmt":"2026-05-05T10:59:44","guid":{"rendered":"https:\/\/superstore.ee\/?post_type=product&#038;p=27320"},"modified":"2026-05-05T14:25:52","modified_gmt":"2026-05-05T11:25:52","slug":"victorias-secret-jasmine-tea-sunrise-fragrance-mist","status":"publish","type":"product","link":"https:\/\/superstore.ee\/index.php\/toode\/victorias-secret-jasmine-tea-sunrise-fragrance-mist\/","title":{"rendered":"Victoria\u2019s Secret Jasmine Tea Sunrise Fragrance Mist"},"content":{"rendered":"","protected":false},"excerpt":{"rendered":"<p>Victoria\u2019s Secret Jasmine Tea Sunrise kehasprei (250 ml)<\/p>\n<p>Maine ja v\u00e4rske. Hobuse aasta auks: rahustav tass teed p\u00e4ikeset\u00f5usu ajal. See v\u00e4rskendav kehasprei on inspireeritud rahulikest hommikutest, j\u00e4ttes nahale puhta ja loodusl\u00e4hedase l\u00f5hna.<\/p>\n<p><strong>L\u00f5hnat\u00fc\u00fcp<\/strong>: V\u00e4rske roheline<\/p>\n<p><strong>Tipunoodid<\/strong>: bergamoti\u00f5is<\/p>\n<p><strong>S\u00fcdamenoodid<\/strong>: jasmiinitee<\/p>\n<p><strong>P\u00f5hjanoodid<\/strong>: v\u00e4rske seedripuu<\/p>\n<details>\n<summary>Details<\/summary>\n<div translate=\"no\">Jasmine Tea Sunrise Fragrance Mist &#8211; Body Fragrance Earthy &amp; fresh.The year of the horse: A peaceful cup of tea at sunrise.<\/p>\n<p>Fragrance type: Fresh Green<\/p>\n<p>Notes: Bergamot Blossom, Jasmine Tea, Fresh Cedarwood<\/p>\n<p>250 ml\/8.4 fl oz.<\/p>\n<p>Domestic<br \/>\nINGREDIENTS:<br \/>\nAlcohol Denat., Water (Aqua, Eau), Fragrance (Parfum), Propylene Glycol, Glycerin, PPG-26-Buteth-26, PEG-40 Hydrogenated Castor Oil, Ethylhexyl Methoxycinnamate, Butyl Methoxydibenzoylmethane, Ethylhexyl Salicylate, Tetramethyl acetyloctahydronaphthalenes, Hexamethylindanopyran, Linalyl acetate, Limonene, Citrus Limon Peel Oil, Linalool, Benzyl Salicylate, Citrus Aurantium Peel Oil, Pinene, Juniperus Virginiana Oil, Geranyl acetate, Citral, Rose Ketones, Beta-Caryophyllene, Geraniol<\/p>\n<\/div>\n<p>Victoria\u2019s Secret Jasmine Tea Sunrise \u043f\u0430\u0440\u0444\u044e\u043c\u0438\u0440\u043e\u0432\u0430\u043d\u043d\u044b\u0439 \u043c\u0438\u0441\u0442 (250 \u043c\u043b)<\/p>\n<p>\u0417\u0435\u043c\u043b\u0438\u0441\u0442\u044b\u0439 \u0438 \u0441\u0432\u0435\u0436\u0438\u0439. \u0412 \u0447\u0435\u0441\u0442\u044c \u0433\u043e\u0434\u0430 \u041b\u043e\u0448\u0430\u0434\u0438: \u0443\u043c\u0438\u0440\u043e\u0442\u0432\u043e\u0440\u044f\u044e\u0449\u0430\u044f \u0447\u0430\u0448\u043a\u0430 \u0447\u0430\u044f \u043d\u0430 \u0440\u0430\u0441\u0441\u0432\u0435\u0442\u0435. \u042d\u0442\u043e\u0442 \u043e\u0441\u0432\u0435\u0436\u0430\u044e\u0449\u0438\u0439 \u043c\u0438\u0441\u0442 \u0434\u0430\u0440\u0438\u0442 \u043e\u0449\u0443\u0449\u0435\u043d\u0438\u0435 \u0441\u043f\u043e\u043a\u043e\u0439\u0441\u0442\u0432\u0438\u044f \u0438 \u0447\u0438\u0441\u0442\u043e\u0442\u044b, \u043e\u0441\u0442\u0430\u0432\u043b\u044f\u044f \u043d\u0430 \u043a\u043e\u0436\u0435 \u043b\u0435\u0433\u043a\u0438\u0439 \u043f\u0440\u0438\u0440\u043e\u0434\u043d\u044b\u0439 \u0430\u0440\u043e\u043c\u0430\u0442.<\/p>\n<p>\u0422\u0438\u043f \u0430\u0440\u043e\u043c\u0430\u0442\u0430: \u0421\u0432\u0435\u0436\u0438\u0439 \u0437\u0435\u043b\u0435\u043d\u044b\u0439<br \/>\n\u0412\u0435\u0440\u0445\u043d\u0438\u0435 \u043d\u043e\u0442\u044b: \u0446\u0432\u0435\u0442\u043a\u0438 \u0431\u0435\u0440\u0433\u0430\u043c\u043e\u0442\u0430<br \/>\n\u041d\u043e\u0442\u044b \u0441\u0435\u0440\u0434\u0446\u0430: \u0436\u0430\u0441\u043c\u0438\u043d\u043e\u0432\u044b\u0439 \u0447\u0430\u0439<br \/>\n\u0411\u0430\u0437\u043e\u0432\u044b\u0435 \u043d\u043e\u0442\u044b: \u0441\u0432\u0435\u0436\u0438\u0439 \u043a\u0435\u0434\u0440<\/p>\n<\/details>\n","protected":false},"featured_media":27328,"template":"","meta":{"jetpack_publicize_message":"","jetpack_publicize_feature_enabled":true,"jetpack_social_post_already_shared":true,"jetpack_social_options":{"image_generator_settings":{"template":"highway","default_image_id":0,"font":"","enabled":false},"version":2}},"product_brand":[],"product_cat":[910,927,341],"product_tag":[],"class_list":{"0":"post-27320","1":"product","2":"type-product","3":"status-publish","4":"has-post-thumbnail","6":"product_cat-kehaspreid","7":"product_cat-victorias-secret-body-mists","8":"product_cat-victorias-secret","9":"pa_suurus-10-ml-tester","10":"pa_suurus-2-ml-tester","11":"pa_suurus-250-ml-full-size","12":"pa_suurus-30-ml-tester","14":"first","15":"instock","16":"sale","17":"shipping-taxable","18":"purchasable","19":"product-type-simple"},"jetpack_publicize_connections":[],"jetpack_sharing_enabled":true,"jetpack_likes_enabled":true,"_links":{"self":[{"href":"https:\/\/superstore.ee\/index.php\/wp-json\/wp\/v2\/product\/27320","targetHints":{"allow":["GET"]}}],"collection":[{"href":"https:\/\/superstore.ee\/index.php\/wp-json\/wp\/v2\/product"}],"about":[{"href":"https:\/\/superstore.ee\/index.php\/wp-json\/wp\/v2\/types\/product"}],"wp:featuredmedia":[{"embeddable":true,"href":"https:\/\/superstore.ee\/index.php\/wp-json\/wp\/v2\/media\/27328"}],"wp:attachment":[{"href":"https:\/\/superstore.ee\/index.php\/wp-json\/wp\/v2\/media?parent=27320"}],"wp:term":[{"taxonomy":"product_brand","embeddable":true,"href":"https:\/\/superstore.ee\/index.php\/wp-json\/wp\/v2\/product_brand?post=27320"},{"taxonomy":"product_cat","embeddable":true,"href":"https:\/\/superstore.ee\/index.php\/wp-json\/wp\/v2\/product_cat?post=27320"},{"taxonomy":"product_tag","embeddable":true,"href":"https:\/\/superstore.ee\/index.php\/wp-json\/wp\/v2\/product_tag?post=27320"}],"curies":[{"name":"wp","href":"https:\/\/api.w.org\/{rel}","templated":true}]}}