{"id":27321,"date":"2026-05-05T13:59:47","date_gmt":"2026-05-05T10:59:47","guid":{"rendered":"https:\/\/superstore.ee\/?post_type=product&#038;p=27321"},"modified":"2026-05-05T14:50:45","modified_gmt":"2026-05-05T11:50:45","slug":"victorias-secret-jasmine-tea-sunrise-fragrance-lotion","status":"publish","type":"product","link":"https:\/\/superstore.ee\/index.php\/toode\/victorias-secret-jasmine-tea-sunrise-fragrance-lotion\/","title":{"rendered":"Victoria\u2019s Secret Jasmine Tea Sunrise Fragrance Lotion"},"content":{"rendered":"","protected":false},"excerpt":{"rendered":"<p>Victoria\u2019s Secret Jasmine Tea Sunrise l\u00f5hnastatud kehakreem<\/p>\n<p>Maine ja v\u00e4rske. Hobuse aasta auks: rahustav tass teed p\u00e4ikeset\u00f5usu ajal. See s\u00fcgavniisutav kehakreem pehmendab nahka, j\u00e4ttes sellele puhta ja loodusl\u00e4hedase aroomi, mis p\u00fcsib tunde.<\/p>\n<p>L\u00f5hnat\u00fc\u00fcp: V\u00e4rske roheline<\/p>\n<p>Tipunoodid: bergamoti\u00f5is<\/p>\n<p>S\u00fcdamenoodid: jasmiinitee<\/p>\n<p>P\u00f5hjanoodid: v\u00e4rske seedripuu<\/p>\n<p>Maht: 236 ml<\/p>\n<details>\n<summary>Details<\/summary>\n<div translate=\"no\">\nJasmine Tea Sunrise Jasmine Tea Sunrise Fragrance Lotion &#8211; Body Fragrance Earthy &#038; fresh.<\/p>\n<p>The year of the horse: A peaceful cup of tea at sunrise.<\/p>\n<p>Fragrance type: Fresh Green<\/p>\n<p>Notes: Bergamot Blossom, Jasmine Tea, Fresh Cedarwood<\/p>\n<p>236 ml\/8 oz.<\/p>\n<p>Domestic<\/p>\n<p>INGREDIENTS:<br \/>\nWater (Aqua, Eau), Mineral Oil (Paraffinum Liquidum, Huile min\u00e9rale), Glycerin, Fragrance (Parfum), Cetyl Alcohol, Glyceryl Stearate, PEG-100 Stearate, Palmitic Acid, Stearic Acid, Phenoxyethanol, Dimethicone, Acrylates\/C10-30 Alkyl Acrylate Crosspolymer, Potassium Sorbate, Xanthan Gum, Chlorphenesin, Sodium Hydroxide, Ethylhexylglycerin, Disodium EDTA, Tocopheryl Acetate, Aloe Barbadensis Leaf Juice, Linalyl acetate, Limonene, Citrus Aurantium Peel Oil, Linalool, Hexamethylindanopyran, Tetramethyl acetyloctahydronaphthalenes, Benzyl Salicylate, Geranyl acetate, Pinene, Juniperus Virginiana Oil, Beta-Caryophyllene, Terpineol, Geraniol, Citral, Rose Ketones<\/p>\n<\/div>\n<p>Victoria\u2019s Secret Jasmine Tea Sunrise \u043f\u0430\u0440\u0444\u044e\u043c\u0438\u0440\u043e\u0432\u0430\u043d\u043d\u044b\u0439 \u043a\u0440\u0435\u043c \u0434\u043b\u044f \u0442\u0435\u043b\u0430<\/p>\n<p>\u0417\u0435\u043c\u043b\u0438\u0441\u0442\u044b\u0439 \u0438 \u0441\u0432\u0435\u0436\u0438\u0439. \u0412 \u0447\u0435\u0441\u0442\u044c \u0433\u043e\u0434\u0430 \u041b\u043e\u0448\u0430\u0434\u0438: \u0443\u043c\u0438\u0440\u043e\u0442\u0432\u043e\u0440\u044f\u044e\u0449\u0430\u044f \u0447\u0430\u0448\u043a\u0430 \u0447\u0430\u044f \u043d\u0430 \u0440\u0430\u0441\u0441\u0432\u0435\u0442\u0435. \u042d\u0442\u043e\u0442 \u043a\u0440\u0435\u043c \u0438\u043d\u0442\u0435\u043d\u0441\u0438\u0432\u043d\u043e \u0443\u0432\u043b\u0430\u0436\u043d\u044f\u0435\u0442 \u0438 \u0441\u043c\u044f\u0433\u0447\u0430\u0435\u0442 \u043a\u043e\u0436\u0443, \u043e\u0441\u0442\u0430\u0432\u043b\u044f\u044f \u043d\u0430 \u0442\u0435\u043b\u0435 \u0447\u0438\u0441\u0442\u044b\u0439 \u043f\u0440\u0438\u0440\u043e\u0434\u043d\u044b\u0439 \u0430\u0440\u043e\u043c\u0430\u0442, \u043a\u043e\u0442\u043e\u0440\u044b\u0439 \u0441\u043e\u0445\u0440\u0430\u043d\u044f\u0435\u0442\u0441\u044f \u0432 \u0442\u0435\u0447\u0435\u043d\u0438\u0435 \u0434\u043e\u043b\u0433\u043e\u0433\u043e \u0432\u0440\u0435\u043c\u0435\u043d\u0438.<\/p>\n<p>\u0422\u0438\u043f \u0430\u0440\u043e\u043c\u0430\u0442\u0430: \u0421\u0432\u0435\u0436\u0438\u0439 \u0437\u0435\u043b\u0435\u043d\u044b\u0439<\/p>\n<p>\u0412\u0435\u0440\u0445\u043d\u0438\u0435 \u043d\u043e\u0442\u044b: \u0446\u0432\u0435\u0442\u043a\u0438 \u0431\u0435\u0440\u0433\u0430\u043c\u043e\u0442\u0430<\/p>\n<p>\u041d\u043e\u0442\u044b \u0441\u0435\u0440\u0434\u0446\u0430: \u0436\u0430\u0441\u043c\u0438\u043d\u043e\u0432\u044b\u0439 \u0447\u0430\u0439<\/p>\n<p>\u0411\u0430\u0437\u043e\u0432\u044b\u0435 \u043d\u043e\u0442\u044b: \u0441\u0432\u0435\u0436\u0438\u0439 \u043a\u0435\u0434\u0440<\/p>\n<p>\u041e\u0431\u044a\u0435\u043c: 236 \u043c\u043b<br \/>\n<\/details>\n","protected":false},"featured_media":27336,"template":"","meta":{"jetpack_publicize_message":"","jetpack_publicize_feature_enabled":true,"jetpack_social_post_already_shared":true,"jetpack_social_options":{"image_generator_settings":{"template":"highway","default_image_id":0,"font":"","enabled":false},"version":2}},"product_brand":[],"product_cat":[926,912,341],"product_tag":[],"class_list":{"0":"post-27321","1":"product","2":"type-product","3":"status-publish","4":"has-post-thumbnail","6":"product_cat-victorias-secret-body-lotions","7":"product_cat-nahahooldus","8":"product_cat-victorias-secret","9":"pa_suurus-10-ml-tester","10":"pa_suurus-2-ml-tester","11":"pa_suurus-250-ml-full-size","12":"pa_suurus-30-ml-tester","14":"first","15":"instock","16":"sale","17":"shipping-taxable","18":"purchasable","19":"product-type-simple"},"jetpack_publicize_connections":[],"jetpack_sharing_enabled":true,"jetpack_likes_enabled":true,"_links":{"self":[{"href":"https:\/\/superstore.ee\/index.php\/wp-json\/wp\/v2\/product\/27321","targetHints":{"allow":["GET"]}}],"collection":[{"href":"https:\/\/superstore.ee\/index.php\/wp-json\/wp\/v2\/product"}],"about":[{"href":"https:\/\/superstore.ee\/index.php\/wp-json\/wp\/v2\/types\/product"}],"wp:featuredmedia":[{"embeddable":true,"href":"https:\/\/superstore.ee\/index.php\/wp-json\/wp\/v2\/media\/27336"}],"wp:attachment":[{"href":"https:\/\/superstore.ee\/index.php\/wp-json\/wp\/v2\/media?parent=27321"}],"wp:term":[{"taxonomy":"product_brand","embeddable":true,"href":"https:\/\/superstore.ee\/index.php\/wp-json\/wp\/v2\/product_brand?post=27321"},{"taxonomy":"product_cat","embeddable":true,"href":"https:\/\/superstore.ee\/index.php\/wp-json\/wp\/v2\/product_cat?post=27321"},{"taxonomy":"product_tag","embeddable":true,"href":"https:\/\/superstore.ee\/index.php\/wp-json\/wp\/v2\/product_tag?post=27321"}],"curies":[{"name":"wp","href":"https:\/\/api.w.org\/{rel}","templated":true}]}}