{"id":27323,"date":"2026-05-05T14:03:38","date_gmt":"2026-05-05T11:03:38","guid":{"rendered":"https:\/\/superstore.ee\/?post_type=product&#038;p=27323"},"modified":"2026-05-05T14:55:13","modified_gmt":"2026-05-05T11:55:13","slug":"victorias-secret-lotus-cloud-fragrance-lotion","status":"publish","type":"product","link":"https:\/\/superstore.ee\/index.php\/toode\/victorias-secret-lotus-cloud-fragrance-lotion\/","title":{"rendered":"Victoria\u2019s Secret Lotus Cloud Fragrance Lotion"},"content":{"rendered":"","protected":false},"excerpt":{"rendered":"<p>Victoria\u2019s Secret Lotus Cloud l\u00f5hnastatud kehakreem<\/p>\n<p>\u00d5huline ja magus. Hobuse aasta auks: kui heljuv l\u00f5hnapilv. See pehmendav kehakreem niisutab nahka s\u00fcgavuti, j\u00e4ttes selle sametiseks ning \u00fcmbritsedes sind \u00f5rna ja naiseliku aroomiga.<\/p>\n<p><strong>L\u00f5hnat\u00fc\u00fcp<\/strong>: Lilleline ja puuviljane<\/p>\n<p><strong>Tipunoodid<\/strong>: pirnisorbett<\/p>\n<p><strong>S\u00fcdamenoodid<\/strong>: lootose\u00f5is<\/p>\n<p><strong>P\u00f5hjanoodid<\/strong>: ka\u0161miiri\u00f5hk<\/p>\n<p>Maht: 236 ml<\/p>\n<details>\n<summary>Details<\/summary>\n<div translate=\"no\">Lotus Cloud Fragrance Lotion &#8211; Body Fragrance<br \/>\nAiry &amp; sweet.The year of the horse: A floating cloud of fragrance.<br \/>\nFragrance type: Floral Fruity<br \/>\nNotes: Pear Sorbet, Lotus Flower, Cashmere Air236 ml\/8 oz.<\/p>\n<p>Domestic<br \/>\nINGREDIENTS:<br \/>\nWater (Aqua, Eau), Mineral Oil (Paraffinum Liquidum, Huile min\u00e9rale), Glycerin, Fragrance (Parfum), Cetyl Alcohol, Glyceryl Stearate, PEG-100 Stearate, Palmitic Acid, Stearic Acid, Phenoxyethanol, Dimethicone, Acrylates\/C10-30 Alkyl Acrylate Crosspolymer, Potassium Sorbate, Xanthan Gum, Chlorphenesin, Sodium Hydroxide, Ethylhexylglycerin, Disodium EDTA, Tocopheryl Acetate, Aloe Barbadensis Leaf Juice, Linalyl acetate, Limonene, Citrus Aurantium Peel Oil, Linalool, Hexamethylindanopyran, Tetramethyl acetyloctahydronaphthalenes, Benzyl Salicylate, Geranyl acetate, Pinene, Juniperus Virginiana Oil, Beta-Caryophyllene, Terpineol, Geraniol, Citral, Rose Ketones<\/p>\n<\/div>\n<p>Victoria\u2019s Secret Lotus Cloud \u043f\u0430\u0440\u0444\u044e\u043c\u0438\u0440\u043e\u0432\u0430\u043d\u043d\u044b\u0439 \u043a\u0440\u0435\u043c \u0434\u043b\u044f \u0442\u0435\u043b\u0430<\/p>\n<p>\u0412\u043e\u0437\u0434\u0443\u0448\u043d\u044b\u0439 \u0438 \u0441\u043b\u0430\u0434\u043a\u0438\u0439. \u0412 \u0447\u0435\u0441\u0442\u044c \u0433\u043e\u0434\u0430 \u041b\u043e\u0448\u0430\u0434\u0438: \u0441\u043b\u043e\u0432\u043d\u043e \u043f\u0430\u0440\u044f\u0449\u0435\u0435 \u043e\u0431\u043b\u0430\u043a\u043e \u0430\u0440\u043e\u043c\u0430\u0442\u0430. \u042d\u0442\u043e\u0442 \u043a\u0440\u0435\u043c \u0438\u043d\u0442\u0435\u043d\u0441\u0438\u0432\u043d\u043e \u0443\u0432\u043b\u0430\u0436\u043d\u044f\u0435\u0442 \u043a\u043e\u0436\u0443, \u0434\u0435\u043b\u0430\u0435\u0442 \u0435\u0435 \u0448\u0435\u043b\u043a\u043e\u0432\u0438\u0441\u0442\u043e\u0439 \u0438 \u043e\u043a\u0443\u0442\u044b\u0432\u0430\u0435\u0442 \u043d\u0435\u0436\u043d\u043e\u0439, \u0436\u0435\u043d\u0441\u0442\u0432\u0435\u043d\u043d\u043e\u0439 \u0432\u0443\u0430\u043b\u044c\u044e.<\/p>\n<p>\u0422\u0438\u043f \u0430\u0440\u043e\u043c\u0430\u0442\u0430: \u0426\u0432\u0435\u0442\u043e\u0447\u043d\u043e-\u0444\u0440\u0443\u043a\u0442\u043e\u0432\u044b\u0439<\/p>\n<p>\u0412\u0435\u0440\u0445\u043d\u0438\u0435 \u043d\u043e\u0442\u044b: \u0433\u0440\u0443\u0448\u0435\u0432\u044b\u0439 \u0441\u043e\u0440\u0431\u0435\u0442<\/p>\n<p>\u041d\u043e\u0442\u044b \u0441\u0435\u0440\u0434\u0446\u0430: \u0446\u0432\u0435\u0442\u043e\u043a \u043b\u043e\u0442\u043e\u0441\u0430<\/p>\n<p>\u0411\u0430\u0437\u043e\u0432\u044b\u0435 \u043d\u043e\u0442\u044b: \u043a\u0430\u0448\u0435\u043c\u0438\u0440\u043e\u0432\u044b\u0439 \u0432\u043e\u0437\u0434\u0443\u0445<\/p>\n<p>\u041e\u0431\u044a\u0435\u043c: 236 \u043c\u043b<\/p>\n<\/details>\n","protected":false},"featured_media":27337,"template":"","meta":{"jetpack_publicize_message":"","jetpack_publicize_feature_enabled":true,"jetpack_social_post_already_shared":true,"jetpack_social_options":{"image_generator_settings":{"template":"highway","default_image_id":0,"font":"","enabled":false},"version":2}},"product_brand":[],"product_cat":[926,912,341],"product_tag":[],"class_list":{"0":"post-27323","1":"product","2":"type-product","3":"status-publish","4":"has-post-thumbnail","6":"product_cat-victorias-secret-body-lotions","7":"product_cat-nahahooldus","8":"product_cat-victorias-secret","9":"pa_suurus-10-ml-tester","10":"pa_suurus-2-ml-tester","11":"pa_suurus-250-ml-full-size","12":"pa_suurus-30-ml-tester","14":"first","15":"instock","16":"sale","17":"shipping-taxable","18":"purchasable","19":"product-type-simple"},"jetpack_publicize_connections":[],"jetpack_sharing_enabled":true,"jetpack_likes_enabled":true,"_links":{"self":[{"href":"https:\/\/superstore.ee\/index.php\/wp-json\/wp\/v2\/product\/27323","targetHints":{"allow":["GET"]}}],"collection":[{"href":"https:\/\/superstore.ee\/index.php\/wp-json\/wp\/v2\/product"}],"about":[{"href":"https:\/\/superstore.ee\/index.php\/wp-json\/wp\/v2\/types\/product"}],"wp:featuredmedia":[{"embeddable":true,"href":"https:\/\/superstore.ee\/index.php\/wp-json\/wp\/v2\/media\/27337"}],"wp:attachment":[{"href":"https:\/\/superstore.ee\/index.php\/wp-json\/wp\/v2\/media?parent=27323"}],"wp:term":[{"taxonomy":"product_brand","embeddable":true,"href":"https:\/\/superstore.ee\/index.php\/wp-json\/wp\/v2\/product_brand?post=27323"},{"taxonomy":"product_cat","embeddable":true,"href":"https:\/\/superstore.ee\/index.php\/wp-json\/wp\/v2\/product_cat?post=27323"},{"taxonomy":"product_tag","embeddable":true,"href":"https:\/\/superstore.ee\/index.php\/wp-json\/wp\/v2\/product_tag?post=27323"}],"curies":[{"name":"wp","href":"https:\/\/api.w.org\/{rel}","templated":true}]}}