{"id":27355,"date":"2026-05-08T13:30:12","date_gmt":"2026-05-08T10:30:12","guid":{"rendered":"https:\/\/superstore.ee\/?post_type=product&#038;p=27355"},"modified":"2026-05-08T14:23:22","modified_gmt":"2026-05-08T11:23:22","slug":"victorias-secret-coastal-blooms-fragrance-lotion","status":"publish","type":"product","link":"https:\/\/superstore.ee\/index.php\/toode\/victorias-secret-coastal-blooms-fragrance-lotion\/","title":{"rendered":"Victoria\u2019s Secret Coastal Blooms Fragrance Lotion"},"content":{"rendered":"","protected":false},"excerpt":{"rendered":"<p>Victoria\u2019s Secret Coastal Blooms l\u00f5hnastatud kehakreem<\/p>\n<p>V\u00e4rske ja imelihtne. V\u00e4rskendav lilleline puhang. See pehmendav kehakreem niisutab nahka s\u00fcgavuti 24 tunni jooksul, j\u00e4ttes selle sametiseks ja \u00fcmbritsedes sind kirka ranniku\u00e4\u00e4rse aroomiga.<\/p>\n<p><strong>L\u00f5hnat\u00fc\u00fcp<\/strong>: Lilleline ja v\u00e4rske<\/p>\n<p><strong>Tipunoodid<\/strong>: s\u00e4rav sidruni\u00f5is, v\u00e4rske assai mari<\/p>\n<p><strong>S\u00fcdamenoodid<\/strong>: kevadine kuslapuu, merebriis<\/p>\n<p><strong>P\u00f5hjanoodid<\/strong>: soolane muskus, California pappel<\/p>\n<p>Maht: 236 ml<\/p>\n<details>\n<summary>Details<\/summary>\n<div translate=\"no\">\n<p>INGREDIENTS:<br \/>\nWater (Aqua, Eau), Mineral Oil (Paraffinum Liquidum, Huile min\u00e9rale), Glycerin, Cetyl Alcohol, Fragrance (Parfum), Glyceryl Stearate, PEG-100 Stearate, Palmitic Acid, Stearic Acid, Phenoxyethanol, Dimethicone, Acrylates\/C10-30 Alkyl Acrylate Crosspolymer, Potassium Sorbate, Xanthan Gum, Chlorphenesin, Sodium Hydroxide, Ethylhexylglycerin, Disodium EDTA, Tocopheryl Acetate, Aloe Barbadensis Leaf Juice, Hexamethylindanopyran, Tetramethyl acetyloctahydronaphthalenes, Hexyl Cinnamal, Vanillin, Hydroxycitronellal, Limonene, Citrus Aurantium Peel Oil, Linalool, Geranyl acetate, Coumarin, Linalyl acetate, Dimethyl Phenethyl Acetate, Citrus Limon Peel Oil, Citronellol, Benzyl Salicylate, Acetyl Cedrene, PineneIngredients are subject to change. For an accurate list of ingredients, please refer to the product packaging.<\/p>\n<\/div>\n<p>Victoria\u2019s Secret Coastal Blooms \u043f\u0430\u0440\u0444\u044e\u043c\u0438\u0440\u043e\u0432\u0430\u043d\u043d\u044b\u0439 \u043a\u0440\u0435\u043c \u0434\u043b\u044f \u0442\u0435\u043b\u0430<\/p>\n<p>\u0421\u0432\u0435\u0436\u0438\u0439 \u0438 \u0431\u0435\u0437\u0437\u0430\u0431\u043e\u0442\u043d\u044b\u0439. \u041e\u0441\u0432\u0435\u0436\u0430\u044e\u0449\u0438\u0439 \u0446\u0432\u0435\u0442\u043e\u0447\u043d\u044b\u0439 \u0432\u0441\u043f\u043b\u0435\u0441\u043a. \u042d\u0442\u043e\u0442 \u043a\u0440\u0435\u043c \u043e\u0431\u0435\u0441\u043f\u0435\u0447\u0438\u0432\u0430\u0435\u0442 \u0433\u043b\u0443\u0431\u043e\u043a\u043e\u0435 24-\u0447\u0430\u0441\u043e\u0432\u043e\u0435 \u0443\u0432\u043b\u0430\u0436\u043d\u0435\u043d\u0438\u0435, \u0434\u0435\u043b\u0430\u0435\u0442 \u043a\u043e\u0436\u0443 \u043c\u044f\u0433\u043a\u043e\u0439 \u0438 \u0448\u0435\u043b\u043a\u043e\u0432\u0438\u0441\u0442\u043e\u0439, \u043e\u0441\u0442\u0430\u0432\u043b\u044f\u044f \u043d\u0430 \u0442\u0435\u043b\u0435 \u044f\u0440\u043a\u0438\u0439 \u0438 \u0447\u0438\u0441\u0442\u044b\u0439 \u0430\u0440\u043e\u043c\u0430\u0442 \u043f\u0440\u0438\u0431\u0440\u0435\u0436\u043d\u043e\u0433\u043e \u0431\u0440\u0438\u0437\u0430.<\/p>\n<p>\u0422\u0438\u043f \u0430\u0440\u043e\u043c\u0430\u0442\u0430: \u0426\u0432\u0435\u0442\u043e\u0447\u043d\u044b\u0439 \u0441\u0432\u0435\u0436\u0438\u0439<\/p>\n<p>\u0412\u0435\u0440\u0445\u043d\u0438\u0435 \u043d\u043e\u0442\u044b: \u0441\u0438\u044f\u044e\u0449\u0438\u0439 \u0446\u0432\u0435\u0442\u043e\u043a \u043b\u0438\u043c\u043e\u043d\u0430, \u0441\u0432\u0435\u0436\u0430\u044f \u044f\u0433\u043e\u0434\u0430 \u0430\u0441\u0430\u0438<\/p>\n<p>\u041d\u043e\u0442\u044b \u0441\u0435\u0440\u0434\u0446\u0430: \u0432\u0435\u0441\u0435\u043d\u043d\u044f\u044f \u0436\u0438\u043c\u043e\u043b\u043e\u0441\u0442\u044c, \u043c\u043e\u0440\u0441\u043a\u043e\u0439 \u0431\u0440\u0438\u0437<\/p>\n<p>\u0411\u0430\u0437\u043e\u0432\u044b\u0435 \u043d\u043e\u0442\u044b: \u0441\u043e\u043b\u0435\u043d\u044b\u0439 \u043c\u0443\u0441\u043a\u0443\u0441, \u043a\u0430\u043b\u0438\u0444\u043e\u0440\u043d\u0438\u0439\u0441\u043a\u0438\u0439 \u0442\u043e\u043f\u043e\u043b\u044c<\/p>\n<p>\u041e\u0431\u044a\u0435\u043c: 236 \u043c\u043b<\/p>\n<\/details>\n","protected":false},"featured_media":27365,"template":"","meta":{"jetpack_publicize_message":"","jetpack_publicize_feature_enabled":true,"jetpack_social_post_already_shared":true,"jetpack_social_options":{"image_generator_settings":{"template":"highway","default_image_id":0,"font":"","enabled":false},"version":2}},"product_brand":[],"product_cat":[926,912,341],"product_tag":[],"class_list":{"0":"post-27355","1":"product","2":"type-product","3":"status-publish","4":"has-post-thumbnail","6":"product_cat-victorias-secret-body-lotions","7":"product_cat-nahahooldus","8":"product_cat-victorias-secret","9":"pa_suurus-10-ml-tester","10":"pa_suurus-2-ml-tester","11":"pa_suurus-250-ml-full-size","12":"pa_suurus-30-ml-tester","14":"first","15":"instock","16":"sale","17":"shipping-taxable","18":"purchasable","19":"product-type-simple"},"jetpack_publicize_connections":[],"jetpack_sharing_enabled":true,"jetpack_likes_enabled":true,"_links":{"self":[{"href":"https:\/\/superstore.ee\/index.php\/wp-json\/wp\/v2\/product\/27355","targetHints":{"allow":["GET"]}}],"collection":[{"href":"https:\/\/superstore.ee\/index.php\/wp-json\/wp\/v2\/product"}],"about":[{"href":"https:\/\/superstore.ee\/index.php\/wp-json\/wp\/v2\/types\/product"}],"wp:featuredmedia":[{"embeddable":true,"href":"https:\/\/superstore.ee\/index.php\/wp-json\/wp\/v2\/media\/27365"}],"wp:attachment":[{"href":"https:\/\/superstore.ee\/index.php\/wp-json\/wp\/v2\/media?parent=27355"}],"wp:term":[{"taxonomy":"product_brand","embeddable":true,"href":"https:\/\/superstore.ee\/index.php\/wp-json\/wp\/v2\/product_brand?post=27355"},{"taxonomy":"product_cat","embeddable":true,"href":"https:\/\/superstore.ee\/index.php\/wp-json\/wp\/v2\/product_cat?post=27355"},{"taxonomy":"product_tag","embeddable":true,"href":"https:\/\/superstore.ee\/index.php\/wp-json\/wp\/v2\/product_tag?post=27355"}],"curies":[{"name":"wp","href":"https:\/\/api.w.org\/{rel}","templated":true}]}}