{"id":27380,"date":"2026-05-10T17:09:06","date_gmt":"2026-05-10T14:09:06","guid":{"rendered":"https:\/\/superstore.ee\/?post_type=product&#038;p=27380"},"modified":"2026-05-10T17:26:09","modified_gmt":"2026-05-10T14:26:09","slug":"victorias-secret-serene-blooms-fragrance-mist","status":"publish","type":"product","link":"https:\/\/superstore.ee\/index.php\/toode\/victorias-secret-serene-blooms-fragrance-mist\/","title":{"rendered":"Victoria\u2019s Secret Serene Blooms Fragrance Mist"},"content":{"rendered":"","protected":false},"excerpt":{"rendered":"<p>Victoria\u2019s Secret Serene Blooms kehasprei<\/p>\n<p>\u00d5rn ja rahustav. Kerge ja lilleline \u00f5huh\u00f5ng. See v\u00e4rskendav kehasprei \u00fcmbritseb sind maheda ja rahuliku aroomiga, pakkudes puhast ja naiselikku l\u00f5hnaelamust.<\/p>\n<p><strong>L\u00f5hnat\u00fc\u00fcp<\/strong>: Lilleline ja puuviljane<\/p>\n<p><strong>Tipunoodid<\/strong>: vaarika\u00f5is, kastev\u00e4rske pirn<\/p>\n<p><strong>S\u00fcdamenoodid<\/strong>: hibisk, Canyon Rose (kanjoniroos)<\/p>\n<p><strong>P\u00f5hjanoodid<\/strong>: magus muskus, California sandlipuu<\/p>\n<p>Maht: 250 ml<\/p>\n<details>\n<summary>Details<\/summary>\n<div translate=\"no\">\n<p>Victoria\u2019s Secret Serene Blooms Fragrance Mist &#8211; Body Fragrance Delicate &amp; calming.<\/p>\n<p>A gentle, floral air.<\/p>\n<p>Fragrance type: Floral Fruity<\/p>\n<p>Notes<\/p>\n<p>Top: Raspberry Blossom, Dewy Pear\u200b<\/p>\n<p>Heart: Windswept Hibiscus, Canyon Rose\u200b<\/p>\n<p>Base: Sweet Musk, California Sandalwood<\/p>\n<p>250 ml\/8.4 fl oz.<\/p>\n<p>Domestic<\/p>\n<p>INGREDIENTS:<br \/>\nAlcohol Denat., Water (Aqua, Eau), Fragrance (Parfum), Propylene Glycol, Glycerin, PPG-26-Buteth-26, PEG-40 Hydrogenated Castor Oil, Ethylhexyl Methoxycinnamate, Butyl Methoxydibenzoylmethane, Ethylhexyl Salicylate, Tetramethyl acetyloctahydronaphthalenes, Citrus Aurantium Peel Oil, Limonene, Hydroxycitronellal, Citronellol, Pinene, Rose Ketones<\/p>\n<\/div>\n<p>Victoria\u2019s Secret Serene Blooms \u043f\u0430\u0440\u0444\u044e\u043c\u0438\u0440\u043e\u0432\u0430\u043d\u043d\u044b\u0439 \u043c\u0438\u0441\u0442<\/p>\n<p>\u041d\u0435\u0436\u043d\u044b\u0439 \u0438 \u0443\u0441\u043f\u043e\u043a\u0430\u0438\u0432\u0430\u044e\u0449\u0438\u0439. \u041b\u0435\u0433\u043a\u0438\u0439 \u0446\u0432\u0435\u0442\u043e\u0447\u043d\u044b\u0439 \u0432\u043e\u0437\u0434\u0443\u0445. \u042d\u0442\u043e\u0442 \u043e\u0441\u0432\u0435\u0436\u0430\u044e\u0449\u0438\u0439 \u043c\u0438\u0441\u0442 \u0434\u0430\u0440\u0438\u0442 \u043e\u0449\u0443\u0449\u0435\u043d\u0438\u0435 \u0431\u0435\u0437\u043c\u044f\u0442\u0435\u0436\u043d\u043e\u0441\u0442\u0438, \u043e\u043a\u0443\u0442\u044b\u0432\u0430\u044f \u043a\u043e\u0436\u0443 \u043c\u044f\u0433\u043a\u0438\u043c \u0438 \u0436\u0435\u043d\u0441\u0442\u0432\u0435\u043d\u043d\u044b\u043c \u0430\u0440\u043e\u043c\u0430\u0442\u043e\u043c.<\/p>\n<p>\u0422\u0438\u043f \u0430\u0440\u043e\u043c\u0430\u0442\u0430: \u0426\u0432\u0435\u0442\u043e\u0447\u043d\u043e-\u0444\u0440\u0443\u043a\u0442\u043e\u0432\u044b\u0439<\/p>\n<p>\u0412\u0435\u0440\u0445\u043d\u0438\u0435 \u043d\u043e\u0442\u044b: \u0446\u0432\u0435\u0442\u043a\u0438 \u043c\u0430\u043b\u0438\u043d\u044b, \u0440\u043e\u0441\u0438\u0441\u0442\u0430\u044f \u0433\u0440\u0443\u0448\u0430<\/p>\n<p>\u041d\u043e\u0442\u044b \u0441\u0435\u0440\u0434\u0446\u0430: \u0433\u0438\u0431\u0438\u0441\u043a\u0443\u0441, \u043a\u0430\u043d\u044c\u043e\u043d\u043d\u0430\u044f \u0440\u043e\u0437\u0430<\/p>\n<p>\u0411\u0430\u0437\u043e\u0432\u044b\u0435 \u043d\u043e\u0442\u044b: \u0441\u043b\u0430\u0434\u043a\u0438\u0439 \u043c\u0443\u0441\u043a\u0443\u0441, \u043a\u0430\u043b\u0438\u0444\u043e\u0440\u043d\u0438\u0439\u0441\u043a\u0438\u0439 \u0441\u0430\u043d\u0434\u0430\u043b<\/p>\n<p>\u041e\u0431\u044a\u0435\u043c: 250 \u043c\u043b<\/p>\n<\/details>\n","protected":false},"featured_media":27387,"template":"","meta":{"jetpack_publicize_message":"","jetpack_publicize_feature_enabled":true,"jetpack_social_post_already_shared":true,"jetpack_social_options":{"image_generator_settings":{"template":"highway","default_image_id":0,"font":"","enabled":false},"version":2}},"product_brand":[],"product_cat":[910,927,341],"product_tag":[],"class_list":{"0":"post-27380","1":"product","2":"type-product","3":"status-publish","4":"has-post-thumbnail","6":"product_cat-kehaspreid","7":"product_cat-victorias-secret-body-mists","8":"product_cat-victorias-secret","9":"pa_suurus-10-ml-tester","10":"pa_suurus-2-ml-tester","11":"pa_suurus-250-ml-full-size","12":"pa_suurus-30-ml-tester","14":"first","15":"instock","16":"sale","17":"shipping-taxable","18":"purchasable","19":"product-type-simple"},"jetpack_publicize_connections":[],"jetpack_sharing_enabled":true,"jetpack_likes_enabled":true,"_links":{"self":[{"href":"https:\/\/superstore.ee\/index.php\/wp-json\/wp\/v2\/product\/27380","targetHints":{"allow":["GET"]}}],"collection":[{"href":"https:\/\/superstore.ee\/index.php\/wp-json\/wp\/v2\/product"}],"about":[{"href":"https:\/\/superstore.ee\/index.php\/wp-json\/wp\/v2\/types\/product"}],"wp:featuredmedia":[{"embeddable":true,"href":"https:\/\/superstore.ee\/index.php\/wp-json\/wp\/v2\/media\/27387"}],"wp:attachment":[{"href":"https:\/\/superstore.ee\/index.php\/wp-json\/wp\/v2\/media?parent=27380"}],"wp:term":[{"taxonomy":"product_brand","embeddable":true,"href":"https:\/\/superstore.ee\/index.php\/wp-json\/wp\/v2\/product_brand?post=27380"},{"taxonomy":"product_cat","embeddable":true,"href":"https:\/\/superstore.ee\/index.php\/wp-json\/wp\/v2\/product_cat?post=27380"},{"taxonomy":"product_tag","embeddable":true,"href":"https:\/\/superstore.ee\/index.php\/wp-json\/wp\/v2\/product_tag?post=27380"}],"curies":[{"name":"wp","href":"https:\/\/api.w.org\/{rel}","templated":true}]}}