{"id":27381,"date":"2026-05-10T17:09:09","date_gmt":"2026-05-10T14:09:09","guid":{"rendered":"https:\/\/superstore.ee\/?post_type=product&#038;p=27381"},"modified":"2026-05-10T17:27:43","modified_gmt":"2026-05-10T14:27:43","slug":"victorias-secret-serene-blooms-fragrance-lotion","status":"publish","type":"product","link":"https:\/\/superstore.ee\/index.php\/toode\/victorias-secret-serene-blooms-fragrance-lotion\/","title":{"rendered":"Victoria\u2019s Secret Serene Blooms Fragrance Lotion"},"content":{"rendered":"","protected":false},"excerpt":{"rendered":"<p>Victoria\u2019s Secret Serene Blooms l\u00f5hnastatud kehakreem<\/p>\n<p>\u00d5rn ja rahustav. Kerge ja lilleline \u00f5huh\u00f5ng. See pehmendav kehakreem niisutab nahka s\u00fcgavuti, j\u00e4ttes selle sametiseks ning \u00fcmbritsedes sind maheda ja rahuliku aroomiga.<\/p>\n<p><strong>L\u00f5hnat\u00fc\u00fcp<\/strong>: Lilleline ja puuviljane<\/p>\n<p><strong>Tipunoodid<\/strong>: vaarika\u00f5is, kastev\u00e4rske pirn<\/p>\n<p><strong>S\u00fcdamenoodid<\/strong>: hibisk, Canyon Rose (kanjoniroos)<\/p>\n<p><strong>P\u00f5hjanoodid<\/strong>: magus muskus, California sandlipuu<\/p>\n<p>Maht: 236 ml<\/p>\n<details>\n<summary>Details<\/summary>\n<div translate=\"no\">\n<p>Delicate &amp; calming. A gentle, floral air. This softening body fragrance lotion provides deep moisture, leaving the skin feeling velvety and enveloped in a mild, peaceful aroma.<\/p>\n<p>Fragrance Type: Floral Fruity<\/p>\n<p>Top Notes: Raspberry Blossom, Dewy Pear<\/p>\n<p>Heart Notes: Windswept Hibiscus, Canyon Rose<\/p>\n<p>Base Notes: Sweet Musk, California Sandalwood<\/p>\n<p>Size: 236 ml<\/p>\n<p>INGREDIENTS:<br \/>\nWater (Aqua, Eau), Mineral Oil (Paraffinum Liquidum, Huile min\u00e9rale), Glycerin, Cetyl Alcohol, Fragrance (Parfum), Glyceryl Stearate, PEG-100 Stearate, Palmitic Acid, Stearic Acid, Phenoxyethanol, Dimethicone, Acrylates\/C10-30 Alkyl Acrylate Crosspolymer, Potassium Sorbate, Xanthan Gum, Chlorphenesin, Sodium Hydroxide, Ethylhexylglycerin, Disodium EDTA, Tocopheryl Acetate, Aloe Barbadensis Leaf Juice, Hexamethylindanopyran, Tetramethyl acetyloctahydronaphthalenes, Hexyl Cinnamal, Vanillin, Hydroxycitronellal, Limonene, Citrus Aurantium Peel Oil, Linalool, Geranyl acetate, Coumarin, Linalyl acetate, Dimethyl Phenethyl Acetate, Citrus Limon Peel Oil, Citronellol, Benzyl Salicylate, Acetyl Cedrene, Pinene<\/p>\n<\/div>\n<p>Victoria\u2019s Secret Serene Blooms \u043f\u0430\u0440\u0444\u044e\u043c\u0438\u0440\u043e\u0432\u0430\u043d\u043d\u044b\u0439 \u043a\u0440\u0435\u043c \u0434\u043b\u044f \u0442\u0435\u043b\u0430<\/p>\n<p>\u041d\u0435\u0436\u043d\u044b\u0439 \u0438 \u0443\u0441\u043f\u043e\u043a\u0430\u0438\u0432\u0430\u044e\u0449\u0438\u0439. \u041b\u0435\u0433\u043a\u0438\u0439 \u0446\u0432\u0435\u0442\u043e\u0447\u043d\u044b\u0439 \u0432\u043e\u0437\u0434\u0443\u0445. \u042d\u0442\u043e\u0442 \u043a\u0440\u0435\u043c \u0438\u043d\u0442\u0435\u043d\u0441\u0438\u0432\u043d\u043e \u0443\u0432\u043b\u0430\u0436\u043d\u044f\u0435\u0442 \u043a\u043e\u0436\u0443, \u0434\u0435\u043b\u0430\u0435\u0442 \u0435\u0435 \u0448\u0435\u043b\u043a\u043e\u0432\u0438\u0441\u0442\u043e\u0439 \u0438 \u0434\u0430\u0440\u0438\u0442 \u043e\u0449\u0443\u0449\u0435\u043d\u0438\u0435 \u0431\u0435\u0437\u043c\u044f\u0442\u0435\u0436\u043d\u043e\u0441\u0442\u0438 \u0431\u043b\u0430\u0433\u043e\u0434\u0430\u0440\u044f \u043c\u044f\u0433\u043a\u043e\u043c\u0443 \u0438 \u0436\u0435\u043d\u0441\u0442\u0432\u0435\u043d\u043d\u043e\u043c\u0443 \u0430\u0440\u043e\u043c\u0430\u0442\u0443.<\/p>\n<p>\u0422\u0438\u043f \u0430\u0440\u043e\u043c\u0430\u0442\u0430: \u0426\u0432\u0435\u0442\u043e\u0447\u043d\u043e-\u0444\u0440\u0443\u043a\u0442\u043e\u0432\u044b\u0439<\/p>\n<p>\u0412\u0435\u0440\u0445\u043d\u0438\u0435 \u043d\u043e\u0442\u044b: \u0446\u0432\u0435\u0442\u043a\u0438 \u043c\u0430\u043b\u0438\u043d\u044b, \u0440\u043e\u0441\u0438\u0441\u0442\u0430\u044f \u0433\u0440\u0443\u0448\u0430<\/p>\n<p>\u041d\u043e\u0442\u044b \u0441\u0435\u0440\u0434\u0446\u0430: \u0433\u0438\u0431\u0438\u0441\u043a\u0443\u0441, \u043a\u0430\u043d\u044c\u043e\u043d\u043d\u0430\u044f \u0440\u043e\u0437\u0430<\/p>\n<p>\u0411\u0430\u0437\u043e\u0432\u044b\u0435 \u043d\u043e\u0442\u044b: \u0441\u043b\u0430\u0434\u043a\u0438\u0439 \u043c\u0443\u0441\u043a\u0443\u0441, \u043a\u0430\u043b\u0438\u0444\u043e\u0440\u043d\u0438\u0439\u0441\u043a\u0438\u0439 \u0441\u0430\u043d\u0434\u0430\u043b<\/p>\n<p>\u041e\u0431\u044a\u0435\u043c: 236 \u043c\u043b<\/p>\n<\/details>\n","protected":false},"featured_media":27389,"template":"","meta":{"jetpack_publicize_message":"","jetpack_publicize_feature_enabled":true,"jetpack_social_post_already_shared":true,"jetpack_social_options":{"image_generator_settings":{"template":"highway","default_image_id":0,"font":"","enabled":false},"version":2}},"product_brand":[],"product_cat":[926,912,341],"product_tag":[],"class_list":{"0":"post-27381","1":"product","2":"type-product","3":"status-publish","4":"has-post-thumbnail","6":"product_cat-victorias-secret-body-lotions","7":"product_cat-nahahooldus","8":"product_cat-victorias-secret","9":"pa_suurus-10-ml-tester","10":"pa_suurus-2-ml-tester","11":"pa_suurus-250-ml-full-size","12":"pa_suurus-30-ml-tester","14":"first","15":"instock","16":"sale","17":"shipping-taxable","18":"purchasable","19":"product-type-simple"},"jetpack_publicize_connections":[],"jetpack_sharing_enabled":true,"jetpack_likes_enabled":true,"_links":{"self":[{"href":"https:\/\/superstore.ee\/index.php\/wp-json\/wp\/v2\/product\/27381","targetHints":{"allow":["GET"]}}],"collection":[{"href":"https:\/\/superstore.ee\/index.php\/wp-json\/wp\/v2\/product"}],"about":[{"href":"https:\/\/superstore.ee\/index.php\/wp-json\/wp\/v2\/types\/product"}],"wp:featuredmedia":[{"embeddable":true,"href":"https:\/\/superstore.ee\/index.php\/wp-json\/wp\/v2\/media\/27389"}],"wp:attachment":[{"href":"https:\/\/superstore.ee\/index.php\/wp-json\/wp\/v2\/media?parent=27381"}],"wp:term":[{"taxonomy":"product_brand","embeddable":true,"href":"https:\/\/superstore.ee\/index.php\/wp-json\/wp\/v2\/product_brand?post=27381"},{"taxonomy":"product_cat","embeddable":true,"href":"https:\/\/superstore.ee\/index.php\/wp-json\/wp\/v2\/product_cat?post=27381"},{"taxonomy":"product_tag","embeddable":true,"href":"https:\/\/superstore.ee\/index.php\/wp-json\/wp\/v2\/product_tag?post=27381"}],"curies":[{"name":"wp","href":"https:\/\/api.w.org\/{rel}","templated":true}]}}