{"id":27382,"date":"2026-05-10T17:10:57","date_gmt":"2026-05-10T14:10:57","guid":{"rendered":"https:\/\/superstore.ee\/?post_type=product&#038;p=27382"},"modified":"2026-05-10T17:37:13","modified_gmt":"2026-05-10T14:37:13","slug":"victorias-secret-canyon-bloom-fragrance-mist","status":"publish","type":"product","link":"https:\/\/superstore.ee\/index.php\/toode\/victorias-secret-canyon-bloom-fragrance-mist\/","title":{"rendered":"Victoria\u2019s Secret Canyon Bloom Fragrance Mist"},"content":{"rendered":"","protected":false},"excerpt":{"rendered":"<p>Victoria\u2019s Secret Canyon Blooms kehasprei<\/p>\n<p>\u00d5huline ja eluj\u00f5uline. Soe ja lilleline aroom. See v\u00e4rskendav kehasprei peegeldab p\u00e4ikesek\u00fcllase kanjoni olemust, j\u00e4ttes nahale kerge ja s\u00e4rava l\u00f5hna.<\/p>\n<p><strong>L\u00f5hnat\u00fc\u00fcp<\/strong>: Soe ja lilleline<\/p>\n<p><strong>Tipunoodid<\/strong>: kanjoni\u00f5hk, punane moon<\/p>\n<p><strong>S\u00fcdamenoodid<\/strong>: viigikaktus, kaktusevesi<\/p>\n<p><strong>P\u00f5hjanoodid<\/strong>: soe liiv, triivpuit<\/p>\n<p>Maht: 250 ml<\/p>\n<details>\n<summary>Details<\/summary>\n<div translate=\"no\">\n<p>Victoria\u2019s Secret Canyon Blooms Fragrance Mist Airy &amp; vibrant.<\/p>\n<p>A warm, floral aroma.<\/p>\n<p>Fragrance type: Floral Warm<\/p>\n<p>Notes<\/p>\n<p>Top: Canyon Air, Red Poppy\u200b<\/p>\n<p>Heart: Prickly Pear, Cactus Water\u200b<\/p>\n<p>Base: Warm Sand, Driftwood<\/p>\n<p>250 ml\/8.4 fl oz.<\/p>\n<p>Domestic<\/p>\n<p>INGREDIENTS:<br \/>\nAlcohol Denat., Water (Aqua, Eau), Fragrance (Parfum), Propylene Glycol, Glycerin, PPG-26-Buteth-26, PEG-40 Hydrogenated Castor Oil, Ethylhexyl Methoxycinnamate, Butyl Methoxydibenzoylmethane, Ethylhexyl Salicylate, Hexamethylindanopyran, Tetramethyl acetyloctahydronaphthalenes, Limonene, Citrus Aurantium Bergamia Peel Oil, Citrus Aurantium Peel Oil, Hexyl Cinnamal, Juniperus Virginiana Oil, Linalyl acetate, Linalool, Pinene, Isoeugenyl acetate, Geranyl acetate, Rose Flower Oil\/Extract, Rose Ketones<\/p>\n<\/div>\n<p>Victoria\u2019s Secret Canyon Blooms \u043f\u0430\u0440\u0444\u044e\u043c\u0438\u0440\u043e\u0432\u0430\u043d\u043d\u044b\u0439 \u043c\u0438\u0441\u0442<\/p>\n<p>\u0412\u043e\u0437\u0434\u0443\u0448\u043d\u044b\u0439 \u0438 \u044f\u0440\u043a\u0438\u0439. \u0422\u0435\u043f\u043b\u044b\u0439 \u0446\u0432\u0435\u0442\u043e\u0447\u043d\u044b\u0439 \u0430\u0440\u043e\u043c\u0430\u0442. \u042d\u0442\u043e\u0442 \u043e\u0441\u0432\u0435\u0436\u0430\u044e\u0449\u0438\u0439 \u043c\u0438\u0441\u0442 \u043f\u0435\u0440\u0435\u0434\u0430\u0435\u0442 \u0430\u0442\u043c\u043e\u0441\u0444\u0435\u0440\u0443 \u0437\u0430\u043b\u0438\u0442\u043e\u0433\u043e \u0441\u043e\u043b\u043d\u0446\u0435\u043c \u043a\u0430\u043d\u044c\u043e\u043d\u0430, \u043e\u0441\u0442\u0430\u0432\u043b\u044f\u044f \u043d\u0430 \u043a\u043e\u0436\u0435 \u043b\u0435\u0433\u043a\u0438\u0439 \u0438 \u044d\u043d\u0435\u0440\u0433\u0438\u0447\u043d\u044b\u0439 \u0448\u043b\u0435\u0439\u0444.<\/p>\n<p>\u0422\u0438\u043f \u0430\u0440\u043e\u043c\u0430\u0442\u0430: \u0426\u0432\u0435\u0442\u043e\u0447\u043d\u044b\u0439 \u0442\u0435\u043f\u043b\u044b\u0439<\/p>\n<p>\u0412\u0435\u0440\u0445\u043d\u0438\u0435 \u043d\u043e\u0442\u044b: \u0432\u043e\u0437\u0434\u0443\u0445 \u043a\u0430\u043d\u044c\u043e\u043d\u0430, \u043a\u0440\u0430\u0441\u043d\u044b\u0439 \u043c\u0430\u043a<\/p>\n<p>\u041d\u043e\u0442\u044b \u0441\u0435\u0440\u0434\u0446\u0430: \u043e\u043f\u0443\u043d\u0446\u0438\u044f (\u043a\u043e\u043b\u044e\u0447\u0430\u044f \u0433\u0440\u0443\u0448\u0430), \u043a\u0430\u043a\u0442\u0443\u0441\u043e\u0432\u0430\u044f \u0432\u043e\u0434\u0430<\/p>\n<p>\u0411\u0430\u0437\u043e\u0432\u044b\u0435 \u043d\u043e\u0442\u044b: \u0442\u0435\u043f\u043b\u044b\u0439 \u043f\u0435\u0441\u043e\u043a, \u0434\u0440\u0435\u0432\u0435\u0441\u0438\u043d\u0430, \u0432\u044b\u0431\u0440\u043e\u0448\u0435\u043d\u043d\u0430\u044f \u043d\u0430 \u0431\u0435\u0440\u0435\u0433<\/p>\n<p>\u041e\u0431\u044a\u0435\u043c: 250 \u043c\u043b<\/p>\n<\/details>\n","protected":false},"featured_media":27394,"template":"","meta":{"jetpack_publicize_message":"","jetpack_publicize_feature_enabled":true,"jetpack_social_post_already_shared":true,"jetpack_social_options":{"image_generator_settings":{"template":"highway","default_image_id":0,"font":"","enabled":false},"version":2}},"product_brand":[],"product_cat":[927,910,341],"product_tag":[],"class_list":{"0":"post-27382","1":"product","2":"type-product","3":"status-publish","4":"has-post-thumbnail","6":"product_cat-victorias-secret-body-mists","7":"product_cat-kehaspreid","8":"product_cat-victorias-secret","9":"pa_suurus-10-ml-tester","10":"pa_suurus-2-ml-tester","11":"pa_suurus-250-ml-full-size","12":"pa_suurus-30-ml-tester","14":"first","15":"instock","16":"sale","17":"shipping-taxable","18":"purchasable","19":"product-type-simple"},"jetpack_publicize_connections":[],"jetpack_sharing_enabled":true,"jetpack_likes_enabled":true,"_links":{"self":[{"href":"https:\/\/superstore.ee\/index.php\/wp-json\/wp\/v2\/product\/27382","targetHints":{"allow":["GET"]}}],"collection":[{"href":"https:\/\/superstore.ee\/index.php\/wp-json\/wp\/v2\/product"}],"about":[{"href":"https:\/\/superstore.ee\/index.php\/wp-json\/wp\/v2\/types\/product"}],"wp:featuredmedia":[{"embeddable":true,"href":"https:\/\/superstore.ee\/index.php\/wp-json\/wp\/v2\/media\/27394"}],"wp:attachment":[{"href":"https:\/\/superstore.ee\/index.php\/wp-json\/wp\/v2\/media?parent=27382"}],"wp:term":[{"taxonomy":"product_brand","embeddable":true,"href":"https:\/\/superstore.ee\/index.php\/wp-json\/wp\/v2\/product_brand?post=27382"},{"taxonomy":"product_cat","embeddable":true,"href":"https:\/\/superstore.ee\/index.php\/wp-json\/wp\/v2\/product_cat?post=27382"},{"taxonomy":"product_tag","embeddable":true,"href":"https:\/\/superstore.ee\/index.php\/wp-json\/wp\/v2\/product_tag?post=27382"}],"curies":[{"name":"wp","href":"https:\/\/api.w.org\/{rel}","templated":true}]}}