{"id":27404,"date":"2026-05-11T12:14:00","date_gmt":"2026-05-11T09:14:00","guid":{"rendered":"https:\/\/superstore.ee\/?post_type=product&#038;p=27404"},"modified":"2026-05-11T13:02:51","modified_gmt":"2026-05-11T10:02:51","slug":"victorias-secret-very-sexy-fragrance-duo-gift-set","status":"publish","type":"product","link":"https:\/\/superstore.ee\/index.php\/toode\/victorias-secret-very-sexy-fragrance-duo-gift-set\/","title":{"rendered":"Victoria\u2019s Secret Very Sexy Fragrance Duo Gift Set"},"content":{"rendered":"","protected":false},"excerpt":{"rendered":"<p>Victoria\u2019s Secret Very Sexy Duo kinkekomplekt<\/p>\n<p>L\u00f5putu veetlus. See parf\u00fc\u00fcmi ja kehakreemi duo on loodud l\u00f5hna kihistamiseks, et tagada intiimne ja sensuaalne aroom, mis p\u00fcsib nahal kaua. Ideaalne kaaslane reisile v\u00f5i elegantne kingitus ikoonilise Very Sexy l\u00f5hna nautimiseks.<\/p>\n<p>L\u00f5hnat\u00fc\u00fcp: Lilleline ja puidune<\/p>\n<p>L\u00f5hnanoodid: roosa pipar, mimoosi\u00f5is, lopsakas orhidee<\/p>\n<p>KINKEKOMPLEKT SISALDAB:<\/p>\n<ul>\n<li>Mini Eau de Parfum (7.5 ml)<\/li>\n<li>L\u00f5hnastatud kehakreem (100 ml)<\/li>\n<\/ul>\n<details>\n<summary>Details<\/summary>\n<div translate=\"no\">\n<p>Victoria\u2019s Secret Very Sexy Duo Gift Set An endless allure. Gift this easy-to-layer mini Eau de Parfum and Lotion duo for intimate, sensual fragrance that stays put.<\/p>\n<p>Very Sexy Mini Eau de Parfum (7.5ml\/.25 fl oz)<\/p>\n<p>Very Sexy Mini Fine Fragrance Lotion (100 ml\/3.4 fl oz.)<\/p>\n<p>Fragrance type: Floral Woody<\/p>\n<p>Notes: pink pepper, mimosa flower, rich orchid<\/p>\n<p>Domestic<\/p>\n<\/div>\n<p>\u041f\u043e\u0434\u0430\u0440\u043e\u0447\u043d\u044b\u0439 \u043d\u0430\u0431\u043e\u0440 Victoria\u2019s Secret Very Sexy Duo<\/p>\n<p>\u0411\u0435\u0441\u043a\u043e\u043d\u0435\u0447\u043d\u044b\u0439 \u0441\u043e\u0431\u043b\u0430\u0437\u043d. \u041f\u043e\u0434\u0430\u0440\u0438\u0442\u0435 \u044d\u0442\u043e\u0442 \u0434\u0443\u044d\u0442 \u0438\u0437 \u043c\u0438\u043d\u0438-\u043f\u0430\u0440\u0444\u044e\u043c\u0430 \u0438 \u043a\u0440\u0435\u043c\u0430, \u043a\u043e\u0442\u043e\u0440\u044b\u0435 \u0438\u0434\u0435\u0430\u043b\u044c\u043d\u043e \u0434\u043e\u043f\u043e\u043b\u043d\u044f\u044e\u0442 \u0434\u0440\u0443\u0433 \u0434\u0440\u0443\u0433\u0430, \u0441\u043e\u0437\u0434\u0430\u0432\u0430\u044f \u0438\u043d\u0442\u0438\u043c\u043d\u044b\u0439 \u0438 \u0447\u0443\u0432\u0441\u0442\u0432\u0435\u043d\u043d\u044b\u0439 \u0430\u0440\u043e\u043c\u0430\u0442. \u041d\u0430\u0431\u043e\u0440 \u043e\u0442\u043b\u0438\u0447\u043d\u043e \u043f\u043e\u0434\u0445\u043e\u0434\u0438\u0442 \u0434\u043b\u044f \u043f\u0443\u0442\u0435\u0448\u0435\u0441\u0442\u0432\u0438\u0439 \u0438\u043b\u0438 \u0432 \u043a\u0430\u0447\u0435\u0441\u0442\u0432\u0435 \u044d\u043b\u0435\u0433\u0430\u043d\u0442\u043d\u043e\u0433\u043e \u0437\u043d\u0430\u043a\u043e\u043c\u0441\u0442\u0432\u0430 \u0441 \u043b\u0435\u0433\u0435\u043d\u0434\u0430\u0440\u043d\u044b\u043c \u0430\u0440\u043e\u043c\u0430\u0442\u043e\u043c Very Sexy.<\/p>\n<p>\u0422\u0438\u043f \u0430\u0440\u043e\u043c\u0430\u0442\u0430: \u0426\u0432\u0435\u0442\u043e\u0447\u043d\u044b\u0439 \u0434\u0440\u0435\u0432\u0435\u0441\u043d\u044b\u0439<\/p>\n<p>\u041d\u043e\u0442\u044b: \u0440\u043e\u0437\u043e\u0432\u044b\u0439 \u043f\u0435\u0440\u0435\u0446, \u0446\u0432\u0435\u0442\u043e\u043a \u043c\u0438\u043c\u043e\u0437\u044b, \u043d\u0430\u0441\u044b\u0449\u0435\u043d\u043d\u0430\u044f \u043e\u0440\u0445\u0438\u0434\u0435\u044f<\/p>\n<p>\u0412 \u043d\u0430\u0431\u043e\u0440\u0435:<\/p>\n<p>Eau de Parfum Very Sexy (7.5 \u043c\u043b)<\/p>\n<p>\u041f\u0430\u0440\u0444\u044e\u043c\u0438\u0440\u043e\u0432\u0430\u043d\u043d\u044b\u0439 \u043a\u0440\u0435\u043c \u0434\u043b\u044f \u0442\u0435\u043b\u0430 Very Sexy (100 \u043c\u043b)<\/p>\n<\/details>\n","protected":false},"featured_media":27407,"template":"","meta":{"jetpack_publicize_message":"","jetpack_publicize_feature_enabled":true,"jetpack_social_post_already_shared":true,"jetpack_social_options":{"image_generator_settings":{"template":"highway","default_image_id":0,"font":"","enabled":false},"version":2}},"product_brand":[],"product_cat":[926,830,342,912,932,341],"product_tag":[],"class_list":{"0":"post-27404","1":"product","2":"type-product","3":"status-publish","4":"has-post-thumbnail","6":"product_cat-victorias-secret-body-lotions","7":"product_cat-kingitused","8":"product_cat-komplektid-victorias-secret","9":"product_cat-nahahooldus","10":"product_cat-victorias-secret-parfumes","11":"product_cat-victorias-secret","12":"pa_lohn-velvet-petals","14":"first","15":"instock","16":"sale","17":"shipping-taxable","18":"purchasable","19":"product-type-simple"},"jetpack_publicize_connections":[],"jetpack_sharing_enabled":true,"jetpack_likes_enabled":true,"_links":{"self":[{"href":"https:\/\/superstore.ee\/index.php\/wp-json\/wp\/v2\/product\/27404","targetHints":{"allow":["GET"]}}],"collection":[{"href":"https:\/\/superstore.ee\/index.php\/wp-json\/wp\/v2\/product"}],"about":[{"href":"https:\/\/superstore.ee\/index.php\/wp-json\/wp\/v2\/types\/product"}],"wp:featuredmedia":[{"embeddable":true,"href":"https:\/\/superstore.ee\/index.php\/wp-json\/wp\/v2\/media\/27407"}],"wp:attachment":[{"href":"https:\/\/superstore.ee\/index.php\/wp-json\/wp\/v2\/media?parent=27404"}],"wp:term":[{"taxonomy":"product_brand","embeddable":true,"href":"https:\/\/superstore.ee\/index.php\/wp-json\/wp\/v2\/product_brand?post=27404"},{"taxonomy":"product_cat","embeddable":true,"href":"https:\/\/superstore.ee\/index.php\/wp-json\/wp\/v2\/product_cat?post=27404"},{"taxonomy":"product_tag","embeddable":true,"href":"https:\/\/superstore.ee\/index.php\/wp-json\/wp\/v2\/product_tag?post=27404"}],"curies":[{"name":"wp","href":"https:\/\/api.w.org\/{rel}","templated":true}]}}