{"id":27409,"date":"2026-05-11T12:40:53","date_gmt":"2026-05-11T09:40:53","guid":{"rendered":"https:\/\/superstore.ee\/?post_type=product&#038;p=27409"},"modified":"2026-05-11T12:56:05","modified_gmt":"2026-05-11T09:56:05","slug":"victorias-secret-daring-fragrance-duo-gift-set","status":"publish","type":"product","link":"https:\/\/superstore.ee\/index.php\/toode\/victorias-secret-daring-fragrance-duo-gift-set\/","title":{"rendered":"Victoria\u2019s Secret Daring Fragrance Duo Gift Set"},"content":{"rendered":"","protected":false},"excerpt":{"rendered":"<p>Victoria\u2019s Secret Daring 2-osaline kinkekomplekt<\/p>\n<p>Alati kartmatu. See parf\u00fc\u00fcmi ja kehakreemi duo on loodud l\u00f5hna kihistamiseks, et tagada v\u00e4rske ja maine aroom, mis p\u00fcsib nahal kaua. Julge valik neile, kes ei karda s\u00e4rada ja silma paista.<\/p>\n<p>L\u00f5hnat\u00fc\u00fcp: Merivaigune ja puidune<\/p>\n<p>L\u00f5hnanoodid: s\u00e4rav bergamott, soe tammesammal, julge merivaik<\/p>\n<p>KINKEKOMPLEKT SISALDAB:<\/p>\n<ul>\n<li>Mini Eau de Parfum (7.5 ml)<\/li>\n<li>L\u00f5hnastatud kehakreem (100 ml)<\/li>\n<\/ul>\n<details open=\"open\">\n<summary>Details<\/summary>\n<div translate=\"no\">\nVictoria\u2019s Secret Daring 2-Piece Gift Set Always fearless. Gift this easy-to-layer mini Eau de Parfum and Lotion duo for fresh, earthy scent that stays put.<\/p>\n<p>Daring Mini Eau de Parfum (7.5ml\/.25 fl oz)<\/p>\n<p>Daring Mini Fine Fragrance Lotion (100 ml\/3.4 fl oz.)<\/p>\n<p>Details:<\/p>\n<p>Fragrance type: Amber Woody<\/p>\n<p>Notes: bright bergamot, warm oakmoss, bold amber<\/p>\n<p>Domestic<\/p>\n<\/div>\n<p>\u041f\u043e\u0434\u0430\u0440\u043e\u0447\u043d\u044b\u0439 \u043d\u0430\u0431\u043e\u0440 Victoria\u2019s Secret Daring \u0438\u0437 2 \u043f\u0440\u0435\u0434\u043c\u0435\u0442\u043e\u0432<\/p>\n<p>\u0412\u0441\u0435\u0433\u0434\u0430 \u0431\u0435\u0441\u0441\u0442\u0440\u0430\u0448\u043d\u0430\u044f. \u041f\u043e\u0434\u0430\u0440\u0438\u0442\u0435 \u044d\u0442\u043e\u0442 \u0434\u0443\u044d\u0442 \u0438\u0437 \u043c\u0438\u043d\u0438-\u043f\u0430\u0440\u0444\u044e\u043c\u0430 \u0438 \u043a\u0440\u0435\u043c\u0430, \u043a\u043e\u0442\u043e\u0440\u044b\u0435 \u043b\u0435\u0433\u043a\u043e \u043d\u0430\u0441\u043b\u0430\u0438\u0432\u0430\u044e\u0442\u0441\u044f \u0434\u0440\u0443\u0433 \u043d\u0430 \u0434\u0440\u0443\u0433\u0430, \u0441\u043e\u0437\u0434\u0430\u0432\u0430\u044f \u0441\u0432\u0435\u0436\u0438\u0439 \u043f\u0440\u0438\u0440\u043e\u0434\u043d\u044b\u0439 \u0430\u0440\u043e\u043c\u0430\u0442. \u0421\u043c\u0435\u043b\u0430\u044f \u043a\u043e\u043c\u043f\u043e\u0437\u0438\u0446\u0438\u044f \u0434\u043b\u044f \u0442\u0435\u0445, \u043a\u0442\u043e \u0433\u043e\u0442\u043e\u0432 \u0437\u0430\u044f\u0432\u0438\u0442\u044c \u043e \u0441\u0435\u0431\u0435.<\/p>\n<p>\u0422\u0438\u043f \u0430\u0440\u043e\u043c\u0430\u0442\u0430: \u0410\u043c\u0431\u0440\u043e\u0432\u044b\u0439 \u0434\u0440\u0435\u0432\u0435\u0441\u043d\u044b\u0439<\/p>\n<p>\u041d\u043e\u0442\u044b: \u044f\u0440\u043a\u0438\u0439 \u0431\u0435\u0440\u0433\u0430\u043c\u043e\u0442, \u0442\u0435\u043f\u043b\u044b\u0439 \u0434\u0443\u0431\u043e\u0432\u044b\u0439 \u043c\u043e\u0445, \u0434\u0435\u0440\u0437\u043a\u0430\u044f \u0430\u043c\u0431\u0440\u0430<\/p>\n<p>\u0412 \u043d\u0430\u0431\u043e\u0440\u0435:<\/p>\n<p>\u041c\u0438\u043d\u0438-\u043f\u0430\u0440\u0444\u044e\u043c\u0435\u0440\u043d\u0430\u044f \u0432\u043e\u0434\u0430 Daring (7.5 \u043c\u043b)<\/p>\n<p>\u041f\u0430\u0440\u0444\u044e\u043c\u0438\u0440\u043e\u0432\u0430\u043d\u043d\u044b\u0439 \u043a\u0440\u0435\u043c \u0434\u043b\u044f \u0442\u0435\u043b\u0430 Daring (100 \u043c\u043b)<\/p>\n<\/details>\n","protected":false},"featured_media":27415,"template":"","meta":{"jetpack_publicize_message":"","jetpack_publicize_feature_enabled":true,"jetpack_social_post_already_shared":true,"jetpack_social_options":{"image_generator_settings":{"template":"highway","default_image_id":0,"font":"","enabled":false},"version":2}},"product_brand":[],"product_cat":[926,830,342,912,932,341],"product_tag":[],"class_list":{"0":"post-27409","1":"product","2":"type-product","3":"status-publish","4":"has-post-thumbnail","6":"product_cat-victorias-secret-body-lotions","7":"product_cat-kingitused","8":"product_cat-komplektid-victorias-secret","9":"product_cat-nahahooldus","10":"product_cat-victorias-secret-parfumes","11":"product_cat-victorias-secret","12":"pa_lohn-velvet-petals","14":"first","15":"instock","16":"sale","17":"shipping-taxable","18":"purchasable","19":"product-type-simple"},"jetpack_publicize_connections":[],"jetpack_sharing_enabled":true,"jetpack_likes_enabled":true,"_links":{"self":[{"href":"https:\/\/superstore.ee\/index.php\/wp-json\/wp\/v2\/product\/27409","targetHints":{"allow":["GET"]}}],"collection":[{"href":"https:\/\/superstore.ee\/index.php\/wp-json\/wp\/v2\/product"}],"about":[{"href":"https:\/\/superstore.ee\/index.php\/wp-json\/wp\/v2\/types\/product"}],"wp:featuredmedia":[{"embeddable":true,"href":"https:\/\/superstore.ee\/index.php\/wp-json\/wp\/v2\/media\/27415"}],"wp:attachment":[{"href":"https:\/\/superstore.ee\/index.php\/wp-json\/wp\/v2\/media?parent=27409"}],"wp:term":[{"taxonomy":"product_brand","embeddable":true,"href":"https:\/\/superstore.ee\/index.php\/wp-json\/wp\/v2\/product_brand?post=27409"},{"taxonomy":"product_cat","embeddable":true,"href":"https:\/\/superstore.ee\/index.php\/wp-json\/wp\/v2\/product_cat?post=27409"},{"taxonomy":"product_tag","embeddable":true,"href":"https:\/\/superstore.ee\/index.php\/wp-json\/wp\/v2\/product_tag?post=27409"}],"curies":[{"name":"wp","href":"https:\/\/api.w.org\/{rel}","templated":true}]}}