{"id":27420,"date":"2026-05-11T13:08:00","date_gmt":"2026-05-11T10:08:00","guid":{"rendered":"https:\/\/superstore.ee\/?post_type=product&#038;p=27420"},"modified":"2026-05-11T13:24:33","modified_gmt":"2026-05-11T10:24:33","slug":"victorias-secret-pink-coconut-mist-lotion-duo-gift-set","status":"publish","type":"product","link":"https:\/\/superstore.ee\/index.php\/toode\/victorias-secret-pink-coconut-mist-lotion-duo-gift-set\/","title":{"rendered":"Victoria\u2019s Secret PINK Coconut Mist &#038; Lotion Duo Gift Set"},"content":{"rendered":"","protected":false},"excerpt":{"rendered":"<p>Victoria\u2019s Secret PINK Coconut 2-osaline kinkekomplekt<\/p>\n<p>L\u00d5HNAB NAGU: Puhas ja t\u00e4iuslik kookos.<br \/>\nSee reisis\u00f5bralik duo on sinu parim kaaslane, pakkudes kehale kohest niisutust ja meeldivat enesetunnet. Magus ja \u00f5rn kookosearoom saadab sind k\u00f5ikjal, kuhu l\u00e4hed.<\/p>\n<p><strong>Komplekti kuulub:<\/strong><\/p>\n<ul>\n<li>Coconut kehakreem (75 ml): Kookos\u00f5liga rikastatud kerge koostis, mis imendub kiiresti ja muudab naha \u00fclimalt pehmeks.<\/li>\n<li>Coconut juuste- ja kehasprei (75 ml): Alkoholivaba ja v\u00e4rskendav sprei, mis sisaldab h\u00fcaluroonhapet ja B5-vitamiini.<\/li>\n<\/ul>\n<p><strong>Hea teada:<\/strong><\/p>\n<ul>\n<li>Vegan ja dermatoloogiliselt kontrollitud<\/li>\n<li>Valmistatud ilma kunstlike v\u00e4rvaineteta<\/li>\n<li>Loomkatsetevaba<\/li>\n<li>Sobib kasutamiseks kehal, n\u00e4ol ja juustel<\/li>\n<\/ul>\n<details>\n<summary>Details<\/summary>\n<div translate=\"no\">\n<p>Victoria\u2019s Secret PINK Coconut 2-Piece Body Mist &amp; Lotion Gift Set<br \/>\nSMELLS LIKE: Pure, perfect coconut.<br \/>\nThis travel-ready duo is the ultimate &#8220;take-anywhere&#8221; hydration team. Infused with skin-loving ingredients, it offers a sweet, subtle scent and immediate moisture for a refreshed feeling from head to toe.<\/p>\n<p>Set Includes:<\/p>\n<p>Coconut Body Lotion (75 ml \/ 2.5 fl oz): A lightweight, fast-absorbing formula with Coconut Oil for mega-soft skin.<\/p>\n<p>Coconut Hair &amp; Body Mist (75 ml \/ 2.5 fl oz): An alcohol-free, easy-breezy spritz with Hyaluronic Acid and Vitamin B5.<\/p>\n<p>Good to Know:<\/p>\n<p>Vegan &amp; Dermatologist Approved<\/p>\n<p>Formulated without artificial dyes<\/p>\n<p>Against animal testing<\/p>\n<p>Safe for skin, face, and hair<\/p>\n<p>INGREDIENTS:<br \/>\nLOTION: Water (Aqua, Eau), Mineral Oil (Paraffinum Liquidum, Huile min\u00e9rale), Glycerin, Fragrance (Parfum), Cocos Nucifera (Coconut) Oil, Glyceryl Stearate, PEG-100 Stearate, Phenoxyethanol, Dimethicone, Sodium Polyacrylate, Stearyl Alcohol, Cetyl Alcohol, Palmitic Acid, Stearic Acid, Carbomer, Chlorphenesin, Ethylhexylglycerin, Sodium Hydroxide, Sodium Stearoyl Lactylate, Tetrasodium EDTA, Benzoic Acid, Xanthan Gum, Aloe Barbadensis Leaf Juice, Hexamethylindanopyran, Benzyl Salicylate, Coumarin, Tetramethyl acetyloctahydronaphthalenes, Juniperus Virginiana Oil<\/p>\n<p>MIST: Water (Aqua, Eau), Propanediol, Pentylene Glycol, PPG-1-PEG-9 Lauryl Glycol Ether, Coceth-7, Fragrance (Parfum), Chlorphenesin, PEG-40 Hydrogenated Castor Oil, Betaine, Sodium Benzoate, PEG-8 Dimethicone, Disodium EDTA, Cocamidopropyl PG-Dimonium Chloride Phosphate, Citric Acid, Sodium Hyaluronate, Panthenol, Citrus Nobilis (Mandarin Orange) Peel Oil, Citrus Aurantium Dulcis (Orange) Peel Oil, Hexamethylindanopyran, Tetramethyl acetyloctahydronaphthalenes, Benzyl Salicylate, Coumarin, Linalool, Vanillin, Geranyl acetate, Linalyl acetate<\/p>\n<\/div>\n<p>\u041f\u043e\u0434\u0430\u0440\u043e\u0447\u043d\u044b\u0439 \u043d\u0430\u0431\u043e\u0440 Victoria\u2019s Secret PINK Coconut \u0438\u0437 2 \u043f\u0440\u0435\u0434\u043c\u0435\u0442\u043e\u0432<\/p>\n<p>\u0410\u0420\u041e\u041c\u0410\u0422: \u0427\u0438\u0441\u0442\u044b\u0439, \u0438\u0434\u0435\u0430\u043b\u044c\u043d\u044b\u0439 \u043a\u043e\u043a\u043e\u0441.<br \/>\n\u042d\u0442\u043e\u0442 \u0434\u043e\u0440\u043e\u0436\u043d\u044b\u0439 \u0434\u0443\u044d\u0442 \u2014 \u0432\u0430\u0448 \u0438\u0434\u0435\u0430\u043b\u044c\u043d\u044b\u0439 \u0441\u043f\u0443\u0442\u043d\u0438\u043a \u0434\u043b\u044f \u043c\u0433\u043d\u043e\u0432\u0435\u043d\u043d\u043e\u0433\u043e \u0443\u0432\u043b\u0430\u0436\u043d\u0435\u043d\u0438\u044f \u0438 \u043e\u0442\u043b\u0438\u0447\u043d\u043e\u0433\u043e \u043d\u0430\u0441\u0442\u0440\u043e\u0435\u043d\u0438\u044f. \u0421\u043b\u0430\u0434\u043a\u0438\u0439 \u0438 \u043d\u0435\u0436\u043d\u044b\u0439 \u0430\u0440\u043e\u043c\u0430\u0442 \u043a\u043e\u043a\u043e\u0441\u0430 \u043e\u043a\u0443\u0442\u044b\u0432\u0430\u0435\u0442 \u0432\u0430\u0441 \u0437\u0430\u0431\u043e\u0442\u043e\u0439, \u0433\u0434\u0435 \u0431\u044b \u0432\u044b \u043d\u0438 \u043d\u0430\u0445\u043e\u0434\u0438\u043b\u0438\u0441\u044c.<\/p>\n<p>\u0412 \u043d\u0430\u0431\u043e\u0440\u0435:<\/p>\n<p>\u041a\u0440\u0435\u043c \u0434\u043b\u044f \u0442\u0435\u043b\u0430 Coconut (75 \u043c\u043b): \u041b\u0435\u0433\u043a\u0430\u044f \u0444\u043e\u0440\u043c\u0443\u043b\u0430 \u0441 \u043a\u043e\u043a\u043e\u0441\u043e\u0432\u044b\u043c \u043c\u0430\u0441\u043b\u043e\u043c \u043c\u0433\u043d\u043e\u0432\u0435\u043d\u043d\u043e \u0432\u043f\u0438\u0442\u044b\u0432\u0430\u0435\u0442\u0441\u044f, \u0434\u0435\u043b\u0430\u044f \u043a\u043e\u0436\u0443 \u043d\u0435\u0432\u0435\u0440\u043e\u044f\u0442\u043d\u043e \u043c\u044f\u0433\u043a\u043e\u0439.<\/p>\n<p>\u041c\u0438\u0441\u0442 \u0434\u043b\u044f \u0432\u043e\u043b\u043e\u0441 \u0438 \u0442\u0435\u043b\u0430 Coconut (75 \u043c\u043b): \u0411\u0435\u0441\u0441\u043f\u0438\u0440\u0442\u043e\u0432\u043e\u0439 \u043e\u0441\u0432\u0435\u0436\u0430\u044e\u0449\u0438\u0439 \u0441\u043f\u0440\u0435\u0439 \u0441 \u0433\u0438\u0430\u043b\u0443\u0440\u043e\u043d\u043e\u0432\u043e\u0439 \u043a\u0438\u0441\u043b\u043e\u0442\u043e\u0439 \u0438 \u0432\u0438\u0442\u0430\u043c\u0438\u043d\u043e\u043c B5.<\/p>\n<p>\u041f\u043e\u043b\u0435\u0437\u043d\u043e \u0437\u043d\u0430\u0442\u044c:<\/p>\n<p>\u0412\u0435\u0433\u0430\u043d\u0441\u043a\u0438\u0439 \u043f\u0440\u043e\u0434\u0443\u043a\u0442, \u043e\u0434\u043e\u0431\u0440\u0435\u043d\u043e \u0434\u0435\u0440\u043c\u0430\u0442\u043e\u043b\u043e\u0433\u0430\u043c\u0438<\/p>\n<p>\u0411\u0435\u0437 \u0438\u0441\u043a\u0443\u0441\u0441\u0442\u0432\u0435\u043d\u043d\u044b\u0445 \u043a\u0440\u0430\u0441\u0438\u0442\u0435\u043b\u0435\u0439<\/p>\n<p>\u041d\u0435 \u0442\u0435\u0441\u0442\u0438\u0440\u0443\u0435\u0442\u0441\u044f \u043d\u0430 \u0436\u0438\u0432\u043e\u0442\u043d\u044b\u0445<\/p>\n<p>\u041c\u043e\u0436\u043d\u043e \u0440\u0430\u0441\u043f\u044b\u043b\u044f\u0442\u044c \u043d\u0430 \u0442\u0435\u043b\u043e, \u043b\u0438\u0446\u043e \u0438 \u0432\u043e\u043b\u043e\u0441\u044b<\/p>\n<\/details>\n","protected":false},"featured_media":27424,"template":"","meta":{"jetpack_publicize_message":"","jetpack_publicize_feature_enabled":true,"jetpack_social_post_already_shared":true,"jetpack_social_options":{"image_generator_settings":{"template":"highway","default_image_id":0,"font":"","enabled":false},"version":2}},"product_brand":[],"product_cat":[926,910,927,830,342,912,341],"product_tag":[],"class_list":{"0":"post-27420","1":"product","2":"type-product","3":"status-publish","4":"has-post-thumbnail","6":"product_cat-victorias-secret-body-lotions","7":"product_cat-kehaspreid","8":"product_cat-victorias-secret-body-mists","9":"product_cat-kingitused","10":"product_cat-komplektid-victorias-secret","11":"product_cat-nahahooldus","12":"product_cat-victorias-secret","13":"pa_lohn-velvet-petals","15":"first","16":"instock","17":"sale","18":"shipping-taxable","19":"purchasable","20":"product-type-simple"},"jetpack_publicize_connections":[],"jetpack_sharing_enabled":true,"jetpack_likes_enabled":true,"_links":{"self":[{"href":"https:\/\/superstore.ee\/index.php\/wp-json\/wp\/v2\/product\/27420","targetHints":{"allow":["GET"]}}],"collection":[{"href":"https:\/\/superstore.ee\/index.php\/wp-json\/wp\/v2\/product"}],"about":[{"href":"https:\/\/superstore.ee\/index.php\/wp-json\/wp\/v2\/types\/product"}],"wp:featuredmedia":[{"embeddable":true,"href":"https:\/\/superstore.ee\/index.php\/wp-json\/wp\/v2\/media\/27424"}],"wp:attachment":[{"href":"https:\/\/superstore.ee\/index.php\/wp-json\/wp\/v2\/media?parent=27420"}],"wp:term":[{"taxonomy":"product_brand","embeddable":true,"href":"https:\/\/superstore.ee\/index.php\/wp-json\/wp\/v2\/product_brand?post=27420"},{"taxonomy":"product_cat","embeddable":true,"href":"https:\/\/superstore.ee\/index.php\/wp-json\/wp\/v2\/product_cat?post=27420"},{"taxonomy":"product_tag","embeddable":true,"href":"https:\/\/superstore.ee\/index.php\/wp-json\/wp\/v2\/product_tag?post=27420"}],"curies":[{"name":"wp","href":"https:\/\/api.w.org\/{rel}","templated":true}]}}