{"id":27429,"date":"2026-05-12T13:35:51","date_gmt":"2026-05-12T10:35:51","guid":{"rendered":"https:\/\/superstore.ee\/?post_type=product&#038;p=27429"},"modified":"2026-05-12T14:37:45","modified_gmt":"2026-05-12T11:37:45","slug":"victorias-secret-best-of-mist-gift-set-2","status":"publish","type":"product","link":"https:\/\/superstore.ee\/index.php\/toode\/victorias-secret-best-of-mist-gift-set-2\/","title":{"rendered":"Victoria\u2019s Secret Best of Mist Gift Set"},"content":{"rendered":"","protected":false},"excerpt":{"rendered":"<p>Victoria\u2019s Secret Best of Mist kinkekomplekt<\/p>\n<p>Ainult parim. Leia oma uus lemmik selle neljaosalise komplektiga, mis koondab Victoria\u2019s Secreti ikoonilisemad l\u00f5hnad. Valikus on nii s\u00e4rtsakaid puuviljanoote, lummavaid lilli kui ka meeldivalt sooja ja sensuaalset aroomi.<\/p>\n<p><strong>KOMPLEKTI KULUVAD<\/strong><br \/>\nIga spreipudeli maht: 75 ml<\/p>\n<ul>\n<li><strong>Velvet Petals Fragrance Mist<\/strong><br \/>\nPuuviljane gurmee. \u00d5itsevad lilled ja mandliglasuur.<\/li>\n<li><strong>Pure Seduction Fragrance Mist<\/strong><br \/>\nPuuviljane. Punane ploom ja freesia.<\/li>\n<li><strong>Bare Vanilla Fragrance Mist<\/strong><br \/>\nGurmee. Vahustatud vanill ja pehme merivaik.<\/li>\n<li><strong>Love Spell Fragrance Mist<\/strong><br \/>\nPuuviljane ja lilleline. Kirsiaed ja v\u00e4rske virsik.<\/li>\n<\/ul>\n<p>TSA-s\u00f5bralikud suurused, mis sobivad ideaalselt reisimiseks v\u00f5i kinkimiseks. Need ikoonilised l\u00f5hnaspreid on ideaalne kingitus v\u00f5i lisand teie kollektsiooni. Iga l\u00f5hn r\u00f5hutab teie ainulaadsust ja lisab p\u00e4evadesse killukese luksust.<\/p>\n<details>\n<summary>Details<\/summary>\n<div translate=\"no\">Victoria\u2019s Secret Best of Mist Gift Set &#8211; Only the best. Discover your new favorite mist with this four-piece gift set, featuring notes of bright fruits, fragrant florals, and delicious, sensual warmth.Includes:<br \/>\nPure Seduction Mini Fragrance Mist<br \/>\nFragrance type: Fruity<br \/>\nNotes<br \/>\nTop: Casaba Melon, Red Plum<br \/>\nHeart: Morning Dew Cyclamen, Freesia<br \/>\nBase: Sheer Musk, Rose WoodVelvet Petals Mini Fragrance Mist<br \/>\nFragrance type: Fruity Gourmand<br \/>\nNotes<br \/>\nTop: Sparkling Starfruit, Sweet Almond Glaze Accord<br \/>\nHeart: Coconut Milk, Sugared Apricot Blossom<br \/>\nBase: Cozy Musks, Creamy SandalwoodLove Spell Mini Fragrance Mist<br \/>\nFragrance type: Fruity Floral<br \/>\nNotes<br \/>\nTop: Red Apple, Cherry Blossom<br \/>\nHeart: Sheer Lily, Fresh Peach<br \/>\nBase: Airy Musk, Blonde WoodsBare Vanilla Mini Fragrance Mist<br \/>\nFragrance type: Gourmand<br \/>\nNotes<br \/>\nTop: Bergamot, Apple Blossom<br \/>\nHeart: White Angel Orchid, Spun Sugar<br \/>\nBase: Whipped Vanilla, Glowing Amber4-piece set<br \/>\n75 ml<br \/>\nTSA-friendly, perfect for travel<br \/>\nDomestic<\/p>\n<\/div>\n<p>\u041d\u0430\u0431\u043e\u0440 \u0438\u0437 4 \u0431\u0435\u0441\u0442\u0441\u0435\u043b\u043b\u0435\u0440\u043e\u0432 \u043a\u043b\u0430\u0441\u0441\u0438\u0447\u0435\u0441\u043a\u043e\u0439 \u043a\u043e\u043b\u043b\u0435\u043a\u0446\u0438\u0438 \u0430\u0440\u043e\u043c\u0430\u0442\u043e\u0432 Victoria&#8217;s Secret. \u042d\u0442\u0438 \u043b\u0435\u0433\u0435\u043d\u0434\u0430\u0440\u043d\u044b\u0435 \u043c\u0438\u0441\u0442\u044b \u0441\u0442\u0430\u043d\u0443\u0442 \u0438\u0434\u0435\u0430\u043b\u044c\u043d\u044b\u043c \u043f\u043e\u0434\u0430\u0440\u043a\u043e\u043c \u0438\u043b\u0438 \u0434\u043e\u043f\u043e\u043b\u043d\u0435\u043d\u0438\u0435\u043c \u043a \u0432\u0430\u0448\u0435\u0439 \u043a\u043e\u043b\u043b\u0435\u043a\u0446\u0438\u0438. \u041a\u0430\u0436\u0434\u044b\u0439 \u0441\u043f\u0440\u0435\u0439 \u0434\u043b\u044f \u0442\u0435\u043b\u0430 \u043f\u043e\u0434\u0447\u0435\u0440\u043a\u043d\u0435\u0442 \u0432\u0430\u0448\u0443 \u0438\u043d\u0434\u0438\u0432\u0438\u0434\u0443\u0430\u043b\u044c\u043d\u043e\u0441\u0442\u044c \u0438 \u0434\u043e\u0431\u0430\u0432\u0438\u0442 \u0431\u043b\u0435\u0441\u043a\u0430 \u0432 \u043f\u043e\u0432\u0441\u0435\u0434\u043d\u0435\u0432\u043d\u043e\u0441\u0442\u044c.<\/p>\n<\/details>\n","protected":false},"featured_media":27430,"template":"","meta":{"jetpack_publicize_message":"","jetpack_publicize_feature_enabled":true,"jetpack_social_post_already_shared":true,"jetpack_social_options":{"image_generator_settings":{"template":"highway","default_image_id":0,"font":"","enabled":false},"version":2}},"product_brand":[],"product_cat":[910,927,830,342,341],"product_tag":[],"class_list":{"0":"post-27429","1":"product","2":"type-product","3":"status-publish","4":"has-post-thumbnail","6":"product_cat-kehaspreid","7":"product_cat-victorias-secret-body-mists","8":"product_cat-kingitused","9":"product_cat-komplektid-victorias-secret","10":"product_cat-victorias-secret","11":"pa_lohn-velvet-petals","13":"first","14":"instock","15":"sale","16":"shipping-taxable","17":"purchasable","18":"product-type-simple"},"jetpack_publicize_connections":[],"jetpack_sharing_enabled":true,"jetpack_likes_enabled":true,"_links":{"self":[{"href":"https:\/\/superstore.ee\/index.php\/wp-json\/wp\/v2\/product\/27429","targetHints":{"allow":["GET"]}}],"collection":[{"href":"https:\/\/superstore.ee\/index.php\/wp-json\/wp\/v2\/product"}],"about":[{"href":"https:\/\/superstore.ee\/index.php\/wp-json\/wp\/v2\/types\/product"}],"wp:featuredmedia":[{"embeddable":true,"href":"https:\/\/superstore.ee\/index.php\/wp-json\/wp\/v2\/media\/27430"}],"wp:attachment":[{"href":"https:\/\/superstore.ee\/index.php\/wp-json\/wp\/v2\/media?parent=27429"}],"wp:term":[{"taxonomy":"product_brand","embeddable":true,"href":"https:\/\/superstore.ee\/index.php\/wp-json\/wp\/v2\/product_brand?post=27429"},{"taxonomy":"product_cat","embeddable":true,"href":"https:\/\/superstore.ee\/index.php\/wp-json\/wp\/v2\/product_cat?post=27429"},{"taxonomy":"product_tag","embeddable":true,"href":"https:\/\/superstore.ee\/index.php\/wp-json\/wp\/v2\/product_tag?post=27429"}],"curies":[{"name":"wp","href":"https:\/\/api.w.org\/{rel}","templated":true}]}}