{"id":2752,"date":"2022-03-31T21:53:41","date_gmt":"2022-03-31T19:53:41","guid":{"rendered":"https:\/\/superstore.ee\/?post_type=product&#038;p=2752"},"modified":"2022-11-28T22:01:30","modified_gmt":"2022-11-28T20:01:30","slug":"naiste-calvin-klein-pusa-fliisvooder","status":"publish","type":"product","link":"https:\/\/superstore.ee\/index.php\/toode\/naiste-calvin-klein-pusa-fliisvooder\/","title":{"rendered":"Naiste Calvin Klein kapuutsiga pusa (fliisvooder)"},"content":{"rendered":"","protected":false},"excerpt":{"rendered":"<p><span style=\"font-weight:400\">\ud83c\uddea\ud83c\uddeaNaiste Calvin Klein pusa (fliisvooder)<\/span><\/p>\n<p><span style=\"font-weight:400\">Suurused: XS, S, M, L, XL <\/span><strong>NB! OVERSIZE<\/strong><\/p>\n<p><span style=\"font-weight:400\">Materjal: 60% puuvill 40% taaskasutatud pol\u00fcester (fliisvooder)<\/span><\/p>\n<p><span style=\"font-weight:400\">M\u00f5\u00f5tmed: <\/span><\/p>\n<p><span style=\"font-weight:400\">XS: rind 116cm, v\u00f6\u00f6 105cm, \u00fcldpikkus \u00f5last 51cm<\/span><\/p>\n<p><span style=\"font-weight:400\">S: rind 118cm, v\u00f6\u00f6 107cm, \u00fcldpikkus \u00f5last 52cm<\/span><\/p>\n<p><span style=\"font-weight:400\">M: rind 120cm, v\u00f6\u00f6 112cm, \u00fcldpikkus \u00f5last 54.5cm<\/span><\/p>\n<p>XL: rind 132cm, v\u00f6\u00f6 120cm, \u00fcldpikkus \u00f5last 57.5cm<\/p>\n<p><span style=\"font-weight:400\">\ud83c\uddf7\ud83c\uddfa \u0424\u043b\u0438\u0441\u043e\u0432\u0430\u044f \u0436\u0435\u043d\u0441\u043a\u0430\u044f \u0445\u0443\u0434\u0438 Calvin Klein <\/span><\/p>\n<p><span style=\"font-weight:400\">\u0420\u0430\u0437\u043c\u0435\u0440\u044b: XS, S, M, L, XL <\/span><strong>NB! OVERSIZE<\/strong><\/p>\n<p><span style=\"font-weight:400\">\u041c\u0430\u0442\u0435\u0440\u0438\u0430\u043b: 60% \u0445\u043b\u043e\u043f\u043e\u043a 40% \u043f\u0435\u0440\u0435\u0440\u0430\u0431\u043e\u0442\u0430\u043d\u043d\u044b\u0439 \u043f\u043e\u043b\u0438\u044d\u0441\u0442\u0435\u0440 (\u0444\u043b\u0438\u0441\u043e\u0432\u0430\u044f \u043f\u043e\u0434\u043a\u043b\u0430\u0434\u043a\u0430)<\/span><\/p>\n<p><span style=\"font-weight:400\">\ud83c\uddfa\ud83c\uddf8 Women\u2019s Calvin Klein fleece hoodie<\/span><\/p>\n<p><span style=\"font-weight:400\">Sizes: XS, S, M, L, XL <\/span><strong>NB! OVERSIZE<\/strong><\/p>\n<p><span style=\"font-weight:400\">Material: 60% cotton 40% recycled polyester (fleece lining)<\/span><\/p>\n","protected":false},"featured_media":5210,"template":"","meta":{"jetpack_publicize_message":"","jetpack_publicize_feature_enabled":true,"jetpack_social_post_already_shared":false,"jetpack_social_options":{"image_generator_settings":{"template":"highway","default_image_id":0,"font":"","enabled":false},"version":2}},"product_brand":[],"product_cat":[15],"product_tag":[],"class_list":{"0":"post-2752","1":"product","2":"type-product","3":"status-publish","4":"has-post-thumbnail","6":"product_cat-maaramata","7":"pa_suurus-l","8":"pa_suurus-m","9":"pa_suurus-s","10":"pa_suurus-xl","11":"pa_suurus-xs","12":"pa_varv-must-hobedane-logo","13":"pa_varv-must-kuldne-logo","14":"pa_varv-valge","16":"first","17":"outofstock","18":"sale","19":"shipping-taxable","20":"product-type-variable"},"jetpack_publicize_connections":[],"jetpack_sharing_enabled":true,"jetpack_likes_enabled":true,"_links":{"self":[{"href":"https:\/\/superstore.ee\/index.php\/wp-json\/wp\/v2\/product\/2752","targetHints":{"allow":["GET"]}}],"collection":[{"href":"https:\/\/superstore.ee\/index.php\/wp-json\/wp\/v2\/product"}],"about":[{"href":"https:\/\/superstore.ee\/index.php\/wp-json\/wp\/v2\/types\/product"}],"wp:featuredmedia":[{"embeddable":true,"href":"https:\/\/superstore.ee\/index.php\/wp-json\/wp\/v2\/media\/5210"}],"wp:attachment":[{"href":"https:\/\/superstore.ee\/index.php\/wp-json\/wp\/v2\/media?parent=2752"}],"wp:term":[{"taxonomy":"product_brand","embeddable":true,"href":"https:\/\/superstore.ee\/index.php\/wp-json\/wp\/v2\/product_brand?post=2752"},{"taxonomy":"product_cat","embeddable":true,"href":"https:\/\/superstore.ee\/index.php\/wp-json\/wp\/v2\/product_cat?post=2752"},{"taxonomy":"product_tag","embeddable":true,"href":"https:\/\/superstore.ee\/index.php\/wp-json\/wp\/v2\/product_tag?post=2752"}],"curies":[{"name":"wp","href":"https:\/\/api.w.org\/{rel}","templated":true}]}}