{"id":2860,"date":"2022-04-07T19:39:42","date_gmt":"2022-04-07T17:39:42","guid":{"rendered":"https:\/\/superstore.ee\/?post_type=product&#038;p=2860"},"modified":"2022-09-06T12:58:06","modified_gmt":"2022-09-06T10:58:06","slug":"calvin-klein-kahepoolne-nahkvoo-mustroosa-kinkekarbis-100-nahk","status":"publish","type":"product","link":"https:\/\/superstore.ee\/index.php\/toode\/calvin-klein-kahepoolne-nahkvoo-mustroosa-kinkekarbis-100-nahk\/","title":{"rendered":"Calvin Klein kahepoolne nahkv\u00f6\u00f6 must+roosa kinkekarbis (100% nahk)"},"content":{"rendered":"","protected":false},"excerpt":{"rendered":"<p><span style=\"font-weight: 400;\">\ud83c\uddea\ud83c\uddea Calvin Klein kahepoolne nahkv\u00f6\u00f6 (must+roosa)<\/span><br \/>\n<span style=\"font-weight: 400;\">Materjal: 100% t\u00e4isnahk<\/span><br \/>\n<span style=\"font-weight: 400;\">V\u00e4rv: \u00fcks pool on must, teine pool on roosa<\/span><br \/>\n<span style=\"font-weight: 400;\">Laius: 3cm<\/span><\/p>\n<p>s90: v\u00f6\u00f6 pikkus viimase auguni on 94cm. v\u00f6\u00f6 l\u00e4heb v\u00e4iksemsks ka.<\/p>\n<p><span style=\"font-weight: 400;\">\ud83c\uddf7\ud83c\uddfa\u0414\u0432\u0443\u0441\u0442\u043e\u0440\u043e\u043d\u043d\u0438\u0439 \u043a\u043e\u0436\u0430\u043d\u044b\u0439 \u0440\u0435\u043c\u0435\u043d\u044c Calvin Klein (\u0440\u043e\u0437\u043e\u0432\u044b\u0439+\u0447\u0435\u0440\u043d\u044b\u0439)<\/span><br \/>\n<span style=\"font-weight: 400;\">\u041c\u0430\u0442\u0435\u0440\u0438\u0430\u043b: 100% \u043d\u0430\u0441\u0442\u043e\u044f\u0449\u0430\u044f \u043a\u043e\u0436\u0430<\/span><br \/>\n<span style=\"font-weight: 400;\">\u0426\u0432\u0435\u0442: \u043e\u0434\u043d\u0430 \u0441\u0442\u043e\u0440\u043e\u043d\u0430 \u0447\u0435\u0440\u043d\u0430\u044f, \u0434\u0440\u0443\u0433\u0430\u044f \u0441\u0442\u043e\u0440\u043e\u043d\u0430 \u0440\u043e\u0437\u043e\u0432\u0430\u044f<\/span><br \/>\n<span style=\"font-weight: 400;\">\u0428\u0438\u0440\u0438\u043d\u0430: 3\u0441\u043c<\/span><\/p>\n<p><span style=\"font-weight: 400;\">\ud83c\uddfa\ud83c\uddf8 Calvin Klein Reversible leather belt (pink+black)<\/span><br \/>\n<span style=\"font-weight: 400;\">Material: 100% real leather<\/span><br \/>\n<span style=\"font-weight: 400;\">Color: one side is black, the other side is pink<\/span><br \/>\n<span style=\"font-weight: 400;\">Width: 3cm<\/span><\/p>\n","protected":false},"featured_media":2861,"template":"","meta":{"jetpack_publicize_message":"","jetpack_publicize_feature_enabled":true,"jetpack_social_post_already_shared":false,"jetpack_social_options":{"image_generator_settings":{"template":"highway","default_image_id":0,"font":"","enabled":false},"version":2}},"product_brand":[],"product_cat":[15],"product_tag":[],"class_list":{"0":"post-2860","1":"product","2":"type-product","3":"status-publish","4":"has-post-thumbnail","6":"product_cat-maaramata","7":"pa_suurus-73","8":"pa_suurus-87","9":"pa_suurus-76","11":"first","12":"outofstock","13":"sale","14":"shipping-taxable","15":"product-type-variable"},"jetpack_publicize_connections":[],"jetpack_sharing_enabled":true,"jetpack_likes_enabled":true,"_links":{"self":[{"href":"https:\/\/superstore.ee\/index.php\/wp-json\/wp\/v2\/product\/2860","targetHints":{"allow":["GET"]}}],"collection":[{"href":"https:\/\/superstore.ee\/index.php\/wp-json\/wp\/v2\/product"}],"about":[{"href":"https:\/\/superstore.ee\/index.php\/wp-json\/wp\/v2\/types\/product"}],"wp:featuredmedia":[{"embeddable":true,"href":"https:\/\/superstore.ee\/index.php\/wp-json\/wp\/v2\/media\/2861"}],"wp:attachment":[{"href":"https:\/\/superstore.ee\/index.php\/wp-json\/wp\/v2\/media?parent=2860"}],"wp:term":[{"taxonomy":"product_brand","embeddable":true,"href":"https:\/\/superstore.ee\/index.php\/wp-json\/wp\/v2\/product_brand?post=2860"},{"taxonomy":"product_cat","embeddable":true,"href":"https:\/\/superstore.ee\/index.php\/wp-json\/wp\/v2\/product_cat?post=2860"},{"taxonomy":"product_tag","embeddable":true,"href":"https:\/\/superstore.ee\/index.php\/wp-json\/wp\/v2\/product_tag?post=2860"}],"curies":[{"name":"wp","href":"https:\/\/api.w.org\/{rel}","templated":true}]}}