{"id":3014,"date":"2022-04-30T13:34:45","date_gmt":"2022-04-30T11:34:45","guid":{"rendered":"https:\/\/superstore.ee\/?post_type=product&#038;p=3014"},"modified":"2022-06-26T15:13:57","modified_gmt":"2022-06-26T13:13:57","slug":"naiste-calvin-klein-t-sark-must-roosa-2","status":"publish","type":"product","link":"https:\/\/superstore.ee\/index.php\/toode\/naiste-calvin-klein-t-sark-must-roosa-2\/","title":{"rendered":"Naiste Calvin Klein t-s\u00e4rk"},"content":{"rendered":"","protected":false},"excerpt":{"rendered":"<p><span style=\"font-weight: 400\">\ud83c\uddea\ud83c\uddeaNaiste Calvin Klein t-s\u00e4rk (must, roosa)<\/span><\/p>\n<p><span style=\"font-weight: 400\">Suurus: 16a (sobib XS-S suurusele)<\/span><\/p>\n<p><span style=\"font-weight: 400\">M\u00f5\u00f5tmed: rind 81cm, v\u00f6\u00f6 71cm, \u00fcldpikkus \u00f5last 63cm<\/span><\/p>\n<p><span style=\"font-weight: 400\">Materjal: 100% orgaaniline puuvill<\/span><\/p>\n<p>&nbsp;<\/p>\n<p><span style=\"font-weight: 400\">\ud83c\uddf7\ud83c\uddfa\u0416\u0435\u043d\u0441\u043a\u0430\u044f \u0444\u0443\u0442\u0431\u043e\u043b\u043a\u0430 Calvin Klein<\/span><\/p>\n<p><span style=\"font-weight: 400\">\u0420\u0430\u0437\u043c\u0435\u0440: 16\u043b\u0435\u0442 (\u043f\u043e\u0434\u043e\u0439\u0434\u0435\u0442 \u043d\u0430 XS-S \u0440\u0430\u0437\u043c\u0435\u0440)<\/span><\/p>\n<p><span style=\"font-weight: 400\">\u041f\u0430\u0440\u0430\u043c\u0435\u0442\u0440\u044b: \u0433\u0440\u0443\u0434\u044c 81 \u0441\u043c, \u043e\u0431\u0449\u0430\u044f \u0434\u043b\u0438\u043d\u0430 \u043e\u0442 \u043f\u043b\u0435\u0447\u0430 63 \u0441\u043c, \u0442\u0430\u043b\u0438\u044f 71\u0441\u043c<\/span><\/p>\n<p><span style=\"font-weight: 400\">\u041c\u0430\u0442\u0435\u0440\u0438\u0430\u043b: 100% \u043e\u0440\u0433\u0430\u043d\u0438\u0447\u0435\u0441\u043a\u0438\u0439 \u0445\u043b\u043e\u043f\u043e\u043a<\/span><\/p>\n<p>&nbsp;<\/p>\n<p><span style=\"font-weight: 400\">\ud83c\uddfa\ud83c\uddf8 Women\u2019s Calvin Klein t-shirt<\/span><\/p>\n<p><span style=\"font-weight: 400\">Size: 16y (fits XS-S size)<\/span><\/p>\n<p><span style=\"font-weight: 400\">Parameters: chest 81 cm, total length from shoulder 63 cm, waist 71 cm<\/span><\/p>\n<p><span style=\"font-weight: 400\">Material: 100% organic cotton<\/span><\/p>\n","protected":false},"featured_media":4108,"template":"","meta":{"jetpack_publicize_message":"","jetpack_publicize_feature_enabled":true,"jetpack_social_post_already_shared":false,"jetpack_social_options":{"image_generator_settings":{"template":"highway","default_image_id":0,"font":"","enabled":false},"version":2}},"product_brand":[],"product_cat":[15],"product_tag":[],"class_list":{"0":"post-3014","1":"product","2":"type-product","3":"status-publish","4":"has-post-thumbnail","6":"product_cat-maaramata","7":"pa_varv-must","8":"pa_varv-roosa","10":"first","11":"outofstock","12":"sale","13":"shipping-taxable","14":"product-type-variable"},"jetpack_publicize_connections":[],"jetpack_sharing_enabled":true,"jetpack_likes_enabled":true,"_links":{"self":[{"href":"https:\/\/superstore.ee\/index.php\/wp-json\/wp\/v2\/product\/3014","targetHints":{"allow":["GET"]}}],"collection":[{"href":"https:\/\/superstore.ee\/index.php\/wp-json\/wp\/v2\/product"}],"about":[{"href":"https:\/\/superstore.ee\/index.php\/wp-json\/wp\/v2\/types\/product"}],"wp:featuredmedia":[{"embeddable":true,"href":"https:\/\/superstore.ee\/index.php\/wp-json\/wp\/v2\/media\/4108"}],"wp:attachment":[{"href":"https:\/\/superstore.ee\/index.php\/wp-json\/wp\/v2\/media?parent=3014"}],"wp:term":[{"taxonomy":"product_brand","embeddable":true,"href":"https:\/\/superstore.ee\/index.php\/wp-json\/wp\/v2\/product_brand?post=3014"},{"taxonomy":"product_cat","embeddable":true,"href":"https:\/\/superstore.ee\/index.php\/wp-json\/wp\/v2\/product_cat?post=3014"},{"taxonomy":"product_tag","embeddable":true,"href":"https:\/\/superstore.ee\/index.php\/wp-json\/wp\/v2\/product_tag?post=3014"}],"curies":[{"name":"wp","href":"https:\/\/api.w.org\/{rel}","templated":true}]}}