{"id":3043,"date":"2022-05-01T13:54:22","date_gmt":"2022-05-01T11:54:22","guid":{"rendered":"https:\/\/superstore.ee\/?post_type=product&#038;p=3043"},"modified":"2022-05-19T13:21:01","modified_gmt":"2022-05-19T11:21:01","slug":"uniseks-calvin-klein-pusa-kaetud-fliisiga-3","status":"publish","type":"product","link":"https:\/\/superstore.ee\/index.php\/toode\/uniseks-calvin-klein-pusa-kaetud-fliisiga-3\/","title":{"rendered":"Uniseks Calvin Klein pusa kaetud fliisiga"},"content":{"rendered":"","protected":false},"excerpt":{"rendered":"<p><span style=\"font-weight: 400;\">\ud83c\uddea\ud83c\uddea Uniseks Calvin Klein pusa kaetud fliisiga<\/span><\/p>\n<p><span style=\"font-weight: 400;\">Suurus: 14a, sobib tavalisele XS-S suurusele<\/span><\/p>\n<p><span style=\"font-weight: 400;\">M\u00f5\u00f5tmed: rind 104cm, \u00fcldpikkus \u00f5last 60cm, \u00f5lg 13cm, varruka pikkus \u00f5last 56cm<\/span><\/p>\n<p><span style=\"font-weight: 400;\">Materjal: 45% orgaaniline puuvill 27% puuvill 28% pol\u00fcester (fliisvooder)<\/span><\/p>\n<p>&nbsp;<\/p>\n<p><span style=\"font-weight: 400;\">\ud83c\uddf7\ud83c\uddfa \u0423\u043d\u0438\u0441\u0435\u043a\u0441 \u0444\u043b\u0438\u0441\u043e\u0432\u0430\u044f \u0445\u0443\u0434\u0438 Calvin Klein<\/span><\/p>\n<p><span style=\"font-weight: 400;\">\u0420\u0430\u0437\u043c\u0435\u0440: 14\u043b\u0435\u0442, \u043f\u043e\u0434\u0445\u043e\u0434\u0438\u0442 \u043d\u0430 \u043e\u0431\u044b\u0447\u043d\u044b\u0439 XS-S<\/span><\/p>\n<p><span style=\"font-weight: 400;\">\u041c\u0430\u0442\u0435\u0440\u0438\u0430\u043b: 45% \u043e\u0440\u0433\u0430\u043d\u0438\u0447\u0435\u0441\u043a\u0438\u0439 \u0445\u043b\u043e\u043f\u043e\u043a, 27% \u0445\u043b\u043e\u043f\u043e\u043a, 28% \u043f\u043e\u043b\u0438\u044d\u0441\u0442\u0435\u0440 (\u0444\u043b\u0438\u0441\u043e\u0432\u0430\u044f \u043f\u043e\u0434\u043a\u043b\u0430\u0434\u043a\u0430)<\/span><\/p>\n<p>&nbsp;<\/p>\n<p><span style=\"font-weight: 400;\">\ud83c\uddfa\ud83c\uddf8 Unisex Calvin Klein fleece hoodie<\/span><\/p>\n<p><span style=\"font-weight: 400;\">Size: 14y, fits regular XS-S size<\/span><\/p>\n<p><span style=\"font-weight: 400;\">Material: 45% organic cotton, 27%cotton, 28% polyester (fleece lining)<\/span><\/p>\n","protected":false},"featured_media":3044,"template":"","meta":{"jetpack_publicize_message":"","jetpack_publicize_feature_enabled":true,"jetpack_social_post_already_shared":false,"jetpack_social_options":{"image_generator_settings":{"template":"highway","default_image_id":0,"font":"","enabled":false},"version":2}},"product_brand":[],"product_cat":[15],"product_tag":[],"class_list":{"0":"post-3043","1":"product","2":"type-product","3":"status-publish","4":"has-post-thumbnail","6":"product_cat-maaramata","8":"first","9":"outofstock","10":"sale","11":"shipping-taxable","12":"purchasable","13":"product-type-simple"},"jetpack_publicize_connections":[],"jetpack_sharing_enabled":true,"jetpack_likes_enabled":true,"_links":{"self":[{"href":"https:\/\/superstore.ee\/index.php\/wp-json\/wp\/v2\/product\/3043","targetHints":{"allow":["GET"]}}],"collection":[{"href":"https:\/\/superstore.ee\/index.php\/wp-json\/wp\/v2\/product"}],"about":[{"href":"https:\/\/superstore.ee\/index.php\/wp-json\/wp\/v2\/types\/product"}],"wp:featuredmedia":[{"embeddable":true,"href":"https:\/\/superstore.ee\/index.php\/wp-json\/wp\/v2\/media\/3044"}],"wp:attachment":[{"href":"https:\/\/superstore.ee\/index.php\/wp-json\/wp\/v2\/media?parent=3043"}],"wp:term":[{"taxonomy":"product_brand","embeddable":true,"href":"https:\/\/superstore.ee\/index.php\/wp-json\/wp\/v2\/product_brand?post=3043"},{"taxonomy":"product_cat","embeddable":true,"href":"https:\/\/superstore.ee\/index.php\/wp-json\/wp\/v2\/product_cat?post=3043"},{"taxonomy":"product_tag","embeddable":true,"href":"https:\/\/superstore.ee\/index.php\/wp-json\/wp\/v2\/product_tag?post=3043"}],"curies":[{"name":"wp","href":"https:\/\/api.w.org\/{rel}","templated":true}]}}