{"id":3220,"date":"2022-05-12T23:05:09","date_gmt":"2022-05-12T21:05:09","guid":{"rendered":"https:\/\/superstore.ee\/?post_type=product&#038;p=3220"},"modified":"2022-06-03T11:27:41","modified_gmt":"2022-06-03T09:27:41","slug":"uus-originaalne-naiste-calvin-klein-pusa","status":"publish","type":"product","link":"https:\/\/superstore.ee\/index.php\/toode\/uus-originaalne-naiste-calvin-klein-pusa\/","title":{"rendered":"Uus originaalne naiste Calvin Klein pusa"},"content":{"rendered":"","protected":false},"excerpt":{"rendered":"<p><span style=\"font-weight: 400;\">\ud83c\uddea\ud83c\uddea Uus originaalne naiste Calvin Klein pusa<\/span><\/p>\n<p><span style=\"font-weight: 400;\">Suurus: 16a, oversize, sobib S-M suurusele<\/span><\/p>\n<p><span style=\"font-weight: 400;\">M\u00f5\u00f5tmed: rind 105cm, \u00fcldpikkus \u00f5last 65cm, varruka pikkus \u00f5last 63.5cm, \u00f5lg 12.5cm<\/span><\/p>\n<p><span style=\"font-weight: 400;\">Materjal: 100% orgaaniline puuvill<\/span><\/p>\n<p>&nbsp;<\/p>\n<p><span style=\"font-weight: 400;\">\ud83c\uddf7\ud83c\uddfa \u041d\u043e\u0432\u0430\u044f \u043e\u0440\u0438\u0433\u0438\u043d\u0430\u043b\u044c\u043d\u0430\u044f \u0436\u0435\u043d\u0441\u043a\u0430\u044f \u043a\u043e\u0444\u0442\u0430 Calvin Klein<\/span><\/p>\n<p><span style=\"font-weight: 400;\">\u0420\u0430\u0437\u043c\u0435\u0440: 16\u043b\u0435\u0442, oversize, \u043f\u043e\u0434\u0445\u043e\u0434\u0438\u0442 \u043d\u0430 S-M \u0440\u0430\u0437\u043c\u0435\u0440<\/span><\/p>\n<p><span style=\"font-weight: 400;\">\u041f\u0430\u0440\u0430\u043c\u0435\u0442\u0440\u044b: \u0433\u0440\u0443\u0434\u044c 105\u0441\u043c, \u043e\u0431\u0449\u0430\u044f \u0434\u043b\u0438\u043d\u0430 \u043e\u0442 \u043f\u043b\u0435\u0447\u0430 65\u0441\u043c, \u0434\u043b\u0438\u043d\u0430 \u0440\u0443\u043a\u0430\u0432\u0430 \u043e\u0442 \u043f\u043b\u0435\u0447\u0430 63.5\u0441\u043c, \u043f\u043b\u0435\u0447\u043e 12.5\u0441\u043c<\/span><\/p>\n<p><span style=\"font-weight: 400;\">\u041c\u0430\u0442\u0435\u0440\u0438\u0430\u043b: 100% \u043e\u0440\u0433\u0430\u043d\u0438\u0447\u0435\u0441\u043a\u0438\u0439 \u0445\u043b\u043e\u043f\u043e\u043a<\/span><\/p>\n<p>&nbsp;<\/p>\n<p><span style=\"font-weight: 400;\">\ud83c\uddfa\ud83c\uddf8 Women&#8217;s Calvin Klein sweatshirt<\/span><\/p>\n<p><span style=\"font-weight: 400;\">Size: 16y (oversized, fits S-M size)<\/span><\/p>\n<p><span style=\"font-weight: 400;\">Dimensions: chest 105cm, total length from shoulder 65cm, sleeve length from shoulder 63.5cm, shoulder 12.5cm<\/span><\/p>\n<p><span style=\"font-weight: 400;\">Material: 100% organic cotton<\/span><\/p>\n","protected":false},"featured_media":2047,"template":"","meta":{"jetpack_publicize_message":"","jetpack_publicize_feature_enabled":true,"jetpack_social_post_already_shared":false,"jetpack_social_options":{"image_generator_settings":{"template":"highway","default_image_id":0,"font":"","enabled":false},"version":2}},"product_brand":[],"product_cat":[15],"product_tag":[],"class_list":{"0":"post-3220","1":"product","2":"type-product","3":"status-publish","4":"has-post-thumbnail","6":"product_cat-maaramata","8":"first","9":"outofstock","10":"sale","11":"shipping-taxable","12":"purchasable","13":"product-type-simple"},"jetpack_publicize_connections":[],"jetpack_sharing_enabled":true,"jetpack_likes_enabled":true,"_links":{"self":[{"href":"https:\/\/superstore.ee\/index.php\/wp-json\/wp\/v2\/product\/3220","targetHints":{"allow":["GET"]}}],"collection":[{"href":"https:\/\/superstore.ee\/index.php\/wp-json\/wp\/v2\/product"}],"about":[{"href":"https:\/\/superstore.ee\/index.php\/wp-json\/wp\/v2\/types\/product"}],"wp:featuredmedia":[{"embeddable":true,"href":"https:\/\/superstore.ee\/index.php\/wp-json\/wp\/v2\/media\/2047"}],"wp:attachment":[{"href":"https:\/\/superstore.ee\/index.php\/wp-json\/wp\/v2\/media?parent=3220"}],"wp:term":[{"taxonomy":"product_brand","embeddable":true,"href":"https:\/\/superstore.ee\/index.php\/wp-json\/wp\/v2\/product_brand?post=3220"},{"taxonomy":"product_cat","embeddable":true,"href":"https:\/\/superstore.ee\/index.php\/wp-json\/wp\/v2\/product_cat?post=3220"},{"taxonomy":"product_tag","embeddable":true,"href":"https:\/\/superstore.ee\/index.php\/wp-json\/wp\/v2\/product_tag?post=3220"}],"curies":[{"name":"wp","href":"https:\/\/api.w.org\/{rel}","templated":true}]}}