{"id":3221,"date":"2022-05-12T23:22:09","date_gmt":"2022-05-12T21:22:09","guid":{"rendered":"https:\/\/superstore.ee\/?post_type=product&#038;p=3221"},"modified":"2022-08-02T10:00:13","modified_gmt":"2022-08-02T08:00:13","slug":"calvin-klein-kleit-oosark","status":"publish","type":"product","link":"https:\/\/superstore.ee\/index.php\/toode\/calvin-klein-kleit-oosark\/","title":{"rendered":"Calvin Klein kleit\/\u00f6\u00f6s\u00e4rk"},"content":{"rendered":"","protected":false},"excerpt":{"rendered":"<p><span style=\"font-weight: 400\">\ud83c\uddea\ud83c\uddea<\/span><span style=\"font-weight: 400\">Calvin Klein kleit\/\u00f6\u00f6s\u00e4rk<\/span><\/p>\n<p><span style=\"font-weight: 400\">Suurused: XS, S, M<\/span><\/p>\n<p><span style=\"font-weight: 400\">Materjal: 96% puuvill, 4% elastaan<\/span><\/p>\n<p>&nbsp;<\/p>\n<p><span style=\"font-weight: 400\">\ud83c\uddf7\ud83c\uddfaCalvin Klein \u043f\u043b\u0430\u0442\u044c\u0435\/\u043f\u0438\u0436\u0430\u043c\u0430<\/span><\/p>\n<p><span style=\"font-weight: 400\">\u0420\u0430\u0437\u043c\u0435\u0440\u044b: XS, S, M<\/span><\/p>\n<p><span style=\"font-weight: 400\">\u041c\u0430\u0442\u0435\u0440\u0438\u0430\u043b: 96% \u0445\u043b\u043e\u043f\u043e\u043a, 4% \u044d\u043b\u0430\u0441\u0442\u0430\u043d<\/span><\/p>\n<p>&nbsp;<\/p>\n<p><span style=\"font-weight: 400\">\ud83c\uddfa\ud83c\uddf8Night T-shirt\/Dress Calvin Klein<\/span><\/p>\n<p><span style=\"font-weight: 400\">Sizes: XS, S, M<\/span><\/p>\n<p><span style=\"font-weight: 400\">Material: 96% cotton, 4% elastane<\/span><\/p>\n","protected":false},"featured_media":4595,"template":"","meta":{"jetpack_publicize_message":"","jetpack_publicize_feature_enabled":true,"jetpack_social_post_already_shared":false,"jetpack_social_options":{"image_generator_settings":{"template":"highway","default_image_id":0,"font":"","enabled":false},"version":2}},"product_brand":[],"product_cat":[15],"product_tag":[],"class_list":{"0":"post-3221","1":"product","2":"type-product","3":"status-publish","4":"has-post-thumbnail","6":"product_cat-maaramata","7":"pa_suurus-m","8":"pa_suurus-s","9":"pa_suurus-xs","11":"first","12":"outofstock","13":"sale","14":"shipping-taxable","15":"product-type-variable"},"jetpack_publicize_connections":[],"jetpack_sharing_enabled":true,"jetpack_likes_enabled":true,"_links":{"self":[{"href":"https:\/\/superstore.ee\/index.php\/wp-json\/wp\/v2\/product\/3221","targetHints":{"allow":["GET"]}}],"collection":[{"href":"https:\/\/superstore.ee\/index.php\/wp-json\/wp\/v2\/product"}],"about":[{"href":"https:\/\/superstore.ee\/index.php\/wp-json\/wp\/v2\/types\/product"}],"wp:featuredmedia":[{"embeddable":true,"href":"https:\/\/superstore.ee\/index.php\/wp-json\/wp\/v2\/media\/4595"}],"wp:attachment":[{"href":"https:\/\/superstore.ee\/index.php\/wp-json\/wp\/v2\/media?parent=3221"}],"wp:term":[{"taxonomy":"product_brand","embeddable":true,"href":"https:\/\/superstore.ee\/index.php\/wp-json\/wp\/v2\/product_brand?post=3221"},{"taxonomy":"product_cat","embeddable":true,"href":"https:\/\/superstore.ee\/index.php\/wp-json\/wp\/v2\/product_cat?post=3221"},{"taxonomy":"product_tag","embeddable":true,"href":"https:\/\/superstore.ee\/index.php\/wp-json\/wp\/v2\/product_tag?post=3221"}],"curies":[{"name":"wp","href":"https:\/\/api.w.org\/{rel}","templated":true}]}}