{"id":327,"date":"2021-12-06T00:20:36","date_gmt":"2021-12-05T22:20:36","guid":{"rendered":"https:\/\/superstore.ee\/?post_type=product&#038;p=327"},"modified":"2022-03-28T10:00:33","modified_gmt":"2022-03-28T08:00:33","slug":"meeste-calvin-klein-t-sarki","status":"publish","type":"product","link":"https:\/\/superstore.ee\/index.php\/toode\/meeste-calvin-klein-t-sarki\/","title":{"rendered":"Meeste\/laste Calvin Klein t-s\u00e4rk"},"content":{"rendered":"","protected":false},"excerpt":{"rendered":"<p>\ud83c\uddea\ud83c\uddea Uus meeste originaalne Calvin Klein t-s\u00e4rk<br \/>\nSuurus: 16a (170cm) sobib S suurusele<br \/>\nM\u00f5\u00f5tmed: \u00fcldpikkus 63cm, laius 46cm.<br \/>\nMaterjal: 100% orgaaniline puuvill<\/p>\n<p>\ud83c\uddf7\ud83c\uddfa \u041d\u043e\u0432\u0430\u044f \u043c\u0443\u0436\u0441\u043a\u0430\u044f \u043e\u0440\u0438\u0433\u0438\u043d\u0430\u043b\u044c\u043d\u0430\u044f Calvin Klein \u0444\u0443\u0442\u0431\u043e\u043b\u043a\u0430<br \/>\n\u0420\u0430\u0437\u043c\u0435\u0440: 16\u043b\u0435\u0442 (170\u0441\u043c) \u043f\u043e\u0434\u0445\u043e\u0434\u0438\u0442 \u043d\u0430 S \u0440\u0430\u0437\u043c\u0435\u0440<br \/>\n\u041f\u0430\u0440\u0430\u043c\u0435\u0442\u0440\u044b: \u0434\u043b\u0438\u043d\u0430 \u0444\u0443\u0442\u0431\u043e\u043b\u043a\u0438 63\u0441\u043c, \u0448\u0438\u0440\u0438\u043d\u0430 46\u0441\u043c<br \/>\n\u041c\u0430\u0442\u0435\u0440\u0438\u0430\u043b: 100% \u043e\u0440\u0433\u0430\u043d\u0438\u0447\u0435\u0441\u043a\u0438\u0439 \u0445\u043b\u043e\u043f\u043e\u043a<\/p>\n<p>\ud83c\uddfa\ud83c\uddf8 New Men&#8217;s Original Calvin Klein T-shirt<br \/>\nSize: 16y (170cm) fits S size<br \/>\nParameters: T-shirt length 63cm, width 46cm<br \/>\nMaterial: 100% organic cotton<\/p>\n","protected":false},"featured_media":593,"template":"","meta":{"jetpack_publicize_message":"","jetpack_publicize_feature_enabled":true,"jetpack_social_post_already_shared":false,"jetpack_social_options":{"image_generator_settings":{"template":"highway","default_image_id":0,"font":"","enabled":false},"version":2}},"product_brand":[],"product_cat":[15],"product_tag":[55,34,43,44],"class_list":{"0":"post-327","1":"product","2":"type-product","3":"status-publish","4":"has-post-thumbnail","6":"product_cat-maaramata","7":"product_tag-lapsed","8":"product_tag-mehed","9":"product_tag-riided","10":"product_tag-tsargid","12":"first","13":"outofstock","14":"sale","15":"shipping-taxable","16":"purchasable","17":"product-type-simple"},"jetpack_publicize_connections":[],"jetpack_sharing_enabled":true,"jetpack_likes_enabled":true,"_links":{"self":[{"href":"https:\/\/superstore.ee\/index.php\/wp-json\/wp\/v2\/product\/327","targetHints":{"allow":["GET"]}}],"collection":[{"href":"https:\/\/superstore.ee\/index.php\/wp-json\/wp\/v2\/product"}],"about":[{"href":"https:\/\/superstore.ee\/index.php\/wp-json\/wp\/v2\/types\/product"}],"wp:featuredmedia":[{"embeddable":true,"href":"https:\/\/superstore.ee\/index.php\/wp-json\/wp\/v2\/media\/593"}],"wp:attachment":[{"href":"https:\/\/superstore.ee\/index.php\/wp-json\/wp\/v2\/media?parent=327"}],"wp:term":[{"taxonomy":"product_brand","embeddable":true,"href":"https:\/\/superstore.ee\/index.php\/wp-json\/wp\/v2\/product_brand?post=327"},{"taxonomy":"product_cat","embeddable":true,"href":"https:\/\/superstore.ee\/index.php\/wp-json\/wp\/v2\/product_cat?post=327"},{"taxonomy":"product_tag","embeddable":true,"href":"https:\/\/superstore.ee\/index.php\/wp-json\/wp\/v2\/product_tag?post=327"}],"curies":[{"name":"wp","href":"https:\/\/api.w.org\/{rel}","templated":true}]}}