{"id":3345,"date":"2022-05-18T15:36:42","date_gmt":"2022-05-18T13:36:42","guid":{"rendered":"https:\/\/superstore.ee\/?post_type=product&#038;p=3345"},"modified":"2022-07-02T15:36:24","modified_gmt":"2022-07-02T13:36:24","slug":"naiste-dressikleit-tommy-hilfiger","status":"publish","type":"product","link":"https:\/\/superstore.ee\/index.php\/toode\/naiste-dressikleit-tommy-hilfiger\/","title":{"rendered":"Naiste dressikleit Tommy Hilfiger"},"content":{"rendered":"","protected":false},"excerpt":{"rendered":"<p><span style=\"font-weight:400\">\ud83c\uddea\ud83c\uddea Naiste dressikleit Tommy Hilfiger<\/span><\/p>\n<p><span style=\"font-weight:400\">Suurused: XS, S, M, L<\/span><\/p>\n<p><span style=\"font-weight:400\">Materjal: 60% puuvill, 40% pol\u00fcester<\/span><\/p>\n<p>M\u00f5\u00f5tmed:<\/p>\n<p>S: rind 95cm, \u00fcldpikkus \u00f5last 85cm, \u00f5lg 8cm, varruka pikkus \u00f5last 60cm<\/p>\n<p>M: rind 104cm, \u00fcldpikkus \u00f5last 86cm, \u00f5lg 8.5cm, varruka pikkus \u00f5last 60.5cm<br \/>\n<span style=\"font-weight:400\">\ud83c\uddf7\ud83c\uddfa \u0416\u0435\u043d\u0441\u043a\u043e\u0435 \u043f\u043b\u0430\u0442\u044c\u0435 \u0445\u0443\u0434\u0438 Tommy Hilfiger<\/span><\/p>\n<p><span style=\"font-weight:400\">\u0420\u0430\u0437\u043c\u0435\u0440\u044b: XS, S, M, L<\/span><\/p>\n<p><span style=\"font-weight:400\">\u041c\u0430\u0442\u0435\u0440\u0438\u0430\u043b: 60% \u0445\u043b\u043e\u043f\u043e\u043a, 40% \u043f\u043e\u043b\u0438\u044d\u0441\u0442\u0435\u0440<\/span><br \/>\n<span style=\"font-weight:400\">\ud83c\uddfa\ud83c\uddf8 Women\u2019s Tommy Hilfiger Sweatshirt Hoodie Dress<\/span><\/p>\n<p><span style=\"font-weight:400\">Sizes: XS, S, M, L<\/span><\/p>\n<p><span style=\"font-weight:400\">Material: 60% Cotton, 40% Polyester<\/span><\/p>\n","protected":false},"featured_media":3377,"template":"","meta":{"jetpack_publicize_message":"","jetpack_publicize_feature_enabled":true,"jetpack_social_post_already_shared":false,"jetpack_social_options":{"image_generator_settings":{"template":"highway","default_image_id":0,"font":"","enabled":false},"version":2}},"product_brand":[],"product_cat":[15],"product_tag":[],"class_list":{"0":"post-3345","1":"product","2":"type-product","3":"status-publish","4":"has-post-thumbnail","6":"product_cat-maaramata","7":"pa_suurus-l","8":"pa_suurus-m","9":"pa_suurus-s","10":"pa_suurus-xs","12":"first","13":"outofstock","14":"sale","15":"sold-individually","16":"shipping-taxable","17":"product-type-variable"},"jetpack_publicize_connections":[],"jetpack_sharing_enabled":true,"jetpack_likes_enabled":true,"_links":{"self":[{"href":"https:\/\/superstore.ee\/index.php\/wp-json\/wp\/v2\/product\/3345","targetHints":{"allow":["GET"]}}],"collection":[{"href":"https:\/\/superstore.ee\/index.php\/wp-json\/wp\/v2\/product"}],"about":[{"href":"https:\/\/superstore.ee\/index.php\/wp-json\/wp\/v2\/types\/product"}],"wp:featuredmedia":[{"embeddable":true,"href":"https:\/\/superstore.ee\/index.php\/wp-json\/wp\/v2\/media\/3377"}],"wp:attachment":[{"href":"https:\/\/superstore.ee\/index.php\/wp-json\/wp\/v2\/media?parent=3345"}],"wp:term":[{"taxonomy":"product_brand","embeddable":true,"href":"https:\/\/superstore.ee\/index.php\/wp-json\/wp\/v2\/product_brand?post=3345"},{"taxonomy":"product_cat","embeddable":true,"href":"https:\/\/superstore.ee\/index.php\/wp-json\/wp\/v2\/product_cat?post=3345"},{"taxonomy":"product_tag","embeddable":true,"href":"https:\/\/superstore.ee\/index.php\/wp-json\/wp\/v2\/product_tag?post=3345"}],"curies":[{"name":"wp","href":"https:\/\/api.w.org\/{rel}","templated":true}]}}